{"id":102,"date":"2014-07-16T09:08:57","date_gmt":"2014-07-16T08:08:57","guid":{"rendered":"http:\/\/etival.fr\/?page_id=102"},"modified":"2025-01-27T09:28:12","modified_gmt":"2025-01-27T08:28:12","slug":"les-ecoles","status":"publish","type":"page","link":"https:\/\/etival.fr\/?page_id=102","title":{"rendered":"\u00c9cole Primaire d&rsquo;\u00c9tival-Clairefontaine"},"content":{"rendered":"\n<p><\/p>\n\n\n\n<figure class=\"wp-block-image size-large\"><a href=\"https:\/\/etival.fr\/wp-content\/uploads\/2025\/01\/IMG_0662-1-scaled.jpeg\"><img loading=\"lazy\" decoding=\"async\" width=\"1024\" height=\"432\" src=\"https:\/\/etival.fr\/wp-content\/uploads\/2025\/01\/IMG_0662-1-1024x432.jpeg\" alt=\"\" class=\"wp-image-12508\" srcset=\"https:\/\/etival.fr\/wp-content\/uploads\/2025\/01\/IMG_0662-1-1024x432.jpeg 1024w, https:\/\/etival.fr\/wp-content\/uploads\/2025\/01\/IMG_0662-1-300x127.jpeg 300w, https:\/\/etival.fr\/wp-content\/uploads\/2025\/01\/IMG_0662-1-768x324.jpeg 768w, https:\/\/etival.fr\/wp-content\/uploads\/2025\/01\/IMG_0662-1-1536x649.jpeg 1536w, https:\/\/etival.fr\/wp-content\/uploads\/2025\/01\/IMG_0662-1-2048x865.jpeg 2048w, https:\/\/etival.fr\/wp-content\/uploads\/2025\/01\/IMG_0662-1-624x264.jpeg 624w\" sizes=\"auto, (max-width: 1024px) 100vw, 1024px\" \/><\/a><\/figure>\n\n\n<p style=\"text-align: center;\"><span style=\"color: #993300;\"><strong>\u00c9cole Primaire d&rsquo;\u00c9tival-Clairefontaine<br \/><\/strong><\/span><span style=\"color: #993300;\">8, Rue du Jard<\/span><\/p>\n<p style=\"text-align: center;\"><span style=\"color: #993300;\"><strong><br \/><\/strong><\/span><span style=\"color: #993300;\"><strong><span style=\"text-decoration: underline;\">Directeur<\/span> :\u00a0<\/strong>St\u00e9phane LARRIERE<strong><br \/>T\u00e9l. : <\/strong>03.39.53.06.52<\/span><\/p>\n<h6 style=\"text-align: center;\"><span style=\"color: #993300;\"><strong><br \/><\/strong><\/span><strong><em><span style=\"color: #ff0000;\">Les premi\u00e8res formalit\u00e9s d&rsquo;inscription scolaire <br \/>s&rsquo;effectuent aupr\u00e8s du service scolaire en Mairie.<\/span><\/em><\/strong><\/h6>\n<\/p>\n\n\n<figure class=\"wp-block-image size-large\"><a href=\"https:\/\/etival.fr\/wp-content\/uploads\/2025\/01\/20250117_075743_0001-1-rotated.jpg\"><img loading=\"lazy\" decoding=\"async\" width=\"1024\" height=\"724\" src=\"https:\/\/etival.fr\/wp-content\/uploads\/2025\/01\/20250117_075743_0001-1-1024x724.jpg\" alt=\"\" class=\"wp-image-12520\" srcset=\"https:\/\/etival.fr\/wp-content\/uploads\/2025\/01\/20250117_075743_0001-1-1024x724.jpg 1024w, https:\/\/etival.fr\/wp-content\/uploads\/2025\/01\/20250117_075743_0001-1-300x212.jpg 300w, https:\/\/etival.fr\/wp-content\/uploads\/2025\/01\/20250117_075743_0001-1-768x543.jpg 768w, https:\/\/etival.fr\/wp-content\/uploads\/2025\/01\/20250117_075743_0001-1-1536x1086.jpg 1536w, https:\/\/etival.fr\/wp-content\/uploads\/2025\/01\/20250117_075743_0001-1-2048x1448.jpg 2048w, https:\/\/etival.fr\/wp-content\/uploads\/2025\/01\/20250117_075743_0001-1-624x441.jpg 624w\" sizes=\"auto, (max-width: 1024px) 100vw, 1024px\" \/><\/a><figcaption class=\"wp-element-caption\">EPSON MFP image<\/figcaption><\/figure>\n","protected":false},"excerpt":{"rendered":"<p>\u00c9cole Primaire d&rsquo;\u00c9tival-Clairefontaine8, Rue du Jard Directeur :\u00a0St\u00e9phane LARRIERET\u00e9l. : 03.39.53.06.52 Les premi\u00e8res formalit\u00e9s d&rsquo;inscription scolaire s&rsquo;effectuent aupr\u00e8s du service scolaire en Mairie.<\/p>\n","protected":false},"author":2,"featured_media":0,"parent":50,"menu_order":0,"comment_status":"closed","ping_status":"open","template":"","meta":{"footnotes":""},"class_list":["post-102","page","type-page","status-publish","hentry"],"yoast_head":"<!-- This site is optimized with the Yoast SEO plugin v26.8 - https:\/\/yoast.com\/product\/yoast-seo-wordpress\/ -->\n<title>\u00c9cole Primaire d&#039;\u00c9tival-Clairefontaine - Etival-Clairefontaine<\/title>\n<meta name=\"robots\" content=\"index, follow, max-snippet:-1, max-image-preview:large, max-video-preview:-1\" \/>\n<link rel=\"canonical\" href=\"https:\/\/etival.fr\/?page_id=102\" \/>\n<meta property=\"og:locale\" content=\"fr_FR\" \/>\n<meta property=\"og:type\" content=\"article\" \/>\n<meta property=\"og:title\" content=\"\u00c9cole Primaire d&#039;\u00c9tival-Clairefontaine - Etival-Clairefontaine\" \/>\n<meta property=\"og:description\" content=\"\u00c9cole Primaire d&rsquo;\u00c9tival-Clairefontaine8, Rue du Jard Directeur :\u00a0St\u00e9phane LARRIERET\u00e9l. : 03.39.53.06.52 Les premi\u00e8res formalit\u00e9s d&rsquo;inscription scolaire s&rsquo;effectuent aupr\u00e8s du service scolaire en Mairie.\" \/>\n<meta property=\"og:url\" content=\"https:\/\/etival.fr\/?page_id=102\" \/>\n<meta property=\"og:site_name\" content=\"Etival-Clairefontaine\" \/>\n<meta property=\"article:modified_time\" content=\"2025-01-27T08:28:12+00:00\" \/>\n<meta property=\"og:image\" content=\"https:\/\/etival.fr\/wp-content\/uploads\/2025\/01\/IMG_0662-1-scaled.jpeg\" \/>\n\t<meta property=\"og:image:width\" content=\"2560\" \/>\n\t<meta property=\"og:image:height\" content=\"1081\" \/>\n\t<meta property=\"og:image:type\" content=\"image\/jpeg\" \/>\n<meta name=\"twitter:card\" content=\"summary_large_image\" \/>\n<meta name=\"twitter:label1\" content=\"Dur\u00e9e de lecture estim\u00e9e\" \/>\n\t<meta name=\"twitter:data1\" content=\"1 minute\" \/>\n<script type=\"application\/ld+json\" class=\"yoast-schema-graph\">{\"@context\":\"https:\/\/schema.org\",\"@graph\":[{\"@type\":\"WebPage\",\"@id\":\"https:\/\/etival.fr\/?page_id=102\",\"url\":\"https:\/\/etival.fr\/?page_id=102\",\"name\":\"\u00c9cole Primaire d'\u00c9tival-Clairefontaine - Etival-Clairefontaine\",\"isPartOf\":{\"@id\":\"https:\/\/etival.fr\/#website\"},\"primaryImageOfPage\":{\"@id\":\"https:\/\/etival.fr\/?page_id=102#primaryimage\"},\"image\":{\"@id\":\"https:\/\/etival.fr\/?page_id=102#primaryimage\"},\"thumbnailUrl\":\"https:\/\/etival.fr\/wp-content\/uploads\/2025\/01\/IMG_0662-1-1024x432.jpeg\",\"datePublished\":\"2014-07-16T08:08:57+00:00\",\"dateModified\":\"2025-01-27T08:28:12+00:00\",\"breadcrumb\":{\"@id\":\"https:\/\/etival.fr\/?page_id=102#breadcrumb\"},\"inLanguage\":\"fr-FR\",\"potentialAction\":[{\"@type\":\"ReadAction\",\"target\":[\"https:\/\/etival.fr\/?page_id=102\"]}]},{\"@type\":\"ImageObject\",\"inLanguage\":\"fr-FR\",\"@id\":\"https:\/\/etival.fr\/?page_id=102#primaryimage\",\"url\":\"https:\/\/etival.fr\/wp-content\/uploads\/2025\/01\/IMG_0662-1-scaled.jpeg\",\"contentUrl\":\"https:\/\/etival.fr\/wp-content\/uploads\/2025\/01\/IMG_0662-1-scaled.jpeg\",\"width\":2560,\"height\":1081},{\"@type\":\"BreadcrumbList\",\"@id\":\"https:\/\/etival.fr\/?page_id=102#breadcrumb\",\"itemListElement\":[{\"@type\":\"ListItem\",\"position\":1,\"name\":\"Accueil\",\"item\":\"https:\/\/etival.fr\/\"},{\"@type\":\"ListItem\",\"position\":2,\"name\":\"Infos pratiques\",\"item\":\"https:\/\/etival.fr\/?page_id=50\"},{\"@type\":\"ListItem\",\"position\":3,\"name\":\"\u00c9cole Primaire d&rsquo;\u00c9tival-Clairefontaine\"}]},{\"@type\":\"WebSite\",\"@id\":\"https:\/\/etival.fr\/#website\",\"url\":\"https:\/\/etival.fr\/\",\"name\":\"Etival-Clairefontaine\",\"description\":\"Informations et actualit\u00e9s de la commune\",\"potentialAction\":[{\"@type\":\"SearchAction\",\"target\":{\"@type\":\"EntryPoint\",\"urlTemplate\":\"https:\/\/etival.fr\/?s={search_term_string}\"},\"query-input\":{\"@type\":\"PropertyValueSpecification\",\"valueRequired\":true,\"valueName\":\"search_term_string\"}}],\"inLanguage\":\"fr-FR\"}]}<\/script>\n<!-- \/ Yoast SEO plugin. -->","yoast_head_json":{"title":"\u00c9cole Primaire d'\u00c9tival-Clairefontaine - Etival-Clairefontaine","robots":{"index":"index","follow":"follow","max-snippet":"max-snippet:-1","max-image-preview":"max-image-preview:large","max-video-preview":"max-video-preview:-1"},"canonical":"https:\/\/etival.fr\/?page_id=102","og_locale":"fr_FR","og_type":"article","og_title":"\u00c9cole Primaire d'\u00c9tival-Clairefontaine - Etival-Clairefontaine","og_description":"\u00c9cole Primaire d&rsquo;\u00c9tival-Clairefontaine8, Rue du Jard Directeur :\u00a0St\u00e9phane LARRIERET\u00e9l. : 03.39.53.06.52 Les premi\u00e8res formalit\u00e9s d&rsquo;inscription scolaire s&rsquo;effectuent aupr\u00e8s du service scolaire en Mairie.","og_url":"https:\/\/etival.fr\/?page_id=102","og_site_name":"Etival-Clairefontaine","article_modified_time":"2025-01-27T08:28:12+00:00","og_image":[{"width":2560,"height":1081,"url":"https:\/\/etival.fr\/wp-content\/uploads\/2025\/01\/IMG_0662-1-scaled.jpeg","type":"image\/jpeg"}],"twitter_card":"summary_large_image","twitter_misc":{"Dur\u00e9e de lecture estim\u00e9e":"1 minute"},"schema":{"@context":"https:\/\/schema.org","@graph":[{"@type":"WebPage","@id":"https:\/\/etival.fr\/?page_id=102","url":"https:\/\/etival.fr\/?page_id=102","name":"\u00c9cole Primaire d'\u00c9tival-Clairefontaine - Etival-Clairefontaine","isPartOf":{"@id":"https:\/\/etival.fr\/#website"},"primaryImageOfPage":{"@id":"https:\/\/etival.fr\/?page_id=102#primaryimage"},"image":{"@id":"https:\/\/etival.fr\/?page_id=102#primaryimage"},"thumbnailUrl":"https:\/\/etival.fr\/wp-content\/uploads\/2025\/01\/IMG_0662-1-1024x432.jpeg","datePublished":"2014-07-16T08:08:57+00:00","dateModified":"2025-01-27T08:28:12+00:00","breadcrumb":{"@id":"https:\/\/etival.fr\/?page_id=102#breadcrumb"},"inLanguage":"fr-FR","potentialAction":[{"@type":"ReadAction","target":["https:\/\/etival.fr\/?page_id=102"]}]},{"@type":"ImageObject","inLanguage":"fr-FR","@id":"https:\/\/etival.fr\/?page_id=102#primaryimage","url":"https:\/\/etival.fr\/wp-content\/uploads\/2025\/01\/IMG_0662-1-scaled.jpeg","contentUrl":"https:\/\/etival.fr\/wp-content\/uploads\/2025\/01\/IMG_0662-1-scaled.jpeg","width":2560,"height":1081},{"@type":"BreadcrumbList","@id":"https:\/\/etival.fr\/?page_id=102#breadcrumb","itemListElement":[{"@type":"ListItem","position":1,"name":"Accueil","item":"https:\/\/etival.fr\/"},{"@type":"ListItem","position":2,"name":"Infos pratiques","item":"https:\/\/etival.fr\/?page_id=50"},{"@type":"ListItem","position":3,"name":"\u00c9cole Primaire d&rsquo;\u00c9tival-Clairefontaine"}]},{"@type":"WebSite","@id":"https:\/\/etival.fr\/#website","url":"https:\/\/etival.fr\/","name":"Etival-Clairefontaine","description":"Informations et actualit\u00e9s de la commune","potentialAction":[{"@type":"SearchAction","target":{"@type":"EntryPoint","urlTemplate":"https:\/\/etival.fr\/?s={search_term_string}"},"query-input":{"@type":"PropertyValueSpecification","valueRequired":true,"valueName":"search_term_string"}}],"inLanguage":"fr-FR"}]}},"_links":{"self":[{"href":"https:\/\/etival.fr\/index.php?rest_route=\/wp\/v2\/pages\/102","targetHints":{"allow":["GET"]}}],"collection":[{"href":"https:\/\/etival.fr\/index.php?rest_route=\/wp\/v2\/pages"}],"about":[{"href":"https:\/\/etival.fr\/index.php?rest_route=\/wp\/v2\/types\/page"}],"author":[{"embeddable":true,"href":"https:\/\/etival.fr\/index.php?rest_route=\/wp\/v2\/users\/2"}],"replies":[{"embeddable":true,"href":"https:\/\/etival.fr\/index.php?rest_route=%2Fwp%2Fv2%2Fcomments&post=102"}],"version-history":[{"count":44,"href":"https:\/\/etival.fr\/index.php?rest_route=\/wp\/v2\/pages\/102\/revisions"}],"predecessor-version":[{"id":12522,"href":"https:\/\/etival.fr\/index.php?rest_route=\/wp\/v2\/pages\/102\/revisions\/12522"}],"up":[{"embeddable":true,"href":"https:\/\/etival.fr\/index.php?rest_route=\/wp\/v2\/pages\/50"}],"wp:attachment":[{"href":"https:\/\/etival.fr\/index.php?rest_route=%2Fwp%2Fv2%2Fmedia&parent=102"}],"curies":[{"name":"wp","href":"https:\/\/api.w.org\/{rel}","templated":true}]}}