{"id":113,"date":"2014-07-16T09:57:40","date_gmt":"2014-07-16T08:57:40","guid":{"rendered":"http:\/\/etival.fr\/?page_id=113"},"modified":"2023-06-06T15:11:33","modified_gmt":"2023-06-06T14:11:33","slug":"faire-garder-son-enfant","status":"publish","type":"page","link":"https:\/\/etival.fr\/?page_id=113","title":{"rendered":"Faire garder son enfant"},"content":{"rendered":"<div class=\"_5pbx userContent\" data-ft=\"{&quot;tn&quot;:&quot;K&quot;}\">\n<p><span style=\"color: #808000;\"><span style=\"color: #ff6600;\"><strong>R<\/strong><\/span>elais <span style=\"color: #ff6600;\"><strong>P<\/strong><\/span>etite <span style=\"color: #ff6600;\"><strong>E<\/strong><\/span>nfance &#8211; <em>Communaut\u00e9 d&rsquo;Agglom\u00e9ration de Saint-Di\u00e9-des-Vosges<\/em><\/span><br \/>\n<span style=\"color: #808000;\">Voici les nouveaux contacts :<br \/>\n<\/span><span style=\"color: #808000;\">Secteur Vall\u00e9e des Abbayes<br \/>\n1, Rue de la Glaci\u00e8re<br \/>\n<\/span><span style=\"color: #808000;\">88210 Senones<\/span><\/p>\n<p><span style=\"color: #808000;\">T\u00e9l. : 07.77.99.14.70<br \/>\n<\/span><span style=\"color: #808000;\">Mail : rpe-abbayes@ca-saint-die.fr<\/span><\/p>\n<\/div>\n<h3><span style=\"color: #ff6600;\">ASSISTANTES MATERNELLES AGR\u00c9\u00c9ES<br \/>\n<\/span><\/h3>\n<p style=\"text-align: justify;\">Cette liste est non exhaustive. Les donn\u00e9es y figurant sont transmises par les services de protection maternelle et infantile (Pmi) du Conseil G\u00e9n\u00e9ral du d\u00e9partement concern\u00e9 ou les assistant(e)s maternel(le)s en personne. Seul(e)s les assistant(e)s maternel(le)s agr\u00e9\u00e9(e)s ayant donn\u00e9 leur accord sont r\u00e9pertori\u00e9(e)s dans le site. Les informations relatives aux disponibilit\u00e9s sont renseign\u00e9es progressivement.<\/p>\n<p style=\"text-align: justify;\">Liste des Assistantes Maternelles disponible \u00e0 l&rsquo;accueil de la Mairie.<\/p>\n<p style=\"text-align: justify;\">\n","protected":false},"excerpt":{"rendered":"<p>Relais Petite Enfance &#8211; Communaut\u00e9 d&rsquo;Agglom\u00e9ration de Saint-Di\u00e9-des-Vosges Voici les nouveaux contacts : Secteur Vall\u00e9e des Abbayes 1, Rue de la Glaci\u00e8re 88210 Senones T\u00e9l. : 07.77.99.14.70 Mail : rpe-abbayes@ca-saint-die.fr ASSISTANTES MATERNELLES AGR\u00c9\u00c9ES Cette liste est non exhaustive. Les donn\u00e9es y figurant sont transmises par les services de protection maternelle et infantile (Pmi) du Conseil [&hellip;]<\/p>\n","protected":false},"author":2,"featured_media":0,"parent":50,"menu_order":0,"comment_status":"closed","ping_status":"open","template":"","meta":{"footnotes":""},"class_list":["post-113","page","type-page","status-publish","hentry"],"yoast_head":"<!-- This site is optimized with the Yoast SEO plugin v26.8 - https:\/\/yoast.com\/product\/yoast-seo-wordpress\/ -->\n<title>Faire garder son enfant - Etival-Clairefontaine<\/title>\n<meta name=\"robots\" content=\"index, follow, max-snippet:-1, max-image-preview:large, max-video-preview:-1\" \/>\n<link rel=\"canonical\" href=\"https:\/\/etival.fr\/?page_id=113\" \/>\n<meta property=\"og:locale\" content=\"fr_FR\" \/>\n<meta property=\"og:type\" content=\"article\" \/>\n<meta property=\"og:title\" content=\"Faire garder son enfant - Etival-Clairefontaine\" \/>\n<meta property=\"og:description\" content=\"Relais Petite Enfance &#8211; Communaut\u00e9 d&rsquo;Agglom\u00e9ration de Saint-Di\u00e9-des-Vosges Voici les nouveaux contacts : Secteur Vall\u00e9e des Abbayes 1, Rue de la Glaci\u00e8re 88210 Senones T\u00e9l. : 07.77.99.14.70 Mail : rpe-abbayes@ca-saint-die.fr ASSISTANTES MATERNELLES AGR\u00c9\u00c9ES Cette liste est non exhaustive. Les donn\u00e9es y figurant sont transmises par les services de protection maternelle et infantile (Pmi) du Conseil [&hellip;]\" \/>\n<meta property=\"og:url\" content=\"https:\/\/etival.fr\/?page_id=113\" \/>\n<meta property=\"og:site_name\" content=\"Etival-Clairefontaine\" \/>\n<meta property=\"article:modified_time\" content=\"2023-06-06T14:11:33+00:00\" \/>\n<meta name=\"twitter:card\" content=\"summary_large_image\" \/>\n<meta name=\"twitter:label1\" content=\"Dur\u00e9e de lecture estim\u00e9e\" \/>\n\t<meta name=\"twitter:data1\" content=\"1 minute\" \/>\n<script type=\"application\/ld+json\" class=\"yoast-schema-graph\">{\"@context\":\"https:\/\/schema.org\",\"@graph\":[{\"@type\":\"WebPage\",\"@id\":\"https:\/\/etival.fr\/?page_id=113\",\"url\":\"https:\/\/etival.fr\/?page_id=113\",\"name\":\"Faire garder son enfant - Etival-Clairefontaine\",\"isPartOf\":{\"@id\":\"https:\/\/etival.fr\/#website\"},\"datePublished\":\"2014-07-16T08:57:40+00:00\",\"dateModified\":\"2023-06-06T14:11:33+00:00\",\"breadcrumb\":{\"@id\":\"https:\/\/etival.fr\/?page_id=113#breadcrumb\"},\"inLanguage\":\"fr-FR\",\"potentialAction\":[{\"@type\":\"ReadAction\",\"target\":[\"https:\/\/etival.fr\/?page_id=113\"]}]},{\"@type\":\"BreadcrumbList\",\"@id\":\"https:\/\/etival.fr\/?page_id=113#breadcrumb\",\"itemListElement\":[{\"@type\":\"ListItem\",\"position\":1,\"name\":\"Accueil\",\"item\":\"https:\/\/etival.fr\/\"},{\"@type\":\"ListItem\",\"position\":2,\"name\":\"Infos pratiques\",\"item\":\"https:\/\/etival.fr\/?page_id=50\"},{\"@type\":\"ListItem\",\"position\":3,\"name\":\"Faire garder son enfant\"}]},{\"@type\":\"WebSite\",\"@id\":\"https:\/\/etival.fr\/#website\",\"url\":\"https:\/\/etival.fr\/\",\"name\":\"Etival-Clairefontaine\",\"description\":\"Informations et actualit\u00e9s de la commune\",\"potentialAction\":[{\"@type\":\"SearchAction\",\"target\":{\"@type\":\"EntryPoint\",\"urlTemplate\":\"https:\/\/etival.fr\/?s={search_term_string}\"},\"query-input\":{\"@type\":\"PropertyValueSpecification\",\"valueRequired\":true,\"valueName\":\"search_term_string\"}}],\"inLanguage\":\"fr-FR\"}]}<\/script>\n<!-- \/ Yoast SEO plugin. -->","yoast_head_json":{"title":"Faire garder son enfant - Etival-Clairefontaine","robots":{"index":"index","follow":"follow","max-snippet":"max-snippet:-1","max-image-preview":"max-image-preview:large","max-video-preview":"max-video-preview:-1"},"canonical":"https:\/\/etival.fr\/?page_id=113","og_locale":"fr_FR","og_type":"article","og_title":"Faire garder son enfant - Etival-Clairefontaine","og_description":"Relais Petite Enfance &#8211; Communaut\u00e9 d&rsquo;Agglom\u00e9ration de Saint-Di\u00e9-des-Vosges Voici les nouveaux contacts : Secteur Vall\u00e9e des Abbayes 1, Rue de la Glaci\u00e8re 88210 Senones T\u00e9l. : 07.77.99.14.70 Mail : rpe-abbayes@ca-saint-die.fr ASSISTANTES MATERNELLES AGR\u00c9\u00c9ES Cette liste est non exhaustive. Les donn\u00e9es y figurant sont transmises par les services de protection maternelle et infantile (Pmi) du Conseil [&hellip;]","og_url":"https:\/\/etival.fr\/?page_id=113","og_site_name":"Etival-Clairefontaine","article_modified_time":"2023-06-06T14:11:33+00:00","twitter_card":"summary_large_image","twitter_misc":{"Dur\u00e9e de lecture estim\u00e9e":"1 minute"},"schema":{"@context":"https:\/\/schema.org","@graph":[{"@type":"WebPage","@id":"https:\/\/etival.fr\/?page_id=113","url":"https:\/\/etival.fr\/?page_id=113","name":"Faire garder son enfant - Etival-Clairefontaine","isPartOf":{"@id":"https:\/\/etival.fr\/#website"},"datePublished":"2014-07-16T08:57:40+00:00","dateModified":"2023-06-06T14:11:33+00:00","breadcrumb":{"@id":"https:\/\/etival.fr\/?page_id=113#breadcrumb"},"inLanguage":"fr-FR","potentialAction":[{"@type":"ReadAction","target":["https:\/\/etival.fr\/?page_id=113"]}]},{"@type":"BreadcrumbList","@id":"https:\/\/etival.fr\/?page_id=113#breadcrumb","itemListElement":[{"@type":"ListItem","position":1,"name":"Accueil","item":"https:\/\/etival.fr\/"},{"@type":"ListItem","position":2,"name":"Infos pratiques","item":"https:\/\/etival.fr\/?page_id=50"},{"@type":"ListItem","position":3,"name":"Faire garder son enfant"}]},{"@type":"WebSite","@id":"https:\/\/etival.fr\/#website","url":"https:\/\/etival.fr\/","name":"Etival-Clairefontaine","description":"Informations et actualit\u00e9s de la commune","potentialAction":[{"@type":"SearchAction","target":{"@type":"EntryPoint","urlTemplate":"https:\/\/etival.fr\/?s={search_term_string}"},"query-input":{"@type":"PropertyValueSpecification","valueRequired":true,"valueName":"search_term_string"}}],"inLanguage":"fr-FR"}]}},"_links":{"self":[{"href":"https:\/\/etival.fr\/index.php?rest_route=\/wp\/v2\/pages\/113","targetHints":{"allow":["GET"]}}],"collection":[{"href":"https:\/\/etival.fr\/index.php?rest_route=\/wp\/v2\/pages"}],"about":[{"href":"https:\/\/etival.fr\/index.php?rest_route=\/wp\/v2\/types\/page"}],"author":[{"embeddable":true,"href":"https:\/\/etival.fr\/index.php?rest_route=\/wp\/v2\/users\/2"}],"replies":[{"embeddable":true,"href":"https:\/\/etival.fr\/index.php?rest_route=%2Fwp%2Fv2%2Fcomments&post=113"}],"version-history":[{"count":15,"href":"https:\/\/etival.fr\/index.php?rest_route=\/wp\/v2\/pages\/113\/revisions"}],"predecessor-version":[{"id":11240,"href":"https:\/\/etival.fr\/index.php?rest_route=\/wp\/v2\/pages\/113\/revisions\/11240"}],"up":[{"embeddable":true,"href":"https:\/\/etival.fr\/index.php?rest_route=\/wp\/v2\/pages\/50"}],"wp:attachment":[{"href":"https:\/\/etival.fr\/index.php?rest_route=%2Fwp%2Fv2%2Fmedia&parent=113"}],"curies":[{"name":"wp","href":"https:\/\/api.w.org\/{rel}","templated":true}]}}