{"id":12855,"date":"2025-05-26T13:11:41","date_gmt":"2025-05-26T12:11:41","guid":{"rendered":"https:\/\/etival.fr\/?page_id=12855"},"modified":"2026-01-23T07:27:35","modified_gmt":"2026-01-23T06:27:35","slug":"gestion-de-leau","status":"publish","type":"page","link":"https:\/\/etival.fr\/?page_id=12855","title":{"rendered":"Gestion de l&rsquo;eau"},"content":{"rendered":"\n<p class=\"has-text-align-center has-blue-color has-text-color has-link-color has-small-font-size wp-elements-c933c7af3d4a61a20088a690b35fbbf7\"><strong><a href=\"https:\/\/agglo.saint-die-des-vosges.fr\/\">Direction de l&rsquo;Eau et Assainissement <br>Communaut\u00e9 d&rsquo;agglom\u00e9ration de Saint-Di\u00e9-des-Vosges<\/a><\/strong><br>560 rue des Grands Pr\u00e9s &#8211; 88100 SAINTE-MARGUERITE <br>T\u00e9l : 03 29 52 66 80<br>Imprim\u00e9 \u00e0 retourner d\u00fbment rempli, accompagn\u00e9 des pi\u00e8ces justificatives \u00e0 :<br>eau-assainissement@ca-saintdie.fr<\/p>\n\n\n\n<p class=\"has-text-align-center has-blue-color has-text-color has-link-color has-medium-font-size wp-elements-ac245e735930f417816043c76965e475\"><\/p>\n\n\n\n<p class=\"has-large-font-size\">Formulaires \u00e0 t\u00e9l\u00e9charger <strong><a href=\"https:\/\/agglo.saint-die-des-vosges.fr\/vos-services\/eau-et-assainissement\/formulaires-en-ligne\/\">ICI<\/a><\/strong><\/p>\n\n\n\n<ul class=\"wp-block-list\">\n<li><a href=\"https:\/\/etival.fr\/wp-content\/uploads\/2025\/05\/FORMULAIRE-DEMANDE-DE-DEGREVEMENT.pdf\">Formulaire de demande de d\u00e9gr\u00e8vement<\/a><\/li>\n<\/ul>\n\n\n\n<p><\/p>\n","protected":false},"excerpt":{"rendered":"<p>Direction de l&rsquo;Eau et Assainissement Communaut\u00e9 d&rsquo;agglom\u00e9ration de Saint-Di\u00e9-des-Vosges560 rue des Grands Pr\u00e9s &#8211; 88100 SAINTE-MARGUERITE T\u00e9l : 03 29 52 66 80Imprim\u00e9 \u00e0 retourner d\u00fbment rempli, accompagn\u00e9 des pi\u00e8ces justificatives \u00e0 :eau-assainissement@ca-saintdie.fr Formulaires \u00e0 t\u00e9l\u00e9charger ICI<\/p>\n","protected":false},"author":2,"featured_media":0,"parent":0,"menu_order":0,"comment_status":"closed","ping_status":"closed","template":"","meta":{"footnotes":""},"class_list":["post-12855","page","type-page","status-publish","hentry"],"yoast_head":"<!-- This site is optimized with the Yoast SEO plugin v26.8 - https:\/\/yoast.com\/product\/yoast-seo-wordpress\/ -->\n<title>Gestion de l&#039;eau - Etival-Clairefontaine<\/title>\n<meta name=\"robots\" content=\"index, follow, max-snippet:-1, max-image-preview:large, max-video-preview:-1\" \/>\n<link rel=\"canonical\" href=\"https:\/\/etival.fr\/?page_id=12855\" \/>\n<meta property=\"og:locale\" content=\"fr_FR\" \/>\n<meta property=\"og:type\" content=\"article\" \/>\n<meta property=\"og:title\" content=\"Gestion de l&#039;eau - Etival-Clairefontaine\" \/>\n<meta property=\"og:description\" content=\"Direction de l&rsquo;Eau et Assainissement Communaut\u00e9 d&rsquo;agglom\u00e9ration de Saint-Di\u00e9-des-Vosges560 rue des Grands Pr\u00e9s &#8211; 88100 SAINTE-MARGUERITE T\u00e9l : 03 29 52 66 80Imprim\u00e9 \u00e0 retourner d\u00fbment rempli, accompagn\u00e9 des pi\u00e8ces justificatives \u00e0 :eau-assainissement@ca-saintdie.fr Formulaires \u00e0 t\u00e9l\u00e9charger ICI\" \/>\n<meta property=\"og:url\" content=\"https:\/\/etival.fr\/?page_id=12855\" \/>\n<meta property=\"og:site_name\" content=\"Etival-Clairefontaine\" \/>\n<meta property=\"article:modified_time\" content=\"2026-01-23T06:27:35+00:00\" \/>\n<meta name=\"twitter:card\" content=\"summary_large_image\" \/>\n<meta name=\"twitter:label1\" content=\"Dur\u00e9e de lecture estim\u00e9e\" \/>\n\t<meta name=\"twitter:data1\" content=\"1 minute\" \/>\n<script type=\"application\/ld+json\" class=\"yoast-schema-graph\">{\"@context\":\"https:\/\/schema.org\",\"@graph\":[{\"@type\":\"WebPage\",\"@id\":\"https:\/\/etival.fr\/?page_id=12855\",\"url\":\"https:\/\/etival.fr\/?page_id=12855\",\"name\":\"Gestion de l'eau - Etival-Clairefontaine\",\"isPartOf\":{\"@id\":\"https:\/\/etival.fr\/#website\"},\"datePublished\":\"2025-05-26T12:11:41+00:00\",\"dateModified\":\"2026-01-23T06:27:35+00:00\",\"breadcrumb\":{\"@id\":\"https:\/\/etival.fr\/?page_id=12855#breadcrumb\"},\"inLanguage\":\"fr-FR\",\"potentialAction\":[{\"@type\":\"ReadAction\",\"target\":[\"https:\/\/etival.fr\/?page_id=12855\"]}]},{\"@type\":\"BreadcrumbList\",\"@id\":\"https:\/\/etival.fr\/?page_id=12855#breadcrumb\",\"itemListElement\":[{\"@type\":\"ListItem\",\"position\":1,\"name\":\"Accueil\",\"item\":\"https:\/\/etival.fr\/\"},{\"@type\":\"ListItem\",\"position\":2,\"name\":\"Gestion de l&rsquo;eau\"}]},{\"@type\":\"WebSite\",\"@id\":\"https:\/\/etival.fr\/#website\",\"url\":\"https:\/\/etival.fr\/\",\"name\":\"Etival-Clairefontaine\",\"description\":\"Informations et actualit\u00e9s de la commune\",\"potentialAction\":[{\"@type\":\"SearchAction\",\"target\":{\"@type\":\"EntryPoint\",\"urlTemplate\":\"https:\/\/etival.fr\/?s={search_term_string}\"},\"query-input\":{\"@type\":\"PropertyValueSpecification\",\"valueRequired\":true,\"valueName\":\"search_term_string\"}}],\"inLanguage\":\"fr-FR\"}]}<\/script>\n<!-- \/ Yoast SEO plugin. -->","yoast_head_json":{"title":"Gestion de l'eau - Etival-Clairefontaine","robots":{"index":"index","follow":"follow","max-snippet":"max-snippet:-1","max-image-preview":"max-image-preview:large","max-video-preview":"max-video-preview:-1"},"canonical":"https:\/\/etival.fr\/?page_id=12855","og_locale":"fr_FR","og_type":"article","og_title":"Gestion de l'eau - Etival-Clairefontaine","og_description":"Direction de l&rsquo;Eau et Assainissement Communaut\u00e9 d&rsquo;agglom\u00e9ration de Saint-Di\u00e9-des-Vosges560 rue des Grands Pr\u00e9s &#8211; 88100 SAINTE-MARGUERITE T\u00e9l : 03 29 52 66 80Imprim\u00e9 \u00e0 retourner d\u00fbment rempli, accompagn\u00e9 des pi\u00e8ces justificatives \u00e0 :eau-assainissement@ca-saintdie.fr Formulaires \u00e0 t\u00e9l\u00e9charger ICI","og_url":"https:\/\/etival.fr\/?page_id=12855","og_site_name":"Etival-Clairefontaine","article_modified_time":"2026-01-23T06:27:35+00:00","twitter_card":"summary_large_image","twitter_misc":{"Dur\u00e9e de lecture estim\u00e9e":"1 minute"},"schema":{"@context":"https:\/\/schema.org","@graph":[{"@type":"WebPage","@id":"https:\/\/etival.fr\/?page_id=12855","url":"https:\/\/etival.fr\/?page_id=12855","name":"Gestion de l'eau - Etival-Clairefontaine","isPartOf":{"@id":"https:\/\/etival.fr\/#website"},"datePublished":"2025-05-26T12:11:41+00:00","dateModified":"2026-01-23T06:27:35+00:00","breadcrumb":{"@id":"https:\/\/etival.fr\/?page_id=12855#breadcrumb"},"inLanguage":"fr-FR","potentialAction":[{"@type":"ReadAction","target":["https:\/\/etival.fr\/?page_id=12855"]}]},{"@type":"BreadcrumbList","@id":"https:\/\/etival.fr\/?page_id=12855#breadcrumb","itemListElement":[{"@type":"ListItem","position":1,"name":"Accueil","item":"https:\/\/etival.fr\/"},{"@type":"ListItem","position":2,"name":"Gestion de l&rsquo;eau"}]},{"@type":"WebSite","@id":"https:\/\/etival.fr\/#website","url":"https:\/\/etival.fr\/","name":"Etival-Clairefontaine","description":"Informations et actualit\u00e9s de la commune","potentialAction":[{"@type":"SearchAction","target":{"@type":"EntryPoint","urlTemplate":"https:\/\/etival.fr\/?s={search_term_string}"},"query-input":{"@type":"PropertyValueSpecification","valueRequired":true,"valueName":"search_term_string"}}],"inLanguage":"fr-FR"}]}},"_links":{"self":[{"href":"https:\/\/etival.fr\/index.php?rest_route=\/wp\/v2\/pages\/12855","targetHints":{"allow":["GET"]}}],"collection":[{"href":"https:\/\/etival.fr\/index.php?rest_route=\/wp\/v2\/pages"}],"about":[{"href":"https:\/\/etival.fr\/index.php?rest_route=\/wp\/v2\/types\/page"}],"author":[{"embeddable":true,"href":"https:\/\/etival.fr\/index.php?rest_route=\/wp\/v2\/users\/2"}],"replies":[{"embeddable":true,"href":"https:\/\/etival.fr\/index.php?rest_route=%2Fwp%2Fv2%2Fcomments&post=12855"}],"version-history":[{"count":24,"href":"https:\/\/etival.fr\/index.php?rest_route=\/wp\/v2\/pages\/12855\/revisions"}],"predecessor-version":[{"id":13429,"href":"https:\/\/etival.fr\/index.php?rest_route=\/wp\/v2\/pages\/12855\/revisions\/13429"}],"wp:attachment":[{"href":"https:\/\/etival.fr\/index.php?rest_route=%2Fwp%2Fv2%2Fmedia&parent=12855"}],"curies":[{"name":"wp","href":"https:\/\/api.w.org\/{rel}","templated":true}]}}