{"id":132,"date":"2014-07-16T10:30:38","date_gmt":"2014-07-16T09:30:38","guid":{"rendered":"http:\/\/etival.fr\/?page_id=132"},"modified":"2025-10-29T10:22:21","modified_gmt":"2025-10-29T09:22:21","slug":"associations-sportives","status":"publish","type":"page","link":"https:\/\/etival.fr\/?page_id=132","title":{"rendered":"Associations sportives"},"content":{"rendered":"<p><span style=\"color: #ff6600;\"><strong>FOOTBALL<\/strong><\/span><br \/>\nResponsable : Alain DETE<span style=\"color: #333333;\">\u00a0&#8211; <\/span><span style=\"color: #000000; font-family: Times New Roman; font-size: medium;\"><span style=\"color: #808080;\"><span style=\"color: #333333;\">06.83.69.25.39<\/span>\u00a0&#8211;<\/span> <span style=\"color: #0563c1; font-family: Times New Roman; font-size: medium;\"><br \/>\n<\/span><\/span>Site <a href=\"https:\/\/www.facebook.com\/profile.php?id=100083206513431\">ICI<\/a><\/p>\n<p><img loading=\"lazy\" decoding=\"async\" class=\"wp-image-3730 alignleft\" src=\"http:\/\/etival.fr\/wp-content\/uploads\/2016\/05\/222222.jpg\" alt=\"\" width=\"69\" height=\"68\" srcset=\"https:\/\/etival.fr\/wp-content\/uploads\/2016\/05\/222222.jpg 503w, https:\/\/etival.fr\/wp-content\/uploads\/2016\/05\/222222-150x150.jpg 150w, https:\/\/etival.fr\/wp-content\/uploads\/2016\/05\/222222-300x296.jpg 300w\" sizes=\"auto, (max-width: 69px) 100vw, 69px\" \/>Le club de Football d&rsquo;Etival-Clairefontaine met tout en oeuvre<br \/>\npour promouvoir le football f\u00e9minin.<br \/>\n<b>Toutes les jeunes filles \u00e2g\u00e9es\u00a0de plus de 16 ans sont invit\u00e9es \u00e0 venir d\u00e9couvrir le football\u00a0f\u00e9minin<\/b>.<\/p>\n<p><b>Pour plus d&rsquo;informations, merci de contacter le Pr\u00e9sident.<\/b><\/p>\n<p><strong><span style=\"color: #ff6600;\">JUDO<\/span><\/strong><br \/>\nResponsable : Emmanuel FRAYARD &#8211; 03.29.41.99.34<\/p>\n<p><strong><span style=\"color: #ff6600;\">MAGIC MISS<\/span><\/strong><br \/>\nResponsable : Rachel BARTHELEMY &#8211; 06.87.85.79.92<\/p>\n<p><strong><span style=\"color: #ff6600;\">TENNIS<br \/>\n<\/span><\/strong>Responsable : Eddy DURANT<br \/>\nFacebook du Club : <a href=\"https:\/\/www.facebook.com\/tennisclubetival\">ICI<\/a><\/p>\n<p><strong><span style=\"color: #ff6600;\">TENNIS DE TABLE<\/span><\/strong> (A.S.R.T.T)<br \/>\nResponsable : Christophe MARBACH &#8211; Club : 09.77.80.82.90<br \/>\n\u21d2 GYM TONIC-STEP ( Gestion A.S.R.T.T) Cours de Val\u00e9rie Meltz<br \/>\n\u21d2 <span style=\"color: #000000;\"><span style=\"color: #333333;\">BADMINTON<\/span><\/span><br \/>\nFacebook du Club : <a href=\"https:\/\/fr-fr.facebook.com\/pages\/ASRTT-Etival-Raon-lEtape-Tennis-de-Table\/103863923018767\" target=\"_blank\" rel=\"noopener\">ICI<\/a><\/p>\n<p><span style=\"color: #ff6600;\"><strong>TIR<\/strong><\/span><br \/>\nResponsable :<\/p>\n<p><strong><span style=\"color: #ff6600;\"><strong><span style=\"color: #ff6600;\"><strong><span style=\"color: #ff6600;\">YOGA ET VIE<\/span><\/strong><br \/>\n<\/span><\/strong><\/span><\/strong><span style=\"color: #333333;\">Responsable : Fran\u00e7oise ANCEL &#8211; 07.86.28.65.12<\/span><\/p>\n","protected":false},"excerpt":{"rendered":"<p>FOOTBALL Responsable : Alain DETE\u00a0&#8211; 06.83.69.25.39\u00a0&#8211; Site ICI Le club de Football d&rsquo;Etival-Clairefontaine met tout en oeuvre pour promouvoir le football f\u00e9minin. Toutes les jeunes filles \u00e2g\u00e9es\u00a0de plus de 16 ans sont invit\u00e9es \u00e0 venir d\u00e9couvrir le football\u00a0f\u00e9minin. Pour plus d&rsquo;informations, merci de contacter le Pr\u00e9sident. JUDO Responsable : Emmanuel FRAYARD &#8211; 03.29.41.99.34 MAGIC MISS [&hellip;]<\/p>\n","protected":false},"author":2,"featured_media":0,"parent":130,"menu_order":0,"comment_status":"closed","ping_status":"open","template":"","meta":{"footnotes":""},"class_list":["post-132","page","type-page","status-publish","hentry"],"yoast_head":"<!-- This site is optimized with the Yoast SEO plugin v26.8 - https:\/\/yoast.com\/product\/yoast-seo-wordpress\/ -->\n<title>Associations sportives - Etival-Clairefontaine<\/title>\n<meta name=\"robots\" content=\"index, follow, max-snippet:-1, max-image-preview:large, max-video-preview:-1\" \/>\n<link rel=\"canonical\" href=\"https:\/\/etival.fr\/?page_id=132\" \/>\n<meta property=\"og:locale\" content=\"fr_FR\" \/>\n<meta property=\"og:type\" content=\"article\" \/>\n<meta property=\"og:title\" content=\"Associations sportives - Etival-Clairefontaine\" \/>\n<meta property=\"og:description\" content=\"FOOTBALL Responsable : Alain DETE\u00a0&#8211; 06.83.69.25.39\u00a0&#8211; Site ICI Le club de Football d&rsquo;Etival-Clairefontaine met tout en oeuvre pour promouvoir le football f\u00e9minin. Toutes les jeunes filles \u00e2g\u00e9es\u00a0de plus de 16 ans sont invit\u00e9es \u00e0 venir d\u00e9couvrir le football\u00a0f\u00e9minin. Pour plus d&rsquo;informations, merci de contacter le Pr\u00e9sident. JUDO Responsable : Emmanuel FRAYARD &#8211; 03.29.41.99.34 MAGIC MISS [&hellip;]\" \/>\n<meta property=\"og:url\" content=\"https:\/\/etival.fr\/?page_id=132\" \/>\n<meta property=\"og:site_name\" content=\"Etival-Clairefontaine\" \/>\n<meta property=\"article:modified_time\" content=\"2025-10-29T09:22:21+00:00\" \/>\n<meta property=\"og:image\" content=\"https:\/\/etival.fr\/wp-content\/uploads\/2016\/05\/222222.jpg\" \/>\n\t<meta property=\"og:image:width\" content=\"503\" \/>\n\t<meta property=\"og:image:height\" content=\"496\" \/>\n\t<meta property=\"og:image:type\" content=\"image\/jpeg\" \/>\n<meta name=\"twitter:card\" content=\"summary_large_image\" \/>\n<meta name=\"twitter:label1\" content=\"Dur\u00e9e de lecture estim\u00e9e\" \/>\n\t<meta name=\"twitter:data1\" content=\"1 minute\" \/>\n<script type=\"application\/ld+json\" class=\"yoast-schema-graph\">{\"@context\":\"https:\/\/schema.org\",\"@graph\":[{\"@type\":\"WebPage\",\"@id\":\"https:\/\/etival.fr\/?page_id=132\",\"url\":\"https:\/\/etival.fr\/?page_id=132\",\"name\":\"Associations sportives - Etival-Clairefontaine\",\"isPartOf\":{\"@id\":\"https:\/\/etival.fr\/#website\"},\"primaryImageOfPage\":{\"@id\":\"https:\/\/etival.fr\/?page_id=132#primaryimage\"},\"image\":{\"@id\":\"https:\/\/etival.fr\/?page_id=132#primaryimage\"},\"thumbnailUrl\":\"http:\/\/etival.fr\/wp-content\/uploads\/2016\/05\/222222.jpg\",\"datePublished\":\"2014-07-16T09:30:38+00:00\",\"dateModified\":\"2025-10-29T09:22:21+00:00\",\"breadcrumb\":{\"@id\":\"https:\/\/etival.fr\/?page_id=132#breadcrumb\"},\"inLanguage\":\"fr-FR\",\"potentialAction\":[{\"@type\":\"ReadAction\",\"target\":[\"https:\/\/etival.fr\/?page_id=132\"]}]},{\"@type\":\"ImageObject\",\"inLanguage\":\"fr-FR\",\"@id\":\"https:\/\/etival.fr\/?page_id=132#primaryimage\",\"url\":\"http:\/\/etival.fr\/wp-content\/uploads\/2016\/05\/222222.jpg\",\"contentUrl\":\"http:\/\/etival.fr\/wp-content\/uploads\/2016\/05\/222222.jpg\"},{\"@type\":\"BreadcrumbList\",\"@id\":\"https:\/\/etival.fr\/?page_id=132#breadcrumb\",\"itemListElement\":[{\"@type\":\"ListItem\",\"position\":1,\"name\":\"Accueil\",\"item\":\"https:\/\/etival.fr\/\"},{\"@type\":\"ListItem\",\"position\":2,\"name\":\"Infos pratiques\",\"item\":\"https:\/\/etival.fr\/?page_id=50\"},{\"@type\":\"ListItem\",\"position\":3,\"name\":\"Annuaire des Associations\",\"item\":\"https:\/\/etival.fr\/?page_id=130\"},{\"@type\":\"ListItem\",\"position\":4,\"name\":\"Associations sportives\"}]},{\"@type\":\"WebSite\",\"@id\":\"https:\/\/etival.fr\/#website\",\"url\":\"https:\/\/etival.fr\/\",\"name\":\"Etival-Clairefontaine\",\"description\":\"Informations et actualit\u00e9s de la commune\",\"potentialAction\":[{\"@type\":\"SearchAction\",\"target\":{\"@type\":\"EntryPoint\",\"urlTemplate\":\"https:\/\/etival.fr\/?s={search_term_string}\"},\"query-input\":{\"@type\":\"PropertyValueSpecification\",\"valueRequired\":true,\"valueName\":\"search_term_string\"}}],\"inLanguage\":\"fr-FR\"}]}<\/script>\n<!-- \/ Yoast SEO plugin. -->","yoast_head_json":{"title":"Associations sportives - Etival-Clairefontaine","robots":{"index":"index","follow":"follow","max-snippet":"max-snippet:-1","max-image-preview":"max-image-preview:large","max-video-preview":"max-video-preview:-1"},"canonical":"https:\/\/etival.fr\/?page_id=132","og_locale":"fr_FR","og_type":"article","og_title":"Associations sportives - Etival-Clairefontaine","og_description":"FOOTBALL Responsable : Alain DETE\u00a0&#8211; 06.83.69.25.39\u00a0&#8211; Site ICI Le club de Football d&rsquo;Etival-Clairefontaine met tout en oeuvre pour promouvoir le football f\u00e9minin. Toutes les jeunes filles \u00e2g\u00e9es\u00a0de plus de 16 ans sont invit\u00e9es \u00e0 venir d\u00e9couvrir le football\u00a0f\u00e9minin. Pour plus d&rsquo;informations, merci de contacter le Pr\u00e9sident. JUDO Responsable : Emmanuel FRAYARD &#8211; 03.29.41.99.34 MAGIC MISS [&hellip;]","og_url":"https:\/\/etival.fr\/?page_id=132","og_site_name":"Etival-Clairefontaine","article_modified_time":"2025-10-29T09:22:21+00:00","og_image":[{"width":503,"height":496,"url":"https:\/\/etival.fr\/wp-content\/uploads\/2016\/05\/222222.jpg","type":"image\/jpeg"}],"twitter_card":"summary_large_image","twitter_misc":{"Dur\u00e9e de lecture estim\u00e9e":"1 minute"},"schema":{"@context":"https:\/\/schema.org","@graph":[{"@type":"WebPage","@id":"https:\/\/etival.fr\/?page_id=132","url":"https:\/\/etival.fr\/?page_id=132","name":"Associations sportives - Etival-Clairefontaine","isPartOf":{"@id":"https:\/\/etival.fr\/#website"},"primaryImageOfPage":{"@id":"https:\/\/etival.fr\/?page_id=132#primaryimage"},"image":{"@id":"https:\/\/etival.fr\/?page_id=132#primaryimage"},"thumbnailUrl":"http:\/\/etival.fr\/wp-content\/uploads\/2016\/05\/222222.jpg","datePublished":"2014-07-16T09:30:38+00:00","dateModified":"2025-10-29T09:22:21+00:00","breadcrumb":{"@id":"https:\/\/etival.fr\/?page_id=132#breadcrumb"},"inLanguage":"fr-FR","potentialAction":[{"@type":"ReadAction","target":["https:\/\/etival.fr\/?page_id=132"]}]},{"@type":"ImageObject","inLanguage":"fr-FR","@id":"https:\/\/etival.fr\/?page_id=132#primaryimage","url":"http:\/\/etival.fr\/wp-content\/uploads\/2016\/05\/222222.jpg","contentUrl":"http:\/\/etival.fr\/wp-content\/uploads\/2016\/05\/222222.jpg"},{"@type":"BreadcrumbList","@id":"https:\/\/etival.fr\/?page_id=132#breadcrumb","itemListElement":[{"@type":"ListItem","position":1,"name":"Accueil","item":"https:\/\/etival.fr\/"},{"@type":"ListItem","position":2,"name":"Infos pratiques","item":"https:\/\/etival.fr\/?page_id=50"},{"@type":"ListItem","position":3,"name":"Annuaire des Associations","item":"https:\/\/etival.fr\/?page_id=130"},{"@type":"ListItem","position":4,"name":"Associations sportives"}]},{"@type":"WebSite","@id":"https:\/\/etival.fr\/#website","url":"https:\/\/etival.fr\/","name":"Etival-Clairefontaine","description":"Informations et actualit\u00e9s de la commune","potentialAction":[{"@type":"SearchAction","target":{"@type":"EntryPoint","urlTemplate":"https:\/\/etival.fr\/?s={search_term_string}"},"query-input":{"@type":"PropertyValueSpecification","valueRequired":true,"valueName":"search_term_string"}}],"inLanguage":"fr-FR"}]}},"_links":{"self":[{"href":"https:\/\/etival.fr\/index.php?rest_route=\/wp\/v2\/pages\/132","targetHints":{"allow":["GET"]}}],"collection":[{"href":"https:\/\/etival.fr\/index.php?rest_route=\/wp\/v2\/pages"}],"about":[{"href":"https:\/\/etival.fr\/index.php?rest_route=\/wp\/v2\/types\/page"}],"author":[{"embeddable":true,"href":"https:\/\/etival.fr\/index.php?rest_route=\/wp\/v2\/users\/2"}],"replies":[{"embeddable":true,"href":"https:\/\/etival.fr\/index.php?rest_route=%2Fwp%2Fv2%2Fcomments&post=132"}],"version-history":[{"count":29,"href":"https:\/\/etival.fr\/index.php?rest_route=\/wp\/v2\/pages\/132\/revisions"}],"predecessor-version":[{"id":13226,"href":"https:\/\/etival.fr\/index.php?rest_route=\/wp\/v2\/pages\/132\/revisions\/13226"}],"up":[{"embeddable":true,"href":"https:\/\/etival.fr\/index.php?rest_route=\/wp\/v2\/pages\/130"}],"wp:attachment":[{"href":"https:\/\/etival.fr\/index.php?rest_route=%2Fwp%2Fv2%2Fmedia&parent=132"}],"curies":[{"name":"wp","href":"https:\/\/api.w.org\/{rel}","templated":true}]}}