{"id":134,"date":"2014-07-16T10:31:23","date_gmt":"2014-07-16T09:31:23","guid":{"rendered":"http:\/\/etival.fr\/?page_id=134"},"modified":"2026-01-02T11:42:46","modified_gmt":"2026-01-02T10:42:46","slug":"associations-art-et-culture","status":"publish","type":"page","link":"https:\/\/etival.fr\/?page_id=134","title":{"rendered":"Associations Art et Culture"},"content":{"rendered":"<h4><span style=\"color: #ff6600;\">ANIMATHEQUE<\/span><\/h4>\n<p>Responsable : Sophie VAUTHIER &#8211; 03.29.41.84.32<\/p>\n<h4><span style=\"color: #ff6600;\">ASSOCIATION CULTURELLE<br \/>\n<\/span><strong>G\u00e9raldine THIRIET &#8211; 06.71.74.39.73<\/strong><br \/>\n<strong>regroupant :<\/strong><\/h4>\n<ul>\n<li>ATELIER D&rsquo;ART PLASTIQUE &#8211; Responsable : Ren\u00e9e CHAMPREUX &#8211; 06.04.49.22.63<\/li>\n<li>ESPRIT COUNTRY &#8211; Responsable : Magali MICLO &#8211; 03.29.58.43.46 &#8211; 06.29.85-59.15<\/li>\n<li>PATCHWORK &#8211; Responsable : Josy BOES &#8211; 03.29.41.97.31<\/li>\n<li>MOSA\u00cfQUE &#8211; Responsable : Christine TREFFE &#8211; 06.6012.97.53<\/li>\n<\/ul>\n<p><strong><span style=\"color: #ff6600;\">ASSOCIATION LOUISE &amp; OLIVIER <\/span><\/strong><em>pour l&rsquo;Etude et le Patrimoine, recherches scientifiques, sciences physiques, sciences humaines.<\/em><br \/>\n<em>Soutien mat\u00e9riellement un ou des \u00e9tudiants en ethnologie ou anthropologie sociale soucieux de promouvoir et de d\u00e9fendre le patrimoine. Ce soutien s&rsquo;effectue par l&rsquo;attribution d&rsquo;une bourse qui permet de financer voyages et s\u00e9jours sur le terrain.<\/em><br \/>\nPr\u00e9sident : Mr Jean-Pierre Toussaint &#8211; 68 Avenue Charles de Gaulle<br \/>\nSite Internet : <a href=\"https:\/\/www.bourselbot.fr\/\">https:\/\/www.bourselbot.fr\/<\/a><\/p>\n<p><strong><span style=\"color: #ff6600;\">LES AMIS DU BAN D&rsquo;ETIVAL<\/span><\/strong> &#8211; Responsable : Line SKORKA &#8211; 06.67.01.37.72<\/p>\n<p><strong><span style=\"color: #ff6600;\">ETIVAL DANS LE TEMPS &#8211; FERME MUS\u00c9E<\/span><\/strong> &#8211; 11, Rue de Sainte-Odile &#8211; 03.29.41.89.35<br \/>\nSite Internet : <a href=\"http:\/\/ferme-musee-etival.jimdo.com\/\" target=\"_blank\" rel=\"noopener noreferrer\">http:\/\/ferme-musee-etival.jimdo.com\/<\/a><\/p>\n<p><strong><span style=\"color: #ff6600;\">MAGIC MISS<\/span><\/strong> &#8211; Responsable : Rachel BARTHELEMY &#8211; 03.29.41.31.49<\/p>\n<p><strong><span style=\"color: #ff6600;\">SCOTEM<\/span><\/strong> &#8211; Responsable : Philippe NICOLLE &#8211; Site Internet : <a href=\"http:\/\/scotem.pagesperso-orange.fr\/\" target=\"_blank\" rel=\"noopener noreferrer\">http:\/\/scotem.pagesperso-orange.fr\/<\/a><\/p>\n<p><strong><span style=\"color: #ff6600;\">STIVMEDIANI<\/span><\/strong><br \/>\nResponsable : Yvan SCHMODERER . 06.14.87.08.28<\/p>\n","protected":false},"excerpt":{"rendered":"<p>ANIMATHEQUE Responsable : Sophie VAUTHIER &#8211; 03.29.41.84.32 ASSOCIATION CULTURELLE G\u00e9raldine THIRIET &#8211; 06.71.74.39.73 regroupant : ATELIER D&rsquo;ART PLASTIQUE &#8211; Responsable : Ren\u00e9e CHAMPREUX &#8211; 06.04.49.22.63 ESPRIT COUNTRY &#8211; Responsable : Magali MICLO &#8211; 03.29.58.43.46 &#8211; 06.29.85-59.15 PATCHWORK &#8211; Responsable : Josy BOES &#8211; 03.29.41.97.31 MOSA\u00cfQUE &#8211; Responsable : Christine TREFFE &#8211; 06.6012.97.53 ASSOCIATION LOUISE &amp; [&hellip;]<\/p>\n","protected":false},"author":2,"featured_media":0,"parent":130,"menu_order":0,"comment_status":"closed","ping_status":"open","template":"","meta":{"footnotes":""},"class_list":["post-134","page","type-page","status-publish","hentry"],"yoast_head":"<!-- This site is optimized with the Yoast SEO plugin v26.8 - https:\/\/yoast.com\/product\/yoast-seo-wordpress\/ -->\n<title>Associations Art et Culture - Etival-Clairefontaine<\/title>\n<meta name=\"robots\" content=\"index, follow, max-snippet:-1, max-image-preview:large, max-video-preview:-1\" \/>\n<link rel=\"canonical\" href=\"https:\/\/etival.fr\/?page_id=134\" \/>\n<meta property=\"og:locale\" content=\"fr_FR\" \/>\n<meta property=\"og:type\" content=\"article\" \/>\n<meta property=\"og:title\" content=\"Associations Art et Culture - Etival-Clairefontaine\" \/>\n<meta property=\"og:description\" content=\"ANIMATHEQUE Responsable : Sophie VAUTHIER &#8211; 03.29.41.84.32 ASSOCIATION CULTURELLE G\u00e9raldine THIRIET &#8211; 06.71.74.39.73 regroupant : ATELIER D&rsquo;ART PLASTIQUE &#8211; Responsable : Ren\u00e9e CHAMPREUX &#8211; 06.04.49.22.63 ESPRIT COUNTRY &#8211; Responsable : Magali MICLO &#8211; 03.29.58.43.46 &#8211; 06.29.85-59.15 PATCHWORK &#8211; Responsable : Josy BOES &#8211; 03.29.41.97.31 MOSA\u00cfQUE &#8211; Responsable : Christine TREFFE &#8211; 06.6012.97.53 ASSOCIATION LOUISE &amp; [&hellip;]\" \/>\n<meta property=\"og:url\" content=\"https:\/\/etival.fr\/?page_id=134\" \/>\n<meta property=\"og:site_name\" content=\"Etival-Clairefontaine\" \/>\n<meta property=\"article:modified_time\" content=\"2026-01-02T10:42:46+00:00\" \/>\n<meta name=\"twitter:card\" content=\"summary_large_image\" \/>\n<meta name=\"twitter:label1\" content=\"Dur\u00e9e de lecture estim\u00e9e\" \/>\n\t<meta name=\"twitter:data1\" content=\"1 minute\" \/>\n<script type=\"application\/ld+json\" class=\"yoast-schema-graph\">{\"@context\":\"https:\/\/schema.org\",\"@graph\":[{\"@type\":\"WebPage\",\"@id\":\"https:\/\/etival.fr\/?page_id=134\",\"url\":\"https:\/\/etival.fr\/?page_id=134\",\"name\":\"Associations Art et Culture - Etival-Clairefontaine\",\"isPartOf\":{\"@id\":\"https:\/\/etival.fr\/#website\"},\"datePublished\":\"2014-07-16T09:31:23+00:00\",\"dateModified\":\"2026-01-02T10:42:46+00:00\",\"breadcrumb\":{\"@id\":\"https:\/\/etival.fr\/?page_id=134#breadcrumb\"},\"inLanguage\":\"fr-FR\",\"potentialAction\":[{\"@type\":\"ReadAction\",\"target\":[\"https:\/\/etival.fr\/?page_id=134\"]}]},{\"@type\":\"BreadcrumbList\",\"@id\":\"https:\/\/etival.fr\/?page_id=134#breadcrumb\",\"itemListElement\":[{\"@type\":\"ListItem\",\"position\":1,\"name\":\"Accueil\",\"item\":\"https:\/\/etival.fr\/\"},{\"@type\":\"ListItem\",\"position\":2,\"name\":\"Infos pratiques\",\"item\":\"https:\/\/etival.fr\/?page_id=50\"},{\"@type\":\"ListItem\",\"position\":3,\"name\":\"Annuaire des Associations\",\"item\":\"https:\/\/etival.fr\/?page_id=130\"},{\"@type\":\"ListItem\",\"position\":4,\"name\":\"Associations Art et Culture\"}]},{\"@type\":\"WebSite\",\"@id\":\"https:\/\/etival.fr\/#website\",\"url\":\"https:\/\/etival.fr\/\",\"name\":\"Etival-Clairefontaine\",\"description\":\"Informations et actualit\u00e9s de la commune\",\"potentialAction\":[{\"@type\":\"SearchAction\",\"target\":{\"@type\":\"EntryPoint\",\"urlTemplate\":\"https:\/\/etival.fr\/?s={search_term_string}\"},\"query-input\":{\"@type\":\"PropertyValueSpecification\",\"valueRequired\":true,\"valueName\":\"search_term_string\"}}],\"inLanguage\":\"fr-FR\"}]}<\/script>\n<!-- \/ Yoast SEO plugin. -->","yoast_head_json":{"title":"Associations Art et Culture - Etival-Clairefontaine","robots":{"index":"index","follow":"follow","max-snippet":"max-snippet:-1","max-image-preview":"max-image-preview:large","max-video-preview":"max-video-preview:-1"},"canonical":"https:\/\/etival.fr\/?page_id=134","og_locale":"fr_FR","og_type":"article","og_title":"Associations Art et Culture - Etival-Clairefontaine","og_description":"ANIMATHEQUE Responsable : Sophie VAUTHIER &#8211; 03.29.41.84.32 ASSOCIATION CULTURELLE G\u00e9raldine THIRIET &#8211; 06.71.74.39.73 regroupant : ATELIER D&rsquo;ART PLASTIQUE &#8211; Responsable : Ren\u00e9e CHAMPREUX &#8211; 06.04.49.22.63 ESPRIT COUNTRY &#8211; Responsable : Magali MICLO &#8211; 03.29.58.43.46 &#8211; 06.29.85-59.15 PATCHWORK &#8211; Responsable : Josy BOES &#8211; 03.29.41.97.31 MOSA\u00cfQUE &#8211; Responsable : Christine TREFFE &#8211; 06.6012.97.53 ASSOCIATION LOUISE &amp; [&hellip;]","og_url":"https:\/\/etival.fr\/?page_id=134","og_site_name":"Etival-Clairefontaine","article_modified_time":"2026-01-02T10:42:46+00:00","twitter_card":"summary_large_image","twitter_misc":{"Dur\u00e9e de lecture estim\u00e9e":"1 minute"},"schema":{"@context":"https:\/\/schema.org","@graph":[{"@type":"WebPage","@id":"https:\/\/etival.fr\/?page_id=134","url":"https:\/\/etival.fr\/?page_id=134","name":"Associations Art et Culture - Etival-Clairefontaine","isPartOf":{"@id":"https:\/\/etival.fr\/#website"},"datePublished":"2014-07-16T09:31:23+00:00","dateModified":"2026-01-02T10:42:46+00:00","breadcrumb":{"@id":"https:\/\/etival.fr\/?page_id=134#breadcrumb"},"inLanguage":"fr-FR","potentialAction":[{"@type":"ReadAction","target":["https:\/\/etival.fr\/?page_id=134"]}]},{"@type":"BreadcrumbList","@id":"https:\/\/etival.fr\/?page_id=134#breadcrumb","itemListElement":[{"@type":"ListItem","position":1,"name":"Accueil","item":"https:\/\/etival.fr\/"},{"@type":"ListItem","position":2,"name":"Infos pratiques","item":"https:\/\/etival.fr\/?page_id=50"},{"@type":"ListItem","position":3,"name":"Annuaire des Associations","item":"https:\/\/etival.fr\/?page_id=130"},{"@type":"ListItem","position":4,"name":"Associations Art et Culture"}]},{"@type":"WebSite","@id":"https:\/\/etival.fr\/#website","url":"https:\/\/etival.fr\/","name":"Etival-Clairefontaine","description":"Informations et actualit\u00e9s de la commune","potentialAction":[{"@type":"SearchAction","target":{"@type":"EntryPoint","urlTemplate":"https:\/\/etival.fr\/?s={search_term_string}"},"query-input":{"@type":"PropertyValueSpecification","valueRequired":true,"valueName":"search_term_string"}}],"inLanguage":"fr-FR"}]}},"_links":{"self":[{"href":"https:\/\/etival.fr\/index.php?rest_route=\/wp\/v2\/pages\/134","targetHints":{"allow":["GET"]}}],"collection":[{"href":"https:\/\/etival.fr\/index.php?rest_route=\/wp\/v2\/pages"}],"about":[{"href":"https:\/\/etival.fr\/index.php?rest_route=\/wp\/v2\/types\/page"}],"author":[{"embeddable":true,"href":"https:\/\/etival.fr\/index.php?rest_route=\/wp\/v2\/users\/2"}],"replies":[{"embeddable":true,"href":"https:\/\/etival.fr\/index.php?rest_route=%2Fwp%2Fv2%2Fcomments&post=134"}],"version-history":[{"count":28,"href":"https:\/\/etival.fr\/index.php?rest_route=\/wp\/v2\/pages\/134\/revisions"}],"predecessor-version":[{"id":13339,"href":"https:\/\/etival.fr\/index.php?rest_route=\/wp\/v2\/pages\/134\/revisions\/13339"}],"up":[{"embeddable":true,"href":"https:\/\/etival.fr\/index.php?rest_route=\/wp\/v2\/pages\/130"}],"wp:attachment":[{"href":"https:\/\/etival.fr\/index.php?rest_route=%2Fwp%2Fv2%2Fmedia&parent=134"}],"curies":[{"name":"wp","href":"https:\/\/api.w.org\/{rel}","templated":true}]}}