{"id":1351,"date":"2014-12-30T13:59:55","date_gmt":"2014-12-30T12:59:55","guid":{"rendered":"http:\/\/etival.fr\/?page_id=1351"},"modified":"2022-01-04T11:36:05","modified_gmt":"2022-01-04T10:36:05","slug":"videos","status":"publish","type":"page","link":"https:\/\/etival.fr\/?page_id=1351","title":{"rendered":"Diaporamas"},"content":{"rendered":"<div class=\"watlinks\" style=\"background: #cccccc; padding: 2px 0px 4px; text-align: center; font-size: 11px;\"><\/div>\n<h2>La route des Trois Abbayes<\/h2>\n<p>Le 8 mai dernier, Vosges T\u00e9l\u00e9vision diffusait dans le magazine de la r\u00e9daction<br \/>\nun reportage sur les Abbayes de Senones, Moyenmoutier et Etival<br \/>\nVous avez manqu\u00e9 le reportage consacr\u00e9 aux Abbayes de Senones et de Moyenmoutier et au Jardin de Callunes ? Un simple clic <a href=\"https:\/\/www.youtube.com\/watch?v=sgSSzddbcsI#action=share\"><span style=\"color: #0066cc;\">ICI<\/span><\/a><a href=\"http:\/\/www.france3.fr\/emissions\/des-racines-et-des-ailes\/videos\/112452189?origin=ftvsite_homepage\"><span style=\"color: #0066cc;\"><br \/>\n<\/span><\/a>Au programme : des images magnifiques des lieux, un peu d\u2019histoire, de r\u00eave et on \u00e9voque le Festival des Abbayes !<\/p>\n<h2>2014 en images &#8211; \u00c9pisode 1<br \/>\n<iframe loading=\"lazy\" src=\"\/\/www.youtube.com\/embed\/xuWaRarSrE8?rel=0&amp;controls=0&amp;showinfo=0\" width=\"640\" height=\"480\" frameborder=\"0\" allowfullscreen=\"allowfullscreen\"><\/iframe><br \/>\n2014 en images &#8211; \u00c9pisode 2<br \/>\n<iframe loading=\"lazy\" src=\"\/\/www.youtube.com\/embed\/4nGEiG1u9M4?rel=0&amp;controls=0&amp;showinfo=0\" width=\"640\" height=\"480\" frameborder=\"0\" allowfullscreen=\"allowfullscreen\"><\/iframe>2014 en images &#8211; \u00c9pisode 3<\/h2>\n<p><iframe loading=\"lazy\" src=\"\/\/www.youtube.com\/embed\/QdfedgJmDfs?rel=0&amp;controls=0&amp;showinfo=0\" width=\"640\" height=\"480\" frameborder=\"0\" allowfullscreen=\"allowfullscreen\"><\/iframe><\/p>\n<h2>Papeteries de Clairefontaine<br \/>\n<iframe loading=\"lazy\" src=\"\/\/www.youtube.com\/embed\/9kgi9VDZ99w?controls=0&amp;showinfo=0\" width=\"853\" height=\"480\" frameborder=\"0\" allowfullscreen=\"allowfullscreen\"><\/iframe><br \/>\nLib\u00e9ration Etival-Clairefontaine<br \/>\n<iframe loading=\"lazy\" src=\"\/\/www.youtube.com\/embed\/pC3Pk7rBMZo?rel=0&amp;controls=0&amp;showinfo=0\" width=\"640\" height=\"480\" frameborder=\"0\" allowfullscreen=\"allowfullscreen\"><\/iframe><\/h2>\n<p style=\"text-align: justify;\">A l&rsquo;occasion de la semaine du Centenaire de la Grande-Guerre et de la c\u00e9r\u00e9monie de comm\u00e9moration \u00ab\u00a0Quand Madelon\u00a0\u00bb sur le parvis de l&rsquo;Abbaye Saint-Pierre d&rsquo;Etival-Clairefontaine, l&rsquo;Orchestre d&rsquo;Harmonie d&rsquo;Etival-Moyenmoutier et la Chorale de Denipaire ont interpr\u00e9t\u00e9 La Marseillaise, sous la direction de Lucien Jacques.<br \/>\n<iframe loading=\"lazy\" src=\"\/\/www.youtube.com\/embed\/E23-fK__FQU?controls=0&amp;showinfo=0\" width=\"853\" height=\"480\" frameborder=\"0\" allowfullscreen=\"allowfullscreen\"><\/iframe><\/p>\n<p>Joyeux No\u00ebl \u00e0 Etival-Clairefontaine<br \/>\n<iframe loading=\"lazy\" src=\"\/\/www.youtube.com\/embed\/53l3fF4cIFg\" width=\"640\" height=\"480\" frameborder=\"0\" allowfullscreen=\"allowfullscreen\"><\/iframe><br \/>\nHola Galia (Galia Dvorak) Ex-joueuse de tennis de table A.S.R.T.T<br \/>\n<iframe loading=\"lazy\" src=\"\/\/www.youtube.com\/embed\/TiHSZJvf-yc\" width=\"853\" height=\"480\" frameborder=\"0\" allowfullscreen=\"allowfullscreen\"><\/iframe><br \/>\n<strong><span style=\"color: #800080;\">ARCHIVES<\/span><\/strong><br \/>\n2012 Visite de l&rsquo;Abbaye d&rsquo;Etival-Clairefontaine<br \/>\n<iframe loading=\"lazy\" src=\"\/\/www.youtube.com\/embed\/JO0eTJsAiuU?rel=0&amp;controls=0&amp;showinfo=0\" width=\"853\" height=\"480\" frameborder=\"0\" allowfullscreen=\"allowfullscreen\"><\/iframe><\/p>\n","protected":false},"excerpt":{"rendered":"<p>La route des Trois Abbayes Le 8 mai dernier, Vosges T\u00e9l\u00e9vision diffusait dans le magazine de la r\u00e9daction un reportage sur les Abbayes de Senones, Moyenmoutier et Etival Vous avez manqu\u00e9 le reportage consacr\u00e9 aux Abbayes de Senones et de Moyenmoutier et au Jardin de Callunes ? Un simple clic ICI Au programme : des [&hellip;]<\/p>\n","protected":false},"author":2,"featured_media":0,"parent":0,"menu_order":0,"comment_status":"closed","ping_status":"open","template":"","meta":{"footnotes":""},"class_list":["post-1351","page","type-page","status-publish","hentry"],"yoast_head":"<!-- This site is optimized with the Yoast SEO plugin v26.8 - https:\/\/yoast.com\/product\/yoast-seo-wordpress\/ -->\n<title>Diaporamas - Etival-Clairefontaine<\/title>\n<meta name=\"robots\" content=\"index, follow, max-snippet:-1, max-image-preview:large, max-video-preview:-1\" \/>\n<link rel=\"canonical\" href=\"https:\/\/etival.fr\/?page_id=1351\" \/>\n<meta property=\"og:locale\" content=\"fr_FR\" \/>\n<meta property=\"og:type\" content=\"article\" \/>\n<meta property=\"og:title\" content=\"Diaporamas - Etival-Clairefontaine\" \/>\n<meta property=\"og:description\" content=\"La route des Trois Abbayes Le 8 mai dernier, Vosges T\u00e9l\u00e9vision diffusait dans le magazine de la r\u00e9daction un reportage sur les Abbayes de Senones, Moyenmoutier et Etival Vous avez manqu\u00e9 le reportage consacr\u00e9 aux Abbayes de Senones et de Moyenmoutier et au Jardin de Callunes ? Un simple clic ICI Au programme : des [&hellip;]\" \/>\n<meta property=\"og:url\" content=\"https:\/\/etival.fr\/?page_id=1351\" \/>\n<meta property=\"og:site_name\" content=\"Etival-Clairefontaine\" \/>\n<meta property=\"article:modified_time\" content=\"2022-01-04T10:36:05+00:00\" \/>\n<meta name=\"twitter:card\" content=\"summary_large_image\" \/>\n<meta name=\"twitter:label1\" content=\"Dur\u00e9e de lecture estim\u00e9e\" \/>\n\t<meta name=\"twitter:data1\" content=\"1 minute\" \/>\n<script type=\"application\/ld+json\" class=\"yoast-schema-graph\">{\"@context\":\"https:\/\/schema.org\",\"@graph\":[{\"@type\":\"WebPage\",\"@id\":\"https:\/\/etival.fr\/?page_id=1351\",\"url\":\"https:\/\/etival.fr\/?page_id=1351\",\"name\":\"Diaporamas - Etival-Clairefontaine\",\"isPartOf\":{\"@id\":\"https:\/\/etival.fr\/#website\"},\"datePublished\":\"2014-12-30T12:59:55+00:00\",\"dateModified\":\"2022-01-04T10:36:05+00:00\",\"breadcrumb\":{\"@id\":\"https:\/\/etival.fr\/?page_id=1351#breadcrumb\"},\"inLanguage\":\"fr-FR\",\"potentialAction\":[{\"@type\":\"ReadAction\",\"target\":[\"https:\/\/etival.fr\/?page_id=1351\"]}]},{\"@type\":\"BreadcrumbList\",\"@id\":\"https:\/\/etival.fr\/?page_id=1351#breadcrumb\",\"itemListElement\":[{\"@type\":\"ListItem\",\"position\":1,\"name\":\"Accueil\",\"item\":\"https:\/\/etival.fr\/\"},{\"@type\":\"ListItem\",\"position\":2,\"name\":\"Diaporamas\"}]},{\"@type\":\"WebSite\",\"@id\":\"https:\/\/etival.fr\/#website\",\"url\":\"https:\/\/etival.fr\/\",\"name\":\"Etival-Clairefontaine\",\"description\":\"Informations et actualit\u00e9s de la commune\",\"potentialAction\":[{\"@type\":\"SearchAction\",\"target\":{\"@type\":\"EntryPoint\",\"urlTemplate\":\"https:\/\/etival.fr\/?s={search_term_string}\"},\"query-input\":{\"@type\":\"PropertyValueSpecification\",\"valueRequired\":true,\"valueName\":\"search_term_string\"}}],\"inLanguage\":\"fr-FR\"}]}<\/script>\n<!-- \/ Yoast SEO plugin. -->","yoast_head_json":{"title":"Diaporamas - Etival-Clairefontaine","robots":{"index":"index","follow":"follow","max-snippet":"max-snippet:-1","max-image-preview":"max-image-preview:large","max-video-preview":"max-video-preview:-1"},"canonical":"https:\/\/etival.fr\/?page_id=1351","og_locale":"fr_FR","og_type":"article","og_title":"Diaporamas - Etival-Clairefontaine","og_description":"La route des Trois Abbayes Le 8 mai dernier, Vosges T\u00e9l\u00e9vision diffusait dans le magazine de la r\u00e9daction un reportage sur les Abbayes de Senones, Moyenmoutier et Etival Vous avez manqu\u00e9 le reportage consacr\u00e9 aux Abbayes de Senones et de Moyenmoutier et au Jardin de Callunes ? Un simple clic ICI Au programme : des [&hellip;]","og_url":"https:\/\/etival.fr\/?page_id=1351","og_site_name":"Etival-Clairefontaine","article_modified_time":"2022-01-04T10:36:05+00:00","twitter_card":"summary_large_image","twitter_misc":{"Dur\u00e9e de lecture estim\u00e9e":"1 minute"},"schema":{"@context":"https:\/\/schema.org","@graph":[{"@type":"WebPage","@id":"https:\/\/etival.fr\/?page_id=1351","url":"https:\/\/etival.fr\/?page_id=1351","name":"Diaporamas - Etival-Clairefontaine","isPartOf":{"@id":"https:\/\/etival.fr\/#website"},"datePublished":"2014-12-30T12:59:55+00:00","dateModified":"2022-01-04T10:36:05+00:00","breadcrumb":{"@id":"https:\/\/etival.fr\/?page_id=1351#breadcrumb"},"inLanguage":"fr-FR","potentialAction":[{"@type":"ReadAction","target":["https:\/\/etival.fr\/?page_id=1351"]}]},{"@type":"BreadcrumbList","@id":"https:\/\/etival.fr\/?page_id=1351#breadcrumb","itemListElement":[{"@type":"ListItem","position":1,"name":"Accueil","item":"https:\/\/etival.fr\/"},{"@type":"ListItem","position":2,"name":"Diaporamas"}]},{"@type":"WebSite","@id":"https:\/\/etival.fr\/#website","url":"https:\/\/etival.fr\/","name":"Etival-Clairefontaine","description":"Informations et actualit\u00e9s de la commune","potentialAction":[{"@type":"SearchAction","target":{"@type":"EntryPoint","urlTemplate":"https:\/\/etival.fr\/?s={search_term_string}"},"query-input":{"@type":"PropertyValueSpecification","valueRequired":true,"valueName":"search_term_string"}}],"inLanguage":"fr-FR"}]}},"_links":{"self":[{"href":"https:\/\/etival.fr\/index.php?rest_route=\/wp\/v2\/pages\/1351","targetHints":{"allow":["GET"]}}],"collection":[{"href":"https:\/\/etival.fr\/index.php?rest_route=\/wp\/v2\/pages"}],"about":[{"href":"https:\/\/etival.fr\/index.php?rest_route=\/wp\/v2\/types\/page"}],"author":[{"embeddable":true,"href":"https:\/\/etival.fr\/index.php?rest_route=\/wp\/v2\/users\/2"}],"replies":[{"embeddable":true,"href":"https:\/\/etival.fr\/index.php?rest_route=%2Fwp%2Fv2%2Fcomments&post=1351"}],"version-history":[{"count":34,"href":"https:\/\/etival.fr\/index.php?rest_route=\/wp\/v2\/pages\/1351\/revisions"}],"predecessor-version":[{"id":9852,"href":"https:\/\/etival.fr\/index.php?rest_route=\/wp\/v2\/pages\/1351\/revisions\/9852"}],"wp:attachment":[{"href":"https:\/\/etival.fr\/index.php?rest_route=%2Fwp%2Fv2%2Fmedia&parent=1351"}],"curies":[{"name":"wp","href":"https:\/\/api.w.org\/{rel}","templated":true}]}}