{"id":167,"date":"2014-07-16T13:38:52","date_gmt":"2014-07-16T12:38:52","guid":{"rendered":"http:\/\/etival.fr\/?page_id=167"},"modified":"2022-03-07T13:45:10","modified_gmt":"2022-03-07T12:45:10","slug":"c-c-a-s-2","status":"publish","type":"page","link":"https:\/\/etival.fr\/?page_id=167","title":{"rendered":"C.C.A.S."},"content":{"rendered":"<h3><img loading=\"lazy\" decoding=\"async\" class=\"alignleft size-full wp-image-675\" src=\"http:\/\/etival.fr\/wp-content\/uploads\/2014\/09\/LOGO-CCAS.jpg\" alt=\"LOGO CCAS\" width=\"204\" height=\"103\" \/><\/h3>\n<p style=\"text-align: justify;\">\n<p style=\"text-align: justify;\"><span style=\"color: #808080;\">\u00c9lue r\u00e9f\u00e9rente Fran\u00e7oise Demenge<\/span><\/p>\n<p style=\"text-align: justify;\">Bien que ses ressources proviennent essentiellement de la subvention municipale, le Centre Communal d&rsquo;Action Sociale (CCAS) est un organisme ind\u00e9pendant qui a vocation de secourir les personnes en r\u00e9elle situation de pr\u00e9carit\u00e9. La situation compliqu\u00e9e de certaines personnes rel\u00e8ve parfois de la comp\u00e9tence d&rsquo;acteurs sociaux diff\u00e9rents, c&rsquo;est pourquoi le CCAS travaille en collaboration avec les associations caritatives et les organismes \u00e0 caract\u00e8re social.<\/p>\n<p><strong><span style=\"color: #008000;\">Une permanence a lieu les mercredis matin uniquement sur RDV<\/span><\/strong><br \/>\nVous pouvez prendre R.D.V. au 03.29.41.29.57<\/p>\n<hr \/>\n<h2><span style=\"color: #156ab0;\">Registre communal <\/span><br \/>\n<span style=\"color: #156ab0;\">des personnes fragiles isol\u00e9es<\/span><\/h2>\n<p>En pr\u00e9vision de p\u00e9riodes particuli\u00e8rement difficiles pour les personnes vuln\u00e9rables (fortes intemp\u00e9ries, \u00e9pid\u00e9mies, etc.), un registre est tenu en Mairie afin de localiser au mieux les personnes les plus fragiles que ce soit par leur \u00e2ge, leur handicap, ou leur isolement (loi du 30 juin 2004 relative \u00e0 l\u2019autonomie des personnes \u00e2g\u00e9es et handicap\u00e9es).<\/p>\n<p>Ce registre a pour finalit\u00e9 de permettre, en cas de n\u00e9cessit\u00e9, l\u2019intervention des services sanitaires et sociaux dans les meilleures conditions aupr\u00e8s de ces personnes.<\/p>\n<p>Si vous pensez avoir besoin d\u2019aide ou si vous avez connaissance de personnes susceptibles d\u2019\u00eatre concern\u00e9es dans votre voisinage, n\u2019h\u00e9sitez pas \u00e0 contacter la Mairie au 03.29.41.29.57 qui suivra avec attention chaque situation.<\/p>\n<h5>Vous pouvez \u00e9galement t\u00e9l\u00e9charger le document d\u2019inscription <a href=\"http:\/\/etival.fr\/wp-content\/uploads\/2020\/09\/Inscription-registre-personnes-isolees.pdf\"><strong>ICI<\/strong><\/a><br \/>\nLa confidentialit\u00e9 est naturellement garantie.<\/h5>\n","protected":false},"excerpt":{"rendered":"<p>\u00c9lue r\u00e9f\u00e9rente Fran\u00e7oise Demenge Bien que ses ressources proviennent essentiellement de la subvention municipale, le Centre Communal d&rsquo;Action Sociale (CCAS) est un organisme ind\u00e9pendant qui a vocation de secourir les personnes en r\u00e9elle situation de pr\u00e9carit\u00e9. La situation compliqu\u00e9e de certaines personnes rel\u00e8ve parfois de la comp\u00e9tence d&rsquo;acteurs sociaux diff\u00e9rents, c&rsquo;est pourquoi le CCAS travaille [&hellip;]<\/p>\n","protected":false},"author":2,"featured_media":0,"parent":2,"menu_order":0,"comment_status":"closed","ping_status":"open","template":"","meta":{"footnotes":""},"class_list":["post-167","page","type-page","status-publish","hentry"],"yoast_head":"<!-- This site is optimized with the Yoast SEO plugin v26.8 - https:\/\/yoast.com\/product\/yoast-seo-wordpress\/ -->\n<title>C.C.A.S. - Etival-Clairefontaine<\/title>\n<meta name=\"robots\" content=\"index, follow, max-snippet:-1, max-image-preview:large, max-video-preview:-1\" \/>\n<link rel=\"canonical\" href=\"https:\/\/etival.fr\/?page_id=167\" \/>\n<meta property=\"og:locale\" content=\"fr_FR\" \/>\n<meta property=\"og:type\" content=\"article\" \/>\n<meta property=\"og:title\" content=\"C.C.A.S. - Etival-Clairefontaine\" \/>\n<meta property=\"og:description\" content=\"\u00c9lue r\u00e9f\u00e9rente Fran\u00e7oise Demenge Bien que ses ressources proviennent essentiellement de la subvention municipale, le Centre Communal d&rsquo;Action Sociale (CCAS) est un organisme ind\u00e9pendant qui a vocation de secourir les personnes en r\u00e9elle situation de pr\u00e9carit\u00e9. La situation compliqu\u00e9e de certaines personnes rel\u00e8ve parfois de la comp\u00e9tence d&rsquo;acteurs sociaux diff\u00e9rents, c&rsquo;est pourquoi le CCAS travaille [&hellip;]\" \/>\n<meta property=\"og:url\" content=\"https:\/\/etival.fr\/?page_id=167\" \/>\n<meta property=\"og:site_name\" content=\"Etival-Clairefontaine\" \/>\n<meta property=\"article:modified_time\" content=\"2022-03-07T12:45:10+00:00\" \/>\n<meta property=\"og:image\" content=\"http:\/\/etival.fr\/wp-content\/uploads\/2014\/09\/LOGO-CCAS.jpg\" \/>\n<meta name=\"twitter:card\" content=\"summary_large_image\" \/>\n<meta name=\"twitter:label1\" content=\"Dur\u00e9e de lecture estim\u00e9e\" \/>\n\t<meta name=\"twitter:data1\" content=\"2 minutes\" \/>\n<script type=\"application\/ld+json\" class=\"yoast-schema-graph\">{\"@context\":\"https:\/\/schema.org\",\"@graph\":[{\"@type\":\"WebPage\",\"@id\":\"https:\/\/etival.fr\/?page_id=167\",\"url\":\"https:\/\/etival.fr\/?page_id=167\",\"name\":\"C.C.A.S. - Etival-Clairefontaine\",\"isPartOf\":{\"@id\":\"https:\/\/etival.fr\/#website\"},\"primaryImageOfPage\":{\"@id\":\"https:\/\/etival.fr\/?page_id=167#primaryimage\"},\"image\":{\"@id\":\"https:\/\/etival.fr\/?page_id=167#primaryimage\"},\"thumbnailUrl\":\"http:\/\/etival.fr\/wp-content\/uploads\/2014\/09\/LOGO-CCAS.jpg\",\"datePublished\":\"2014-07-16T12:38:52+00:00\",\"dateModified\":\"2022-03-07T12:45:10+00:00\",\"breadcrumb\":{\"@id\":\"https:\/\/etival.fr\/?page_id=167#breadcrumb\"},\"inLanguage\":\"fr-FR\",\"potentialAction\":[{\"@type\":\"ReadAction\",\"target\":[\"https:\/\/etival.fr\/?page_id=167\"]}]},{\"@type\":\"ImageObject\",\"inLanguage\":\"fr-FR\",\"@id\":\"https:\/\/etival.fr\/?page_id=167#primaryimage\",\"url\":\"https:\/\/etival.fr\/wp-content\/uploads\/2014\/09\/LOGO-CCAS.jpg\",\"contentUrl\":\"https:\/\/etival.fr\/wp-content\/uploads\/2014\/09\/LOGO-CCAS.jpg\",\"width\":204,\"height\":103},{\"@type\":\"BreadcrumbList\",\"@id\":\"https:\/\/etival.fr\/?page_id=167#breadcrumb\",\"itemListElement\":[{\"@type\":\"ListItem\",\"position\":1,\"name\":\"Accueil\",\"item\":\"https:\/\/etival.fr\/\"},{\"@type\":\"ListItem\",\"position\":2,\"name\":\"Votre mairie\",\"item\":\"https:\/\/etival.fr\/?page_id=2\"},{\"@type\":\"ListItem\",\"position\":3,\"name\":\"C.C.A.S.\"}]},{\"@type\":\"WebSite\",\"@id\":\"https:\/\/etival.fr\/#website\",\"url\":\"https:\/\/etival.fr\/\",\"name\":\"Etival-Clairefontaine\",\"description\":\"Informations et actualit\u00e9s de la commune\",\"potentialAction\":[{\"@type\":\"SearchAction\",\"target\":{\"@type\":\"EntryPoint\",\"urlTemplate\":\"https:\/\/etival.fr\/?s={search_term_string}\"},\"query-input\":{\"@type\":\"PropertyValueSpecification\",\"valueRequired\":true,\"valueName\":\"search_term_string\"}}],\"inLanguage\":\"fr-FR\"}]}<\/script>\n<!-- \/ Yoast SEO plugin. -->","yoast_head_json":{"title":"C.C.A.S. - Etival-Clairefontaine","robots":{"index":"index","follow":"follow","max-snippet":"max-snippet:-1","max-image-preview":"max-image-preview:large","max-video-preview":"max-video-preview:-1"},"canonical":"https:\/\/etival.fr\/?page_id=167","og_locale":"fr_FR","og_type":"article","og_title":"C.C.A.S. - Etival-Clairefontaine","og_description":"\u00c9lue r\u00e9f\u00e9rente Fran\u00e7oise Demenge Bien que ses ressources proviennent essentiellement de la subvention municipale, le Centre Communal d&rsquo;Action Sociale (CCAS) est un organisme ind\u00e9pendant qui a vocation de secourir les personnes en r\u00e9elle situation de pr\u00e9carit\u00e9. La situation compliqu\u00e9e de certaines personnes rel\u00e8ve parfois de la comp\u00e9tence d&rsquo;acteurs sociaux diff\u00e9rents, c&rsquo;est pourquoi le CCAS travaille [&hellip;]","og_url":"https:\/\/etival.fr\/?page_id=167","og_site_name":"Etival-Clairefontaine","article_modified_time":"2022-03-07T12:45:10+00:00","og_image":[{"url":"http:\/\/etival.fr\/wp-content\/uploads\/2014\/09\/LOGO-CCAS.jpg","type":"","width":"","height":""}],"twitter_card":"summary_large_image","twitter_misc":{"Dur\u00e9e de lecture estim\u00e9e":"2 minutes"},"schema":{"@context":"https:\/\/schema.org","@graph":[{"@type":"WebPage","@id":"https:\/\/etival.fr\/?page_id=167","url":"https:\/\/etival.fr\/?page_id=167","name":"C.C.A.S. - Etival-Clairefontaine","isPartOf":{"@id":"https:\/\/etival.fr\/#website"},"primaryImageOfPage":{"@id":"https:\/\/etival.fr\/?page_id=167#primaryimage"},"image":{"@id":"https:\/\/etival.fr\/?page_id=167#primaryimage"},"thumbnailUrl":"http:\/\/etival.fr\/wp-content\/uploads\/2014\/09\/LOGO-CCAS.jpg","datePublished":"2014-07-16T12:38:52+00:00","dateModified":"2022-03-07T12:45:10+00:00","breadcrumb":{"@id":"https:\/\/etival.fr\/?page_id=167#breadcrumb"},"inLanguage":"fr-FR","potentialAction":[{"@type":"ReadAction","target":["https:\/\/etival.fr\/?page_id=167"]}]},{"@type":"ImageObject","inLanguage":"fr-FR","@id":"https:\/\/etival.fr\/?page_id=167#primaryimage","url":"https:\/\/etival.fr\/wp-content\/uploads\/2014\/09\/LOGO-CCAS.jpg","contentUrl":"https:\/\/etival.fr\/wp-content\/uploads\/2014\/09\/LOGO-CCAS.jpg","width":204,"height":103},{"@type":"BreadcrumbList","@id":"https:\/\/etival.fr\/?page_id=167#breadcrumb","itemListElement":[{"@type":"ListItem","position":1,"name":"Accueil","item":"https:\/\/etival.fr\/"},{"@type":"ListItem","position":2,"name":"Votre mairie","item":"https:\/\/etival.fr\/?page_id=2"},{"@type":"ListItem","position":3,"name":"C.C.A.S."}]},{"@type":"WebSite","@id":"https:\/\/etival.fr\/#website","url":"https:\/\/etival.fr\/","name":"Etival-Clairefontaine","description":"Informations et actualit\u00e9s de la commune","potentialAction":[{"@type":"SearchAction","target":{"@type":"EntryPoint","urlTemplate":"https:\/\/etival.fr\/?s={search_term_string}"},"query-input":{"@type":"PropertyValueSpecification","valueRequired":true,"valueName":"search_term_string"}}],"inLanguage":"fr-FR"}]}},"_links":{"self":[{"href":"https:\/\/etival.fr\/index.php?rest_route=\/wp\/v2\/pages\/167","targetHints":{"allow":["GET"]}}],"collection":[{"href":"https:\/\/etival.fr\/index.php?rest_route=\/wp\/v2\/pages"}],"about":[{"href":"https:\/\/etival.fr\/index.php?rest_route=\/wp\/v2\/types\/page"}],"author":[{"embeddable":true,"href":"https:\/\/etival.fr\/index.php?rest_route=\/wp\/v2\/users\/2"}],"replies":[{"embeddable":true,"href":"https:\/\/etival.fr\/index.php?rest_route=%2Fwp%2Fv2%2Fcomments&post=167"}],"version-history":[{"count":24,"href":"https:\/\/etival.fr\/index.php?rest_route=\/wp\/v2\/pages\/167\/revisions"}],"predecessor-version":[{"id":9985,"href":"https:\/\/etival.fr\/index.php?rest_route=\/wp\/v2\/pages\/167\/revisions\/9985"}],"up":[{"embeddable":true,"href":"https:\/\/etival.fr\/index.php?rest_route=\/wp\/v2\/pages\/2"}],"wp:attachment":[{"href":"https:\/\/etival.fr\/index.php?rest_route=%2Fwp%2Fv2%2Fmedia&parent=167"}],"curies":[{"name":"wp","href":"https:\/\/api.w.org\/{rel}","templated":true}]}}