{"id":1685,"date":"2015-01-30T09:18:46","date_gmt":"2015-01-30T08:18:46","guid":{"rendered":"http:\/\/etival.fr\/?page_id=1685"},"modified":"2016-01-12T08:06:06","modified_gmt":"2016-01-12T07:06:06","slug":"2015-3","status":"publish","type":"page","link":"https:\/\/etival.fr\/?page_id=1685","title":{"rendered":"2015"},"content":{"rendered":"<p><img loading=\"lazy\" decoding=\"async\" class=\"alignleft size-full wp-image-3117\" src=\"http:\/\/etival.fr\/wp-content\/uploads\/2015\/12\/logo.jpg\" alt=\"logo\" width=\"600\" height=\"357\" srcset=\"https:\/\/etival.fr\/wp-content\/uploads\/2015\/12\/logo.jpg 600w, https:\/\/etival.fr\/wp-content\/uploads\/2015\/12\/logo-300x179.jpg 300w\" sizes=\"auto, (max-width: 600px) 100vw, 600px\" \/><\/p>\n<p><a href=\"http:\/\/etival.fr\/wp-content\/uploads\/2015\/12\/112.jpg\"><img loading=\"lazy\" decoding=\"async\" class=\"alignleft  wp-image-3054\" src=\"http:\/\/etival.fr\/wp-content\/uploads\/2015\/12\/11.jpg\" alt=\"1\" width=\"78\" height=\"76\" \/><\/a> <a href=\"http:\/\/etival.fr\/wp-content\/uploads\/2015\/12\/26.jpg\"><img loading=\"lazy\" decoding=\"async\" class=\"alignleft  wp-image-3055\" src=\"http:\/\/etival.fr\/wp-content\/uploads\/2015\/12\/2.jpg\" alt=\"2\" width=\"78\" height=\"77\" srcset=\"https:\/\/etival.fr\/wp-content\/uploads\/2015\/12\/2.jpg 242w, https:\/\/etival.fr\/wp-content\/uploads\/2015\/12\/2-150x150.jpg 150w\" sizes=\"auto, (max-width: 78px) 100vw, 78px\" \/><\/a> <a href=\"http:\/\/etival.fr\/wp-content\/uploads\/2015\/12\/32.jpg\"><img loading=\"lazy\" decoding=\"async\" class=\"alignleft  wp-image-3056\" src=\"http:\/\/etival.fr\/wp-content\/uploads\/2015\/12\/3.jpg\" alt=\"3\" width=\"78\" height=\"78\" srcset=\"https:\/\/etival.fr\/wp-content\/uploads\/2015\/12\/3.jpg 236w, https:\/\/etival.fr\/wp-content\/uploads\/2015\/12\/3-150x150.jpg 150w\" sizes=\"auto, (max-width: 78px) 100vw, 78px\" \/><\/a> <a href=\"http:\/\/etival.fr\/wp-content\/uploads\/2015\/12\/42.jpg\"><img loading=\"lazy\" decoding=\"async\" class=\"alignleft  wp-image-3057\" src=\"http:\/\/etival.fr\/wp-content\/uploads\/2015\/12\/4.jpg\" alt=\"4\" width=\"81\" height=\"81\" srcset=\"https:\/\/etival.fr\/wp-content\/uploads\/2015\/12\/4.jpg 236w, https:\/\/etival.fr\/wp-content\/uploads\/2015\/12\/4-150x150.jpg 150w\" sizes=\"auto, (max-width: 81px) 100vw, 81px\" \/><\/a> <a href=\"http:\/\/etival.fr\/wp-content\/uploads\/2015\/12\/52.jpg\"><img loading=\"lazy\" decoding=\"async\" class=\"alignleft  wp-image-3058\" src=\"http:\/\/etival.fr\/wp-content\/uploads\/2015\/12\/5.jpg\" alt=\"5\" width=\"85\" height=\"83\" \/><\/a> <a href=\"http:\/\/etival.fr\/wp-content\/uploads\/2015\/12\/62.jpg\"><img loading=\"lazy\" decoding=\"async\" class=\"alignleft  wp-image-3059\" src=\"http:\/\/etival.fr\/wp-content\/uploads\/2015\/12\/6.jpg\" alt=\"6\" width=\"88\" height=\"87\" srcset=\"https:\/\/etival.fr\/wp-content\/uploads\/2015\/12\/6.jpg 232w, https:\/\/etival.fr\/wp-content\/uploads\/2015\/12\/6-150x150.jpg 150w\" sizes=\"auto, (max-width: 88px) 100vw, 88px\" \/><\/a> <a href=\"http:\/\/etival.fr\/wp-content\/uploads\/2015\/12\/71.jpg\"><img loading=\"lazy\" decoding=\"async\" class=\"alignleft  wp-image-3060\" src=\"http:\/\/etival.fr\/wp-content\/uploads\/2015\/12\/7.jpg\" alt=\"7\" width=\"88\" height=\"86\" \/><\/a> <a href=\"http:\/\/etival.fr\/wp-content\/uploads\/2015\/12\/81.jpg\"><img loading=\"lazy\" decoding=\"async\" class=\"alignleft  wp-image-3061\" src=\"http:\/\/etival.fr\/wp-content\/uploads\/2015\/12\/8.jpg\" alt=\"8\" width=\"84\" height=\"85\" srcset=\"https:\/\/etival.fr\/wp-content\/uploads\/2015\/12\/8.jpg 234w, https:\/\/etival.fr\/wp-content\/uploads\/2015\/12\/8-150x150.jpg 150w\" sizes=\"auto, (max-width: 84px) 100vw, 84px\" \/><\/a> <a href=\"http:\/\/etival.fr\/wp-content\/uploads\/2015\/12\/91.jpg\"><img loading=\"lazy\" decoding=\"async\" class=\"alignleft  wp-image-3062\" src=\"http:\/\/etival.fr\/wp-content\/uploads\/2015\/12\/9.jpg\" alt=\"9\" width=\"92\" height=\"89\" \/><\/a> <a href=\"http:\/\/etival.fr\/wp-content\/uploads\/2015\/12\/101.jpg\"><img loading=\"lazy\" decoding=\"async\" class=\"alignleft  wp-image-3063\" src=\"http:\/\/etival.fr\/wp-content\/uploads\/2015\/12\/10.jpg\" alt=\"10\" width=\"92\" height=\"89\" \/><\/a> <a href=\"http:\/\/etival.fr\/wp-content\/uploads\/2015\/12\/113.jpg\"><img loading=\"lazy\" decoding=\"async\" class=\"alignleft  wp-image-3064\" src=\"http:\/\/etival.fr\/wp-content\/uploads\/2015\/12\/111.jpg\" alt=\"11\" width=\"90\" height=\"89\" srcset=\"https:\/\/etival.fr\/wp-content\/uploads\/2015\/12\/111.jpg 238w, https:\/\/etival.fr\/wp-content\/uploads\/2015\/12\/111-150x150.jpg 150w\" sizes=\"auto, (max-width: 90px) 100vw, 90px\" \/><\/a> <a href=\"http:\/\/etival.fr\/wp-content\/uploads\/2015\/12\/131.jpg\"><img loading=\"lazy\" decoding=\"async\" class=\"alignleft  wp-image-3066\" src=\"http:\/\/etival.fr\/wp-content\/uploads\/2015\/12\/13.jpg\" alt=\"13\" width=\"92\" height=\"92\" srcset=\"https:\/\/etival.fr\/wp-content\/uploads\/2015\/12\/13.jpg 240w, https:\/\/etival.fr\/wp-content\/uploads\/2015\/12\/13-150x150.jpg 150w\" sizes=\"auto, (max-width: 92px) 100vw, 92px\" \/><\/a> <a href=\"http:\/\/etival.fr\/wp-content\/uploads\/2015\/12\/121.jpg\"><img loading=\"lazy\" decoding=\"async\" class=\"alignleft  wp-image-3065\" src=\"http:\/\/etival.fr\/wp-content\/uploads\/2015\/12\/12.jpg\" alt=\"12\" width=\"96\" height=\"92\" \/><\/a> <a href=\"http:\/\/etival.fr\/wp-content\/uploads\/2015\/12\/141.jpg\"><img loading=\"lazy\" decoding=\"async\" class=\"alignleft  wp-image-3067\" src=\"http:\/\/etival.fr\/wp-content\/uploads\/2015\/12\/14.jpg\" alt=\"14\" width=\"93\" height=\"92\" srcset=\"https:\/\/etival.fr\/wp-content\/uploads\/2015\/12\/14.jpg 238w, https:\/\/etival.fr\/wp-content\/uploads\/2015\/12\/14-150x150.jpg 150w\" sizes=\"auto, (max-width: 93px) 100vw, 93px\" \/><\/a> <a href=\"http:\/\/etival.fr\/wp-content\/uploads\/2015\/12\/151.jpg\"><img loading=\"lazy\" decoding=\"async\" class=\"alignleft  wp-image-3068\" src=\"http:\/\/etival.fr\/wp-content\/uploads\/2015\/12\/15.jpg\" alt=\"15\" width=\"92\" height=\"93\" srcset=\"https:\/\/etival.fr\/wp-content\/uploads\/2015\/12\/15.jpg 232w, https:\/\/etival.fr\/wp-content\/uploads\/2015\/12\/15-150x150.jpg 150w\" sizes=\"auto, (max-width: 92px) 100vw, 92px\" \/><\/a> <a href=\"http:\/\/etival.fr\/wp-content\/uploads\/2015\/12\/161.jpg\"><img loading=\"lazy\" decoding=\"async\" class=\"alignleft  wp-image-3069\" src=\"http:\/\/etival.fr\/wp-content\/uploads\/2015\/12\/16.jpg\" alt=\"16\" width=\"87\" height=\"85\" \/><\/a> <a href=\"http:\/\/etival.fr\/wp-content\/uploads\/2015\/12\/171.jpg\"><img loading=\"lazy\" decoding=\"async\" class=\"alignleft  wp-image-3070\" src=\"http:\/\/etival.fr\/wp-content\/uploads\/2015\/12\/17.jpg\" alt=\"17\" width=\"87\" height=\"86\" srcset=\"https:\/\/etival.fr\/wp-content\/uploads\/2015\/12\/17.jpg 234w, https:\/\/etival.fr\/wp-content\/uploads\/2015\/12\/17-150x150.jpg 150w\" sizes=\"auto, (max-width: 87px) 100vw, 87px\" \/><\/a> <a href=\"http:\/\/etival.fr\/wp-content\/uploads\/2015\/12\/181.jpg\"><img loading=\"lazy\" decoding=\"async\" class=\"alignleft  wp-image-3071\" src=\"http:\/\/etival.fr\/wp-content\/uploads\/2015\/12\/18.jpg\" alt=\"18\" width=\"88\" height=\"86\" \/><\/a> <a href=\"http:\/\/etival.fr\/wp-content\/uploads\/2015\/12\/191.jpg\"><img loading=\"lazy\" decoding=\"async\" class=\"alignleft  wp-image-3072\" src=\"http:\/\/etival.fr\/wp-content\/uploads\/2015\/12\/19.jpg\" alt=\"19\" width=\"87\" height=\"87\" srcset=\"https:\/\/etival.fr\/wp-content\/uploads\/2015\/12\/19.jpg 234w, https:\/\/etival.fr\/wp-content\/uploads\/2015\/12\/19-150x150.jpg 150w\" sizes=\"auto, (max-width: 87px) 100vw, 87px\" \/><\/a> <a href=\"http:\/\/etival.fr\/wp-content\/uploads\/2015\/12\/211.jpg\"><img loading=\"lazy\" decoding=\"async\" class=\"alignleft  wp-image-3074\" src=\"http:\/\/etival.fr\/wp-content\/uploads\/2015\/12\/21.jpg\" alt=\"21\" width=\"89\" height=\"89\" srcset=\"https:\/\/etival.fr\/wp-content\/uploads\/2015\/12\/21.jpg 236w, https:\/\/etival.fr\/wp-content\/uploads\/2015\/12\/21-150x150.jpg 150w\" sizes=\"auto, (max-width: 89px) 100vw, 89px\" \/><\/a> <a href=\"http:\/\/etival.fr\/wp-content\/uploads\/2015\/12\/201.jpg\"><img loading=\"lazy\" decoding=\"async\" class=\"alignleft  wp-image-3073\" src=\"http:\/\/etival.fr\/wp-content\/uploads\/2015\/12\/20.jpg\" alt=\"20\" width=\"94\" height=\"91\" \/><\/a> <a href=\"http:\/\/etival.fr\/wp-content\/uploads\/2015\/12\/221.jpg\"><img loading=\"lazy\" decoding=\"async\" class=\"alignleft  wp-image-3075\" src=\"http:\/\/etival.fr\/wp-content\/uploads\/2015\/12\/22.jpg\" alt=\"22\" width=\"99\" height=\"92\" \/><\/a> <a href=\"http:\/\/etival.fr\/wp-content\/uploads\/2015\/12\/231.jpg\"><img loading=\"lazy\" decoding=\"async\" class=\"alignleft  wp-image-3076\" src=\"http:\/\/etival.fr\/wp-content\/uploads\/2015\/12\/23.jpg\" alt=\"23\" width=\"93\" height=\"92\" srcset=\"https:\/\/etival.fr\/wp-content\/uploads\/2015\/12\/23.jpg 240w, https:\/\/etival.fr\/wp-content\/uploads\/2015\/12\/23-150x150.jpg 150w\" sizes=\"auto, (max-width: 93px) 100vw, 93px\" \/><\/a> <a href=\"http:\/\/etival.fr\/wp-content\/uploads\/2015\/12\/241.jpg\"><img loading=\"lazy\" decoding=\"async\" class=\"alignleft  wp-image-3077\" src=\"http:\/\/etival.fr\/wp-content\/uploads\/2015\/12\/24.jpg\" alt=\"24\" width=\"87\" height=\"87\" srcset=\"https:\/\/etival.fr\/wp-content\/uploads\/2015\/12\/24.jpg 232w, https:\/\/etival.fr\/wp-content\/uploads\/2015\/12\/24-150x150.jpg 150w\" sizes=\"auto, (max-width: 87px) 100vw, 87px\" \/><\/a><a href=\"http:\/\/etival.fr\/wp-content\/uploads\/2015\/12\/112.jpg\"><br \/>\n<\/a><\/p>\n<p>&nbsp;<\/p>\n<p>&nbsp;<\/p>\n<p>&nbsp;<\/p>\n<p>&nbsp;<\/p>\n<p>&nbsp;<\/p>\n<p>&nbsp;<\/p>\n<p>&nbsp;<\/p>\n<p>&nbsp;<\/p>\n<p>&nbsp;<\/p>\n<p>&nbsp;<\/p>\n<p>&nbsp;<\/p>\n<p>&nbsp;<\/p>\n<p><strong>Novembre<\/strong> &#8211; Photos d&rsquo;Automne<br \/>\n<a href=\"http:\/\/etival.fr\/wp-content\/uploads\/2015\/11\/4-photo.jpg\"><img loading=\"lazy\" decoding=\"async\" class=\"alignleft size-full wp-image-3008\" src=\"http:\/\/etival.fr\/wp-content\/uploads\/2015\/11\/4-photo.jpg\" alt=\"4 photo\" width=\"825\" height=\"1280\" srcset=\"https:\/\/etival.fr\/wp-content\/uploads\/2015\/11\/4-photo.jpg 825w, https:\/\/etival.fr\/wp-content\/uploads\/2015\/11\/4-photo-193x300.jpg 193w, https:\/\/etival.fr\/wp-content\/uploads\/2015\/11\/4-photo-660x1024.jpg 660w, https:\/\/etival.fr\/wp-content\/uploads\/2015\/11\/4-photo-624x968.jpg 624w\" sizes=\"auto, (max-width: 825px) 100vw, 825px\" \/><\/a> <a href=\"http:\/\/etival.fr\/wp-content\/uploads\/2015\/11\/3-photo.jpg\"><img loading=\"lazy\" decoding=\"async\" class=\"alignleft size-full wp-image-3007\" src=\"http:\/\/etival.fr\/wp-content\/uploads\/2015\/11\/3-photo.jpg\" alt=\"3-photo\" width=\"1000\" height=\"667\" srcset=\"https:\/\/etival.fr\/wp-content\/uploads\/2015\/11\/3-photo.jpg 1000w, https:\/\/etival.fr\/wp-content\/uploads\/2015\/11\/3-photo-300x200.jpg 300w, https:\/\/etival.fr\/wp-content\/uploads\/2015\/11\/3-photo-624x416.jpg 624w\" sizes=\"auto, (max-width: 1000px) 100vw, 1000px\" \/><\/a> <a href=\"http:\/\/etival.fr\/wp-content\/uploads\/2015\/11\/2-photo.jpg\"><img loading=\"lazy\" decoding=\"async\" class=\"alignleft size-full wp-image-3006\" src=\"http:\/\/etival.fr\/wp-content\/uploads\/2015\/11\/2-photo.jpg\" alt=\"2 photo\" width=\"960\" height=\"960\" srcset=\"https:\/\/etival.fr\/wp-content\/uploads\/2015\/11\/2-photo.jpg 960w, https:\/\/etival.fr\/wp-content\/uploads\/2015\/11\/2-photo-150x150.jpg 150w, https:\/\/etival.fr\/wp-content\/uploads\/2015\/11\/2-photo-300x300.jpg 300w, https:\/\/etival.fr\/wp-content\/uploads\/2015\/11\/2-photo-624x624.jpg 624w\" sizes=\"auto, (max-width: 960px) 100vw, 960px\" \/><\/a> <img loading=\"lazy\" decoding=\"async\" class=\"alignleft size-full wp-image-3005\" src=\"http:\/\/etival.fr\/wp-content\/uploads\/2015\/11\/1-photo.jpg\" alt=\"1-photo\" width=\"1000\" height=\"667\" srcset=\"https:\/\/etival.fr\/wp-content\/uploads\/2015\/11\/1-photo.jpg 1000w, https:\/\/etival.fr\/wp-content\/uploads\/2015\/11\/1-photo-300x200.jpg 300w, https:\/\/etival.fr\/wp-content\/uploads\/2015\/11\/1-photo-624x416.jpg 624w\" sizes=\"auto, (max-width: 1000px) 100vw, 1000px\" \/><\/p>\n<p><strong>Octobre<\/strong> &#8211; R\u00e9fection de la toiture de la Mairie.<\/p>\n<p><a href=\"http:\/\/etival.fr\/wp-content\/uploads\/2015\/10\/DSCN8673BIS.jpg\"><img loading=\"lazy\" decoding=\"async\" class=\"alignleft size-full wp-image-2875\" src=\"http:\/\/etival.fr\/wp-content\/uploads\/2015\/10\/DSCN8673BIS.jpg\" alt=\"DSCN8673BIS\" width=\"1000\" height=\"750\" srcset=\"https:\/\/etival.fr\/wp-content\/uploads\/2015\/10\/DSCN8673BIS.jpg 1000w, https:\/\/etival.fr\/wp-content\/uploads\/2015\/10\/DSCN8673BIS-300x225.jpg 300w, https:\/\/etival.fr\/wp-content\/uploads\/2015\/10\/DSCN8673BIS-624x468.jpg 624w\" sizes=\"auto, (max-width: 1000px) 100vw, 1000px\" \/><\/a> <a href=\"http:\/\/etival.fr\/wp-content\/uploads\/2015\/10\/DSCN8667BIS.jpg\"><img loading=\"lazy\" decoding=\"async\" class=\"alignleft size-full wp-image-2874\" src=\"http:\/\/etival.fr\/wp-content\/uploads\/2015\/10\/DSCN8667BIS.jpg\" alt=\"DSCN8667BIS\" width=\"1000\" height=\"750\" srcset=\"https:\/\/etival.fr\/wp-content\/uploads\/2015\/10\/DSCN8667BIS.jpg 1000w, https:\/\/etival.fr\/wp-content\/uploads\/2015\/10\/DSCN8667BIS-300x225.jpg 300w, https:\/\/etival.fr\/wp-content\/uploads\/2015\/10\/DSCN8667BIS-624x468.jpg 624w\" sizes=\"auto, (max-width: 1000px) 100vw, 1000px\" \/><\/a> <a href=\"http:\/\/etival.fr\/wp-content\/uploads\/2015\/10\/DSCN8665BIS.jpg\"><img loading=\"lazy\" decoding=\"async\" class=\"alignleft size-full wp-image-2873\" src=\"http:\/\/etival.fr\/wp-content\/uploads\/2015\/10\/DSCN8665BIS.jpg\" alt=\"DSCN8665BIS\" width=\"1000\" height=\"750\" srcset=\"https:\/\/etival.fr\/wp-content\/uploads\/2015\/10\/DSCN8665BIS.jpg 1000w, https:\/\/etival.fr\/wp-content\/uploads\/2015\/10\/DSCN8665BIS-300x225.jpg 300w, https:\/\/etival.fr\/wp-content\/uploads\/2015\/10\/DSCN8665BIS-624x468.jpg 624w\" sizes=\"auto, (max-width: 1000px) 100vw, 1000px\" \/><\/a><\/p>\n<p><img loading=\"lazy\" decoding=\"async\" class=\"alignleft size-full wp-image-2335\" src=\"http:\/\/etival.fr\/wp-content\/uploads\/2015\/06\/carte-postal-feu-de-la-saint-jean-2015redim.jpg\" alt=\"carte-postal-feu-de-la-saint-jean-2015redim\" width=\"1000\" height=\"706\" srcset=\"https:\/\/etival.fr\/wp-content\/uploads\/2015\/06\/carte-postal-feu-de-la-saint-jean-2015redim.jpg 1000w, https:\/\/etival.fr\/wp-content\/uploads\/2015\/06\/carte-postal-feu-de-la-saint-jean-2015redim-300x212.jpg 300w, https:\/\/etival.fr\/wp-content\/uploads\/2015\/06\/carte-postal-feu-de-la-saint-jean-2015redim-624x441.jpg 624w\" sizes=\"auto, (max-width: 1000px) 100vw, 1000px\" \/><\/p>\n<p>&nbsp;<\/p>\n<p><img loading=\"lazy\" decoding=\"async\" class=\"alignleft size-full wp-image-1896\" src=\"http:\/\/etival.fr\/wp-content\/uploads\/2015\/03\/vues-depuis-le-haut-du-clocher.jpg\" alt=\"vues-depuis-le-haut-du-clocher\" width=\"1000\" height=\"707\" srcset=\"https:\/\/etival.fr\/wp-content\/uploads\/2015\/03\/vues-depuis-le-haut-du-clocher.jpg 1000w, https:\/\/etival.fr\/wp-content\/uploads\/2015\/03\/vues-depuis-le-haut-du-clocher-300x212.jpg 300w, https:\/\/etival.fr\/wp-content\/uploads\/2015\/03\/vues-depuis-le-haut-du-clocher-624x441.jpg 624w\" sizes=\"auto, (max-width: 1000px) 100vw, 1000px\" \/><\/p>\n<p><img loading=\"lazy\" decoding=\"async\" class=\"alignleft size-full wp-image-1893\" src=\"http:\/\/etival.fr\/wp-content\/uploads\/2015\/03\/PHOTOS-CLOCHER.jpg\" alt=\"PHOTOS-CLOCHER\" width=\"1000\" height=\"707\" srcset=\"https:\/\/etival.fr\/wp-content\/uploads\/2015\/03\/PHOTOS-CLOCHER.jpg 1000w, https:\/\/etival.fr\/wp-content\/uploads\/2015\/03\/PHOTOS-CLOCHER-300x212.jpg 300w, https:\/\/etival.fr\/wp-content\/uploads\/2015\/03\/PHOTOS-CLOCHER-624x441.jpg 624w\" sizes=\"auto, (max-width: 1000px) 100vw, 1000px\" \/><\/p>\n<p><span style=\"color: #800000;\"><strong>Dimanche 8 mars 2015<\/strong><\/span><br \/>\nParticipation du Comit\u00e9 des F\u00eates au Carnaval de Raon-L&rsquo;Etape<br \/>\n<img loading=\"lazy\" decoding=\"async\" class=\"alignleft size-full wp-image-1825\" src=\"http:\/\/etival.fr\/wp-content\/uploads\/2015\/03\/11045014_934374126593341_3440944274028524217_o.jpg\" alt=\"11045014_934374126593341_3440944274028524217_o\" width=\"1000\" height=\"667\" srcset=\"https:\/\/etival.fr\/wp-content\/uploads\/2015\/03\/11045014_934374126593341_3440944274028524217_o.jpg 1000w, https:\/\/etival.fr\/wp-content\/uploads\/2015\/03\/11045014_934374126593341_3440944274028524217_o-300x200.jpg 300w, https:\/\/etival.fr\/wp-content\/uploads\/2015\/03\/11045014_934374126593341_3440944274028524217_o-624x416.jpg 624w\" sizes=\"auto, (max-width: 1000px) 100vw, 1000px\" \/><\/p>\n<p><strong><span style=\"color: #800000;\">Mercredi 28 janvier 2015<br \/>\n<\/span><\/strong><span style=\"color: #800000;\"><span style=\"color: #333333;\">Maisons illumin\u00e9es<br \/>\n<img loading=\"lazy\" decoding=\"async\" class=\"alignleft size-full wp-image-1661\" src=\"http:\/\/etival.fr\/wp-content\/uploads\/2015\/01\/redim.jpg\" alt=\"redim\" width=\"1000\" height=\"667\" srcset=\"https:\/\/etival.fr\/wp-content\/uploads\/2015\/01\/redim.jpg 1000w, https:\/\/etival.fr\/wp-content\/uploads\/2015\/01\/redim-300x200.jpg 300w, https:\/\/etival.fr\/wp-content\/uploads\/2015\/01\/redim-624x416.jpg 624w\" sizes=\"auto, (max-width: 1000px) 100vw, 1000px\" \/><\/span><\/span><strong><span style=\"color: #800000;\"><br \/>\n<\/span><\/strong><\/p>\n<p><span style=\"color: #800000;\"><strong>Samedi 24 janvier 2015<\/strong><\/span><br \/>\nMarie-Louise THI\u00c9BERT souffle ses 100 bougies.<br \/>\n<img loading=\"lazy\" decoding=\"async\" class=\"alignleft size-full wp-image-1692\" src=\"http:\/\/etival.fr\/wp-content\/uploads\/2015\/01\/Mme-THIEBERT1.jpg\" alt=\"Mme-THIEBERT\" width=\"1000\" height=\"683\" srcset=\"https:\/\/etival.fr\/wp-content\/uploads\/2015\/01\/Mme-THIEBERT1.jpg 1000w, https:\/\/etival.fr\/wp-content\/uploads\/2015\/01\/Mme-THIEBERT1-300x204.jpg 300w, https:\/\/etival.fr\/wp-content\/uploads\/2015\/01\/Mme-THIEBERT1-624x426.jpg 624w\" sizes=\"auto, (max-width: 1000px) 100vw, 1000px\" \/><\/p>\n<p><span style=\"color: #800000;\"><strong>Vendredi 16 janvier 2015<\/strong><\/span><br \/>\nV\u0153ux du Maire<br \/>\n<img loading=\"lazy\" decoding=\"async\" class=\"alignleft size-full wp-image-1587\" src=\"http:\/\/etival.fr\/wp-content\/uploads\/2015\/01\/1498853_906539969376757_4501401565382214770_o.jpg\" alt=\"1498853_906539969376757_4501401565382214770_o\" width=\"1000\" height=\"667\" srcset=\"https:\/\/etival.fr\/wp-content\/uploads\/2015\/01\/1498853_906539969376757_4501401565382214770_o.jpg 1000w, https:\/\/etival.fr\/wp-content\/uploads\/2015\/01\/1498853_906539969376757_4501401565382214770_o-300x200.jpg 300w, https:\/\/etival.fr\/wp-content\/uploads\/2015\/01\/1498853_906539969376757_4501401565382214770_o-624x416.jpg 624w\" sizes=\"auto, (max-width: 1000px) 100vw, 1000px\" \/>\u00a0<img loading=\"lazy\" decoding=\"async\" class=\"alignleft size-full wp-image-1588\" src=\"http:\/\/etival.fr\/wp-content\/uploads\/2015\/01\/10924253_906541689376585_1137007859467731566_o.jpg\" alt=\"10924253_906541689376585_1137007859467731566_o\" width=\"1000\" height=\"667\" srcset=\"https:\/\/etival.fr\/wp-content\/uploads\/2015\/01\/10924253_906541689376585_1137007859467731566_o.jpg 1000w, https:\/\/etival.fr\/wp-content\/uploads\/2015\/01\/10924253_906541689376585_1137007859467731566_o-300x200.jpg 300w, https:\/\/etival.fr\/wp-content\/uploads\/2015\/01\/10924253_906541689376585_1137007859467731566_o-624x416.jpg 624w\" sizes=\"auto, (max-width: 1000px) 100vw, 1000px\" \/><\/p>\n","protected":false},"excerpt":{"rendered":"<p>&nbsp; &nbsp; &nbsp; &nbsp; &nbsp; &nbsp; &nbsp; &nbsp; &nbsp; &nbsp; &nbsp; &nbsp; Novembre &#8211; Photos d&rsquo;Automne Octobre &#8211; R\u00e9fection de la toiture de la Mairie. &nbsp; Dimanche 8 mars 2015 Participation du Comit\u00e9 des F\u00eates au Carnaval de Raon-L&rsquo;Etape Mercredi 28 janvier 2015 Maisons illumin\u00e9es Samedi 24 janvier 2015 Marie-Louise THI\u00c9BERT souffle ses 100 bougies. [&hellip;]<\/p>\n","protected":false},"author":2,"featured_media":0,"parent":0,"menu_order":0,"comment_status":"closed","ping_status":"open","template":"","meta":{"footnotes":""},"class_list":["post-1685","page","type-page","status-publish","hentry"],"yoast_head":"<!-- This site is optimized with the Yoast SEO plugin v26.8 - https:\/\/yoast.com\/product\/yoast-seo-wordpress\/ -->\n<title>2015 - Etival-Clairefontaine<\/title>\n<meta name=\"robots\" content=\"index, follow, max-snippet:-1, max-image-preview:large, max-video-preview:-1\" \/>\n<link rel=\"canonical\" href=\"https:\/\/etival.fr\/?page_id=1685\" \/>\n<meta property=\"og:locale\" content=\"fr_FR\" \/>\n<meta property=\"og:type\" content=\"article\" \/>\n<meta property=\"og:title\" content=\"2015 - Etival-Clairefontaine\" \/>\n<meta property=\"og:description\" content=\"&nbsp; &nbsp; &nbsp; &nbsp; &nbsp; &nbsp; &nbsp; &nbsp; &nbsp; &nbsp; &nbsp; &nbsp; Novembre &#8211; Photos d&rsquo;Automne Octobre &#8211; R\u00e9fection de la toiture de la Mairie. &nbsp; Dimanche 8 mars 2015 Participation du Comit\u00e9 des F\u00eates au Carnaval de Raon-L&rsquo;Etape Mercredi 28 janvier 2015 Maisons illumin\u00e9es Samedi 24 janvier 2015 Marie-Louise THI\u00c9BERT souffle ses 100 bougies. [&hellip;]\" \/>\n<meta property=\"og:url\" content=\"https:\/\/etival.fr\/?page_id=1685\" \/>\n<meta property=\"og:site_name\" content=\"Etival-Clairefontaine\" \/>\n<meta property=\"article:modified_time\" content=\"2016-01-12T07:06:06+00:00\" \/>\n<meta property=\"og:image\" content=\"http:\/\/etival.fr\/wp-content\/uploads\/2015\/12\/logo.jpg\" \/>\n<meta name=\"twitter:card\" content=\"summary_large_image\" \/>\n<script type=\"application\/ld+json\" class=\"yoast-schema-graph\">{\"@context\":\"https:\/\/schema.org\",\"@graph\":[{\"@type\":\"WebPage\",\"@id\":\"https:\/\/etival.fr\/?page_id=1685\",\"url\":\"https:\/\/etival.fr\/?page_id=1685\",\"name\":\"2015 - Etival-Clairefontaine\",\"isPartOf\":{\"@id\":\"https:\/\/etival.fr\/#website\"},\"primaryImageOfPage\":{\"@id\":\"https:\/\/etival.fr\/?page_id=1685#primaryimage\"},\"image\":{\"@id\":\"https:\/\/etival.fr\/?page_id=1685#primaryimage\"},\"thumbnailUrl\":\"http:\/\/etival.fr\/wp-content\/uploads\/2015\/12\/logo.jpg\",\"datePublished\":\"2015-01-30T08:18:46+00:00\",\"dateModified\":\"2016-01-12T07:06:06+00:00\",\"breadcrumb\":{\"@id\":\"https:\/\/etival.fr\/?page_id=1685#breadcrumb\"},\"inLanguage\":\"fr-FR\",\"potentialAction\":[{\"@type\":\"ReadAction\",\"target\":[\"https:\/\/etival.fr\/?page_id=1685\"]}]},{\"@type\":\"ImageObject\",\"inLanguage\":\"fr-FR\",\"@id\":\"https:\/\/etival.fr\/?page_id=1685#primaryimage\",\"url\":\"http:\/\/etival.fr\/wp-content\/uploads\/2015\/12\/logo.jpg\",\"contentUrl\":\"http:\/\/etival.fr\/wp-content\/uploads\/2015\/12\/logo.jpg\"},{\"@type\":\"BreadcrumbList\",\"@id\":\"https:\/\/etival.fr\/?page_id=1685#breadcrumb\",\"itemListElement\":[{\"@type\":\"ListItem\",\"position\":1,\"name\":\"Accueil\",\"item\":\"https:\/\/etival.fr\/\"},{\"@type\":\"ListItem\",\"position\":2,\"name\":\"2015\"}]},{\"@type\":\"WebSite\",\"@id\":\"https:\/\/etival.fr\/#website\",\"url\":\"https:\/\/etival.fr\/\",\"name\":\"Etival-Clairefontaine\",\"description\":\"Informations et actualit\u00e9s de la commune\",\"potentialAction\":[{\"@type\":\"SearchAction\",\"target\":{\"@type\":\"EntryPoint\",\"urlTemplate\":\"https:\/\/etival.fr\/?s={search_term_string}\"},\"query-input\":{\"@type\":\"PropertyValueSpecification\",\"valueRequired\":true,\"valueName\":\"search_term_string\"}}],\"inLanguage\":\"fr-FR\"}]}<\/script>\n<!-- \/ Yoast SEO plugin. -->","yoast_head_json":{"title":"2015 - Etival-Clairefontaine","robots":{"index":"index","follow":"follow","max-snippet":"max-snippet:-1","max-image-preview":"max-image-preview:large","max-video-preview":"max-video-preview:-1"},"canonical":"https:\/\/etival.fr\/?page_id=1685","og_locale":"fr_FR","og_type":"article","og_title":"2015 - Etival-Clairefontaine","og_description":"&nbsp; &nbsp; &nbsp; &nbsp; &nbsp; &nbsp; &nbsp; &nbsp; &nbsp; &nbsp; &nbsp; &nbsp; Novembre &#8211; Photos d&rsquo;Automne Octobre &#8211; R\u00e9fection de la toiture de la Mairie. &nbsp; Dimanche 8 mars 2015 Participation du Comit\u00e9 des F\u00eates au Carnaval de Raon-L&rsquo;Etape Mercredi 28 janvier 2015 Maisons illumin\u00e9es Samedi 24 janvier 2015 Marie-Louise THI\u00c9BERT souffle ses 100 bougies. [&hellip;]","og_url":"https:\/\/etival.fr\/?page_id=1685","og_site_name":"Etival-Clairefontaine","article_modified_time":"2016-01-12T07:06:06+00:00","og_image":[{"url":"http:\/\/etival.fr\/wp-content\/uploads\/2015\/12\/logo.jpg","type":"","width":"","height":""}],"twitter_card":"summary_large_image","schema":{"@context":"https:\/\/schema.org","@graph":[{"@type":"WebPage","@id":"https:\/\/etival.fr\/?page_id=1685","url":"https:\/\/etival.fr\/?page_id=1685","name":"2015 - Etival-Clairefontaine","isPartOf":{"@id":"https:\/\/etival.fr\/#website"},"primaryImageOfPage":{"@id":"https:\/\/etival.fr\/?page_id=1685#primaryimage"},"image":{"@id":"https:\/\/etival.fr\/?page_id=1685#primaryimage"},"thumbnailUrl":"http:\/\/etival.fr\/wp-content\/uploads\/2015\/12\/logo.jpg","datePublished":"2015-01-30T08:18:46+00:00","dateModified":"2016-01-12T07:06:06+00:00","breadcrumb":{"@id":"https:\/\/etival.fr\/?page_id=1685#breadcrumb"},"inLanguage":"fr-FR","potentialAction":[{"@type":"ReadAction","target":["https:\/\/etival.fr\/?page_id=1685"]}]},{"@type":"ImageObject","inLanguage":"fr-FR","@id":"https:\/\/etival.fr\/?page_id=1685#primaryimage","url":"http:\/\/etival.fr\/wp-content\/uploads\/2015\/12\/logo.jpg","contentUrl":"http:\/\/etival.fr\/wp-content\/uploads\/2015\/12\/logo.jpg"},{"@type":"BreadcrumbList","@id":"https:\/\/etival.fr\/?page_id=1685#breadcrumb","itemListElement":[{"@type":"ListItem","position":1,"name":"Accueil","item":"https:\/\/etival.fr\/"},{"@type":"ListItem","position":2,"name":"2015"}]},{"@type":"WebSite","@id":"https:\/\/etival.fr\/#website","url":"https:\/\/etival.fr\/","name":"Etival-Clairefontaine","description":"Informations et actualit\u00e9s de la commune","potentialAction":[{"@type":"SearchAction","target":{"@type":"EntryPoint","urlTemplate":"https:\/\/etival.fr\/?s={search_term_string}"},"query-input":{"@type":"PropertyValueSpecification","valueRequired":true,"valueName":"search_term_string"}}],"inLanguage":"fr-FR"}]}},"_links":{"self":[{"href":"https:\/\/etival.fr\/index.php?rest_route=\/wp\/v2\/pages\/1685","targetHints":{"allow":["GET"]}}],"collection":[{"href":"https:\/\/etival.fr\/index.php?rest_route=\/wp\/v2\/pages"}],"about":[{"href":"https:\/\/etival.fr\/index.php?rest_route=\/wp\/v2\/types\/page"}],"author":[{"embeddable":true,"href":"https:\/\/etival.fr\/index.php?rest_route=\/wp\/v2\/users\/2"}],"replies":[{"embeddable":true,"href":"https:\/\/etival.fr\/index.php?rest_route=%2Fwp%2Fv2%2Fcomments&post=1685"}],"version-history":[{"count":16,"href":"https:\/\/etival.fr\/index.php?rest_route=\/wp\/v2\/pages\/1685\/revisions"}],"predecessor-version":[{"id":3288,"href":"https:\/\/etival.fr\/index.php?rest_route=\/wp\/v2\/pages\/1685\/revisions\/3288"}],"wp:attachment":[{"href":"https:\/\/etival.fr\/index.php?rest_route=%2Fwp%2Fv2%2Fmedia&parent=1685"}],"curies":[{"name":"wp","href":"https:\/\/api.w.org\/{rel}","templated":true}]}}