{"id":182,"date":"2014-07-16T14:08:54","date_gmt":"2014-07-16T13:08:54","guid":{"rendered":"http:\/\/etival.fr\/?page_id=182"},"modified":"2025-01-31T07:35:42","modified_gmt":"2025-01-31T06:35:42","slug":"salle-des-fetes-edmond-cunin","status":"publish","type":"page","link":"https:\/\/etival.fr\/?page_id=182","title":{"rendered":"Salle des F\u00eates Edmond Cunin"},"content":{"rendered":"\n<h3 class=\"wp-block-heading\"><figure><a href=\"http:\/\/etival.fr\/wp-content\/uploads\/2014\/09\/Salle-des-F\u00eates.jpg\"><img loading=\"lazy\" decoding=\"async\" class=\"alignleft wp-image-466\" src=\"http:\/\/etival.fr\/wp-content\/uploads\/2014\/09\/Salle-des-F\u00eates-150x150.jpg\" alt=\"Salle-des-F\u00eates\" width=\"150\" height=\"127\"><\/a><\/figure><\/h3>\n\n\n\n<p>8, Rue de l&rsquo;Abbaye<br>88480 Etival-Clairefontaine<br>T\u00e9l. : 03.29.41.74.17<\/p>\n\n\n\n<p>Capacit\u00e9 de 150 personnes en mode repas et 200 personnes en mode conf\u00e9rence. (18m\/11m)<\/p>\n\n\n\n<p>&nbsp;<\/p>\n\n\n\n<p><strong>TARIFS 2025<\/strong><\/p>\n\n\n\n<figure class=\"wp-block-image size-large\"><a href=\"https:\/\/etival.fr\/wp-content\/uploads\/2025\/01\/SALLE-DES-FETES.jpg\"><img loading=\"lazy\" decoding=\"async\" width=\"1024\" height=\"702\" src=\"https:\/\/etival.fr\/wp-content\/uploads\/2025\/01\/SALLE-DES-FETES-1024x702.jpg\" alt=\"\" class=\"wp-image-12547\" srcset=\"https:\/\/etival.fr\/wp-content\/uploads\/2025\/01\/SALLE-DES-FETES-1024x702.jpg 1024w, https:\/\/etival.fr\/wp-content\/uploads\/2025\/01\/SALLE-DES-FETES-300x206.jpg 300w, https:\/\/etival.fr\/wp-content\/uploads\/2025\/01\/SALLE-DES-FETES-768x526.jpg 768w, https:\/\/etival.fr\/wp-content\/uploads\/2025\/01\/SALLE-DES-FETES-1536x1053.jpg 1536w, https:\/\/etival.fr\/wp-content\/uploads\/2025\/01\/SALLE-DES-FETES-624x428.jpg 624w, https:\/\/etival.fr\/wp-content\/uploads\/2025\/01\/SALLE-DES-FETES.jpg 1614w\" sizes=\"auto, (max-width: 1024px) 100vw, 1024px\" \/><\/a><\/figure>\n\n\n\n<p>&nbsp;<\/p>\n","protected":false},"excerpt":{"rendered":"<p>8, Rue de l&rsquo;Abbaye88480 Etival-ClairefontaineT\u00e9l. : 03.29.41.74.17 Capacit\u00e9 de 150 personnes en mode repas et 200 personnes en mode conf\u00e9rence. (18m\/11m) &nbsp; TARIFS 2025 &nbsp;<\/p>\n","protected":false},"author":2,"featured_media":0,"parent":115,"menu_order":0,"comment_status":"closed","ping_status":"open","template":"","meta":{"footnotes":""},"class_list":["post-182","page","type-page","status-publish","hentry"],"yoast_head":"<!-- This site is optimized with the Yoast SEO plugin v26.8 - https:\/\/yoast.com\/product\/yoast-seo-wordpress\/ -->\n<title>Salle des F\u00eates Edmond Cunin - Etival-Clairefontaine<\/title>\n<meta name=\"robots\" content=\"index, follow, max-snippet:-1, max-image-preview:large, max-video-preview:-1\" \/>\n<link rel=\"canonical\" href=\"https:\/\/etival.fr\/?page_id=182\" \/>\n<meta property=\"og:locale\" content=\"fr_FR\" \/>\n<meta property=\"og:type\" content=\"article\" \/>\n<meta property=\"og:title\" content=\"Salle des F\u00eates Edmond Cunin - Etival-Clairefontaine\" \/>\n<meta property=\"og:description\" content=\"8, Rue de l&rsquo;Abbaye88480 Etival-ClairefontaineT\u00e9l. : 03.29.41.74.17 Capacit\u00e9 de 150 personnes en mode repas et 200 personnes en mode conf\u00e9rence. (18m\/11m) &nbsp; TARIFS 2025 &nbsp;\" \/>\n<meta property=\"og:url\" content=\"https:\/\/etival.fr\/?page_id=182\" \/>\n<meta property=\"og:site_name\" content=\"Etival-Clairefontaine\" \/>\n<meta property=\"article:modified_time\" content=\"2025-01-31T06:35:42+00:00\" \/>\n<meta property=\"og:image\" content=\"https:\/\/etival.fr\/wp-content\/uploads\/2025\/01\/SALLE-DES-FETES-1024x702.jpg\" \/>\n<meta name=\"twitter:card\" content=\"summary_large_image\" \/>\n<script type=\"application\/ld+json\" class=\"yoast-schema-graph\">{\"@context\":\"https:\/\/schema.org\",\"@graph\":[{\"@type\":\"WebPage\",\"@id\":\"https:\/\/etival.fr\/?page_id=182\",\"url\":\"https:\/\/etival.fr\/?page_id=182\",\"name\":\"Salle des F\u00eates Edmond Cunin - Etival-Clairefontaine\",\"isPartOf\":{\"@id\":\"https:\/\/etival.fr\/#website\"},\"primaryImageOfPage\":{\"@id\":\"https:\/\/etival.fr\/?page_id=182#primaryimage\"},\"image\":{\"@id\":\"https:\/\/etival.fr\/?page_id=182#primaryimage\"},\"thumbnailUrl\":\"https:\/\/etival.fr\/wp-content\/uploads\/2025\/01\/SALLE-DES-FETES-1024x702.jpg\",\"datePublished\":\"2014-07-16T13:08:54+00:00\",\"dateModified\":\"2025-01-31T06:35:42+00:00\",\"breadcrumb\":{\"@id\":\"https:\/\/etival.fr\/?page_id=182#breadcrumb\"},\"inLanguage\":\"fr-FR\",\"potentialAction\":[{\"@type\":\"ReadAction\",\"target\":[\"https:\/\/etival.fr\/?page_id=182\"]}]},{\"@type\":\"ImageObject\",\"inLanguage\":\"fr-FR\",\"@id\":\"https:\/\/etival.fr\/?page_id=182#primaryimage\",\"url\":\"https:\/\/etival.fr\/wp-content\/uploads\/2025\/01\/SALLE-DES-FETES.jpg\",\"contentUrl\":\"https:\/\/etival.fr\/wp-content\/uploads\/2025\/01\/SALLE-DES-FETES.jpg\",\"width\":1614,\"height\":1106,\"caption\":\"EPSON MFP image\"},{\"@type\":\"BreadcrumbList\",\"@id\":\"https:\/\/etival.fr\/?page_id=182#breadcrumb\",\"itemListElement\":[{\"@type\":\"ListItem\",\"position\":1,\"name\":\"Accueil\",\"item\":\"https:\/\/etival.fr\/\"},{\"@type\":\"ListItem\",\"position\":2,\"name\":\"Infos pratiques\",\"item\":\"https:\/\/etival.fr\/?page_id=50\"},{\"@type\":\"ListItem\",\"position\":3,\"name\":\"Location de salles\",\"item\":\"https:\/\/etival.fr\/?page_id=115\"},{\"@type\":\"ListItem\",\"position\":4,\"name\":\"Salle des F\u00eates Edmond Cunin\"}]},{\"@type\":\"WebSite\",\"@id\":\"https:\/\/etival.fr\/#website\",\"url\":\"https:\/\/etival.fr\/\",\"name\":\"Etival-Clairefontaine\",\"description\":\"Informations et actualit\u00e9s de la commune\",\"potentialAction\":[{\"@type\":\"SearchAction\",\"target\":{\"@type\":\"EntryPoint\",\"urlTemplate\":\"https:\/\/etival.fr\/?s={search_term_string}\"},\"query-input\":{\"@type\":\"PropertyValueSpecification\",\"valueRequired\":true,\"valueName\":\"search_term_string\"}}],\"inLanguage\":\"fr-FR\"}]}<\/script>\n<!-- \/ Yoast SEO plugin. -->","yoast_head_json":{"title":"Salle des F\u00eates Edmond Cunin - Etival-Clairefontaine","robots":{"index":"index","follow":"follow","max-snippet":"max-snippet:-1","max-image-preview":"max-image-preview:large","max-video-preview":"max-video-preview:-1"},"canonical":"https:\/\/etival.fr\/?page_id=182","og_locale":"fr_FR","og_type":"article","og_title":"Salle des F\u00eates Edmond Cunin - Etival-Clairefontaine","og_description":"8, Rue de l&rsquo;Abbaye88480 Etival-ClairefontaineT\u00e9l. : 03.29.41.74.17 Capacit\u00e9 de 150 personnes en mode repas et 200 personnes en mode conf\u00e9rence. (18m\/11m) &nbsp; TARIFS 2025 &nbsp;","og_url":"https:\/\/etival.fr\/?page_id=182","og_site_name":"Etival-Clairefontaine","article_modified_time":"2025-01-31T06:35:42+00:00","og_image":[{"url":"https:\/\/etival.fr\/wp-content\/uploads\/2025\/01\/SALLE-DES-FETES-1024x702.jpg","type":"","width":"","height":""}],"twitter_card":"summary_large_image","schema":{"@context":"https:\/\/schema.org","@graph":[{"@type":"WebPage","@id":"https:\/\/etival.fr\/?page_id=182","url":"https:\/\/etival.fr\/?page_id=182","name":"Salle des F\u00eates Edmond Cunin - Etival-Clairefontaine","isPartOf":{"@id":"https:\/\/etival.fr\/#website"},"primaryImageOfPage":{"@id":"https:\/\/etival.fr\/?page_id=182#primaryimage"},"image":{"@id":"https:\/\/etival.fr\/?page_id=182#primaryimage"},"thumbnailUrl":"https:\/\/etival.fr\/wp-content\/uploads\/2025\/01\/SALLE-DES-FETES-1024x702.jpg","datePublished":"2014-07-16T13:08:54+00:00","dateModified":"2025-01-31T06:35:42+00:00","breadcrumb":{"@id":"https:\/\/etival.fr\/?page_id=182#breadcrumb"},"inLanguage":"fr-FR","potentialAction":[{"@type":"ReadAction","target":["https:\/\/etival.fr\/?page_id=182"]}]},{"@type":"ImageObject","inLanguage":"fr-FR","@id":"https:\/\/etival.fr\/?page_id=182#primaryimage","url":"https:\/\/etival.fr\/wp-content\/uploads\/2025\/01\/SALLE-DES-FETES.jpg","contentUrl":"https:\/\/etival.fr\/wp-content\/uploads\/2025\/01\/SALLE-DES-FETES.jpg","width":1614,"height":1106,"caption":"EPSON MFP image"},{"@type":"BreadcrumbList","@id":"https:\/\/etival.fr\/?page_id=182#breadcrumb","itemListElement":[{"@type":"ListItem","position":1,"name":"Accueil","item":"https:\/\/etival.fr\/"},{"@type":"ListItem","position":2,"name":"Infos pratiques","item":"https:\/\/etival.fr\/?page_id=50"},{"@type":"ListItem","position":3,"name":"Location de salles","item":"https:\/\/etival.fr\/?page_id=115"},{"@type":"ListItem","position":4,"name":"Salle des F\u00eates Edmond Cunin"}]},{"@type":"WebSite","@id":"https:\/\/etival.fr\/#website","url":"https:\/\/etival.fr\/","name":"Etival-Clairefontaine","description":"Informations et actualit\u00e9s de la commune","potentialAction":[{"@type":"SearchAction","target":{"@type":"EntryPoint","urlTemplate":"https:\/\/etival.fr\/?s={search_term_string}"},"query-input":{"@type":"PropertyValueSpecification","valueRequired":true,"valueName":"search_term_string"}}],"inLanguage":"fr-FR"}]}},"_links":{"self":[{"href":"https:\/\/etival.fr\/index.php?rest_route=\/wp\/v2\/pages\/182","targetHints":{"allow":["GET"]}}],"collection":[{"href":"https:\/\/etival.fr\/index.php?rest_route=\/wp\/v2\/pages"}],"about":[{"href":"https:\/\/etival.fr\/index.php?rest_route=\/wp\/v2\/types\/page"}],"author":[{"embeddable":true,"href":"https:\/\/etival.fr\/index.php?rest_route=\/wp\/v2\/users\/2"}],"replies":[{"embeddable":true,"href":"https:\/\/etival.fr\/index.php?rest_route=%2Fwp%2Fv2%2Fcomments&post=182"}],"version-history":[{"count":17,"href":"https:\/\/etival.fr\/index.php?rest_route=\/wp\/v2\/pages\/182\/revisions"}],"predecessor-version":[{"id":12559,"href":"https:\/\/etival.fr\/index.php?rest_route=\/wp\/v2\/pages\/182\/revisions\/12559"}],"up":[{"embeddable":true,"href":"https:\/\/etival.fr\/index.php?rest_route=\/wp\/v2\/pages\/115"}],"wp:attachment":[{"href":"https:\/\/etival.fr\/index.php?rest_route=%2Fwp%2Fv2%2Fmedia&parent=182"}],"curies":[{"name":"wp","href":"https:\/\/api.w.org\/{rel}","templated":true}]}}