{"id":188,"date":"2014-07-16T14:22:21","date_gmt":"2014-07-16T13:22:21","guid":{"rendered":"http:\/\/etival.fr\/?page_id=188"},"modified":"2018-09-25T12:48:14","modified_gmt":"2018-09-25T11:48:14","slug":"dechetteries","status":"publish","type":"page","link":"https:\/\/etival.fr\/?page_id=188","title":{"rendered":"D\u00e9chetteries"},"content":{"rendered":"<h2><span style=\"color: #008000;\">D\u00e9chetteries<img loading=\"lazy\" decoding=\"async\" class=\"size-full wp-image-4790 alignright\" src=\"http:\/\/etival.fr\/wp-content\/uploads\/2017\/03\/t\u00e9l\u00e9chargement.jpg\" alt=\"\" width=\"131\" height=\"240\" \/><\/span><\/h2>\n<p><strong>Ramassage des ordures m\u00e9nag\u00e8res : \u00a0<\/strong><br \/>\nLe lundi matin<br \/>\nLe mardi matin (seulement partie haute d\u2019Etival)<\/p>\n<p><strong>Acc\u00e8s aux d\u00e9chetteries<\/strong><br \/>\n<strong>Etival-Clairefontaine<\/strong>\u00a0\u2013 06.71.37.40.50<\/p>\n<p>Lundi matin ferm\u00e9e \u00a0\u00a0\u00a0\u00a0 13h \/ 17h<br \/>\nMardi 8h \/ 12 h\u00a0 \u00a0 \u00a0 \u00a0 \u00a0 \u00a0 \u00a0 Apr\u00e8s-midi ferm\u00e9e<br \/>\nMercredi 8h \/ 12h\u00a0 \u00a0 \u00a0 \u00a0 \u00a0Apr\u00e8s-midi ferm\u00e9e<br \/>\nJeudi 8h \/ 12h\u00a0 \u00a0 \u00a0 \u00a0 \u00a0 \u00a0 \u00a0 \u00a0 Apr\u00e8s-midi ferm\u00e9e<br \/>\nVendredi 8h \/ 12h\u00a0 \u00a0 \u00a0 \u00a0 \u00a0Apr\u00e8s-midi ferm\u00e9e<br \/>\nSamedi 8h \/ 12h\u00a0 \u00a0 \u00a0 \u00a0 \u00a0 \u00a0 13h \/ 16h<br \/>\nDimanche Ferm\u00e9e<\/p>\n<p><strong>Moyenmoutier<\/strong>\u00a0\u2013 06.72.09.06.06<\/p>\n<p>Lundi matin ferm\u00e9e<br \/>\nMardi matin ferm\u00e9e\u00a0 \u00a0 \u00a0 \u00a0 \u00a0 \u00a0 \u00a0 \u00a0 \u00a0 13h \/ 17h<br \/>\nMercredi matin ferm\u00e9e \u00a0\u00a0\u00a0\u00a0\u00a0\u00a0\u00a0\u00a0\u00a0\u00a0 13h \/ 17h<br \/>\nJeudi matin ferm\u00e9e\u00a0 \u00a0 \u00a0 \u00a0 \u00a0 \u00a0 \u00a0 \u00a0 \u00a0 \u00a013h \/ 17h<br \/>\nVendredi matin ferm\u00e9e\u00a0 \u00a0 \u00a0 \u00a0 \u00a0 \u00a013h \/ 17h<br \/>\nSamedi 8h \u2013 12h\u00a0 \u00a0 \u00a0 \u00a0 \u00a0 \u00a0 \u00a0 \u00a0 \u00a0 \u00a0 \u00a0 \u00a013h \/ 17h<br \/>\nDimanche Ferm\u00e9e<\/p>\n<p>&nbsp;<\/p>\n<p>&nbsp;<\/p>\n","protected":false},"excerpt":{"rendered":"<p>D\u00e9chetteries Ramassage des ordures m\u00e9nag\u00e8res : \u00a0 Le lundi matin Le mardi matin (seulement partie haute d\u2019Etival) Acc\u00e8s aux d\u00e9chetteries Etival-Clairefontaine\u00a0\u2013 06.71.37.40.50 Lundi matin ferm\u00e9e \u00a0\u00a0\u00a0\u00a0 13h \/ 17h Mardi 8h \/ 12 h\u00a0 \u00a0 \u00a0 \u00a0 \u00a0 \u00a0 \u00a0 Apr\u00e8s-midi ferm\u00e9e Mercredi 8h \/ 12h\u00a0 \u00a0 \u00a0 \u00a0 \u00a0Apr\u00e8s-midi ferm\u00e9e Jeudi 8h \/ 12h\u00a0 [&hellip;]<\/p>\n","protected":false},"author":2,"featured_media":0,"parent":0,"menu_order":0,"comment_status":"closed","ping_status":"open","template":"","meta":{"footnotes":""},"class_list":["post-188","page","type-page","status-publish","hentry"],"yoast_head":"<!-- This site is optimized with the Yoast SEO plugin v26.8 - https:\/\/yoast.com\/product\/yoast-seo-wordpress\/ -->\n<title>D\u00e9chetteries - Etival-Clairefontaine<\/title>\n<meta name=\"robots\" content=\"index, follow, max-snippet:-1, max-image-preview:large, max-video-preview:-1\" \/>\n<link rel=\"canonical\" href=\"https:\/\/etival.fr\/?page_id=188\" \/>\n<meta property=\"og:locale\" content=\"fr_FR\" \/>\n<meta property=\"og:type\" content=\"article\" \/>\n<meta property=\"og:title\" content=\"D\u00e9chetteries - Etival-Clairefontaine\" \/>\n<meta property=\"og:description\" content=\"D\u00e9chetteries Ramassage des ordures m\u00e9nag\u00e8res : \u00a0 Le lundi matin Le mardi matin (seulement partie haute d\u2019Etival) Acc\u00e8s aux d\u00e9chetteries Etival-Clairefontaine\u00a0\u2013 06.71.37.40.50 Lundi matin ferm\u00e9e \u00a0\u00a0\u00a0\u00a0 13h \/ 17h Mardi 8h \/ 12 h\u00a0 \u00a0 \u00a0 \u00a0 \u00a0 \u00a0 \u00a0 Apr\u00e8s-midi ferm\u00e9e Mercredi 8h \/ 12h\u00a0 \u00a0 \u00a0 \u00a0 \u00a0Apr\u00e8s-midi ferm\u00e9e Jeudi 8h \/ 12h\u00a0 [&hellip;]\" \/>\n<meta property=\"og:url\" content=\"https:\/\/etival.fr\/?page_id=188\" \/>\n<meta property=\"og:site_name\" content=\"Etival-Clairefontaine\" \/>\n<meta property=\"article:modified_time\" content=\"2018-09-25T11:48:14+00:00\" \/>\n<meta name=\"twitter:card\" content=\"summary_large_image\" \/>\n<meta name=\"twitter:label1\" content=\"Dur\u00e9e de lecture estim\u00e9e\" \/>\n\t<meta name=\"twitter:data1\" content=\"1 minute\" \/>\n<script type=\"application\/ld+json\" class=\"yoast-schema-graph\">{\"@context\":\"https:\/\/schema.org\",\"@graph\":[{\"@type\":\"WebPage\",\"@id\":\"https:\/\/etival.fr\/?page_id=188\",\"url\":\"https:\/\/etival.fr\/?page_id=188\",\"name\":\"D\u00e9chetteries - Etival-Clairefontaine\",\"isPartOf\":{\"@id\":\"https:\/\/etival.fr\/#website\"},\"datePublished\":\"2014-07-16T13:22:21+00:00\",\"dateModified\":\"2018-09-25T11:48:14+00:00\",\"breadcrumb\":{\"@id\":\"https:\/\/etival.fr\/?page_id=188#breadcrumb\"},\"inLanguage\":\"fr-FR\",\"potentialAction\":[{\"@type\":\"ReadAction\",\"target\":[\"https:\/\/etival.fr\/?page_id=188\"]}]},{\"@type\":\"BreadcrumbList\",\"@id\":\"https:\/\/etival.fr\/?page_id=188#breadcrumb\",\"itemListElement\":[{\"@type\":\"ListItem\",\"position\":1,\"name\":\"Accueil\",\"item\":\"https:\/\/etival.fr\/\"},{\"@type\":\"ListItem\",\"position\":2,\"name\":\"D\u00e9chetteries\"}]},{\"@type\":\"WebSite\",\"@id\":\"https:\/\/etival.fr\/#website\",\"url\":\"https:\/\/etival.fr\/\",\"name\":\"Etival-Clairefontaine\",\"description\":\"Informations et actualit\u00e9s de la commune\",\"potentialAction\":[{\"@type\":\"SearchAction\",\"target\":{\"@type\":\"EntryPoint\",\"urlTemplate\":\"https:\/\/etival.fr\/?s={search_term_string}\"},\"query-input\":{\"@type\":\"PropertyValueSpecification\",\"valueRequired\":true,\"valueName\":\"search_term_string\"}}],\"inLanguage\":\"fr-FR\"}]}<\/script>\n<!-- \/ Yoast SEO plugin. -->","yoast_head_json":{"title":"D\u00e9chetteries - Etival-Clairefontaine","robots":{"index":"index","follow":"follow","max-snippet":"max-snippet:-1","max-image-preview":"max-image-preview:large","max-video-preview":"max-video-preview:-1"},"canonical":"https:\/\/etival.fr\/?page_id=188","og_locale":"fr_FR","og_type":"article","og_title":"D\u00e9chetteries - Etival-Clairefontaine","og_description":"D\u00e9chetteries Ramassage des ordures m\u00e9nag\u00e8res : \u00a0 Le lundi matin Le mardi matin (seulement partie haute d\u2019Etival) Acc\u00e8s aux d\u00e9chetteries Etival-Clairefontaine\u00a0\u2013 06.71.37.40.50 Lundi matin ferm\u00e9e \u00a0\u00a0\u00a0\u00a0 13h \/ 17h Mardi 8h \/ 12 h\u00a0 \u00a0 \u00a0 \u00a0 \u00a0 \u00a0 \u00a0 Apr\u00e8s-midi ferm\u00e9e Mercredi 8h \/ 12h\u00a0 \u00a0 \u00a0 \u00a0 \u00a0Apr\u00e8s-midi ferm\u00e9e Jeudi 8h \/ 12h\u00a0 [&hellip;]","og_url":"https:\/\/etival.fr\/?page_id=188","og_site_name":"Etival-Clairefontaine","article_modified_time":"2018-09-25T11:48:14+00:00","twitter_card":"summary_large_image","twitter_misc":{"Dur\u00e9e de lecture estim\u00e9e":"1 minute"},"schema":{"@context":"https:\/\/schema.org","@graph":[{"@type":"WebPage","@id":"https:\/\/etival.fr\/?page_id=188","url":"https:\/\/etival.fr\/?page_id=188","name":"D\u00e9chetteries - Etival-Clairefontaine","isPartOf":{"@id":"https:\/\/etival.fr\/#website"},"datePublished":"2014-07-16T13:22:21+00:00","dateModified":"2018-09-25T11:48:14+00:00","breadcrumb":{"@id":"https:\/\/etival.fr\/?page_id=188#breadcrumb"},"inLanguage":"fr-FR","potentialAction":[{"@type":"ReadAction","target":["https:\/\/etival.fr\/?page_id=188"]}]},{"@type":"BreadcrumbList","@id":"https:\/\/etival.fr\/?page_id=188#breadcrumb","itemListElement":[{"@type":"ListItem","position":1,"name":"Accueil","item":"https:\/\/etival.fr\/"},{"@type":"ListItem","position":2,"name":"D\u00e9chetteries"}]},{"@type":"WebSite","@id":"https:\/\/etival.fr\/#website","url":"https:\/\/etival.fr\/","name":"Etival-Clairefontaine","description":"Informations et actualit\u00e9s de la commune","potentialAction":[{"@type":"SearchAction","target":{"@type":"EntryPoint","urlTemplate":"https:\/\/etival.fr\/?s={search_term_string}"},"query-input":{"@type":"PropertyValueSpecification","valueRequired":true,"valueName":"search_term_string"}}],"inLanguage":"fr-FR"}]}},"_links":{"self":[{"href":"https:\/\/etival.fr\/index.php?rest_route=\/wp\/v2\/pages\/188","targetHints":{"allow":["GET"]}}],"collection":[{"href":"https:\/\/etival.fr\/index.php?rest_route=\/wp\/v2\/pages"}],"about":[{"href":"https:\/\/etival.fr\/index.php?rest_route=\/wp\/v2\/types\/page"}],"author":[{"embeddable":true,"href":"https:\/\/etival.fr\/index.php?rest_route=\/wp\/v2\/users\/2"}],"replies":[{"embeddable":true,"href":"https:\/\/etival.fr\/index.php?rest_route=%2Fwp%2Fv2%2Fcomments&post=188"}],"version-history":[{"count":15,"href":"https:\/\/etival.fr\/index.php?rest_route=\/wp\/v2\/pages\/188\/revisions"}],"predecessor-version":[{"id":6753,"href":"https:\/\/etival.fr\/index.php?rest_route=\/wp\/v2\/pages\/188\/revisions\/6753"}],"wp:attachment":[{"href":"https:\/\/etival.fr\/index.php?rest_route=%2Fwp%2Fv2%2Fmedia&parent=188"}],"curies":[{"name":"wp","href":"https:\/\/api.w.org\/{rel}","templated":true}]}}