{"id":193,"date":"2014-07-16T14:24:51","date_gmt":"2014-07-16T13:24:51","guid":{"rendered":"http:\/\/etival.fr\/?page_id=193"},"modified":"2026-01-02T11:13:10","modified_gmt":"2026-01-02T10:13:10","slug":"artisans","status":"publish","type":"page","link":"https:\/\/etival.fr\/?page_id=193","title":{"rendered":"Artisans"},"content":{"rendered":"<p><strong><span style=\"color: #993300;\">AGENCEMENT RENOVATION <\/span><br \/>\n<\/strong>HOVASSE &#8211; Thierry Hovasse &#8211; 7, Avenue de Bellefontaine<br \/>\nT\u00e9l. : 06.63.43.84.69<br \/>\n<span style=\"color: #000000;\">ST RENOVATION &#8211; <\/span>Thiaucourt S\u00e9bastien. 18, Rue du Parc<br \/>\nPl\u00e2trerie &#8211; Isolation &#8211; Sanitaire<br \/>\nT\u00e9l. : 06.86.04.41.69<\/p>\n<p><strong><span style=\"color: #993300;\">ARCHITECTE PAYSAGE<br \/>\n<\/span><\/strong>ABIES Paysage<br \/>\nT\u00e9l.: 06.86.30.76.74<\/p>\n<p><span style=\"color: #993300;\"><strong>CARRELEUR<\/strong><\/span><br \/>\nSOL&rsquo;avenir<br \/>\nT\u00e9l. : 06.80.90.09.75<\/p>\n<p><span style=\"color: #993300;\"><strong>CHARPENTE &#8211; COUVERTURE &#8211; ZINGUERIE<\/strong><\/span><br \/>\nAndr\u00e9 Schoenher &#8211; 85, Avenue de Bellefontaine<br \/>\nT\u00e9l. : 03.29.41.90.33 &#8211; Fax. : 03.29.41.85.30<br \/>\nPort. : 06 18 34 55 18<\/p>\n<p><strong><span style=\"color: #993300;\">D\u00c9BARDEUR<\/span><\/strong><br \/>\nFlavien Demauljean &#8211; 10, Rue de Biarville &#8211; T\u00e9l. : 03.29.41.84.94<br \/>\nS\u00e9bastien Poulhes &#8211; 1, Rue de Deyfosse &#8211; T\u00e9l. : 06.88.87.22.54<\/p>\n<p><strong><span style=\"color: #993300;\">ENTRETIEN ESPACES VERTS<br \/>\n<\/span><\/strong>\u21d2 E.I. des 2 Prairies &#8211; Simon UNTERNEHR &#8211; T\u00e9l. : 06.06.40.15.45<br \/>\n\u21d2 F\u00e9licien VELY &#8211; T\u00e9l. : 06.23.52.26.42<br \/>\n\u21d2 OH PAYSAGE STIVALIEN &#8211; Olivier Henry &#8211; 26, Rue Pastourelle &#8211; T\u00e9l. : 06.10.54.08.68<\/p>\n<p><strong><span style=\"color: #993300;\">\u00c9LECTRICIEN<\/span><\/strong><br \/>\n\u21d2 FD ELEC &#8211; Fr\u00e9d\u00e9ric Duarte &#8211; T\u00e9l. : 06.26.72.49.11<br \/>\n\u21d2 RAPH ELEC &#8211; T\u00e9l. : 06.45.74.32.47<\/p>\n<p><span style=\"color: #993300;\"><strong>EXPLOITANT AGRICOLE<br \/>\n<\/strong><\/span>\u21d2 E.A.R.L de la Croix de Pierre &#8211; T\u00e9l. : 03.29.41.86.03<br \/>\n\u21d2 \u00ab\u00a0Au Jardin d&rsquo;\u00e0 C\u00f4t\u00e9\u00a0\u00bb MARCHAL St\u00e9phanie &#8211; 1, Rue des D\u00e9port\u00e9s &#8211; T\u00e9l. : 06.84.62.00.16<br \/>\n\u21d2 \u00ab\u00a0Sam&rsquo;Ressource\u00a0\u00bb Plantes aromatiques &amp; M\u00e9dicinales. Herboristerie &amp; plants potagers. T\u00e9l. : 06.80.76.77.29<br \/>\n\u21d2 La petite ferme de Deyfosse &#8211; T\u00e9l. : 06.84.34.07.41<br \/>\n\u21d2 Aux escargots de la M\u00e9nantille &#8211; T\u00e9l. : 03.29.60.40.48<br \/>\n\u21d2 Mi&rsquo;Ailes Mi P\u00e9tales &#8211; T\u00e9l. :06.14.31.78.46<\/p>\n<p><span style=\"color: #993300;\"><b style=\"color: #993300;\">EXPLOITATION <\/b><span style=\"color: #993300;\"><b>FORESTI\u00c8RE<\/b><\/span><\/span><br \/>\n\u21d2 Michel Borman &#8211; Sciage de bois &#8211; T\u00e9l. : 03.29.41.51.27<br \/>\n\u21d2 Marchal Nicolas &#8211; 14, Rue du Vivier &#8211; T\u00e9l. : 06.07.77.46.19<br \/>\n\u21d2 Poulhes S\u00e9bastien &#8211; 1, Rue de Deyfosse &#8211; T\u00e9l. : 03.29.41.76.43<br \/>\n\u21d2 Sciage de bois &#8211; Michel Borman &#8211; 10 Route Royale &#8211; T\u00e9l. : 03.29.41.51.27<br \/>\n\u21d2 Exploitant Forestier et bois de chauffage &#8211; No\u00ebl Jean-Philippe &#8211; T\u00e9l. : 06.89.58.06.19<\/p>\n<p><span style=\"color: #993300;\"><strong>LOCATION DE MATERIEL<br \/>\n<\/strong><\/span>\u21d2 JD Location &#8211; 19 Avenue de Bellefontaine &#8211; T\u00e9l. : 06.70.57.17.02<span style=\"color: #993300;\"><strong><br \/>\n<\/strong><\/span><\/p>\n<p><strong><span style=\"color: #993300;\">MA\u00c7ONNERIE<br \/>\n<\/span><\/strong>\u21d2 Angel&rsquo;Art du B\u00e2timent &#8211; T\u00e9l. : 06.21.43.12.89<br \/>\n\u21d2 Jos\u00e9 Goncalves &#8211; 79, Avenue de Bellefontaine &#8211; T\u00e9l. : 03.29.41.40.55<\/p>\n<p><strong><span style=\"color: #993300;\">MENUISERIES<\/span><\/strong><br \/>\n\u21d2 Le petit menuisier A.M. &#8211; T\u00e9l. : 07.86.76.82.20<\/p>\n<p><strong><span style=\"color: #993300;\">MONTAGE PNEUS<br \/>\n<span style=\"color: #333333;\">\u21d2 <\/span><\/span><\/strong><span style=\"color: #333333;\">Pneus Mobile &#8211; T\u00e9l. : 07.68.99.04.88<\/span><strong><span style=\"color: #993300;\"><br \/>\n<\/span><\/strong><\/p>\n<p><strong><span style=\"color: #993300;\">COHA SERVICES BAT<\/span><\/strong><br \/>\nHerv\u00e9 Paicheler &#8211; 27, Avenue de Bellefontaine &#8211; T\u00e9l. : 03.29.41.86.27<\/p>\n<p><strong><span style=\"color: #993300;\">PLOMBERIE SANITAIRE CHAUFFAGE<\/span><\/strong><br \/>\n\u21d2 Sandrine et David Bigeard &#8211; 9, Rue Devant La Forge &#8211; T\u00e9l. : 03.29.41.82.24<br \/>\n\u21d2 ESTSANITAIRE (hydro, baln\u00e9o, salle de bain, spa) &#8211; T\u00e9l. : 06.75.20.37.49<br \/>\n\u21d2 GRANUCLEAN (entretien\/d\u00e9pannage des po\u00eales \u00e0 granul\u00e9s) &#8211; T\u00e9l. : 07.63.34.56.14<\/p>\n<p><span style=\"color: #993300;\"><strong>TERRASSEMENT<br \/>\n<\/strong><\/span>\u21d2 RS Terrassement &#8211; 52, Rue de Sainte Odile &#8211; T\u00e9l. : 06.14.64.55.49<\/p>\n<p><span style=\"color: #993300;\"><strong>PISCINISTE<br \/>\n<\/strong><span style=\"color: #000000;\">\u21d2 Pro tech&rsquo;piscine88 &#8211; T\u00e9l : 07.68.50.73.80<\/span><\/span><\/p>\n<p><strong><span style=\"color: #993300;\">TOUS SERVICES<\/span><\/strong><br \/>\n<span style=\"color: #993300;\"><span style=\"color: #000000;\">\u21d2<\/span><\/span> Services Bat &#8211; Herv\u00e9 Paicheler &#8211; T\u00e9l. : 03.29.41.86.27<br \/>\n<span style=\"color: #993300;\"><span style=\"color: #000000;\">\u21d2 <\/span><\/span>No\u00ebl Petitdemange &#8211; 12, Rue du M\u00e9nil &#8211; T\u00e9l. : 06.71.42.02.47<br \/>\n<span style=\"color: #993300;\"><span style=\"color: #000000;\">\u21d2 <\/span><\/span>Jean-Marc Demauljean &#8211; 2, Impasse de la M\u00e9nantille &#8211; T\u00e9l. : 03.29.41.60.99<br \/>\n<span style=\"color: #993300;\"><span style=\"color: #000000;\">\u21d2 JM Service 88 &#8211; T\u00e9l. : 06.32.86.65.98<\/span><\/span><\/p>\n<p><strong><span style=\"color: #993300;\">PEINTRE<\/span><\/strong><br \/>\n\u21d2 Lagarde &#8211; 23, Rue de Pajailles &#8211; T\u00e9l. : 06.47.22.18.29 &#8211; ent.lagarde@gmail.fr<br \/>\n\u21d2 Alex D\u00e9coration &#8211; T\u00e9l. :06.82.39.86.38<br \/>\n\u21d2 Pin<span style=\"color: #000000;\">to Peinture &#8211;<\/span> T\u00e9l. : 06.88.52.35.09<\/p>\n<p><span style=\"color: #993300;\"><strong>TOURNAGE<br \/>\n<\/strong><span style=\"color: #000000;\">\u21d2 Jean Louis Richard &#8211; T\u00e9l. : 06.83.97.21.08<\/span><strong><br \/>\n<\/strong><\/span><\/p>\n<p><span style=\"color: #993300;\"><strong>SONORISATION &#8211; \u00c9CLAIRAGE &#8211; VID\u00c9O &#8211; LOCATION<br \/>\n<span style=\"color: #000000;\">\u21d2 <\/span><\/strong><span style=\"color: #000000;\">JMSE &#8211; T\u00e9l. : 06.32.86.65.98<\/span><\/span><\/p>\n<p><span style=\"color: #993300;\"><strong>PHOTOGRAPHE<br \/>\n<span style=\"color: #000000;\">\u21d2 <\/span><\/strong><span style=\"color: #000000;\">Emi.B &#8211; T\u00e9l. : 06.74.11.36.46<\/span><\/span><\/p>\n","protected":false},"excerpt":{"rendered":"<p>AGENCEMENT RENOVATION HOVASSE &#8211; Thierry Hovasse &#8211; 7, Avenue de Bellefontaine T\u00e9l. : 06.63.43.84.69 ST RENOVATION &#8211; Thiaucourt S\u00e9bastien. 18, Rue du Parc Pl\u00e2trerie &#8211; Isolation &#8211; Sanitaire T\u00e9l. : 06.86.04.41.69 ARCHITECTE PAYSAGE ABIES Paysage T\u00e9l.: 06.86.30.76.74 CARRELEUR SOL&rsquo;avenir T\u00e9l. : 06.80.90.09.75 CHARPENTE &#8211; COUVERTURE &#8211; ZINGUERIE Andr\u00e9 Schoenher &#8211; 85, Avenue de Bellefontaine T\u00e9l. [&hellip;]<\/p>\n","protected":false},"author":2,"featured_media":0,"parent":85,"menu_order":0,"comment_status":"closed","ping_status":"open","template":"","meta":{"footnotes":""},"class_list":["post-193","page","type-page","status-publish","hentry"],"yoast_head":"<!-- This site is optimized with the Yoast SEO plugin v26.8 - https:\/\/yoast.com\/product\/yoast-seo-wordpress\/ -->\n<title>Artisans - Etival-Clairefontaine<\/title>\n<meta name=\"robots\" content=\"index, follow, max-snippet:-1, max-image-preview:large, max-video-preview:-1\" \/>\n<link rel=\"canonical\" href=\"https:\/\/etival.fr\/?page_id=193\" \/>\n<meta property=\"og:locale\" content=\"fr_FR\" \/>\n<meta property=\"og:type\" content=\"article\" \/>\n<meta property=\"og:title\" content=\"Artisans - Etival-Clairefontaine\" \/>\n<meta property=\"og:description\" content=\"AGENCEMENT RENOVATION HOVASSE &#8211; Thierry Hovasse &#8211; 7, Avenue de Bellefontaine T\u00e9l. : 06.63.43.84.69 ST RENOVATION &#8211; Thiaucourt S\u00e9bastien. 18, Rue du Parc Pl\u00e2trerie &#8211; Isolation &#8211; Sanitaire T\u00e9l. : 06.86.04.41.69 ARCHITECTE PAYSAGE ABIES Paysage T\u00e9l.: 06.86.30.76.74 CARRELEUR SOL&rsquo;avenir T\u00e9l. : 06.80.90.09.75 CHARPENTE &#8211; COUVERTURE &#8211; ZINGUERIE Andr\u00e9 Schoenher &#8211; 85, Avenue de Bellefontaine T\u00e9l. [&hellip;]\" \/>\n<meta property=\"og:url\" content=\"https:\/\/etival.fr\/?page_id=193\" \/>\n<meta property=\"og:site_name\" content=\"Etival-Clairefontaine\" \/>\n<meta property=\"article:modified_time\" content=\"2026-01-02T10:13:10+00:00\" \/>\n<meta name=\"twitter:card\" content=\"summary_large_image\" \/>\n<meta name=\"twitter:label1\" content=\"Dur\u00e9e de lecture estim\u00e9e\" \/>\n\t<meta name=\"twitter:data1\" content=\"3 minutes\" \/>\n<script type=\"application\/ld+json\" class=\"yoast-schema-graph\">{\"@context\":\"https:\/\/schema.org\",\"@graph\":[{\"@type\":\"WebPage\",\"@id\":\"https:\/\/etival.fr\/?page_id=193\",\"url\":\"https:\/\/etival.fr\/?page_id=193\",\"name\":\"Artisans - Etival-Clairefontaine\",\"isPartOf\":{\"@id\":\"https:\/\/etival.fr\/#website\"},\"datePublished\":\"2014-07-16T13:24:51+00:00\",\"dateModified\":\"2026-01-02T10:13:10+00:00\",\"breadcrumb\":{\"@id\":\"https:\/\/etival.fr\/?page_id=193#breadcrumb\"},\"inLanguage\":\"fr-FR\",\"potentialAction\":[{\"@type\":\"ReadAction\",\"target\":[\"https:\/\/etival.fr\/?page_id=193\"]}]},{\"@type\":\"BreadcrumbList\",\"@id\":\"https:\/\/etival.fr\/?page_id=193#breadcrumb\",\"itemListElement\":[{\"@type\":\"ListItem\",\"position\":1,\"name\":\"Accueil\",\"item\":\"https:\/\/etival.fr\/\"},{\"@type\":\"ListItem\",\"position\":2,\"name\":\"Vie \u00e9conomique\",\"item\":\"https:\/\/etival.fr\/?page_id=85\"},{\"@type\":\"ListItem\",\"position\":3,\"name\":\"Artisans\"}]},{\"@type\":\"WebSite\",\"@id\":\"https:\/\/etival.fr\/#website\",\"url\":\"https:\/\/etival.fr\/\",\"name\":\"Etival-Clairefontaine\",\"description\":\"Informations et actualit\u00e9s de la commune\",\"potentialAction\":[{\"@type\":\"SearchAction\",\"target\":{\"@type\":\"EntryPoint\",\"urlTemplate\":\"https:\/\/etival.fr\/?s={search_term_string}\"},\"query-input\":{\"@type\":\"PropertyValueSpecification\",\"valueRequired\":true,\"valueName\":\"search_term_string\"}}],\"inLanguage\":\"fr-FR\"}]}<\/script>\n<!-- \/ Yoast SEO plugin. -->","yoast_head_json":{"title":"Artisans - Etival-Clairefontaine","robots":{"index":"index","follow":"follow","max-snippet":"max-snippet:-1","max-image-preview":"max-image-preview:large","max-video-preview":"max-video-preview:-1"},"canonical":"https:\/\/etival.fr\/?page_id=193","og_locale":"fr_FR","og_type":"article","og_title":"Artisans - Etival-Clairefontaine","og_description":"AGENCEMENT RENOVATION HOVASSE &#8211; Thierry Hovasse &#8211; 7, Avenue de Bellefontaine T\u00e9l. : 06.63.43.84.69 ST RENOVATION &#8211; Thiaucourt S\u00e9bastien. 18, Rue du Parc Pl\u00e2trerie &#8211; Isolation &#8211; Sanitaire T\u00e9l. : 06.86.04.41.69 ARCHITECTE PAYSAGE ABIES Paysage T\u00e9l.: 06.86.30.76.74 CARRELEUR SOL&rsquo;avenir T\u00e9l. : 06.80.90.09.75 CHARPENTE &#8211; COUVERTURE &#8211; ZINGUERIE Andr\u00e9 Schoenher &#8211; 85, Avenue de Bellefontaine T\u00e9l. [&hellip;]","og_url":"https:\/\/etival.fr\/?page_id=193","og_site_name":"Etival-Clairefontaine","article_modified_time":"2026-01-02T10:13:10+00:00","twitter_card":"summary_large_image","twitter_misc":{"Dur\u00e9e de lecture estim\u00e9e":"3 minutes"},"schema":{"@context":"https:\/\/schema.org","@graph":[{"@type":"WebPage","@id":"https:\/\/etival.fr\/?page_id=193","url":"https:\/\/etival.fr\/?page_id=193","name":"Artisans - Etival-Clairefontaine","isPartOf":{"@id":"https:\/\/etival.fr\/#website"},"datePublished":"2014-07-16T13:24:51+00:00","dateModified":"2026-01-02T10:13:10+00:00","breadcrumb":{"@id":"https:\/\/etival.fr\/?page_id=193#breadcrumb"},"inLanguage":"fr-FR","potentialAction":[{"@type":"ReadAction","target":["https:\/\/etival.fr\/?page_id=193"]}]},{"@type":"BreadcrumbList","@id":"https:\/\/etival.fr\/?page_id=193#breadcrumb","itemListElement":[{"@type":"ListItem","position":1,"name":"Accueil","item":"https:\/\/etival.fr\/"},{"@type":"ListItem","position":2,"name":"Vie \u00e9conomique","item":"https:\/\/etival.fr\/?page_id=85"},{"@type":"ListItem","position":3,"name":"Artisans"}]},{"@type":"WebSite","@id":"https:\/\/etival.fr\/#website","url":"https:\/\/etival.fr\/","name":"Etival-Clairefontaine","description":"Informations et actualit\u00e9s de la commune","potentialAction":[{"@type":"SearchAction","target":{"@type":"EntryPoint","urlTemplate":"https:\/\/etival.fr\/?s={search_term_string}"},"query-input":{"@type":"PropertyValueSpecification","valueRequired":true,"valueName":"search_term_string"}}],"inLanguage":"fr-FR"}]}},"_links":{"self":[{"href":"https:\/\/etival.fr\/index.php?rest_route=\/wp\/v2\/pages\/193","targetHints":{"allow":["GET"]}}],"collection":[{"href":"https:\/\/etival.fr\/index.php?rest_route=\/wp\/v2\/pages"}],"about":[{"href":"https:\/\/etival.fr\/index.php?rest_route=\/wp\/v2\/types\/page"}],"author":[{"embeddable":true,"href":"https:\/\/etival.fr\/index.php?rest_route=\/wp\/v2\/users\/2"}],"replies":[{"embeddable":true,"href":"https:\/\/etival.fr\/index.php?rest_route=%2Fwp%2Fv2%2Fcomments&post=193"}],"version-history":[{"count":62,"href":"https:\/\/etival.fr\/index.php?rest_route=\/wp\/v2\/pages\/193\/revisions"}],"predecessor-version":[{"id":13326,"href":"https:\/\/etival.fr\/index.php?rest_route=\/wp\/v2\/pages\/193\/revisions\/13326"}],"up":[{"embeddable":true,"href":"https:\/\/etival.fr\/index.php?rest_route=\/wp\/v2\/pages\/85"}],"wp:attachment":[{"href":"https:\/\/etival.fr\/index.php?rest_route=%2Fwp%2Fv2%2Fmedia&parent=193"}],"curies":[{"name":"wp","href":"https:\/\/api.w.org\/{rel}","templated":true}]}}