{"id":197,"date":"2014-07-16T14:25:29","date_gmt":"2014-07-16T13:25:29","guid":{"rendered":"http:\/\/etival.fr\/?page_id=197"},"modified":"2026-01-02T11:41:09","modified_gmt":"2026-01-02T10:41:09","slug":"services","status":"publish","type":"page","link":"https:\/\/etival.fr\/?page_id=197","title":{"rendered":"Services"},"content":{"rendered":"<p><strong><span style=\"color: #ff00ff;\">SALONS DE COIFFURE &#8211; BARBIER<\/span><\/strong><br \/>\n<span style=\"color: #333333;\">\u21d2 <\/span>Point L Coiffure &#8211; 1, Avenue de Bellefontaine &#8211; T\u00e9l. : 03.29.41.94.60<br \/>\n<span style=\"color: #333333;\">\u21d2<\/span> Imagin&rsquo;Hair &amp; Barbier &#8211; 9, Place Abbatiale &#8211; T\u00e9l. : 03.29.41.50.81<br \/>\n<span style=\"color: #333333;\">\u21d2 Momento &#8211; T\u00e9l. : 07.63.15.38.87<\/span><\/p>\n<p><strong><span style=\"color: #ff00ff;\">SALONS D&rsquo;ESTH\u00c9TIQUE<\/span><\/strong><br \/>\nBulles de Beaut\u00e9 by Lauryn &#8211; 13, Place Abbatiale &#8211; T\u00e9l. : 06.01.42.73.41<br \/>\n<span style=\"color: #ff00ff;\">Proth\u00e9sistes ongulaires :<\/span><br \/>\n\u21d2 Lisa. C Nails &#8211; T\u00e9l. : 07.83.90.07.08<\/p>\n<p><strong><span style=\"color: #ff00ff;\">GRAPHISTES &#8211; CONCEPTEURS<br \/>\n<\/span><\/strong><span style=\"color: #333333;\">\u21d2 <\/span>AJ ENSEIGNES &#8211; Yohan Jouchter &#8211; T\u00e9l. : 03.29.60.47.50<br \/>\n<span style=\"color: #333333;\">\u21d2 EDIGRAFF &#8211; 47, Rue du Vivier &#8211; T\u00e9l. : 03.29.41.89.26<\/span><br \/>\n\u21d2 ESSENTIELPUB &#8211; Manuel Zen\u00e8vre &#8211; T\u00e9l. : 03.29.41.96.30 \/ 06.81.78.37.45<\/p>\n<p><strong><span style=\"color: #ff00ff;\">MAGN\u00c9TISEURS \u00c9NERG\u00c9TICIENS<br \/>\n<\/span><\/strong>\u21d2 ANC\u00c9 Aur\u00e9lie, 15, Rue de l&rsquo;Abb\u00e9 Fagnozel &#8211; T\u00e9l. : 07.82.90.82.85<br \/>\n\u21d2 Marc Grosjean &#8211; 7, Place Abbatiale &#8211; T\u00e9l. : 06.81.85.56.24<\/p>\n<p><strong><span style=\"color: #ff00ff;\">AGENTS IMMOBILIERS<\/span><\/strong><br \/>\nIAD &#8211; Mathieu Thi\u00e9baut &#8211; T\u00e9l. : 06.85.93.27.95<br \/>\nIAD &#8211; Nicolas Jacquemin &#8211; T\u00e9l. : 06.32.72.14.34<\/p>\n<p><span style=\"color: #ff00ff;\"><strong>COURTIER EN TRAVAUX<br \/>\n<\/strong><span style=\"color: #000000;\">AC &#8211; L&rsquo;Art du Chantier &#8211; T\u00e9l. : 06.43.69.68.42<\/span><\/span><\/p>\n<p><strong><span style=\"color: #ff00ff;\">TAXI <\/span><\/strong>(emplacement : Place de la Gare)<br \/>\nT\u00e9l. : 03.29.51.04.08<\/p>\n<p><strong><span style=\"color: #ff00ff;\">SERVICE A LA PERSONNE<\/span><\/strong><br \/>\n<img loading=\"lazy\" decoding=\"async\" class=\"alignleft wp-image-777\" src=\"http:\/\/etival.fr\/wp-content\/uploads\/2014\/10\/adavie.jpg\" alt=\"adavie\" width=\"107\" height=\"46\" \/><br \/>\nT\u00e9l. : 03.29.35.23.06 &#8211; renseignements cliquez <a href=\"\/\/\" target=\"_blank\" rel=\"noopener\">ICI<\/a><\/p>\n<p><img loading=\"lazy\" decoding=\"async\" class=\"alignleft wp-image-778\" src=\"http:\/\/etival.fr\/wp-content\/uploads\/2014\/10\/admr.png\" alt=\"admr\" width=\"106\" height=\"48\" \/><br \/>\nMaison des services &#8211; 12, Rue Pasteur &#8211; 88110 Raon-L&rsquo;Etape<br \/>\nT\u00e9l. : 03.29.27.28.93 &#8211; renseignements cliquez <a href=\"http:\/\/www.admr.org\/structure\/admr-raon-l-etape.html\" target=\"_blank\" rel=\"noopener\">ICI<\/a><\/p>\n<p><img loading=\"lazy\" decoding=\"async\" class=\"alignleft wp-image-779\" src=\"http:\/\/etival.fr\/wp-content\/uploads\/2014\/10\/telealarme.gif\" alt=\"telealarme\" width=\"104\" height=\"63\" \/><br \/>\nT\u00e9l\u00e9alarme \u00ab\u00a0Pr\u00e9sence Verte<br \/>\n<strong>Vivre seul en toute s\u00e9curit\u00e9&#8230;<br \/>\n<\/strong><strong>Contrat de t\u00e9l\u00e9assistance avec \u00ab\u00a0Pr\u00e9sence Verte\u00a0\u00bb d&rsquo;Epinal.<br \/>\n<\/strong><em>Se pr\u00e9munir contre les risques li\u00e9s \u00e0 l&rsquo;isolement est vital :\u00a0un incident, une chute, un malaise ou une agression.\u00a0 Pouvoir pr\u00e9venir les personnes comp\u00e9tentes pour une intervention imm\u00e9diate fait partie du dispositif pris en charge par la mairie \u00e0 hauteur de 9,90 \u20ac par mois. Le reste\u00a0 concernant l&rsquo;abonnement mensuel est \u00e0 la charge de l&rsquo;abonn\u00e9, soit\u00a019 \u20ac\u00a0par mois, de m\u00eame que\u00a0le forfait installation\/maintenance\/d\u00e9pannage\u00a0de 15 \u20ac.<\/em><br \/>\n<em> Renseignements et inscriptions en Mairie.<\/em><\/p>\n<hr \/>\n<p><span style=\"color: #ff00ff;\"><strong>A.S.P. Ensemble<br \/>\n<\/strong><span style=\"color: #333333;\">Association loi 1901 pour le d\u00e9veloppement des soins palliatifs en Vosges.<br \/>\nAccompagner l&rsquo;Autre jusqu&rsquo;au terme ultime de la vie, l&rsquo;envelopper dans un regard d&rsquo;amour.<br \/>\nSi\u00e8ge social : 27, Rue Jacques Mellez &#8211; 88110 Raon-L&rsquo;Etape &#8211; T\u00e9l. : 06.22.11.07.47<br \/>\nE-mail : <span style=\"color: #0000ff;\">contact@aspensemble.com<br \/>\n<span style=\"color: #008000;\">Documentation <a href=\"http:\/\/etival.fr\/wp-content\/uploads\/2016\/01\/Doc1.pdf\"><strong>ICI<\/strong><\/a><\/span><br \/>\n<\/span><\/span><\/span><\/p>\n<p><strong><span style=\"color: #ff00ff;\">\u00a0ANIMATIONS<\/span><\/strong><br \/>\n\u21d2 Francy&rsquo;s productions &#8211; 72, Avenue de Bellefontaine &#8211; T\u00e9l. : 03.29.41.49.48<br \/>\nfrancys.productions@cegetel.net<br \/>\n\u21d2 R.M.V. Animations &#8211; G\u00e9rard BONATO &#8211; T\u00e9l. : 03.29.41.83.02- Site Internet <a href=\"http:\/\/rmv88.cabanova.fr\/\" target=\"_blank\" rel=\"noopener\">ICI<\/a><\/p>\n","protected":false},"excerpt":{"rendered":"<p>SALONS DE COIFFURE &#8211; BARBIER \u21d2 Point L Coiffure &#8211; 1, Avenue de Bellefontaine &#8211; T\u00e9l. : 03.29.41.94.60 \u21d2 Imagin&rsquo;Hair &amp; Barbier &#8211; 9, Place Abbatiale &#8211; T\u00e9l. : 03.29.41.50.81 \u21d2 Momento &#8211; T\u00e9l. : 07.63.15.38.87 SALONS D&rsquo;ESTH\u00c9TIQUE Bulles de Beaut\u00e9 by Lauryn &#8211; 13, Place Abbatiale &#8211; T\u00e9l. : 06.01.42.73.41 Proth\u00e9sistes ongulaires : \u21d2 [&hellip;]<\/p>\n","protected":false},"author":2,"featured_media":0,"parent":85,"menu_order":0,"comment_status":"closed","ping_status":"open","template":"","meta":{"footnotes":""},"class_list":["post-197","page","type-page","status-publish","hentry"],"yoast_head":"<!-- This site is optimized with the Yoast SEO plugin v26.8 - https:\/\/yoast.com\/product\/yoast-seo-wordpress\/ -->\n<title>Services - Etival-Clairefontaine<\/title>\n<meta name=\"robots\" content=\"index, follow, max-snippet:-1, max-image-preview:large, max-video-preview:-1\" \/>\n<link rel=\"canonical\" href=\"https:\/\/etival.fr\/?page_id=197\" \/>\n<meta property=\"og:locale\" content=\"fr_FR\" \/>\n<meta property=\"og:type\" content=\"article\" \/>\n<meta property=\"og:title\" content=\"Services - Etival-Clairefontaine\" \/>\n<meta property=\"og:description\" content=\"SALONS DE COIFFURE &#8211; BARBIER \u21d2 Point L Coiffure &#8211; 1, Avenue de Bellefontaine &#8211; T\u00e9l. : 03.29.41.94.60 \u21d2 Imagin&rsquo;Hair &amp; Barbier &#8211; 9, Place Abbatiale &#8211; T\u00e9l. : 03.29.41.50.81 \u21d2 Momento &#8211; T\u00e9l. : 07.63.15.38.87 SALONS D&rsquo;ESTH\u00c9TIQUE Bulles de Beaut\u00e9 by Lauryn &#8211; 13, Place Abbatiale &#8211; T\u00e9l. : 06.01.42.73.41 Proth\u00e9sistes ongulaires : \u21d2 [&hellip;]\" \/>\n<meta property=\"og:url\" content=\"https:\/\/etival.fr\/?page_id=197\" \/>\n<meta property=\"og:site_name\" content=\"Etival-Clairefontaine\" \/>\n<meta property=\"article:modified_time\" content=\"2026-01-02T10:41:09+00:00\" \/>\n<meta property=\"og:image\" content=\"https:\/\/etival.fr\/wp-content\/uploads\/2014\/10\/adavie.jpg\" \/>\n\t<meta property=\"og:image:width\" content=\"253\" \/>\n\t<meta property=\"og:image:height\" content=\"109\" \/>\n\t<meta property=\"og:image:type\" content=\"image\/jpeg\" \/>\n<meta name=\"twitter:card\" content=\"summary_large_image\" \/>\n<meta name=\"twitter:label1\" content=\"Dur\u00e9e de lecture estim\u00e9e\" \/>\n\t<meta name=\"twitter:data1\" content=\"3 minutes\" \/>\n<script type=\"application\/ld+json\" class=\"yoast-schema-graph\">{\"@context\":\"https:\/\/schema.org\",\"@graph\":[{\"@type\":\"WebPage\",\"@id\":\"https:\/\/etival.fr\/?page_id=197\",\"url\":\"https:\/\/etival.fr\/?page_id=197\",\"name\":\"Services - Etival-Clairefontaine\",\"isPartOf\":{\"@id\":\"https:\/\/etival.fr\/#website\"},\"primaryImageOfPage\":{\"@id\":\"https:\/\/etival.fr\/?page_id=197#primaryimage\"},\"image\":{\"@id\":\"https:\/\/etival.fr\/?page_id=197#primaryimage\"},\"thumbnailUrl\":\"http:\/\/etival.fr\/wp-content\/uploads\/2014\/10\/adavie.jpg\",\"datePublished\":\"2014-07-16T13:25:29+00:00\",\"dateModified\":\"2026-01-02T10:41:09+00:00\",\"breadcrumb\":{\"@id\":\"https:\/\/etival.fr\/?page_id=197#breadcrumb\"},\"inLanguage\":\"fr-FR\",\"potentialAction\":[{\"@type\":\"ReadAction\",\"target\":[\"https:\/\/etival.fr\/?page_id=197\"]}]},{\"@type\":\"ImageObject\",\"inLanguage\":\"fr-FR\",\"@id\":\"https:\/\/etival.fr\/?page_id=197#primaryimage\",\"url\":\"https:\/\/etival.fr\/wp-content\/uploads\/2014\/10\/adavie.jpg\",\"contentUrl\":\"https:\/\/etival.fr\/wp-content\/uploads\/2014\/10\/adavie.jpg\",\"width\":253,\"height\":109},{\"@type\":\"BreadcrumbList\",\"@id\":\"https:\/\/etival.fr\/?page_id=197#breadcrumb\",\"itemListElement\":[{\"@type\":\"ListItem\",\"position\":1,\"name\":\"Accueil\",\"item\":\"https:\/\/etival.fr\/\"},{\"@type\":\"ListItem\",\"position\":2,\"name\":\"Vie \u00e9conomique\",\"item\":\"https:\/\/etival.fr\/?page_id=85\"},{\"@type\":\"ListItem\",\"position\":3,\"name\":\"Services\"}]},{\"@type\":\"WebSite\",\"@id\":\"https:\/\/etival.fr\/#website\",\"url\":\"https:\/\/etival.fr\/\",\"name\":\"Etival-Clairefontaine\",\"description\":\"Informations et actualit\u00e9s de la commune\",\"potentialAction\":[{\"@type\":\"SearchAction\",\"target\":{\"@type\":\"EntryPoint\",\"urlTemplate\":\"https:\/\/etival.fr\/?s={search_term_string}\"},\"query-input\":{\"@type\":\"PropertyValueSpecification\",\"valueRequired\":true,\"valueName\":\"search_term_string\"}}],\"inLanguage\":\"fr-FR\"}]}<\/script>\n<!-- \/ Yoast SEO plugin. -->","yoast_head_json":{"title":"Services - Etival-Clairefontaine","robots":{"index":"index","follow":"follow","max-snippet":"max-snippet:-1","max-image-preview":"max-image-preview:large","max-video-preview":"max-video-preview:-1"},"canonical":"https:\/\/etival.fr\/?page_id=197","og_locale":"fr_FR","og_type":"article","og_title":"Services - Etival-Clairefontaine","og_description":"SALONS DE COIFFURE &#8211; BARBIER \u21d2 Point L Coiffure &#8211; 1, Avenue de Bellefontaine &#8211; T\u00e9l. : 03.29.41.94.60 \u21d2 Imagin&rsquo;Hair &amp; Barbier &#8211; 9, Place Abbatiale &#8211; T\u00e9l. : 03.29.41.50.81 \u21d2 Momento &#8211; T\u00e9l. : 07.63.15.38.87 SALONS D&rsquo;ESTH\u00c9TIQUE Bulles de Beaut\u00e9 by Lauryn &#8211; 13, Place Abbatiale &#8211; T\u00e9l. : 06.01.42.73.41 Proth\u00e9sistes ongulaires : \u21d2 [&hellip;]","og_url":"https:\/\/etival.fr\/?page_id=197","og_site_name":"Etival-Clairefontaine","article_modified_time":"2026-01-02T10:41:09+00:00","og_image":[{"width":253,"height":109,"url":"https:\/\/etival.fr\/wp-content\/uploads\/2014\/10\/adavie.jpg","type":"image\/jpeg"}],"twitter_card":"summary_large_image","twitter_misc":{"Dur\u00e9e de lecture estim\u00e9e":"3 minutes"},"schema":{"@context":"https:\/\/schema.org","@graph":[{"@type":"WebPage","@id":"https:\/\/etival.fr\/?page_id=197","url":"https:\/\/etival.fr\/?page_id=197","name":"Services - Etival-Clairefontaine","isPartOf":{"@id":"https:\/\/etival.fr\/#website"},"primaryImageOfPage":{"@id":"https:\/\/etival.fr\/?page_id=197#primaryimage"},"image":{"@id":"https:\/\/etival.fr\/?page_id=197#primaryimage"},"thumbnailUrl":"http:\/\/etival.fr\/wp-content\/uploads\/2014\/10\/adavie.jpg","datePublished":"2014-07-16T13:25:29+00:00","dateModified":"2026-01-02T10:41:09+00:00","breadcrumb":{"@id":"https:\/\/etival.fr\/?page_id=197#breadcrumb"},"inLanguage":"fr-FR","potentialAction":[{"@type":"ReadAction","target":["https:\/\/etival.fr\/?page_id=197"]}]},{"@type":"ImageObject","inLanguage":"fr-FR","@id":"https:\/\/etival.fr\/?page_id=197#primaryimage","url":"https:\/\/etival.fr\/wp-content\/uploads\/2014\/10\/adavie.jpg","contentUrl":"https:\/\/etival.fr\/wp-content\/uploads\/2014\/10\/adavie.jpg","width":253,"height":109},{"@type":"BreadcrumbList","@id":"https:\/\/etival.fr\/?page_id=197#breadcrumb","itemListElement":[{"@type":"ListItem","position":1,"name":"Accueil","item":"https:\/\/etival.fr\/"},{"@type":"ListItem","position":2,"name":"Vie \u00e9conomique","item":"https:\/\/etival.fr\/?page_id=85"},{"@type":"ListItem","position":3,"name":"Services"}]},{"@type":"WebSite","@id":"https:\/\/etival.fr\/#website","url":"https:\/\/etival.fr\/","name":"Etival-Clairefontaine","description":"Informations et actualit\u00e9s de la commune","potentialAction":[{"@type":"SearchAction","target":{"@type":"EntryPoint","urlTemplate":"https:\/\/etival.fr\/?s={search_term_string}"},"query-input":{"@type":"PropertyValueSpecification","valueRequired":true,"valueName":"search_term_string"}}],"inLanguage":"fr-FR"}]}},"_links":{"self":[{"href":"https:\/\/etival.fr\/index.php?rest_route=\/wp\/v2\/pages\/197","targetHints":{"allow":["GET"]}}],"collection":[{"href":"https:\/\/etival.fr\/index.php?rest_route=\/wp\/v2\/pages"}],"about":[{"href":"https:\/\/etival.fr\/index.php?rest_route=\/wp\/v2\/types\/page"}],"author":[{"embeddable":true,"href":"https:\/\/etival.fr\/index.php?rest_route=\/wp\/v2\/users\/2"}],"replies":[{"embeddable":true,"href":"https:\/\/etival.fr\/index.php?rest_route=%2Fwp%2Fv2%2Fcomments&post=197"}],"version-history":[{"count":40,"href":"https:\/\/etival.fr\/index.php?rest_route=\/wp\/v2\/pages\/197\/revisions"}],"predecessor-version":[{"id":13337,"href":"https:\/\/etival.fr\/index.php?rest_route=\/wp\/v2\/pages\/197\/revisions\/13337"}],"up":[{"embeddable":true,"href":"https:\/\/etival.fr\/index.php?rest_route=\/wp\/v2\/pages\/85"}],"wp:attachment":[{"href":"https:\/\/etival.fr\/index.php?rest_route=%2Fwp%2Fv2%2Fmedia&parent=197"}],"curies":[{"name":"wp","href":"https:\/\/api.w.org\/{rel}","templated":true}]}}