{"id":2276,"date":"2015-06-08T15:31:31","date_gmt":"2015-06-08T14:31:31","guid":{"rendered":"http:\/\/etival.fr\/?page_id=2276"},"modified":"2020-04-20T10:35:03","modified_gmt":"2020-04-20T09:35:03","slug":"tondre-la-pelouse-a-la-bonne-heure","status":"publish","type":"page","link":"https:\/\/etival.fr\/?page_id=2276","title":{"rendered":"Tondre la pelouse \u00e0 la bonne heure"},"content":{"rendered":"<p dir=\"LTR\" align=\"LEFT\"><em>L&rsquo;article 11 de l&rsquo;arr\u00eat\u00e9 pr\u00e9fectoral n\u00b0 <b>964\/08 du 26\/12\/2008<\/b> r\u00e9capitule l&rsquo;ensemble des dispositions en vigueur sur le territoire de la Commune d&rsquo;Etival-Clairefontaine.<\/em><\/p>\n<p dir=\"LTR\" style=\"text-align: justify;\" align=\"LEFT\">Les travaux de bricolage ou de jardinage r\u00e9alis\u00e9s par des particuliers \u00e0 l&rsquo;aide d&rsquo;outils ou appareils susceptibles de causer une g\u00eane pour le voisinage en raison de leur intensit\u00e9 sonore, tels que tondeuses, tron\u00e7onneuses, perceuses\u2026 ne peuvent \u00eatre effectu\u00e9s que dans les limites fix\u00e9es ci-apr\u00e8s :<\/p>\n<p dir=\"LTR\" align=\"LEFT\">\u2022 Les jours ouvrables de\u00a0\u00a0\u00a0\u00a0\u00a0\u00a0\u00a0\u00a0\u00a0\u00a0\u00a0\u00a0\u00a0\u00a0\u00a0\u00a0\u00a0\u00a0\u00a0\u00a0 \u00a0\u00a0<strong><span style=\"color: #ff0000;\">8h30 \u00e0 12h00 et de 14h00 \u00e0 19h30<\/span><\/strong><\/p>\n<p dir=\"LTR\" align=\"LEFT\">\u2022 Les samedis de\u00a0\u00a0\u00a0\u00a0\u00a0\u00a0\u00a0\u00a0\u00a0\u00a0\u00a0\u00a0\u00a0\u00a0\u00a0\u00a0\u00a0\u00a0\u00a0\u00a0\u00a0\u00a0\u00a0\u00a0\u00a0\u00a0\u00a0\u00a0\u00a0 \u00a0\u00a0\u00a0\u00a0 <strong><span style=\"color: #ff0000;\">9h00 \u00e0 12h00 et de 14h00 \u00e0 19h00<\/span><\/strong><\/p>\n<p dir=\"LTR\" align=\"LEFT\">\u2022 Les dimanches et jours f\u00e9ri\u00e9s de\u00a0 \u00a0<span style=\"color: #ff0000;\"><strong>10h00 \u00e0 12h00<\/strong><\/span><\/p>\n<p dir=\"LTR\" align=\"LEFT\">Suivant ARRETE n\u00b0 <a href=\"http:\/\/www.vosges.gouv.fr\/content\/download\/2578\/15998\/file\/lutteContreBruitVoisin.pdf\"><b>964\/08 du 26\/12\/2008<\/b><\/a><\/p>\n<p dir=\"LTR\" align=\"LEFT\">\n","protected":false},"excerpt":{"rendered":"<p>L&rsquo;article 11 de l&rsquo;arr\u00eat\u00e9 pr\u00e9fectoral n\u00b0 964\/08 du 26\/12\/2008 r\u00e9capitule l&rsquo;ensemble des dispositions en vigueur sur le territoire de la Commune d&rsquo;Etival-Clairefontaine. Les travaux de bricolage ou de jardinage r\u00e9alis\u00e9s par des particuliers \u00e0 l&rsquo;aide d&rsquo;outils ou appareils susceptibles de causer une g\u00eane pour le voisinage en raison de leur intensit\u00e9 sonore, tels que tondeuses, [&hellip;]<\/p>\n","protected":false},"author":2,"featured_media":0,"parent":0,"menu_order":0,"comment_status":"closed","ping_status":"open","template":"","meta":{"footnotes":""},"class_list":["post-2276","page","type-page","status-publish","hentry"],"yoast_head":"<!-- This site is optimized with the Yoast SEO plugin v26.8 - https:\/\/yoast.com\/product\/yoast-seo-wordpress\/ -->\n<title>Tondre la pelouse \u00e0 la bonne heure - Etival-Clairefontaine<\/title>\n<meta name=\"robots\" content=\"index, follow, max-snippet:-1, max-image-preview:large, max-video-preview:-1\" \/>\n<link rel=\"canonical\" href=\"https:\/\/etival.fr\/?page_id=2276\" \/>\n<meta property=\"og:locale\" content=\"fr_FR\" \/>\n<meta property=\"og:type\" content=\"article\" \/>\n<meta property=\"og:title\" content=\"Tondre la pelouse \u00e0 la bonne heure - Etival-Clairefontaine\" \/>\n<meta property=\"og:description\" content=\"L&rsquo;article 11 de l&rsquo;arr\u00eat\u00e9 pr\u00e9fectoral n\u00b0 964\/08 du 26\/12\/2008 r\u00e9capitule l&rsquo;ensemble des dispositions en vigueur sur le territoire de la Commune d&rsquo;Etival-Clairefontaine. Les travaux de bricolage ou de jardinage r\u00e9alis\u00e9s par des particuliers \u00e0 l&rsquo;aide d&rsquo;outils ou appareils susceptibles de causer une g\u00eane pour le voisinage en raison de leur intensit\u00e9 sonore, tels que tondeuses, [&hellip;]\" \/>\n<meta property=\"og:url\" content=\"https:\/\/etival.fr\/?page_id=2276\" \/>\n<meta property=\"og:site_name\" content=\"Etival-Clairefontaine\" \/>\n<meta property=\"article:modified_time\" content=\"2020-04-20T09:35:03+00:00\" \/>\n<meta name=\"twitter:card\" content=\"summary_large_image\" \/>\n<meta name=\"twitter:label1\" content=\"Dur\u00e9e de lecture estim\u00e9e\" \/>\n\t<meta name=\"twitter:data1\" content=\"1 minute\" \/>\n<script type=\"application\/ld+json\" class=\"yoast-schema-graph\">{\"@context\":\"https:\/\/schema.org\",\"@graph\":[{\"@type\":\"WebPage\",\"@id\":\"https:\/\/etival.fr\/?page_id=2276\",\"url\":\"https:\/\/etival.fr\/?page_id=2276\",\"name\":\"Tondre la pelouse \u00e0 la bonne heure - Etival-Clairefontaine\",\"isPartOf\":{\"@id\":\"https:\/\/etival.fr\/#website\"},\"datePublished\":\"2015-06-08T14:31:31+00:00\",\"dateModified\":\"2020-04-20T09:35:03+00:00\",\"breadcrumb\":{\"@id\":\"https:\/\/etival.fr\/?page_id=2276#breadcrumb\"},\"inLanguage\":\"fr-FR\",\"potentialAction\":[{\"@type\":\"ReadAction\",\"target\":[\"https:\/\/etival.fr\/?page_id=2276\"]}]},{\"@type\":\"BreadcrumbList\",\"@id\":\"https:\/\/etival.fr\/?page_id=2276#breadcrumb\",\"itemListElement\":[{\"@type\":\"ListItem\",\"position\":1,\"name\":\"Accueil\",\"item\":\"https:\/\/etival.fr\/\"},{\"@type\":\"ListItem\",\"position\":2,\"name\":\"Tondre la pelouse \u00e0 la bonne heure\"}]},{\"@type\":\"WebSite\",\"@id\":\"https:\/\/etival.fr\/#website\",\"url\":\"https:\/\/etival.fr\/\",\"name\":\"Etival-Clairefontaine\",\"description\":\"Informations et actualit\u00e9s de la commune\",\"potentialAction\":[{\"@type\":\"SearchAction\",\"target\":{\"@type\":\"EntryPoint\",\"urlTemplate\":\"https:\/\/etival.fr\/?s={search_term_string}\"},\"query-input\":{\"@type\":\"PropertyValueSpecification\",\"valueRequired\":true,\"valueName\":\"search_term_string\"}}],\"inLanguage\":\"fr-FR\"}]}<\/script>\n<!-- \/ Yoast SEO plugin. -->","yoast_head_json":{"title":"Tondre la pelouse \u00e0 la bonne heure - Etival-Clairefontaine","robots":{"index":"index","follow":"follow","max-snippet":"max-snippet:-1","max-image-preview":"max-image-preview:large","max-video-preview":"max-video-preview:-1"},"canonical":"https:\/\/etival.fr\/?page_id=2276","og_locale":"fr_FR","og_type":"article","og_title":"Tondre la pelouse \u00e0 la bonne heure - Etival-Clairefontaine","og_description":"L&rsquo;article 11 de l&rsquo;arr\u00eat\u00e9 pr\u00e9fectoral n\u00b0 964\/08 du 26\/12\/2008 r\u00e9capitule l&rsquo;ensemble des dispositions en vigueur sur le territoire de la Commune d&rsquo;Etival-Clairefontaine. Les travaux de bricolage ou de jardinage r\u00e9alis\u00e9s par des particuliers \u00e0 l&rsquo;aide d&rsquo;outils ou appareils susceptibles de causer une g\u00eane pour le voisinage en raison de leur intensit\u00e9 sonore, tels que tondeuses, [&hellip;]","og_url":"https:\/\/etival.fr\/?page_id=2276","og_site_name":"Etival-Clairefontaine","article_modified_time":"2020-04-20T09:35:03+00:00","twitter_card":"summary_large_image","twitter_misc":{"Dur\u00e9e de lecture estim\u00e9e":"1 minute"},"schema":{"@context":"https:\/\/schema.org","@graph":[{"@type":"WebPage","@id":"https:\/\/etival.fr\/?page_id=2276","url":"https:\/\/etival.fr\/?page_id=2276","name":"Tondre la pelouse \u00e0 la bonne heure - Etival-Clairefontaine","isPartOf":{"@id":"https:\/\/etival.fr\/#website"},"datePublished":"2015-06-08T14:31:31+00:00","dateModified":"2020-04-20T09:35:03+00:00","breadcrumb":{"@id":"https:\/\/etival.fr\/?page_id=2276#breadcrumb"},"inLanguage":"fr-FR","potentialAction":[{"@type":"ReadAction","target":["https:\/\/etival.fr\/?page_id=2276"]}]},{"@type":"BreadcrumbList","@id":"https:\/\/etival.fr\/?page_id=2276#breadcrumb","itemListElement":[{"@type":"ListItem","position":1,"name":"Accueil","item":"https:\/\/etival.fr\/"},{"@type":"ListItem","position":2,"name":"Tondre la pelouse \u00e0 la bonne heure"}]},{"@type":"WebSite","@id":"https:\/\/etival.fr\/#website","url":"https:\/\/etival.fr\/","name":"Etival-Clairefontaine","description":"Informations et actualit\u00e9s de la commune","potentialAction":[{"@type":"SearchAction","target":{"@type":"EntryPoint","urlTemplate":"https:\/\/etival.fr\/?s={search_term_string}"},"query-input":{"@type":"PropertyValueSpecification","valueRequired":true,"valueName":"search_term_string"}}],"inLanguage":"fr-FR"}]}},"_links":{"self":[{"href":"https:\/\/etival.fr\/index.php?rest_route=\/wp\/v2\/pages\/2276","targetHints":{"allow":["GET"]}}],"collection":[{"href":"https:\/\/etival.fr\/index.php?rest_route=\/wp\/v2\/pages"}],"about":[{"href":"https:\/\/etival.fr\/index.php?rest_route=\/wp\/v2\/types\/page"}],"author":[{"embeddable":true,"href":"https:\/\/etival.fr\/index.php?rest_route=\/wp\/v2\/users\/2"}],"replies":[{"embeddable":true,"href":"https:\/\/etival.fr\/index.php?rest_route=%2Fwp%2Fv2%2Fcomments&post=2276"}],"version-history":[{"count":5,"href":"https:\/\/etival.fr\/index.php?rest_route=\/wp\/v2\/pages\/2276\/revisions"}],"predecessor-version":[{"id":8322,"href":"https:\/\/etival.fr\/index.php?rest_route=\/wp\/v2\/pages\/2276\/revisions\/8322"}],"wp:attachment":[{"href":"https:\/\/etival.fr\/index.php?rest_route=%2Fwp%2Fv2%2Fmedia&parent=2276"}],"curies":[{"name":"wp","href":"https:\/\/api.w.org\/{rel}","templated":true}]}}