{"id":2285,"date":"2015-06-08T15:37:21","date_gmt":"2015-06-08T14:37:21","guid":{"rendered":"http:\/\/etival.fr\/?page_id=2285"},"modified":"2015-06-08T15:37:21","modified_gmt":"2015-06-08T14:37:21","slug":"les-piscines-des-particuliers","status":"publish","type":"page","link":"https:\/\/etival.fr\/?page_id=2285","title":{"rendered":"Les piscines des particuliers"},"content":{"rendered":"<p dir=\"LTR\" align=\"JUSTIFY\">Pour la bonne gestion de l&rsquo;eau potable, il est demand\u00e9 aux<br \/>\npropri\u00e9taires de piscine de plus de 30 m3, de pr\u00e9venir la Mairie au<br \/>\n03 29 41 52 19, lors de la mise en eau. (Pour le remplissage de nuit, cette d\u00e9marche n&rsquo;est pas n\u00e9cessaire, les perturbations \u00e9tant insignifiantes).<\/p>\n<p>&nbsp;<\/p>\n","protected":false},"excerpt":{"rendered":"<p>Pour la bonne gestion de l&rsquo;eau potable, il est demand\u00e9 aux propri\u00e9taires de piscine de plus de 30 m3, de pr\u00e9venir la Mairie au 03 29 41 52 19, lors de la mise en eau. (Pour le remplissage de nuit, cette d\u00e9marche n&rsquo;est pas n\u00e9cessaire, les perturbations \u00e9tant insignifiantes). &nbsp;<\/p>\n","protected":false},"author":2,"featured_media":0,"parent":0,"menu_order":0,"comment_status":"closed","ping_status":"open","template":"","meta":{"footnotes":""},"class_list":["post-2285","page","type-page","status-publish","hentry"],"yoast_head":"<!-- This site is optimized with the Yoast SEO plugin v26.8 - https:\/\/yoast.com\/product\/yoast-seo-wordpress\/ -->\n<title>Les piscines des particuliers - Etival-Clairefontaine<\/title>\n<meta name=\"robots\" content=\"index, follow, max-snippet:-1, max-image-preview:large, max-video-preview:-1\" \/>\n<link rel=\"canonical\" href=\"https:\/\/etival.fr\/?page_id=2285\" \/>\n<meta property=\"og:locale\" content=\"fr_FR\" \/>\n<meta property=\"og:type\" content=\"article\" \/>\n<meta property=\"og:title\" content=\"Les piscines des particuliers - Etival-Clairefontaine\" \/>\n<meta property=\"og:description\" content=\"Pour la bonne gestion de l&rsquo;eau potable, il est demand\u00e9 aux propri\u00e9taires de piscine de plus de 30 m3, de pr\u00e9venir la Mairie au 03 29 41 52 19, lors de la mise en eau. (Pour le remplissage de nuit, cette d\u00e9marche n&rsquo;est pas n\u00e9cessaire, les perturbations \u00e9tant insignifiantes). &nbsp;\" \/>\n<meta property=\"og:url\" content=\"https:\/\/etival.fr\/?page_id=2285\" \/>\n<meta property=\"og:site_name\" content=\"Etival-Clairefontaine\" \/>\n<meta name=\"twitter:card\" content=\"summary_large_image\" \/>\n<script type=\"application\/ld+json\" class=\"yoast-schema-graph\">{\"@context\":\"https:\/\/schema.org\",\"@graph\":[{\"@type\":\"WebPage\",\"@id\":\"https:\/\/etival.fr\/?page_id=2285\",\"url\":\"https:\/\/etival.fr\/?page_id=2285\",\"name\":\"Les piscines des particuliers - Etival-Clairefontaine\",\"isPartOf\":{\"@id\":\"https:\/\/etival.fr\/#website\"},\"datePublished\":\"2015-06-08T14:37:21+00:00\",\"breadcrumb\":{\"@id\":\"https:\/\/etival.fr\/?page_id=2285#breadcrumb\"},\"inLanguage\":\"fr-FR\",\"potentialAction\":[{\"@type\":\"ReadAction\",\"target\":[\"https:\/\/etival.fr\/?page_id=2285\"]}]},{\"@type\":\"BreadcrumbList\",\"@id\":\"https:\/\/etival.fr\/?page_id=2285#breadcrumb\",\"itemListElement\":[{\"@type\":\"ListItem\",\"position\":1,\"name\":\"Accueil\",\"item\":\"https:\/\/etival.fr\/\"},{\"@type\":\"ListItem\",\"position\":2,\"name\":\"Les piscines des particuliers\"}]},{\"@type\":\"WebSite\",\"@id\":\"https:\/\/etival.fr\/#website\",\"url\":\"https:\/\/etival.fr\/\",\"name\":\"Etival-Clairefontaine\",\"description\":\"Informations et actualit\u00e9s de la commune\",\"potentialAction\":[{\"@type\":\"SearchAction\",\"target\":{\"@type\":\"EntryPoint\",\"urlTemplate\":\"https:\/\/etival.fr\/?s={search_term_string}\"},\"query-input\":{\"@type\":\"PropertyValueSpecification\",\"valueRequired\":true,\"valueName\":\"search_term_string\"}}],\"inLanguage\":\"fr-FR\"}]}<\/script>\n<!-- \/ Yoast SEO plugin. -->","yoast_head_json":{"title":"Les piscines des particuliers - Etival-Clairefontaine","robots":{"index":"index","follow":"follow","max-snippet":"max-snippet:-1","max-image-preview":"max-image-preview:large","max-video-preview":"max-video-preview:-1"},"canonical":"https:\/\/etival.fr\/?page_id=2285","og_locale":"fr_FR","og_type":"article","og_title":"Les piscines des particuliers - Etival-Clairefontaine","og_description":"Pour la bonne gestion de l&rsquo;eau potable, il est demand\u00e9 aux propri\u00e9taires de piscine de plus de 30 m3, de pr\u00e9venir la Mairie au 03 29 41 52 19, lors de la mise en eau. (Pour le remplissage de nuit, cette d\u00e9marche n&rsquo;est pas n\u00e9cessaire, les perturbations \u00e9tant insignifiantes). &nbsp;","og_url":"https:\/\/etival.fr\/?page_id=2285","og_site_name":"Etival-Clairefontaine","twitter_card":"summary_large_image","schema":{"@context":"https:\/\/schema.org","@graph":[{"@type":"WebPage","@id":"https:\/\/etival.fr\/?page_id=2285","url":"https:\/\/etival.fr\/?page_id=2285","name":"Les piscines des particuliers - Etival-Clairefontaine","isPartOf":{"@id":"https:\/\/etival.fr\/#website"},"datePublished":"2015-06-08T14:37:21+00:00","breadcrumb":{"@id":"https:\/\/etival.fr\/?page_id=2285#breadcrumb"},"inLanguage":"fr-FR","potentialAction":[{"@type":"ReadAction","target":["https:\/\/etival.fr\/?page_id=2285"]}]},{"@type":"BreadcrumbList","@id":"https:\/\/etival.fr\/?page_id=2285#breadcrumb","itemListElement":[{"@type":"ListItem","position":1,"name":"Accueil","item":"https:\/\/etival.fr\/"},{"@type":"ListItem","position":2,"name":"Les piscines des particuliers"}]},{"@type":"WebSite","@id":"https:\/\/etival.fr\/#website","url":"https:\/\/etival.fr\/","name":"Etival-Clairefontaine","description":"Informations et actualit\u00e9s de la commune","potentialAction":[{"@type":"SearchAction","target":{"@type":"EntryPoint","urlTemplate":"https:\/\/etival.fr\/?s={search_term_string}"},"query-input":{"@type":"PropertyValueSpecification","valueRequired":true,"valueName":"search_term_string"}}],"inLanguage":"fr-FR"}]}},"_links":{"self":[{"href":"https:\/\/etival.fr\/index.php?rest_route=\/wp\/v2\/pages\/2285","targetHints":{"allow":["GET"]}}],"collection":[{"href":"https:\/\/etival.fr\/index.php?rest_route=\/wp\/v2\/pages"}],"about":[{"href":"https:\/\/etival.fr\/index.php?rest_route=\/wp\/v2\/types\/page"}],"author":[{"embeddable":true,"href":"https:\/\/etival.fr\/index.php?rest_route=\/wp\/v2\/users\/2"}],"replies":[{"embeddable":true,"href":"https:\/\/etival.fr\/index.php?rest_route=%2Fwp%2Fv2%2Fcomments&post=2285"}],"version-history":[{"count":1,"href":"https:\/\/etival.fr\/index.php?rest_route=\/wp\/v2\/pages\/2285\/revisions"}],"predecessor-version":[{"id":2286,"href":"https:\/\/etival.fr\/index.php?rest_route=\/wp\/v2\/pages\/2285\/revisions\/2286"}],"wp:attachment":[{"href":"https:\/\/etival.fr\/index.php?rest_route=%2Fwp%2Fv2%2Fmedia&parent=2285"}],"curies":[{"name":"wp","href":"https:\/\/api.w.org\/{rel}","templated":true}]}}