{"id":25,"date":"2014-07-14T18:29:17","date_gmt":"2014-07-14T17:29:17","guid":{"rendered":"http:\/\/etival.fr\/?page_id=25"},"modified":"2022-10-01T08:18:26","modified_gmt":"2022-10-01T07:18:26","slug":"demarches-administratives","status":"publish","type":"page","link":"https:\/\/etival.fr\/?page_id=25","title":{"rendered":"D\u00e9marches administratives"},"content":{"rendered":"<p><a href=\"http:\/\/etival.fr\/wp-content\/uploads\/2017\/01\/cerfa_15646-01.pdf\">cerfa n\u00b015646*01<br \/>\n<\/a>Autorisation de sortie du territoire (AST)<br \/>\nd&rsquo;un mineur non accompagn\u00e9 par un titulaire de l&rsquo;autorit\u00e9 parentale.<br \/>\n<span style=\"color: #ff0000;\"><strong>\u00c0 compter du 15 janvier 2017<\/strong><\/span>, un enfant mineur qui vit en France et voyage \u00e0 l&rsquo;\u00e9tranger seul ou sans \u00eatre accompagn\u00e9 de l&rsquo;un de ses parents doit \u00eatre muni d&rsquo;une autorisation de sortie du territoire (AST). Il s&rsquo;agit d&rsquo;un formulaire \u00e9tabli et sign\u00e9 par un parent (ou responsable l\u00e9gal).<br \/>\nLe formulaire doit \u00eatre accompagn\u00e9 de la photocopie d&rsquo;une pi\u00e8ce d&rsquo;identit\u00e9 du parent signataire.<\/p>\n<hr \/>\n<p><span style=\"color: #ff0000;\"><strong>Vous pouvez vous rendre dans une Mairie \u00e9quip\u00e9e pour recevoir les demandes de cartes d&rsquo;identit\u00e9 ( Senones, Raon-L&rsquo;Etape, Saint-Di\u00e9-Des-Vosges&#8230;)*<\/strong><\/span><\/p>\n<p>Vous pouvez pr\u00e9parer la d\u00e9marche en effectuant une pr\u00e9-demande en ligne.<\/p>\n<div class=\"fiche-item-demarche\">\n<div class=\"format\">\n<p class=\"fiche-sur-titre\">Service en ligne<\/p>\n<h5 class=\"fiche-title-2\">Pr\u00e9-demande de carte d&rsquo;identit\u00e9<\/h5>\n<\/div>\n<p>Pour utiliser ce t\u00e9l\u00e9-service, il faut cr\u00e9er votre compte puis saisir les informations dans <span class=\"citation\">\u00ab <em>Pr\u00e9-demande CNI<\/em> \u00bb<\/span> en ligne (rubrique Mon compte &gt; Effectuer une nouvelle pr\u00e9-demande).<\/p>\n<div data-attention-geoperso-id=\"\"><a class=\"btn btn-primary\" title=\"Acc\u00e9der au service en ligne - Nouvelle fen\u00eatre\" href=\"https:\/\/passeport.ants.gouv.fr\/Services-associes\/Faire-une-pre-demande-CNI\" target=\"_blank\" rel=\"noopener noreferrer\" data-xiti-name=\"Particuliers::Vos_droits::Acceder_demarche::T\u00e9l\u00e9service_F1341_Carte_nationale_d_identite_d_un_majeur_:_premiere_demande\">Acc\u00e9der au service en ligne<\/a><\/div>\n<div class=\"demarche-button\">\n<p class=\"source\">Agence nationale des titres s\u00e9curis\u00e9s (ANTS)<\/p>\n<\/div>\n<\/div>\n<p>Il faudra ensuite vous rendre en Mairie<span style=\"color: #ff0000;\"><strong>*<\/strong><\/span> pour finaliser la demande avec les pi\u00e8ces justificatives.<\/p>\n<p>Le guichet r\u00e9cup\u00e9rera vos donn\u00e9es gr\u00e2ce au num\u00e9ro de pr\u00e9-demande, v\u00e9rifiera vos pi\u00e8ces justificatives et prendra les empreintes.<\/p>\n<p><img loading=\"lazy\" decoding=\"async\" class=\"alignnone wp-image-4838\" src=\"http:\/\/etival.fr\/wp-content\/uploads\/2017\/03\/PPNG_FlyerNATIONAL_SP_BAT-1-1-1.jpg\" alt=\"\" width=\"497\" height=\"706\" srcset=\"https:\/\/etival.fr\/wp-content\/uploads\/2017\/03\/PPNG_FlyerNATIONAL_SP_BAT-1-1-1.jpg 1000w, https:\/\/etival.fr\/wp-content\/uploads\/2017\/03\/PPNG_FlyerNATIONAL_SP_BAT-1-1-1-211x300.jpg 211w, https:\/\/etival.fr\/wp-content\/uploads\/2017\/03\/PPNG_FlyerNATIONAL_SP_BAT-1-1-1-768x1090.jpg 768w, https:\/\/etival.fr\/wp-content\/uploads\/2017\/03\/PPNG_FlyerNATIONAL_SP_BAT-1-1-1-722x1024.jpg 722w, https:\/\/etival.fr\/wp-content\/uploads\/2017\/03\/PPNG_FlyerNATIONAL_SP_BAT-1-1-1-624x885.jpg 624w\" sizes=\"auto, (max-width: 497px) 100vw, 497px\" \/>\u00a0\u00a0<img loading=\"lazy\" decoding=\"async\" class=\"alignnone wp-image-4837\" src=\"http:\/\/etival.fr\/wp-content\/uploads\/2017\/03\/Flyer_CNI_EMPREINTES-1-1.jpg\" alt=\"\" width=\"497\" height=\"706\" srcset=\"https:\/\/etival.fr\/wp-content\/uploads\/2017\/03\/Flyer_CNI_EMPREINTES-1-1.jpg 1000w, https:\/\/etival.fr\/wp-content\/uploads\/2017\/03\/Flyer_CNI_EMPREINTES-1-1-211x300.jpg 211w, https:\/\/etival.fr\/wp-content\/uploads\/2017\/03\/Flyer_CNI_EMPREINTES-1-1-768x1090.jpg 768w, https:\/\/etival.fr\/wp-content\/uploads\/2017\/03\/Flyer_CNI_EMPREINTES-1-1-722x1024.jpg 722w, https:\/\/etival.fr\/wp-content\/uploads\/2017\/03\/Flyer_CNI_EMPREINTES-1-1-624x885.jpg 624w\" sizes=\"auto, (max-width: 497px) 100vw, 497px\" \/><\/p>\n<p><img loading=\"lazy\" decoding=\"async\" class=\"alignnone wp-image-4836\" src=\"http:\/\/etival.fr\/wp-content\/uploads\/2017\/03\/bis.jpg\" alt=\"\" width=\"498\" height=\"707\" srcset=\"https:\/\/etival.fr\/wp-content\/uploads\/2017\/03\/bis.jpg 1000w, https:\/\/etival.fr\/wp-content\/uploads\/2017\/03\/bis-211x300.jpg 211w, https:\/\/etival.fr\/wp-content\/uploads\/2017\/03\/bis-768x1090.jpg 768w, https:\/\/etival.fr\/wp-content\/uploads\/2017\/03\/bis-722x1024.jpg 722w, https:\/\/etival.fr\/wp-content\/uploads\/2017\/03\/bis-624x885.jpg 624w\" sizes=\"auto, (max-width: 498px) 100vw, 498px\" \/><\/p>\n<p><strong><span style=\"color: #0000ff;\">CARTE D&rsquo;IDENTIT\u00c9<\/span><\/strong> <img loading=\"lazy\" decoding=\"async\" class=\"alignright wp-image-660\" src=\"http:\/\/etival.fr\/wp-content\/uploads\/2014\/09\/742211_carte-identite.jpg\" alt=\"742211_carte-identite\" width=\"272\" height=\"108\" srcset=\"https:\/\/etival.fr\/wp-content\/uploads\/2014\/09\/742211_carte-identite.jpg 589w, https:\/\/etival.fr\/wp-content\/uploads\/2014\/09\/742211_carte-identite-300x119.jpg 300w\" sizes=\"auto, (max-width: 272px) 100vw, 272px\" \/><br \/>\nDepuis le 1er janvier 2014, les cartes nationales d&rsquo;identit\u00e9 sont valables 15 ans pour les personnes majeures. Les cartes d\u00e9livr\u00e9es entre le 2 janvier 2004 et le 31 d\u00e9cembre 2013 sont automatiquement valides 15 ans sans d\u00e9marche \u00e0 accomplir.<\/p>\n<p><strong><span style=\"color: #0000ff;\">PASSEPORT<br \/>\n<\/span><\/strong><span style=\"color: #333333;\"><span style=\"color: #0000ff;\">Pour une personne majeure.<\/span><br \/>\nPasseport d&rsquo;une personne majeur : <a href=\"http:\/\/www.interieur.gouv.fr\/A-votre-service\/Mes-demarches\/Papiers-Citoyennete\/Etat-civil-Identite-Authentification\/Passeport\/Pour-une-personne-majeure\/Passeport-d-une-personne-majeure-premiere-demande\" target=\"_blank\" rel=\"noopener\">Premi\u00e8re demande<\/a><br \/>\n<span style=\"color: #333333;\">Passeport<\/span> d&rsquo;une personne majeur : <a href=\"http:\/\/www.interieur.gouv.fr\/A-votre-service\/Mes-demarches\/Papiers-Citoyennete\/Etat-civil-Identite-Authentification\/Passeport\/Pour-une-personne-majeure\/Passeport-d-une-personne-majeure-renouvellement\" target=\"_blank\" rel=\"noopener\">Renouvellement <span style=\"color: #333333;\"><br \/>\n<\/span><\/a> <span style=\"color: #333333;\"><span style=\"color: #333333;\">Passeport<\/span> d&rsquo;une personne majeur <\/span>: <a href=\"http:\/\/www.interieur.gouv.fr\/A-votre-service\/Mes-demarches\/Papiers-Citoyennete\/Etat-civil-Identite-Authentification\/Passeport\/Pour-une-personne-majeure\/Passeport-d-une-personne-majeure-en-cas-de-perte\" target=\"_blank\" rel=\"noopener\">En cas de perte<\/a><br \/>\n<span style=\"color: #333333;\"><span style=\"color: #333333;\">Passeport<\/span> d&rsquo;une personne majeur <\/span>: <a href=\"http:\/\/www.interieur.gouv.fr\/A-votre-service\/Mes-demarches\/Papiers-Citoyennete\/Etat-civil-Identite-Authentification\/Passeport\/Pour-une-personne-majeure\/Passeport-d-une-personne-majeure-en-cas-de-vol\" target=\"_blank\" rel=\"noopener\">En cas de vol<\/a><br \/>\nPasseport temporaire pour une personne majeur : <a href=\"http:\/\/www.interieur.gouv.fr\/A-votre-service\/Mes-demarches\/Papiers-Citoyennete\/Etat-civil-Identite-Authentification\/Passeport\/Pour-une-personne-majeure\/Passeport-temporaire-pour-une-personne-majeure-delivrance-en-urgence\" target=\"_blank\" rel=\"noopener\">d\u00e9livrance en urgence<\/a><br \/>\n<span style=\"color: #0000ff;\">Pour une personne mineur.<\/span><br \/>\n<span style=\"color: #333333;\"><span style=\"color: #333333;\">Passeport<\/span> d&rsquo;une personne mineur <\/span>: <a href=\"http:\/\/www.interieur.gouv.fr\/A-votre-service\/Mes-demarches\/Papiers-Citoyennete\/Etat-civil-Identite-Authentification\/Passeport\/Pour-un-mineur\/Passeport-d-un-mineur-premiere-demande\" target=\"_blank\" rel=\"noopener\">Premi\u00e8re demande<\/a><br \/>\n<span style=\"color: #333333;\"><span style=\"color: #333333;\">Passeport<\/span> d&rsquo;une personne mineur <\/span>: <a href=\"http:\/\/www.interieur.gouv.fr\/A-votre-service\/Mes-demarches\/Papiers-Citoyennete\/Etat-civil-Identite-Authentification\/Passeport\/Pour-un-mineur\/Passeport-d-un-mineur-renouvellement\" target=\"_blank\" rel=\"noopener\">Renouvellement<\/a><br \/>\n<span style=\"color: #333333;\"><span style=\"color: #333333;\">Passeport<\/span> d&rsquo;une personne mineur :<\/span> <a href=\"http:\/\/www.interieur.gouv.fr\/A-votre-service\/Mes-demarches\/Papiers-Citoyennete\/Etat-civil-Identite-Authentification\/Passeport\/Pour-un-mineur\/Passeport-d-un-mineur-en-cas-de-perte\" target=\"_blank\" rel=\"noopener\">En cas de perte<\/a><br \/>\n<span style=\"color: #333333;\"><span style=\"color: #333333;\">Passeport<\/span> d&rsquo;une personne mineur :<\/span> <a href=\"http:\/\/www.interieur.gouv.fr\/A-votre-service\/Mes-demarches\/Papiers-Citoyennete\/Etat-civil-Identite-Authentification\/Passeport\/Pour-un-mineur\/Passeport-d-un-mineur-en-cas-de-vol\" target=\"_blank\" rel=\"noopener\">En cas de vol <\/a><\/span><br \/>\n<span style=\"color: #333333;\">Passeport temporaire pour une personne mineur : <a href=\"http:\/\/www.interieur.gouv.fr\/A-votre-service\/Mes-demarches\/Papiers-Citoyennete\/Etat-civil-Identite-Authentification\/Passeport\/Pour-un-mineur\/Passeport-temporaire-pour-un-mineur-delivrance-en-urgence\" target=\"_blank\" rel=\"noopener\">d\u00e9livrance en urgence<\/a><\/span><\/p>\n<p><span style=\"color: #0000ff;\"><b>CARTE GRISE<br \/>\n<\/b><\/span><span style=\"font-size: 1rem; color: #0000ff;\">A la suite d&rsquo;une mise \u00e0 jour des d\u00e9marches relatives au changement d&rsquo;adresse<br \/>\n<\/span><span style=\"font-size: 1rem;\">pour les carte grise, il y a deux possibilit\u00e9s pour effectuer ces d\u00e9marches :<\/span><\/p>\n<div>\n<div>\n<p>&#8211; Aupr\u00e8s d&rsquo;un\u00a0\u00a0garagiste certifi\u00e9\u00a0au SIV (Syst\u00e8me d\u2019Immatriculation du V\u00e9hicule)<\/p>\n<\/div>\n<div>&#8211; En vous rendant sur\u00a0\u00a0<a href=\"https:\/\/ants.gouv.fr\/monespace\/s-inscrire\" target=\"_blank\" rel=\"noopener\">https:\/\/ants.gouv.fr\/monespace\/s-inscrire<\/a><\/div>\n<div><\/div>\n<\/div>\n<div><\/div>\n<div><img loading=\"lazy\" decoding=\"async\" class=\"alignnone wp-image-7356\" src=\"http:\/\/etival.fr\/wp-content\/uploads\/2019\/04\/Carte-grise-2019-Logo.jpg\" alt=\"\" width=\"548\" height=\"778\" srcset=\"https:\/\/etival.fr\/wp-content\/uploads\/2019\/04\/Carte-grise-2019-Logo.jpg 851w, https:\/\/etival.fr\/wp-content\/uploads\/2019\/04\/Carte-grise-2019-Logo-211x300.jpg 211w, https:\/\/etival.fr\/wp-content\/uploads\/2019\/04\/Carte-grise-2019-Logo-768x1090.jpg 768w, https:\/\/etival.fr\/wp-content\/uploads\/2019\/04\/Carte-grise-2019-Logo-721x1024.jpg 721w, https:\/\/etival.fr\/wp-content\/uploads\/2019\/04\/Carte-grise-2019-Logo-624x886.jpg 624w\" sizes=\"auto, (max-width: 548px) 100vw, 548px\" \/><\/div>\n<div><\/div>\n","protected":false},"excerpt":{"rendered":"<p>cerfa n\u00b015646*01 Autorisation de sortie du territoire (AST) d&rsquo;un mineur non accompagn\u00e9 par un titulaire de l&rsquo;autorit\u00e9 parentale. \u00c0 compter du 15 janvier 2017, un enfant mineur qui vit en France et voyage \u00e0 l&rsquo;\u00e9tranger seul ou sans \u00eatre accompagn\u00e9 de l&rsquo;un de ses parents doit \u00eatre muni d&rsquo;une autorisation de sortie du territoire (AST). [&hellip;]<\/p>\n","protected":false},"author":1,"featured_media":0,"parent":2,"menu_order":40,"comment_status":"closed","ping_status":"open","template":"page-templates\/front-page.php","meta":{"footnotes":""},"class_list":["post-25","page","type-page","status-publish","hentry"],"yoast_head":"<!-- This site is optimized with the Yoast SEO plugin v26.8 - https:\/\/yoast.com\/product\/yoast-seo-wordpress\/ -->\n<title>D\u00e9marches administratives - Etival-Clairefontaine<\/title>\n<meta name=\"robots\" content=\"index, follow, max-snippet:-1, max-image-preview:large, max-video-preview:-1\" \/>\n<link rel=\"canonical\" href=\"https:\/\/etival.fr\/?page_id=25\" \/>\n<meta property=\"og:locale\" content=\"fr_FR\" \/>\n<meta property=\"og:type\" content=\"article\" \/>\n<meta property=\"og:title\" content=\"D\u00e9marches administratives - Etival-Clairefontaine\" \/>\n<meta property=\"og:description\" content=\"cerfa n\u00b015646*01 Autorisation de sortie du territoire (AST) d&rsquo;un mineur non accompagn\u00e9 par un titulaire de l&rsquo;autorit\u00e9 parentale. \u00c0 compter du 15 janvier 2017, un enfant mineur qui vit en France et voyage \u00e0 l&rsquo;\u00e9tranger seul ou sans \u00eatre accompagn\u00e9 de l&rsquo;un de ses parents doit \u00eatre muni d&rsquo;une autorisation de sortie du territoire (AST). [&hellip;]\" \/>\n<meta property=\"og:url\" content=\"https:\/\/etival.fr\/?page_id=25\" \/>\n<meta property=\"og:site_name\" content=\"Etival-Clairefontaine\" \/>\n<meta property=\"article:modified_time\" content=\"2022-10-01T07:18:26+00:00\" \/>\n<meta property=\"og:image\" content=\"http:\/\/etival.fr\/wp-content\/uploads\/2017\/03\/PPNG_FlyerNATIONAL_SP_BAT-1-1-1.jpg\" \/>\n<meta name=\"twitter:card\" content=\"summary_large_image\" \/>\n<meta name=\"twitter:label1\" content=\"Dur\u00e9e de lecture estim\u00e9e\" \/>\n\t<meta name=\"twitter:data1\" content=\"3 minutes\" \/>\n<script type=\"application\/ld+json\" class=\"yoast-schema-graph\">{\"@context\":\"https:\/\/schema.org\",\"@graph\":[{\"@type\":\"WebPage\",\"@id\":\"https:\/\/etival.fr\/?page_id=25\",\"url\":\"https:\/\/etival.fr\/?page_id=25\",\"name\":\"D\u00e9marches administratives - Etival-Clairefontaine\",\"isPartOf\":{\"@id\":\"https:\/\/etival.fr\/#website\"},\"primaryImageOfPage\":{\"@id\":\"https:\/\/etival.fr\/?page_id=25#primaryimage\"},\"image\":{\"@id\":\"https:\/\/etival.fr\/?page_id=25#primaryimage\"},\"thumbnailUrl\":\"http:\/\/etival.fr\/wp-content\/uploads\/2017\/03\/PPNG_FlyerNATIONAL_SP_BAT-1-1-1.jpg\",\"datePublished\":\"2014-07-14T17:29:17+00:00\",\"dateModified\":\"2022-10-01T07:18:26+00:00\",\"breadcrumb\":{\"@id\":\"https:\/\/etival.fr\/?page_id=25#breadcrumb\"},\"inLanguage\":\"fr-FR\",\"potentialAction\":[{\"@type\":\"ReadAction\",\"target\":[\"https:\/\/etival.fr\/?page_id=25\"]}]},{\"@type\":\"ImageObject\",\"inLanguage\":\"fr-FR\",\"@id\":\"https:\/\/etival.fr\/?page_id=25#primaryimage\",\"url\":\"https:\/\/etival.fr\/wp-content\/uploads\/2017\/03\/PPNG_FlyerNATIONAL_SP_BAT-1-1-1.jpg\",\"contentUrl\":\"https:\/\/etival.fr\/wp-content\/uploads\/2017\/03\/PPNG_FlyerNATIONAL_SP_BAT-1-1-1.jpg\",\"width\":1000,\"height\":1419},{\"@type\":\"BreadcrumbList\",\"@id\":\"https:\/\/etival.fr\/?page_id=25#breadcrumb\",\"itemListElement\":[{\"@type\":\"ListItem\",\"position\":1,\"name\":\"Accueil\",\"item\":\"https:\/\/etival.fr\/\"},{\"@type\":\"ListItem\",\"position\":2,\"name\":\"Votre mairie\",\"item\":\"https:\/\/etival.fr\/?page_id=2\"},{\"@type\":\"ListItem\",\"position\":3,\"name\":\"D\u00e9marches administratives\"}]},{\"@type\":\"WebSite\",\"@id\":\"https:\/\/etival.fr\/#website\",\"url\":\"https:\/\/etival.fr\/\",\"name\":\"Etival-Clairefontaine\",\"description\":\"Informations et actualit\u00e9s de la commune\",\"potentialAction\":[{\"@type\":\"SearchAction\",\"target\":{\"@type\":\"EntryPoint\",\"urlTemplate\":\"https:\/\/etival.fr\/?s={search_term_string}\"},\"query-input\":{\"@type\":\"PropertyValueSpecification\",\"valueRequired\":true,\"valueName\":\"search_term_string\"}}],\"inLanguage\":\"fr-FR\"}]}<\/script>\n<!-- \/ Yoast SEO plugin. -->","yoast_head_json":{"title":"D\u00e9marches administratives - Etival-Clairefontaine","robots":{"index":"index","follow":"follow","max-snippet":"max-snippet:-1","max-image-preview":"max-image-preview:large","max-video-preview":"max-video-preview:-1"},"canonical":"https:\/\/etival.fr\/?page_id=25","og_locale":"fr_FR","og_type":"article","og_title":"D\u00e9marches administratives - Etival-Clairefontaine","og_description":"cerfa n\u00b015646*01 Autorisation de sortie du territoire (AST) d&rsquo;un mineur non accompagn\u00e9 par un titulaire de l&rsquo;autorit\u00e9 parentale. \u00c0 compter du 15 janvier 2017, un enfant mineur qui vit en France et voyage \u00e0 l&rsquo;\u00e9tranger seul ou sans \u00eatre accompagn\u00e9 de l&rsquo;un de ses parents doit \u00eatre muni d&rsquo;une autorisation de sortie du territoire (AST). [&hellip;]","og_url":"https:\/\/etival.fr\/?page_id=25","og_site_name":"Etival-Clairefontaine","article_modified_time":"2022-10-01T07:18:26+00:00","og_image":[{"url":"http:\/\/etival.fr\/wp-content\/uploads\/2017\/03\/PPNG_FlyerNATIONAL_SP_BAT-1-1-1.jpg","type":"","width":"","height":""}],"twitter_card":"summary_large_image","twitter_misc":{"Dur\u00e9e de lecture estim\u00e9e":"3 minutes"},"schema":{"@context":"https:\/\/schema.org","@graph":[{"@type":"WebPage","@id":"https:\/\/etival.fr\/?page_id=25","url":"https:\/\/etival.fr\/?page_id=25","name":"D\u00e9marches administratives - Etival-Clairefontaine","isPartOf":{"@id":"https:\/\/etival.fr\/#website"},"primaryImageOfPage":{"@id":"https:\/\/etival.fr\/?page_id=25#primaryimage"},"image":{"@id":"https:\/\/etival.fr\/?page_id=25#primaryimage"},"thumbnailUrl":"http:\/\/etival.fr\/wp-content\/uploads\/2017\/03\/PPNG_FlyerNATIONAL_SP_BAT-1-1-1.jpg","datePublished":"2014-07-14T17:29:17+00:00","dateModified":"2022-10-01T07:18:26+00:00","breadcrumb":{"@id":"https:\/\/etival.fr\/?page_id=25#breadcrumb"},"inLanguage":"fr-FR","potentialAction":[{"@type":"ReadAction","target":["https:\/\/etival.fr\/?page_id=25"]}]},{"@type":"ImageObject","inLanguage":"fr-FR","@id":"https:\/\/etival.fr\/?page_id=25#primaryimage","url":"https:\/\/etival.fr\/wp-content\/uploads\/2017\/03\/PPNG_FlyerNATIONAL_SP_BAT-1-1-1.jpg","contentUrl":"https:\/\/etival.fr\/wp-content\/uploads\/2017\/03\/PPNG_FlyerNATIONAL_SP_BAT-1-1-1.jpg","width":1000,"height":1419},{"@type":"BreadcrumbList","@id":"https:\/\/etival.fr\/?page_id=25#breadcrumb","itemListElement":[{"@type":"ListItem","position":1,"name":"Accueil","item":"https:\/\/etival.fr\/"},{"@type":"ListItem","position":2,"name":"Votre mairie","item":"https:\/\/etival.fr\/?page_id=2"},{"@type":"ListItem","position":3,"name":"D\u00e9marches administratives"}]},{"@type":"WebSite","@id":"https:\/\/etival.fr\/#website","url":"https:\/\/etival.fr\/","name":"Etival-Clairefontaine","description":"Informations et actualit\u00e9s de la commune","potentialAction":[{"@type":"SearchAction","target":{"@type":"EntryPoint","urlTemplate":"https:\/\/etival.fr\/?s={search_term_string}"},"query-input":{"@type":"PropertyValueSpecification","valueRequired":true,"valueName":"search_term_string"}}],"inLanguage":"fr-FR"}]}},"_links":{"self":[{"href":"https:\/\/etival.fr\/index.php?rest_route=\/wp\/v2\/pages\/25","targetHints":{"allow":["GET"]}}],"collection":[{"href":"https:\/\/etival.fr\/index.php?rest_route=\/wp\/v2\/pages"}],"about":[{"href":"https:\/\/etival.fr\/index.php?rest_route=\/wp\/v2\/types\/page"}],"author":[{"embeddable":true,"href":"https:\/\/etival.fr\/index.php?rest_route=\/wp\/v2\/users\/1"}],"replies":[{"embeddable":true,"href":"https:\/\/etival.fr\/index.php?rest_route=%2Fwp%2Fv2%2Fcomments&post=25"}],"version-history":[{"count":26,"href":"https:\/\/etival.fr\/index.php?rest_route=\/wp\/v2\/pages\/25\/revisions"}],"predecessor-version":[{"id":10425,"href":"https:\/\/etival.fr\/index.php?rest_route=\/wp\/v2\/pages\/25\/revisions\/10425"}],"up":[{"embeddable":true,"href":"https:\/\/etival.fr\/index.php?rest_route=\/wp\/v2\/pages\/2"}],"wp:attachment":[{"href":"https:\/\/etival.fr\/index.php?rest_route=%2Fwp%2Fv2%2Fmedia&parent=25"}],"curies":[{"name":"wp","href":"https:\/\/api.w.org\/{rel}","templated":true}]}}