{"id":2551,"date":"2015-07-16T09:20:25","date_gmt":"2015-07-16T08:20:25","guid":{"rendered":"http:\/\/etival.fr\/?page_id=2551"},"modified":"2025-09-11T06:33:50","modified_gmt":"2025-09-11T05:33:50","slug":"fioul","status":"publish","type":"page","link":"https:\/\/etival.fr\/?page_id=2551","title":{"rendered":"PELLETS"},"content":{"rendered":"<p>Approvisionnement en\u00a0pellets<br \/>Demande d\u2019achat \u00e0 t\u00e9l\u00e9charger <strong>ICI<\/strong><br \/>Conditions de groupement <strong>ICI<\/strong><\/p>\n<p><span style=\"color: #ff0000;\"><strong>ATTENTION LES DEUX DOCUMENTS SONT \u00c0 SIGNER.<\/strong><\/span><\/p>\n<p>Date limite du groupement :\u00a0<strong><span style=\"color: #ff0000;\">JUILLET 2026<\/span><\/strong><\/p>\n\n\n<p><\/p>\n","protected":false},"excerpt":{"rendered":"<p>Approvisionnement en\u00a0pelletsDemande d\u2019achat \u00e0 t\u00e9l\u00e9charger ICIConditions de groupement ICI ATTENTION LES DEUX DOCUMENTS SONT \u00c0 SIGNER. Date limite du groupement :\u00a0JUILLET 2026<\/p>\n","protected":false},"author":2,"featured_media":0,"parent":0,"menu_order":0,"comment_status":"closed","ping_status":"open","template":"","meta":{"footnotes":""},"class_list":["post-2551","page","type-page","status-publish","hentry"],"yoast_head":"<!-- This site is optimized with the Yoast SEO plugin v26.8 - https:\/\/yoast.com\/product\/yoast-seo-wordpress\/ -->\n<title>PELLETS - Etival-Clairefontaine<\/title>\n<meta name=\"robots\" content=\"index, follow, max-snippet:-1, max-image-preview:large, max-video-preview:-1\" \/>\n<link rel=\"canonical\" href=\"https:\/\/etival.fr\/?page_id=2551\" \/>\n<meta property=\"og:locale\" content=\"fr_FR\" \/>\n<meta property=\"og:type\" content=\"article\" \/>\n<meta property=\"og:title\" content=\"PELLETS - Etival-Clairefontaine\" \/>\n<meta property=\"og:description\" content=\"Approvisionnement en\u00a0pelletsDemande d\u2019achat \u00e0 t\u00e9l\u00e9charger ICIConditions de groupement ICI ATTENTION LES DEUX DOCUMENTS SONT \u00c0 SIGNER. Date limite du groupement :\u00a0JUILLET 2026\" \/>\n<meta property=\"og:url\" content=\"https:\/\/etival.fr\/?page_id=2551\" \/>\n<meta property=\"og:site_name\" content=\"Etival-Clairefontaine\" \/>\n<meta property=\"article:modified_time\" content=\"2025-09-11T05:33:50+00:00\" \/>\n<meta name=\"twitter:card\" content=\"summary_large_image\" \/>\n<meta name=\"twitter:label1\" content=\"Dur\u00e9e de lecture estim\u00e9e\" \/>\n\t<meta name=\"twitter:data1\" content=\"1 minute\" \/>\n<script type=\"application\/ld+json\" class=\"yoast-schema-graph\">{\"@context\":\"https:\/\/schema.org\",\"@graph\":[{\"@type\":\"WebPage\",\"@id\":\"https:\/\/etival.fr\/?page_id=2551\",\"url\":\"https:\/\/etival.fr\/?page_id=2551\",\"name\":\"PELLETS - Etival-Clairefontaine\",\"isPartOf\":{\"@id\":\"https:\/\/etival.fr\/#website\"},\"datePublished\":\"2015-07-16T08:20:25+00:00\",\"dateModified\":\"2025-09-11T05:33:50+00:00\",\"breadcrumb\":{\"@id\":\"https:\/\/etival.fr\/?page_id=2551#breadcrumb\"},\"inLanguage\":\"fr-FR\",\"potentialAction\":[{\"@type\":\"ReadAction\",\"target\":[\"https:\/\/etival.fr\/?page_id=2551\"]}]},{\"@type\":\"BreadcrumbList\",\"@id\":\"https:\/\/etival.fr\/?page_id=2551#breadcrumb\",\"itemListElement\":[{\"@type\":\"ListItem\",\"position\":1,\"name\":\"Accueil\",\"item\":\"https:\/\/etival.fr\/\"},{\"@type\":\"ListItem\",\"position\":2,\"name\":\"PELLETS\"}]},{\"@type\":\"WebSite\",\"@id\":\"https:\/\/etival.fr\/#website\",\"url\":\"https:\/\/etival.fr\/\",\"name\":\"Etival-Clairefontaine\",\"description\":\"Informations et actualit\u00e9s de la commune\",\"potentialAction\":[{\"@type\":\"SearchAction\",\"target\":{\"@type\":\"EntryPoint\",\"urlTemplate\":\"https:\/\/etival.fr\/?s={search_term_string}\"},\"query-input\":{\"@type\":\"PropertyValueSpecification\",\"valueRequired\":true,\"valueName\":\"search_term_string\"}}],\"inLanguage\":\"fr-FR\"}]}<\/script>\n<!-- \/ Yoast SEO plugin. -->","yoast_head_json":{"title":"PELLETS - Etival-Clairefontaine","robots":{"index":"index","follow":"follow","max-snippet":"max-snippet:-1","max-image-preview":"max-image-preview:large","max-video-preview":"max-video-preview:-1"},"canonical":"https:\/\/etival.fr\/?page_id=2551","og_locale":"fr_FR","og_type":"article","og_title":"PELLETS - Etival-Clairefontaine","og_description":"Approvisionnement en\u00a0pelletsDemande d\u2019achat \u00e0 t\u00e9l\u00e9charger ICIConditions de groupement ICI ATTENTION LES DEUX DOCUMENTS SONT \u00c0 SIGNER. Date limite du groupement :\u00a0JUILLET 2026","og_url":"https:\/\/etival.fr\/?page_id=2551","og_site_name":"Etival-Clairefontaine","article_modified_time":"2025-09-11T05:33:50+00:00","twitter_card":"summary_large_image","twitter_misc":{"Dur\u00e9e de lecture estim\u00e9e":"1 minute"},"schema":{"@context":"https:\/\/schema.org","@graph":[{"@type":"WebPage","@id":"https:\/\/etival.fr\/?page_id=2551","url":"https:\/\/etival.fr\/?page_id=2551","name":"PELLETS - Etival-Clairefontaine","isPartOf":{"@id":"https:\/\/etival.fr\/#website"},"datePublished":"2015-07-16T08:20:25+00:00","dateModified":"2025-09-11T05:33:50+00:00","breadcrumb":{"@id":"https:\/\/etival.fr\/?page_id=2551#breadcrumb"},"inLanguage":"fr-FR","potentialAction":[{"@type":"ReadAction","target":["https:\/\/etival.fr\/?page_id=2551"]}]},{"@type":"BreadcrumbList","@id":"https:\/\/etival.fr\/?page_id=2551#breadcrumb","itemListElement":[{"@type":"ListItem","position":1,"name":"Accueil","item":"https:\/\/etival.fr\/"},{"@type":"ListItem","position":2,"name":"PELLETS"}]},{"@type":"WebSite","@id":"https:\/\/etival.fr\/#website","url":"https:\/\/etival.fr\/","name":"Etival-Clairefontaine","description":"Informations et actualit\u00e9s de la commune","potentialAction":[{"@type":"SearchAction","target":{"@type":"EntryPoint","urlTemplate":"https:\/\/etival.fr\/?s={search_term_string}"},"query-input":{"@type":"PropertyValueSpecification","valueRequired":true,"valueName":"search_term_string"}}],"inLanguage":"fr-FR"}]}},"_links":{"self":[{"href":"https:\/\/etival.fr\/index.php?rest_route=\/wp\/v2\/pages\/2551","targetHints":{"allow":["GET"]}}],"collection":[{"href":"https:\/\/etival.fr\/index.php?rest_route=\/wp\/v2\/pages"}],"about":[{"href":"https:\/\/etival.fr\/index.php?rest_route=\/wp\/v2\/types\/page"}],"author":[{"embeddable":true,"href":"https:\/\/etival.fr\/index.php?rest_route=\/wp\/v2\/users\/2"}],"replies":[{"embeddable":true,"href":"https:\/\/etival.fr\/index.php?rest_route=%2Fwp%2Fv2%2Fcomments&post=2551"}],"version-history":[{"count":44,"href":"https:\/\/etival.fr\/index.php?rest_route=\/wp\/v2\/pages\/2551\/revisions"}],"predecessor-version":[{"id":13067,"href":"https:\/\/etival.fr\/index.php?rest_route=\/wp\/v2\/pages\/2551\/revisions\/13067"}],"wp:attachment":[{"href":"https:\/\/etival.fr\/index.php?rest_route=%2Fwp%2Fv2%2Fmedia&parent=2551"}],"curies":[{"name":"wp","href":"https:\/\/api.w.org\/{rel}","templated":true}]}}