{"id":3402,"date":"2016-02-05T08:38:42","date_gmt":"2016-02-05T07:38:42","guid":{"rendered":"http:\/\/etival.fr\/?page_id=3402"},"modified":"2016-02-05T08:46:04","modified_gmt":"2016-02-05T07:46:04","slug":"detention-de-chiens-de-categorie-1-et-2","status":"publish","type":"page","link":"https:\/\/etival.fr\/?page_id=3402","title":{"rendered":"D\u00e9tention de chiens de cat\u00e9gorie 1 et 2"},"content":{"rendered":"<div class=\"page-header\">\n<p>2\u00e8me cat\u00e9gorie : chien de garde et de d\u00e9fense<br \/>\n1\u00e8re cat\u00e9gorie = chiens d\u2019attaque, n\u2019existe plus suite \u00e0 l\u2019obligation de st\u00e9rilisation<\/p>\n<\/div>\n<div>\n<p><strong>Obligation<\/strong> du propri\u00e9taire ou du d\u00e9tenteur avant de demander un permis de d\u00e9tention :<\/p>\n<ul>\n<li>Avoir rempli le formulaire cerfa n\u00b0 13996*01 disponible sur ce lien : <a href=\"https:\/\/www.formulaires.modernisation.gouv.fr\/gf\/showFormulaireSignaletiqueConsulter.do?numCerfa=13996\" target=\"_blank\"><span style=\"color: #0066cc;\">https:\/\/www.formulaires.modernisation.gouv.fr\/gf\/showFormulaireSignaletiqueConsulter.do?numCerfa=13996<\/span><\/a><\/li>\n<li>Etre titulaire d\u2019une <strong>attestation d\u2019aptitude<\/strong> (formation obligatoire)<\/li>\n<li>Etre en possession du certificat d\u00e9livr\u00e9 par le v\u00e9t\u00e9rinaire sur l\u2019\u00e9valuation comportementale du chien<\/li>\n<li>Pr\u00e9senter un justificatif d\u2019identification du chien<\/li>\n<li>Pr\u00e9senter un certificat de vaccination antirabique du chien <strong>en cours de validit\u00e9<\/strong><\/li>\n<li>Pr\u00e9senter une attestation d\u2019assurance responsabilit\u00e9 civile <strong>en cours de validit\u00e9<\/strong><\/li>\n<li>Pr\u00e9senter une pi\u00e8ce d\u2019identit\u00e9<\/li>\n<\/ul>\n<p>Un chien qui a moins de 8 mois ne peut donc \u00eatre \u00e9valu\u00e9. Un permis de d\u00e9tention provisoire valable jusqu\u2019au 1 an du chien peut \u00eatre d\u00e9livr\u00e9 sur pr\u00e9sentation des documents suivants :<\/p>\n<ul>\n<li>Formulaire cerfa n\u00b0 13997*01 d\u00fbment rempli, disponible sur ce lien : <a href=\"https:\/\/www.formulaires.modernisation.gouv.fr\/gf\/showFormulaireSignaletiqueConsulter.do?numCerfa=13997\" target=\"_blank\"><span style=\"color: #0066cc;\">https:\/\/www.formulaires.modernisation.gouv.fr\/gf\/showFormulaireSignaletiqueConsulter.do?numCerfa=13997<\/span><\/a><\/li>\n<li>Etre titulaire d\u2019une <strong>attestation d\u2019aptitude<\/strong> (formation obligatoire)<\/li>\n<li>Pr\u00e9senter un justificatif d\u2019identification du chien<\/li>\n<li>Pr\u00e9senter un certificat de vaccination antirabique du chien <strong>en cours de validit\u00e9<\/strong><\/li>\n<li>Pr\u00e9senter une attestation d\u2019assurance responsabilit\u00e9 civile <strong>en cours de validit\u00e9<\/strong><\/li>\n<li>Pr\u00e9senter une pi\u00e8ce d\u2019identit\u00e9<\/li>\n<\/ul>\n<p><strong>Le Maire peut refuser la d\u00e9livrance d\u2019un permis de d\u00e9tention si :<\/strong><\/p>\n<ul>\n<li>les r\u00e9sultats de l\u2019\u00e9valuation comportementale de l\u2019animal le justifient<\/li>\n<li>la demande est incompl\u00e8te<\/li>\n<\/ul>\n<p>En cas d\u2019accord, un arr\u00eat\u00e9 municipal est \u00e9tabli : \u00ab permis de d\u00e9tention d\u2019un chien de 2\u00e8me cat\u00e9gorie \u00bb ou \u00ab permis de d\u00e9tention provisoire d\u2019un chien de 2\u00e8me cat\u00e9gorie \u2013 \u00e2g\u00e9 de moins d\u20191 an \u00bb.<\/p>\n<p>Le propri\u00e9taire ou le d\u00e9tenteur est tenu de se pr\u00e9senter au bureau de Police Municipale avec l\u2019<strong>original du passeport<\/strong> europ\u00e9en de son chien.<\/p>\n<p>Le num\u00e9ro et la date de d\u00e9livrance de l\u2019arr\u00eat\u00e9 municipal y seront inscrits par un agent de la Police Municipale.<\/p>\n<p>Pour votre information :<\/p>\n<p>La d\u00e9livrance du permis de d\u00e9tention n\u2019a pas de dur\u00e9e de validit\u00e9, cependant son propri\u00e9taire <strong>doit en permanence v\u00e9rifier<\/strong> :<\/p>\n<ul>\n<li>la validit\u00e9 de la vaccination antirabique<\/li>\n<li>la validit\u00e9 de son assurance responsabilit\u00e9 civile<\/li>\n<\/ul>\n<p><strong>A d\u00e9faut, le permis est retir\u00e9.<\/strong><\/p>\n<p><strong>En cas de changement de Commune de r\u00e9sidence, le propri\u00e9taire ou le d\u00e9tenteur est tenu de pr\u00e9senter son permis de d\u00e9tention \u00e0 la Mairie de son nouveau domicile.<\/strong><\/p>\n<p>S\u2019il est constat\u00e9 que le propri\u00e9taire ou le d\u00e9tenteur du chien ne poss\u00e8de pas de permis de d\u00e9tention, le Maire ou le Pr\u00e9fet, peut le mettre en demeure de r\u00e9gulariser sa situation sous 1 mois maximum. En l\u2019absence de r\u00e9gularisation, le chien peut \u00eatre plac\u00e9 en fourri\u00e8re et \u00eatre euthanasi\u00e9 (aux frais du propri\u00e9taire).<\/p>\n<\/div>\n","protected":false},"excerpt":{"rendered":"<p>2\u00e8me cat\u00e9gorie : chien de garde et de d\u00e9fense 1\u00e8re cat\u00e9gorie = chiens d\u2019attaque, n\u2019existe plus suite \u00e0 l\u2019obligation de st\u00e9rilisation Obligation du propri\u00e9taire ou du d\u00e9tenteur avant de demander un permis de d\u00e9tention : Avoir rempli le formulaire cerfa n\u00b0 13996*01 disponible sur ce lien : https:\/\/www.formulaires.modernisation.gouv.fr\/gf\/showFormulaireSignaletiqueConsulter.do?numCerfa=13996 Etre titulaire d\u2019une attestation d\u2019aptitude (formation obligatoire) [&hellip;]<\/p>\n","protected":false},"author":2,"featured_media":0,"parent":0,"menu_order":0,"comment_status":"closed","ping_status":"open","template":"","meta":{"footnotes":""},"class_list":["post-3402","page","type-page","status-publish","hentry"],"yoast_head":"<!-- This site is optimized with the Yoast SEO plugin v26.8 - https:\/\/yoast.com\/product\/yoast-seo-wordpress\/ -->\n<title>D\u00e9tention de chiens de cat\u00e9gorie 1 et 2 - Etival-Clairefontaine<\/title>\n<meta name=\"robots\" content=\"index, follow, max-snippet:-1, max-image-preview:large, max-video-preview:-1\" \/>\n<link rel=\"canonical\" href=\"https:\/\/etival.fr\/?page_id=3402\" \/>\n<meta property=\"og:locale\" content=\"fr_FR\" \/>\n<meta property=\"og:type\" content=\"article\" \/>\n<meta property=\"og:title\" content=\"D\u00e9tention de chiens de cat\u00e9gorie 1 et 2 - Etival-Clairefontaine\" \/>\n<meta property=\"og:description\" content=\"2\u00e8me cat\u00e9gorie : chien de garde et de d\u00e9fense 1\u00e8re cat\u00e9gorie = chiens d\u2019attaque, n\u2019existe plus suite \u00e0 l\u2019obligation de st\u00e9rilisation Obligation du propri\u00e9taire ou du d\u00e9tenteur avant de demander un permis de d\u00e9tention : Avoir rempli le formulaire cerfa n\u00b0 13996*01 disponible sur ce lien : https:\/\/www.formulaires.modernisation.gouv.fr\/gf\/showFormulaireSignaletiqueConsulter.do?numCerfa=13996 Etre titulaire d\u2019une attestation d\u2019aptitude (formation obligatoire) [&hellip;]\" \/>\n<meta property=\"og:url\" content=\"https:\/\/etival.fr\/?page_id=3402\" \/>\n<meta property=\"og:site_name\" content=\"Etival-Clairefontaine\" \/>\n<meta property=\"article:modified_time\" content=\"2016-02-05T07:46:04+00:00\" \/>\n<meta name=\"twitter:card\" content=\"summary_large_image\" \/>\n<meta name=\"twitter:label1\" content=\"Dur\u00e9e de lecture estim\u00e9e\" \/>\n\t<meta name=\"twitter:data1\" content=\"2 minutes\" \/>\n<script type=\"application\/ld+json\" class=\"yoast-schema-graph\">{\"@context\":\"https:\/\/schema.org\",\"@graph\":[{\"@type\":\"WebPage\",\"@id\":\"https:\/\/etival.fr\/?page_id=3402\",\"url\":\"https:\/\/etival.fr\/?page_id=3402\",\"name\":\"D\u00e9tention de chiens de cat\u00e9gorie 1 et 2 - Etival-Clairefontaine\",\"isPartOf\":{\"@id\":\"https:\/\/etival.fr\/#website\"},\"datePublished\":\"2016-02-05T07:38:42+00:00\",\"dateModified\":\"2016-02-05T07:46:04+00:00\",\"breadcrumb\":{\"@id\":\"https:\/\/etival.fr\/?page_id=3402#breadcrumb\"},\"inLanguage\":\"fr-FR\",\"potentialAction\":[{\"@type\":\"ReadAction\",\"target\":[\"https:\/\/etival.fr\/?page_id=3402\"]}]},{\"@type\":\"BreadcrumbList\",\"@id\":\"https:\/\/etival.fr\/?page_id=3402#breadcrumb\",\"itemListElement\":[{\"@type\":\"ListItem\",\"position\":1,\"name\":\"Accueil\",\"item\":\"https:\/\/etival.fr\/\"},{\"@type\":\"ListItem\",\"position\":2,\"name\":\"D\u00e9tention de chiens de cat\u00e9gorie 1 et 2\"}]},{\"@type\":\"WebSite\",\"@id\":\"https:\/\/etival.fr\/#website\",\"url\":\"https:\/\/etival.fr\/\",\"name\":\"Etival-Clairefontaine\",\"description\":\"Informations et actualit\u00e9s de la commune\",\"potentialAction\":[{\"@type\":\"SearchAction\",\"target\":{\"@type\":\"EntryPoint\",\"urlTemplate\":\"https:\/\/etival.fr\/?s={search_term_string}\"},\"query-input\":{\"@type\":\"PropertyValueSpecification\",\"valueRequired\":true,\"valueName\":\"search_term_string\"}}],\"inLanguage\":\"fr-FR\"}]}<\/script>\n<!-- \/ Yoast SEO plugin. -->","yoast_head_json":{"title":"D\u00e9tention de chiens de cat\u00e9gorie 1 et 2 - Etival-Clairefontaine","robots":{"index":"index","follow":"follow","max-snippet":"max-snippet:-1","max-image-preview":"max-image-preview:large","max-video-preview":"max-video-preview:-1"},"canonical":"https:\/\/etival.fr\/?page_id=3402","og_locale":"fr_FR","og_type":"article","og_title":"D\u00e9tention de chiens de cat\u00e9gorie 1 et 2 - Etival-Clairefontaine","og_description":"2\u00e8me cat\u00e9gorie : chien de garde et de d\u00e9fense 1\u00e8re cat\u00e9gorie = chiens d\u2019attaque, n\u2019existe plus suite \u00e0 l\u2019obligation de st\u00e9rilisation Obligation du propri\u00e9taire ou du d\u00e9tenteur avant de demander un permis de d\u00e9tention : Avoir rempli le formulaire cerfa n\u00b0 13996*01 disponible sur ce lien : https:\/\/www.formulaires.modernisation.gouv.fr\/gf\/showFormulaireSignaletiqueConsulter.do?numCerfa=13996 Etre titulaire d\u2019une attestation d\u2019aptitude (formation obligatoire) [&hellip;]","og_url":"https:\/\/etival.fr\/?page_id=3402","og_site_name":"Etival-Clairefontaine","article_modified_time":"2016-02-05T07:46:04+00:00","twitter_card":"summary_large_image","twitter_misc":{"Dur\u00e9e de lecture estim\u00e9e":"2 minutes"},"schema":{"@context":"https:\/\/schema.org","@graph":[{"@type":"WebPage","@id":"https:\/\/etival.fr\/?page_id=3402","url":"https:\/\/etival.fr\/?page_id=3402","name":"D\u00e9tention de chiens de cat\u00e9gorie 1 et 2 - Etival-Clairefontaine","isPartOf":{"@id":"https:\/\/etival.fr\/#website"},"datePublished":"2016-02-05T07:38:42+00:00","dateModified":"2016-02-05T07:46:04+00:00","breadcrumb":{"@id":"https:\/\/etival.fr\/?page_id=3402#breadcrumb"},"inLanguage":"fr-FR","potentialAction":[{"@type":"ReadAction","target":["https:\/\/etival.fr\/?page_id=3402"]}]},{"@type":"BreadcrumbList","@id":"https:\/\/etival.fr\/?page_id=3402#breadcrumb","itemListElement":[{"@type":"ListItem","position":1,"name":"Accueil","item":"https:\/\/etival.fr\/"},{"@type":"ListItem","position":2,"name":"D\u00e9tention de chiens de cat\u00e9gorie 1 et 2"}]},{"@type":"WebSite","@id":"https:\/\/etival.fr\/#website","url":"https:\/\/etival.fr\/","name":"Etival-Clairefontaine","description":"Informations et actualit\u00e9s de la commune","potentialAction":[{"@type":"SearchAction","target":{"@type":"EntryPoint","urlTemplate":"https:\/\/etival.fr\/?s={search_term_string}"},"query-input":{"@type":"PropertyValueSpecification","valueRequired":true,"valueName":"search_term_string"}}],"inLanguage":"fr-FR"}]}},"_links":{"self":[{"href":"https:\/\/etival.fr\/index.php?rest_route=\/wp\/v2\/pages\/3402","targetHints":{"allow":["GET"]}}],"collection":[{"href":"https:\/\/etival.fr\/index.php?rest_route=\/wp\/v2\/pages"}],"about":[{"href":"https:\/\/etival.fr\/index.php?rest_route=\/wp\/v2\/types\/page"}],"author":[{"embeddable":true,"href":"https:\/\/etival.fr\/index.php?rest_route=\/wp\/v2\/users\/2"}],"replies":[{"embeddable":true,"href":"https:\/\/etival.fr\/index.php?rest_route=%2Fwp%2Fv2%2Fcomments&post=3402"}],"version-history":[{"count":3,"href":"https:\/\/etival.fr\/index.php?rest_route=\/wp\/v2\/pages\/3402\/revisions"}],"predecessor-version":[{"id":3409,"href":"https:\/\/etival.fr\/index.php?rest_route=\/wp\/v2\/pages\/3402\/revisions\/3409"}],"wp:attachment":[{"href":"https:\/\/etival.fr\/index.php?rest_route=%2Fwp%2Fv2%2Fmedia&parent=3402"}],"curies":[{"name":"wp","href":"https:\/\/api.w.org\/{rel}","templated":true}]}}