{"id":3737,"date":"2016-05-13T10:28:01","date_gmt":"2016-05-13T09:28:01","guid":{"rendered":"http:\/\/etival.fr\/?page_id=3737"},"modified":"2025-09-11T06:34:40","modified_gmt":"2025-09-11T05:34:40","slug":"fleurs","status":"publish","type":"page","link":"https:\/\/etival.fr\/?page_id=3737","title":{"rendered":"FLEURS"},"content":{"rendered":"<p style=\"text-align: left;\"><img loading=\"lazy\" decoding=\"async\" class=\" wp-image-3638 alignleft\" src=\"http:\/\/etival.fr\/wp-content\/uploads\/2016\/04\/surfinia.jpg\" alt=\"\" width=\"232\" height=\"145\" \/>Le <span style=\"color: #0000ff;\"><strong>C.C.A.S<\/strong>.<\/span> vous propose de faire vos achats de fleurs, l\u00e9gumes et plantes aromatiques \u00e0 un tarif pr\u00e9f\u00e9rentiel.<br \/>Pour toute commande, veuillez faire parvenir le bon disponible en ligne ou \u00e0 la Mairie d\u00fbment rempli ainsi que son r\u00e8glement par ch\u00e8que uniquement, \u00e0 l\u2019ordre de : Ets horticoles Henry D.<span style=\"color: #ff0000;\"><strong><br \/><\/strong><\/span>Pour un retrait des plants <span style=\"color: #808000;\"><span style=\"color: #ff00ff;\"><strong>MAI 2026<\/strong><\/span>\u00a0\u00e0 l\u2019ancien local T.M.F. 7B, Avenue Charles-de-Gaulle.<\/span><br \/>NB : Aucune commande ne sera accept\u00e9e sans r\u00e8glement, et en dehors du cadre de la commande group\u00e9e arr\u00eat\u00e9e au &#8230;&#8230;&#8230;&#8230;&#8230;&#8230;&#8230;&#8230;&#8230;<strong><span style=\"color: #ff00ff;\">\u00a0<\/span><\/strong>Renseignements au 03.29.41.29.57.<br \/><span style=\"color: #808000;\"><em><strong>(Groupement r\u00e9serv\u00e9 uniquement aux Stivaliens)<\/strong><\/em><\/span><\/p>\n<p style=\"text-align: left;\">T\u00e9l\u00e9chargement :<br \/>Formulaire\u00a0 ICI<\/p>\n\n\n<p><\/p>\n","protected":false},"excerpt":{"rendered":"<p>Le C.C.A.S. vous propose de faire vos achats de fleurs, l\u00e9gumes et plantes aromatiques \u00e0 un tarif pr\u00e9f\u00e9rentiel.Pour toute commande, veuillez faire parvenir le bon disponible en ligne ou \u00e0 la Mairie d\u00fbment rempli ainsi que son r\u00e8glement par ch\u00e8que uniquement, \u00e0 l\u2019ordre de : Ets horticoles Henry D.Pour un retrait des plants MAI 2026\u00a0\u00e0 [&hellip;]<\/p>\n","protected":false},"author":2,"featured_media":0,"parent":0,"menu_order":0,"comment_status":"closed","ping_status":"open","template":"","meta":{"footnotes":""},"class_list":["post-3737","page","type-page","status-publish","hentry"],"yoast_head":"<!-- This site is optimized with the Yoast SEO plugin v26.8 - https:\/\/yoast.com\/product\/yoast-seo-wordpress\/ -->\n<title>FLEURS - Etival-Clairefontaine<\/title>\n<meta name=\"robots\" content=\"index, follow, max-snippet:-1, max-image-preview:large, max-video-preview:-1\" \/>\n<link rel=\"canonical\" href=\"https:\/\/etival.fr\/?page_id=3737\" \/>\n<meta property=\"og:locale\" content=\"fr_FR\" \/>\n<meta property=\"og:type\" content=\"article\" \/>\n<meta property=\"og:title\" content=\"FLEURS - Etival-Clairefontaine\" \/>\n<meta property=\"og:description\" content=\"Le C.C.A.S. vous propose de faire vos achats de fleurs, l\u00e9gumes et plantes aromatiques \u00e0 un tarif pr\u00e9f\u00e9rentiel.Pour toute commande, veuillez faire parvenir le bon disponible en ligne ou \u00e0 la Mairie d\u00fbment rempli ainsi que son r\u00e8glement par ch\u00e8que uniquement, \u00e0 l\u2019ordre de : Ets horticoles Henry D.Pour un retrait des plants MAI 2026\u00a0\u00e0 [&hellip;]\" \/>\n<meta property=\"og:url\" content=\"https:\/\/etival.fr\/?page_id=3737\" \/>\n<meta property=\"og:site_name\" content=\"Etival-Clairefontaine\" \/>\n<meta property=\"article:modified_time\" content=\"2025-09-11T05:34:40+00:00\" \/>\n<meta property=\"og:image\" content=\"https:\/\/etival.fr\/wp-content\/uploads\/2016\/04\/surfinia.jpg\" \/>\n\t<meta property=\"og:image:width\" content=\"258\" \/>\n\t<meta property=\"og:image:height\" content=\"161\" \/>\n\t<meta property=\"og:image:type\" content=\"image\/jpeg\" \/>\n<meta name=\"twitter:card\" content=\"summary_large_image\" \/>\n<meta name=\"twitter:label1\" content=\"Dur\u00e9e de lecture estim\u00e9e\" \/>\n\t<meta name=\"twitter:data1\" content=\"1 minute\" \/>\n<script type=\"application\/ld+json\" class=\"yoast-schema-graph\">{\"@context\":\"https:\/\/schema.org\",\"@graph\":[{\"@type\":\"WebPage\",\"@id\":\"https:\/\/etival.fr\/?page_id=3737\",\"url\":\"https:\/\/etival.fr\/?page_id=3737\",\"name\":\"FLEURS - Etival-Clairefontaine\",\"isPartOf\":{\"@id\":\"https:\/\/etival.fr\/#website\"},\"primaryImageOfPage\":{\"@id\":\"https:\/\/etival.fr\/?page_id=3737#primaryimage\"},\"image\":{\"@id\":\"https:\/\/etival.fr\/?page_id=3737#primaryimage\"},\"thumbnailUrl\":\"http:\/\/etival.fr\/wp-content\/uploads\/2016\/04\/surfinia.jpg\",\"datePublished\":\"2016-05-13T09:28:01+00:00\",\"dateModified\":\"2025-09-11T05:34:40+00:00\",\"breadcrumb\":{\"@id\":\"https:\/\/etival.fr\/?page_id=3737#breadcrumb\"},\"inLanguage\":\"fr-FR\",\"potentialAction\":[{\"@type\":\"ReadAction\",\"target\":[\"https:\/\/etival.fr\/?page_id=3737\"]}]},{\"@type\":\"ImageObject\",\"inLanguage\":\"fr-FR\",\"@id\":\"https:\/\/etival.fr\/?page_id=3737#primaryimage\",\"url\":\"https:\/\/etival.fr\/wp-content\/uploads\/2016\/04\/surfinia.jpg\",\"contentUrl\":\"https:\/\/etival.fr\/wp-content\/uploads\/2016\/04\/surfinia.jpg\",\"width\":258,\"height\":161},{\"@type\":\"BreadcrumbList\",\"@id\":\"https:\/\/etival.fr\/?page_id=3737#breadcrumb\",\"itemListElement\":[{\"@type\":\"ListItem\",\"position\":1,\"name\":\"Accueil\",\"item\":\"https:\/\/etival.fr\/\"},{\"@type\":\"ListItem\",\"position\":2,\"name\":\"FLEURS\"}]},{\"@type\":\"WebSite\",\"@id\":\"https:\/\/etival.fr\/#website\",\"url\":\"https:\/\/etival.fr\/\",\"name\":\"Etival-Clairefontaine\",\"description\":\"Informations et actualit\u00e9s de la commune\",\"potentialAction\":[{\"@type\":\"SearchAction\",\"target\":{\"@type\":\"EntryPoint\",\"urlTemplate\":\"https:\/\/etival.fr\/?s={search_term_string}\"},\"query-input\":{\"@type\":\"PropertyValueSpecification\",\"valueRequired\":true,\"valueName\":\"search_term_string\"}}],\"inLanguage\":\"fr-FR\"}]}<\/script>\n<!-- \/ Yoast SEO plugin. -->","yoast_head_json":{"title":"FLEURS - Etival-Clairefontaine","robots":{"index":"index","follow":"follow","max-snippet":"max-snippet:-1","max-image-preview":"max-image-preview:large","max-video-preview":"max-video-preview:-1"},"canonical":"https:\/\/etival.fr\/?page_id=3737","og_locale":"fr_FR","og_type":"article","og_title":"FLEURS - Etival-Clairefontaine","og_description":"Le C.C.A.S. vous propose de faire vos achats de fleurs, l\u00e9gumes et plantes aromatiques \u00e0 un tarif pr\u00e9f\u00e9rentiel.Pour toute commande, veuillez faire parvenir le bon disponible en ligne ou \u00e0 la Mairie d\u00fbment rempli ainsi que son r\u00e8glement par ch\u00e8que uniquement, \u00e0 l\u2019ordre de : Ets horticoles Henry D.Pour un retrait des plants MAI 2026\u00a0\u00e0 [&hellip;]","og_url":"https:\/\/etival.fr\/?page_id=3737","og_site_name":"Etival-Clairefontaine","article_modified_time":"2025-09-11T05:34:40+00:00","og_image":[{"width":258,"height":161,"url":"https:\/\/etival.fr\/wp-content\/uploads\/2016\/04\/surfinia.jpg","type":"image\/jpeg"}],"twitter_card":"summary_large_image","twitter_misc":{"Dur\u00e9e de lecture estim\u00e9e":"1 minute"},"schema":{"@context":"https:\/\/schema.org","@graph":[{"@type":"WebPage","@id":"https:\/\/etival.fr\/?page_id=3737","url":"https:\/\/etival.fr\/?page_id=3737","name":"FLEURS - Etival-Clairefontaine","isPartOf":{"@id":"https:\/\/etival.fr\/#website"},"primaryImageOfPage":{"@id":"https:\/\/etival.fr\/?page_id=3737#primaryimage"},"image":{"@id":"https:\/\/etival.fr\/?page_id=3737#primaryimage"},"thumbnailUrl":"http:\/\/etival.fr\/wp-content\/uploads\/2016\/04\/surfinia.jpg","datePublished":"2016-05-13T09:28:01+00:00","dateModified":"2025-09-11T05:34:40+00:00","breadcrumb":{"@id":"https:\/\/etival.fr\/?page_id=3737#breadcrumb"},"inLanguage":"fr-FR","potentialAction":[{"@type":"ReadAction","target":["https:\/\/etival.fr\/?page_id=3737"]}]},{"@type":"ImageObject","inLanguage":"fr-FR","@id":"https:\/\/etival.fr\/?page_id=3737#primaryimage","url":"https:\/\/etival.fr\/wp-content\/uploads\/2016\/04\/surfinia.jpg","contentUrl":"https:\/\/etival.fr\/wp-content\/uploads\/2016\/04\/surfinia.jpg","width":258,"height":161},{"@type":"BreadcrumbList","@id":"https:\/\/etival.fr\/?page_id=3737#breadcrumb","itemListElement":[{"@type":"ListItem","position":1,"name":"Accueil","item":"https:\/\/etival.fr\/"},{"@type":"ListItem","position":2,"name":"FLEURS"}]},{"@type":"WebSite","@id":"https:\/\/etival.fr\/#website","url":"https:\/\/etival.fr\/","name":"Etival-Clairefontaine","description":"Informations et actualit\u00e9s de la commune","potentialAction":[{"@type":"SearchAction","target":{"@type":"EntryPoint","urlTemplate":"https:\/\/etival.fr\/?s={search_term_string}"},"query-input":{"@type":"PropertyValueSpecification","valueRequired":true,"valueName":"search_term_string"}}],"inLanguage":"fr-FR"}]}},"_links":{"self":[{"href":"https:\/\/etival.fr\/index.php?rest_route=\/wp\/v2\/pages\/3737","targetHints":{"allow":["GET"]}}],"collection":[{"href":"https:\/\/etival.fr\/index.php?rest_route=\/wp\/v2\/pages"}],"about":[{"href":"https:\/\/etival.fr\/index.php?rest_route=\/wp\/v2\/types\/page"}],"author":[{"embeddable":true,"href":"https:\/\/etival.fr\/index.php?rest_route=\/wp\/v2\/users\/2"}],"replies":[{"embeddable":true,"href":"https:\/\/etival.fr\/index.php?rest_route=%2Fwp%2Fv2%2Fcomments&post=3737"}],"version-history":[{"count":29,"href":"https:\/\/etival.fr\/index.php?rest_route=\/wp\/v2\/pages\/3737\/revisions"}],"predecessor-version":[{"id":13068,"href":"https:\/\/etival.fr\/index.php?rest_route=\/wp\/v2\/pages\/3737\/revisions\/13068"}],"wp:attachment":[{"href":"https:\/\/etival.fr\/index.php?rest_route=%2Fwp%2Fv2%2Fmedia&parent=3737"}],"curies":[{"name":"wp","href":"https:\/\/api.w.org\/{rel}","templated":true}]}}