{"id":4103,"date":"2016-08-30T10:10:29","date_gmt":"2016-08-30T09:10:29","guid":{"rendered":"http:\/\/etival.fr\/?page_id=4103"},"modified":"2025-09-30T15:16:52","modified_gmt":"2025-09-30T14:16:52","slug":"urbanisme","status":"publish","type":"page","link":"https:\/\/etival.fr\/?page_id=4103","title":{"rendered":"URBANISME"},"content":{"rendered":"<h2><span style=\"color: #3366ff;\"><strong>Vous envisagez des travaux de construction,<br \/>\nd&rsquo;am\u00e9nagement ou de d\u00e9molition ?<\/strong><\/span><\/h2>\n<p class=\"rtejustify\" style=\"text-align: justify;\">Certains travaux doivent faire l&rsquo;objet d&rsquo;une demande de permis, d&rsquo;autres d&rsquo;une simple d\u00e9claration pr\u00e9alable de travaux, d&rsquo;autres enfin ne sont soumis ni \u00e0 permis ni \u00e0 d\u00e9claration. Les travaux doivent\u00a0\u00e9galement respecter les r\u00e8gles locales d&rsquo;urbanisme.<\/p>\n<p class=\"rtejustify\" style=\"text-align: justify;\">En fonction de la nature de votre projet vous devez \u00e9tablir une demande ou une d\u00e9claration \u00e0 l&rsquo;aide des formulaire ci dessous, ces formulaires\u00a0peuvent \u00eatre \u00e9galement\u00a0retir\u00e9\u00a0\u00e0 l&rsquo;accueil de la mairie :<\/p>\n<p class=\"rtejustify\"><a href=\"https:\/\/etival.fr\/wp-content\/uploads\/2025\/09\/cerfa_16702-01.pdf\">D\u00e9clarations pr\u00e9alable de travaux<\/a><\/p>\n<p class=\"rtejustify\"><a href=\"http:\/\/etival.fr\/wp-content\/uploads\/2016\/09\/PERMIS-DE-DEMOLIR.pdf\">Permis de\u00a0d\u00e9molir<\/a><\/p>\n<p class=\"rtejustify\"><a href=\"https:\/\/etival.fr\/wp-content\/uploads\/2025\/09\/cerfa_13409-15.pdf\">Permis de construire (autre que portant sur une maison individuelle ou annexes<\/a><\/p>\n<p><a href=\"https:\/\/etival.fr\/wp-content\/uploads\/2025\/09\/cerfa_13406-15.pdf\">Permis de construire pour une maison individuelle et\/ou ses annexes<\/a><\/p>\n<p class=\"rtejustify\"><a href=\"https:\/\/etival.fr\/wp-content\/uploads\/2025\/09\/cerfa_16700-01.pdf\">Modification de permis<\/a><\/p>\n<p><a href=\"https:\/\/etival.fr\/wp-content\/uploads\/2025\/09\/cerfa_13407-10-1.pdf\">D\u00e9claration ouverture de chantier<\/a><\/p>\n<p><a href=\"https:\/\/etival.fr\/wp-content\/uploads\/2025\/09\/cerfa_13408-12.pdf\">D\u00e9claration ach\u00e8vement de travaux<\/a><\/p>\n<h4 class=\"rtejustify\"><strong>Certificat d&rsquo;urbanisme<br \/>\n<\/strong>T\u00e9l\u00e9chargeable <a href=\"https:\/\/etival.fr\/wp-content\/uploads\/2025\/09\/cerfa_13410-12.pdf\">ICI<\/a><strong><br \/>\n<\/strong><\/h4>\n<p>Il existe 2 cat\u00e9gories de certificat d&rsquo;urbanisme\u00a0:<\/p>\n<ul id=\"puces_2\">\n<li>le certificat d&rsquo;urbanisme d&rsquo;information,<\/li>\n<li>et le certificat d&rsquo;urbanisme op\u00e9rationnel.<\/li>\n<\/ul>\n<div>\n<h4 class=\"fiche-title-1\">Certificat d&rsquo;urbanisme d&rsquo;information<\/h4>\n<p>Il renseigne sur\u00a0:<\/p>\n<ul id=\"puces_2\">\n<li>les r\u00e8gles d&rsquo;urbanisme applicables \u00e0 votre terrain,<\/li>\n<li>les limitations administratives au droit de propri\u00e9t\u00e9 (servitudes d&rsquo;utilit\u00e9 publique, droit de pr\u00e9emption&#8230;),<\/li>\n<li>la liste des taxes et participations d&rsquo;urbanisme (taxe d&rsquo;am\u00e9nagement, projet urbain partenarial&#8230;).<\/li>\n<\/ul>\n<\/div>\n<div>\n<h4 class=\"fiche-title-1\">Certificat d&rsquo;urbanisme op\u00e9rationnel<\/h4>\n<p>En plus des informations donn\u00e9es par le certificat d&rsquo;information, il indique\u00a0:<\/p>\n<ul id=\"puces_2\">\n<li>si votre terrain peut \u00eatre utilis\u00e9 pour la r\u00e9alisation du projet,<\/li>\n<li>de\u00a0l&rsquo;\u00e9tat des \u00e9quipements publics (voies et r\u00e9seaux) existants ou pr\u00e9vus qui desservent ou desserviront votre terrain.<\/li>\n<\/ul>\n<p>Demande certificat d&rsquo;urbanisme<\/p>\n<p class=\"rtejustify\"><strong>Tous ces dossiers font l&rsquo;objet d&rsquo;un d\u00e9p\u00f4t\u00a0et d&rsquo;un\u00a0enregistrement au Service Urbanisme en Mairie, par la suite instruit par le Service Urbanisme\u00a0de la Communaut\u00e9 de Communes de Saint-Di\u00e9-Des-Vosges.<br \/>\n<\/strong><\/p>\n<\/div>\n<p class=\"rtejustify\">\n","protected":false},"excerpt":{"rendered":"<p>Vous envisagez des travaux de construction, d&rsquo;am\u00e9nagement ou de d\u00e9molition ? Certains travaux doivent faire l&rsquo;objet d&rsquo;une demande de permis, d&rsquo;autres d&rsquo;une simple d\u00e9claration pr\u00e9alable de travaux, d&rsquo;autres enfin ne sont soumis ni \u00e0 permis ni \u00e0 d\u00e9claration. Les travaux doivent\u00a0\u00e9galement respecter les r\u00e8gles locales d&rsquo;urbanisme. En fonction de la nature de votre projet vous [&hellip;]<\/p>\n","protected":false},"author":2,"featured_media":0,"parent":0,"menu_order":0,"comment_status":"closed","ping_status":"closed","template":"","meta":{"footnotes":""},"class_list":["post-4103","page","type-page","status-publish","hentry"],"yoast_head":"<!-- This site is optimized with the Yoast SEO plugin v26.8 - https:\/\/yoast.com\/product\/yoast-seo-wordpress\/ -->\n<title>URBANISME - Etival-Clairefontaine<\/title>\n<meta name=\"robots\" content=\"index, follow, max-snippet:-1, max-image-preview:large, max-video-preview:-1\" \/>\n<link rel=\"canonical\" href=\"https:\/\/etival.fr\/?page_id=4103\" \/>\n<meta property=\"og:locale\" content=\"fr_FR\" \/>\n<meta property=\"og:type\" content=\"article\" \/>\n<meta property=\"og:title\" content=\"URBANISME - Etival-Clairefontaine\" \/>\n<meta property=\"og:description\" content=\"Vous envisagez des travaux de construction, d&rsquo;am\u00e9nagement ou de d\u00e9molition ? Certains travaux doivent faire l&rsquo;objet d&rsquo;une demande de permis, d&rsquo;autres d&rsquo;une simple d\u00e9claration pr\u00e9alable de travaux, d&rsquo;autres enfin ne sont soumis ni \u00e0 permis ni \u00e0 d\u00e9claration. Les travaux doivent\u00a0\u00e9galement respecter les r\u00e8gles locales d&rsquo;urbanisme. En fonction de la nature de votre projet vous [&hellip;]\" \/>\n<meta property=\"og:url\" content=\"https:\/\/etival.fr\/?page_id=4103\" \/>\n<meta property=\"og:site_name\" content=\"Etival-Clairefontaine\" \/>\n<meta property=\"article:modified_time\" content=\"2025-09-30T14:16:52+00:00\" \/>\n<meta name=\"twitter:card\" content=\"summary_large_image\" \/>\n<meta name=\"twitter:label1\" content=\"Dur\u00e9e de lecture estim\u00e9e\" \/>\n\t<meta name=\"twitter:data1\" content=\"2 minutes\" \/>\n<script type=\"application\/ld+json\" class=\"yoast-schema-graph\">{\"@context\":\"https:\/\/schema.org\",\"@graph\":[{\"@type\":\"WebPage\",\"@id\":\"https:\/\/etival.fr\/?page_id=4103\",\"url\":\"https:\/\/etival.fr\/?page_id=4103\",\"name\":\"URBANISME - Etival-Clairefontaine\",\"isPartOf\":{\"@id\":\"https:\/\/etival.fr\/#website\"},\"datePublished\":\"2016-08-30T09:10:29+00:00\",\"dateModified\":\"2025-09-30T14:16:52+00:00\",\"breadcrumb\":{\"@id\":\"https:\/\/etival.fr\/?page_id=4103#breadcrumb\"},\"inLanguage\":\"fr-FR\",\"potentialAction\":[{\"@type\":\"ReadAction\",\"target\":[\"https:\/\/etival.fr\/?page_id=4103\"]}]},{\"@type\":\"BreadcrumbList\",\"@id\":\"https:\/\/etival.fr\/?page_id=4103#breadcrumb\",\"itemListElement\":[{\"@type\":\"ListItem\",\"position\":1,\"name\":\"Accueil\",\"item\":\"https:\/\/etival.fr\/\"},{\"@type\":\"ListItem\",\"position\":2,\"name\":\"URBANISME\"}]},{\"@type\":\"WebSite\",\"@id\":\"https:\/\/etival.fr\/#website\",\"url\":\"https:\/\/etival.fr\/\",\"name\":\"Etival-Clairefontaine\",\"description\":\"Informations et actualit\u00e9s de la commune\",\"potentialAction\":[{\"@type\":\"SearchAction\",\"target\":{\"@type\":\"EntryPoint\",\"urlTemplate\":\"https:\/\/etival.fr\/?s={search_term_string}\"},\"query-input\":{\"@type\":\"PropertyValueSpecification\",\"valueRequired\":true,\"valueName\":\"search_term_string\"}}],\"inLanguage\":\"fr-FR\"}]}<\/script>\n<!-- \/ Yoast SEO plugin. -->","yoast_head_json":{"title":"URBANISME - Etival-Clairefontaine","robots":{"index":"index","follow":"follow","max-snippet":"max-snippet:-1","max-image-preview":"max-image-preview:large","max-video-preview":"max-video-preview:-1"},"canonical":"https:\/\/etival.fr\/?page_id=4103","og_locale":"fr_FR","og_type":"article","og_title":"URBANISME - Etival-Clairefontaine","og_description":"Vous envisagez des travaux de construction, d&rsquo;am\u00e9nagement ou de d\u00e9molition ? Certains travaux doivent faire l&rsquo;objet d&rsquo;une demande de permis, d&rsquo;autres d&rsquo;une simple d\u00e9claration pr\u00e9alable de travaux, d&rsquo;autres enfin ne sont soumis ni \u00e0 permis ni \u00e0 d\u00e9claration. Les travaux doivent\u00a0\u00e9galement respecter les r\u00e8gles locales d&rsquo;urbanisme. En fonction de la nature de votre projet vous [&hellip;]","og_url":"https:\/\/etival.fr\/?page_id=4103","og_site_name":"Etival-Clairefontaine","article_modified_time":"2025-09-30T14:16:52+00:00","twitter_card":"summary_large_image","twitter_misc":{"Dur\u00e9e de lecture estim\u00e9e":"2 minutes"},"schema":{"@context":"https:\/\/schema.org","@graph":[{"@type":"WebPage","@id":"https:\/\/etival.fr\/?page_id=4103","url":"https:\/\/etival.fr\/?page_id=4103","name":"URBANISME - Etival-Clairefontaine","isPartOf":{"@id":"https:\/\/etival.fr\/#website"},"datePublished":"2016-08-30T09:10:29+00:00","dateModified":"2025-09-30T14:16:52+00:00","breadcrumb":{"@id":"https:\/\/etival.fr\/?page_id=4103#breadcrumb"},"inLanguage":"fr-FR","potentialAction":[{"@type":"ReadAction","target":["https:\/\/etival.fr\/?page_id=4103"]}]},{"@type":"BreadcrumbList","@id":"https:\/\/etival.fr\/?page_id=4103#breadcrumb","itemListElement":[{"@type":"ListItem","position":1,"name":"Accueil","item":"https:\/\/etival.fr\/"},{"@type":"ListItem","position":2,"name":"URBANISME"}]},{"@type":"WebSite","@id":"https:\/\/etival.fr\/#website","url":"https:\/\/etival.fr\/","name":"Etival-Clairefontaine","description":"Informations et actualit\u00e9s de la commune","potentialAction":[{"@type":"SearchAction","target":{"@type":"EntryPoint","urlTemplate":"https:\/\/etival.fr\/?s={search_term_string}"},"query-input":{"@type":"PropertyValueSpecification","valueRequired":true,"valueName":"search_term_string"}}],"inLanguage":"fr-FR"}]}},"_links":{"self":[{"href":"https:\/\/etival.fr\/index.php?rest_route=\/wp\/v2\/pages\/4103","targetHints":{"allow":["GET"]}}],"collection":[{"href":"https:\/\/etival.fr\/index.php?rest_route=\/wp\/v2\/pages"}],"about":[{"href":"https:\/\/etival.fr\/index.php?rest_route=\/wp\/v2\/types\/page"}],"author":[{"embeddable":true,"href":"https:\/\/etival.fr\/index.php?rest_route=\/wp\/v2\/users\/2"}],"replies":[{"embeddable":true,"href":"https:\/\/etival.fr\/index.php?rest_route=%2Fwp%2Fv2%2Fcomments&post=4103"}],"version-history":[{"count":22,"href":"https:\/\/etival.fr\/index.php?rest_route=\/wp\/v2\/pages\/4103\/revisions"}],"predecessor-version":[{"id":13178,"href":"https:\/\/etival.fr\/index.php?rest_route=\/wp\/v2\/pages\/4103\/revisions\/13178"}],"wp:attachment":[{"href":"https:\/\/etival.fr\/index.php?rest_route=%2Fwp%2Fv2%2Fmedia&parent=4103"}],"curies":[{"name":"wp","href":"https:\/\/api.w.org\/{rel}","templated":true}]}}