{"id":4118,"date":"2016-09-01T07:52:11","date_gmt":"2016-09-01T06:52:11","guid":{"rendered":"http:\/\/etival.fr\/?page_id=4118"},"modified":"2025-01-27T09:26:09","modified_gmt":"2025-01-27T08:26:09","slug":"horaires-des-ecoles","status":"publish","type":"page","link":"https:\/\/etival.fr\/?page_id=4118","title":{"rendered":"Horaires de l&rsquo;\u00c9cole Primaire d&rsquo;\u00c9TIVAL-CLAIREFONTAINE"},"content":{"rendered":"<p><strong>Accueil Scolaire<\/strong><\/p>\n<p>Horaires de la garderie gratuite \u00e0 la salle polyvalente<br \/><span style=\"color: #0000ff;\"><strong><span style=\"color: #008000;\">de 7h15 \u00e0 7h45, de 11h \u00e0 11h30 et de 16h \u00e0 16h30<\/span>.<\/strong><\/span><\/p>\n<p>Nouveaux horaires des cours :\u00a0<br \/><strong>8h<\/strong>\u00a0<em>(accueil \u00e0 7h50)<\/em>\u00a0<strong>\u2013<\/strong>\u00a0<strong>11h <br \/><\/strong><strong>13h<\/strong>\u00a0<em>(accueil \u00e0 12h50)<\/em>\u00a0<strong>\u2013<\/strong>\u00a0<strong>16h<\/strong>.<\/p>\n<p class=\"has-text-align-center has-text-color has-link-color has-small-font-size wp-elements-2faf13d7a22d9cb02edb05630628d00f\"><em><strong>Nous comptons sur chacun d\u2019entre vous<br \/>pour respecter les r\u00e8gles de s\u00e9curit\u00e9 aux abords de l\u2019\u00e9cole<\/strong>.<\/em><\/p>\n<p>\u00a0<\/p>\n\n\n<p class=\"has-medium-font-size\"><strong>Repr\u00e9sentants de parents d&rsquo;\u00e9l\u00e8ves de l&rsquo;\u00e9cole Stivalienne (maternelle et \u00e9l\u00e9mentaire)<\/strong><\/p>\n\n\n\n<p>Ils sont \u00e9lus chaque ann\u00e9e. Ils participent \u00e0 la vie de l&rsquo;\u00e9cole, notamment en facilitant les relations entre les parents d&rsquo;\u00e9l\u00e8ves et les enseignants.<\/p>\n\n\n\n<p><br><\/p>\n","protected":false},"excerpt":{"rendered":"<p>Accueil Scolaire Horaires de la garderie gratuite \u00e0 la salle polyvalentede 7h15 \u00e0 7h45, de 11h \u00e0 11h30 et de 16h \u00e0 16h30. Nouveaux horaires des cours :\u00a08h\u00a0(accueil \u00e0 7h50)\u00a0\u2013\u00a011h 13h\u00a0(accueil \u00e0 12h50)\u00a0\u2013\u00a016h. Nous comptons sur chacun d\u2019entre vouspour respecter les r\u00e8gles de s\u00e9curit\u00e9 aux abords de l\u2019\u00e9cole. \u00a0 Repr\u00e9sentants de parents d&rsquo;\u00e9l\u00e8ves de l&rsquo;\u00e9cole [&hellip;]<\/p>\n","protected":false},"author":2,"featured_media":0,"parent":0,"menu_order":0,"comment_status":"closed","ping_status":"closed","template":"","meta":{"footnotes":""},"class_list":["post-4118","page","type-page","status-publish","hentry"],"yoast_head":"<!-- This site is optimized with the Yoast SEO plugin v26.8 - https:\/\/yoast.com\/product\/yoast-seo-wordpress\/ -->\n<title>Horaires de l&#039;\u00c9cole Primaire d&#039;\u00c9TIVAL-CLAIREFONTAINE - Etival-Clairefontaine<\/title>\n<meta name=\"robots\" content=\"index, follow, max-snippet:-1, max-image-preview:large, max-video-preview:-1\" \/>\n<link rel=\"canonical\" href=\"https:\/\/etival.fr\/?page_id=4118\" \/>\n<meta property=\"og:locale\" content=\"fr_FR\" \/>\n<meta property=\"og:type\" content=\"article\" \/>\n<meta property=\"og:title\" content=\"Horaires de l&#039;\u00c9cole Primaire d&#039;\u00c9TIVAL-CLAIREFONTAINE - Etival-Clairefontaine\" \/>\n<meta property=\"og:description\" content=\"Accueil Scolaire Horaires de la garderie gratuite \u00e0 la salle polyvalentede 7h15 \u00e0 7h45, de 11h \u00e0 11h30 et de 16h \u00e0 16h30. Nouveaux horaires des cours :\u00a08h\u00a0(accueil \u00e0 7h50)\u00a0\u2013\u00a011h 13h\u00a0(accueil \u00e0 12h50)\u00a0\u2013\u00a016h. Nous comptons sur chacun d\u2019entre vouspour respecter les r\u00e8gles de s\u00e9curit\u00e9 aux abords de l\u2019\u00e9cole. \u00a0 Repr\u00e9sentants de parents d&rsquo;\u00e9l\u00e8ves de l&rsquo;\u00e9cole [&hellip;]\" \/>\n<meta property=\"og:url\" content=\"https:\/\/etival.fr\/?page_id=4118\" \/>\n<meta property=\"og:site_name\" content=\"Etival-Clairefontaine\" \/>\n<meta property=\"article:modified_time\" content=\"2025-01-27T08:26:09+00:00\" \/>\n<meta name=\"twitter:card\" content=\"summary_large_image\" \/>\n<meta name=\"twitter:label1\" content=\"Dur\u00e9e de lecture estim\u00e9e\" \/>\n\t<meta name=\"twitter:data1\" content=\"1 minute\" \/>\n<script type=\"application\/ld+json\" class=\"yoast-schema-graph\">{\"@context\":\"https:\/\/schema.org\",\"@graph\":[{\"@type\":\"WebPage\",\"@id\":\"https:\/\/etival.fr\/?page_id=4118\",\"url\":\"https:\/\/etival.fr\/?page_id=4118\",\"name\":\"Horaires de l'\u00c9cole Primaire d'\u00c9TIVAL-CLAIREFONTAINE - Etival-Clairefontaine\",\"isPartOf\":{\"@id\":\"https:\/\/etival.fr\/#website\"},\"datePublished\":\"2016-09-01T06:52:11+00:00\",\"dateModified\":\"2025-01-27T08:26:09+00:00\",\"breadcrumb\":{\"@id\":\"https:\/\/etival.fr\/?page_id=4118#breadcrumb\"},\"inLanguage\":\"fr-FR\",\"potentialAction\":[{\"@type\":\"ReadAction\",\"target\":[\"https:\/\/etival.fr\/?page_id=4118\"]}]},{\"@type\":\"BreadcrumbList\",\"@id\":\"https:\/\/etival.fr\/?page_id=4118#breadcrumb\",\"itemListElement\":[{\"@type\":\"ListItem\",\"position\":1,\"name\":\"Accueil\",\"item\":\"https:\/\/etival.fr\/\"},{\"@type\":\"ListItem\",\"position\":2,\"name\":\"Horaires de l&rsquo;\u00c9cole Primaire d&rsquo;\u00c9TIVAL-CLAIREFONTAINE\"}]},{\"@type\":\"WebSite\",\"@id\":\"https:\/\/etival.fr\/#website\",\"url\":\"https:\/\/etival.fr\/\",\"name\":\"Etival-Clairefontaine\",\"description\":\"Informations et actualit\u00e9s de la commune\",\"potentialAction\":[{\"@type\":\"SearchAction\",\"target\":{\"@type\":\"EntryPoint\",\"urlTemplate\":\"https:\/\/etival.fr\/?s={search_term_string}\"},\"query-input\":{\"@type\":\"PropertyValueSpecification\",\"valueRequired\":true,\"valueName\":\"search_term_string\"}}],\"inLanguage\":\"fr-FR\"}]}<\/script>\n<!-- \/ Yoast SEO plugin. -->","yoast_head_json":{"title":"Horaires de l'\u00c9cole Primaire d'\u00c9TIVAL-CLAIREFONTAINE - Etival-Clairefontaine","robots":{"index":"index","follow":"follow","max-snippet":"max-snippet:-1","max-image-preview":"max-image-preview:large","max-video-preview":"max-video-preview:-1"},"canonical":"https:\/\/etival.fr\/?page_id=4118","og_locale":"fr_FR","og_type":"article","og_title":"Horaires de l'\u00c9cole Primaire d'\u00c9TIVAL-CLAIREFONTAINE - Etival-Clairefontaine","og_description":"Accueil Scolaire Horaires de la garderie gratuite \u00e0 la salle polyvalentede 7h15 \u00e0 7h45, de 11h \u00e0 11h30 et de 16h \u00e0 16h30. Nouveaux horaires des cours :\u00a08h\u00a0(accueil \u00e0 7h50)\u00a0\u2013\u00a011h 13h\u00a0(accueil \u00e0 12h50)\u00a0\u2013\u00a016h. Nous comptons sur chacun d\u2019entre vouspour respecter les r\u00e8gles de s\u00e9curit\u00e9 aux abords de l\u2019\u00e9cole. \u00a0 Repr\u00e9sentants de parents d&rsquo;\u00e9l\u00e8ves de l&rsquo;\u00e9cole [&hellip;]","og_url":"https:\/\/etival.fr\/?page_id=4118","og_site_name":"Etival-Clairefontaine","article_modified_time":"2025-01-27T08:26:09+00:00","twitter_card":"summary_large_image","twitter_misc":{"Dur\u00e9e de lecture estim\u00e9e":"1 minute"},"schema":{"@context":"https:\/\/schema.org","@graph":[{"@type":"WebPage","@id":"https:\/\/etival.fr\/?page_id=4118","url":"https:\/\/etival.fr\/?page_id=4118","name":"Horaires de l'\u00c9cole Primaire d'\u00c9TIVAL-CLAIREFONTAINE - Etival-Clairefontaine","isPartOf":{"@id":"https:\/\/etival.fr\/#website"},"datePublished":"2016-09-01T06:52:11+00:00","dateModified":"2025-01-27T08:26:09+00:00","breadcrumb":{"@id":"https:\/\/etival.fr\/?page_id=4118#breadcrumb"},"inLanguage":"fr-FR","potentialAction":[{"@type":"ReadAction","target":["https:\/\/etival.fr\/?page_id=4118"]}]},{"@type":"BreadcrumbList","@id":"https:\/\/etival.fr\/?page_id=4118#breadcrumb","itemListElement":[{"@type":"ListItem","position":1,"name":"Accueil","item":"https:\/\/etival.fr\/"},{"@type":"ListItem","position":2,"name":"Horaires de l&rsquo;\u00c9cole Primaire d&rsquo;\u00c9TIVAL-CLAIREFONTAINE"}]},{"@type":"WebSite","@id":"https:\/\/etival.fr\/#website","url":"https:\/\/etival.fr\/","name":"Etival-Clairefontaine","description":"Informations et actualit\u00e9s de la commune","potentialAction":[{"@type":"SearchAction","target":{"@type":"EntryPoint","urlTemplate":"https:\/\/etival.fr\/?s={search_term_string}"},"query-input":{"@type":"PropertyValueSpecification","valueRequired":true,"valueName":"search_term_string"}}],"inLanguage":"fr-FR"}]}},"_links":{"self":[{"href":"https:\/\/etival.fr\/index.php?rest_route=\/wp\/v2\/pages\/4118","targetHints":{"allow":["GET"]}}],"collection":[{"href":"https:\/\/etival.fr\/index.php?rest_route=\/wp\/v2\/pages"}],"about":[{"href":"https:\/\/etival.fr\/index.php?rest_route=\/wp\/v2\/types\/page"}],"author":[{"embeddable":true,"href":"https:\/\/etival.fr\/index.php?rest_route=\/wp\/v2\/users\/2"}],"replies":[{"embeddable":true,"href":"https:\/\/etival.fr\/index.php?rest_route=%2Fwp%2Fv2%2Fcomments&post=4118"}],"version-history":[{"count":13,"href":"https:\/\/etival.fr\/index.php?rest_route=\/wp\/v2\/pages\/4118\/revisions"}],"predecessor-version":[{"id":12519,"href":"https:\/\/etival.fr\/index.php?rest_route=\/wp\/v2\/pages\/4118\/revisions\/12519"}],"wp:attachment":[{"href":"https:\/\/etival.fr\/index.php?rest_route=%2Fwp%2Fv2%2Fmedia&parent=4118"}],"curies":[{"name":"wp","href":"https:\/\/api.w.org\/{rel}","templated":true}]}}