{"id":5653,"date":"2017-11-17T09:46:25","date_gmt":"2017-11-17T08:46:25","guid":{"rendered":"http:\/\/etival.fr\/?page_id=5653"},"modified":"2023-04-05T08:51:42","modified_gmt":"2023-04-05T07:51:42","slug":"pacs","status":"publish","type":"page","link":"https:\/\/etival.fr\/?page_id=5653","title":{"rendered":"PACS"},"content":{"rendered":"<div id=\"actualite\" class=\"lead\">\n<p>L&rsquo;enregistrement des pactes civils de solidarit\u00e9 (Pacs) est transf\u00e9r\u00e9 \u00e0 l&rsquo;officier de l&rsquo;\u00e9tat civil de notre Mairie \u00e0 partir du 1<sup>er<\/sup>\u00a0novembre\u00a02017. Le passage du Pacs en mairie (et non plus au tribunal) est une mesure de la loi de modernisation de la justice du XXI<sup>e<\/sup>\u00a0si\u00e8cle publi\u00e9e au\u00a0<span class=\"expression\"><em>Journal officiel<\/em><\/span>\u00a0du 19\u00a0novembre\u00a02016 (article\u00a048).<\/p>\n<\/div>\n<p>Un d\u00e9cret publi\u00e9 au\u00a0<span class=\"expression\"><em>Journal officiel<\/em><\/span>\u00a0du 10\u00a0mai\u00a02017 pr\u00e9cise les modalit\u00e9s de transfert aux officiers de l&rsquo;\u00e9tat civil de l&rsquo;enregistrement des d\u00e9clarations, des modifications et des dissolutions des pactes civils de solidarit\u00e9.<\/p>\n<p>En France, les personnes qui veulent conclure un Pacs doivent, \u00e0 partir du 1<sup>er<\/sup>\u00a0novembre\u00a02017, faire enregistrer leur d\u00e9claration conjointe de Pacs en s&rsquo;adressant\u00a0:<\/p>\n<ul>\n<li>soit \u00e0 l&rsquo;officier d&rsquo;\u00e9tat civil en mairie (lieu de leur r\u00e9sidence commune)\u00a0;<\/li>\n<li>soit \u00e0 un notaire.<\/li>\n<\/ul>\n<p class=\"bloc-edito-title\">\u00a0<span style=\"color: #ff6600;\"><strong>Rappel :<\/strong><\/span><\/p>\n<p>Le Pacs est un contrat conclu entre deux personnes majeures, de sexe diff\u00e9rent ou de m\u00eame sexe, pour organiser leur vie commune. Pour pouvoir le conclure, les partenaires doivent remplir certaines conditions et r\u00e9diger une convention. Ils doivent ensuite la faire enregistrer.<\/p>\n<p><span style=\"color: #3366ff;\"><strong>A t\u00e9l\u00e9charger :<\/strong><\/span><\/p>\n<ul>\n<li>D\u00e9claration conjointe d&rsquo;un pacte civil de solidarit\u00e9 (Pacs) et attestation sur l&rsquo;honneur de non-parent\u00e9, non alliance et r\u00e9sidence commune. <a href=\"https:\/\/www.formulaires.service-public.fr\/gf\/cerfa_15725.do\"><strong><span style=\"color: #3366ff;\">cerfa n\u00b0 15725*02<\/span><\/strong><\/a><\/li>\n<li>Convention-type de pacte civil de solidarit\u00e9 (Pacs). <a href=\"https:\/\/www.formulaires.service-public.fr\/gf\/cerfa_15726.do\"><strong><span style=\"color: #3366ff;\">cerfa n\u00b0 15726*02<\/span><\/strong><\/a><\/li>\n<li><a href=\"https:\/\/www.demarches.interieur.gouv.fr\/particuliers\/modifier-pacs\"><span style=\"color: #3366ff;\">Notice explicative de d\u00e9claration, modification et dissolution d&rsquo;un pacte civil de solidarit\u00e9<\/span><\/a><\/li>\n<\/ul>\n\n\n<p><\/p>\n","protected":false},"excerpt":{"rendered":"<p>L&rsquo;enregistrement des pactes civils de solidarit\u00e9 (Pacs) est transf\u00e9r\u00e9 \u00e0 l&rsquo;officier de l&rsquo;\u00e9tat civil de notre Mairie \u00e0 partir du 1er\u00a0novembre\u00a02017. Le passage du Pacs en mairie (et non plus au tribunal) est une mesure de la loi de modernisation de la justice du XXIe\u00a0si\u00e8cle publi\u00e9e au\u00a0Journal officiel\u00a0du 19\u00a0novembre\u00a02016 (article\u00a048). Un d\u00e9cret publi\u00e9 au\u00a0Journal officiel\u00a0du [&hellip;]<\/p>\n","protected":false},"author":2,"featured_media":0,"parent":0,"menu_order":0,"comment_status":"closed","ping_status":"closed","template":"","meta":{"footnotes":""},"class_list":["post-5653","page","type-page","status-publish","hentry"],"yoast_head":"<!-- This site is optimized with the Yoast SEO plugin v26.8 - https:\/\/yoast.com\/product\/yoast-seo-wordpress\/ -->\n<title>PACS - Etival-Clairefontaine<\/title>\n<meta name=\"robots\" content=\"index, follow, max-snippet:-1, max-image-preview:large, max-video-preview:-1\" \/>\n<link rel=\"canonical\" href=\"https:\/\/etival.fr\/?page_id=5653\" \/>\n<meta property=\"og:locale\" content=\"fr_FR\" \/>\n<meta property=\"og:type\" content=\"article\" \/>\n<meta property=\"og:title\" content=\"PACS - Etival-Clairefontaine\" \/>\n<meta property=\"og:description\" content=\"L&rsquo;enregistrement des pactes civils de solidarit\u00e9 (Pacs) est transf\u00e9r\u00e9 \u00e0 l&rsquo;officier de l&rsquo;\u00e9tat civil de notre Mairie \u00e0 partir du 1er\u00a0novembre\u00a02017. Le passage du Pacs en mairie (et non plus au tribunal) est une mesure de la loi de modernisation de la justice du XXIe\u00a0si\u00e8cle publi\u00e9e au\u00a0Journal officiel\u00a0du 19\u00a0novembre\u00a02016 (article\u00a048). Un d\u00e9cret publi\u00e9 au\u00a0Journal officiel\u00a0du [&hellip;]\" \/>\n<meta property=\"og:url\" content=\"https:\/\/etival.fr\/?page_id=5653\" \/>\n<meta property=\"og:site_name\" content=\"Etival-Clairefontaine\" \/>\n<meta property=\"article:modified_time\" content=\"2023-04-05T07:51:42+00:00\" \/>\n<meta name=\"twitter:card\" content=\"summary_large_image\" \/>\n<meta name=\"twitter:label1\" content=\"Dur\u00e9e de lecture estim\u00e9e\" \/>\n\t<meta name=\"twitter:data1\" content=\"2 minutes\" \/>\n<script type=\"application\/ld+json\" class=\"yoast-schema-graph\">{\"@context\":\"https:\/\/schema.org\",\"@graph\":[{\"@type\":\"WebPage\",\"@id\":\"https:\/\/etival.fr\/?page_id=5653\",\"url\":\"https:\/\/etival.fr\/?page_id=5653\",\"name\":\"PACS - Etival-Clairefontaine\",\"isPartOf\":{\"@id\":\"https:\/\/etival.fr\/#website\"},\"datePublished\":\"2017-11-17T08:46:25+00:00\",\"dateModified\":\"2023-04-05T07:51:42+00:00\",\"breadcrumb\":{\"@id\":\"https:\/\/etival.fr\/?page_id=5653#breadcrumb\"},\"inLanguage\":\"fr-FR\",\"potentialAction\":[{\"@type\":\"ReadAction\",\"target\":[\"https:\/\/etival.fr\/?page_id=5653\"]}]},{\"@type\":\"BreadcrumbList\",\"@id\":\"https:\/\/etival.fr\/?page_id=5653#breadcrumb\",\"itemListElement\":[{\"@type\":\"ListItem\",\"position\":1,\"name\":\"Accueil\",\"item\":\"https:\/\/etival.fr\/\"},{\"@type\":\"ListItem\",\"position\":2,\"name\":\"PACS\"}]},{\"@type\":\"WebSite\",\"@id\":\"https:\/\/etival.fr\/#website\",\"url\":\"https:\/\/etival.fr\/\",\"name\":\"Etival-Clairefontaine\",\"description\":\"Informations et actualit\u00e9s de la commune\",\"potentialAction\":[{\"@type\":\"SearchAction\",\"target\":{\"@type\":\"EntryPoint\",\"urlTemplate\":\"https:\/\/etival.fr\/?s={search_term_string}\"},\"query-input\":{\"@type\":\"PropertyValueSpecification\",\"valueRequired\":true,\"valueName\":\"search_term_string\"}}],\"inLanguage\":\"fr-FR\"}]}<\/script>\n<!-- \/ Yoast SEO plugin. -->","yoast_head_json":{"title":"PACS - Etival-Clairefontaine","robots":{"index":"index","follow":"follow","max-snippet":"max-snippet:-1","max-image-preview":"max-image-preview:large","max-video-preview":"max-video-preview:-1"},"canonical":"https:\/\/etival.fr\/?page_id=5653","og_locale":"fr_FR","og_type":"article","og_title":"PACS - Etival-Clairefontaine","og_description":"L&rsquo;enregistrement des pactes civils de solidarit\u00e9 (Pacs) est transf\u00e9r\u00e9 \u00e0 l&rsquo;officier de l&rsquo;\u00e9tat civil de notre Mairie \u00e0 partir du 1er\u00a0novembre\u00a02017. Le passage du Pacs en mairie (et non plus au tribunal) est une mesure de la loi de modernisation de la justice du XXIe\u00a0si\u00e8cle publi\u00e9e au\u00a0Journal officiel\u00a0du 19\u00a0novembre\u00a02016 (article\u00a048). Un d\u00e9cret publi\u00e9 au\u00a0Journal officiel\u00a0du [&hellip;]","og_url":"https:\/\/etival.fr\/?page_id=5653","og_site_name":"Etival-Clairefontaine","article_modified_time":"2023-04-05T07:51:42+00:00","twitter_card":"summary_large_image","twitter_misc":{"Dur\u00e9e de lecture estim\u00e9e":"2 minutes"},"schema":{"@context":"https:\/\/schema.org","@graph":[{"@type":"WebPage","@id":"https:\/\/etival.fr\/?page_id=5653","url":"https:\/\/etival.fr\/?page_id=5653","name":"PACS - Etival-Clairefontaine","isPartOf":{"@id":"https:\/\/etival.fr\/#website"},"datePublished":"2017-11-17T08:46:25+00:00","dateModified":"2023-04-05T07:51:42+00:00","breadcrumb":{"@id":"https:\/\/etival.fr\/?page_id=5653#breadcrumb"},"inLanguage":"fr-FR","potentialAction":[{"@type":"ReadAction","target":["https:\/\/etival.fr\/?page_id=5653"]}]},{"@type":"BreadcrumbList","@id":"https:\/\/etival.fr\/?page_id=5653#breadcrumb","itemListElement":[{"@type":"ListItem","position":1,"name":"Accueil","item":"https:\/\/etival.fr\/"},{"@type":"ListItem","position":2,"name":"PACS"}]},{"@type":"WebSite","@id":"https:\/\/etival.fr\/#website","url":"https:\/\/etival.fr\/","name":"Etival-Clairefontaine","description":"Informations et actualit\u00e9s de la commune","potentialAction":[{"@type":"SearchAction","target":{"@type":"EntryPoint","urlTemplate":"https:\/\/etival.fr\/?s={search_term_string}"},"query-input":{"@type":"PropertyValueSpecification","valueRequired":true,"valueName":"search_term_string"}}],"inLanguage":"fr-FR"}]}},"_links":{"self":[{"href":"https:\/\/etival.fr\/index.php?rest_route=\/wp\/v2\/pages\/5653","targetHints":{"allow":["GET"]}}],"collection":[{"href":"https:\/\/etival.fr\/index.php?rest_route=\/wp\/v2\/pages"}],"about":[{"href":"https:\/\/etival.fr\/index.php?rest_route=\/wp\/v2\/types\/page"}],"author":[{"embeddable":true,"href":"https:\/\/etival.fr\/index.php?rest_route=\/wp\/v2\/users\/2"}],"replies":[{"embeddable":true,"href":"https:\/\/etival.fr\/index.php?rest_route=%2Fwp%2Fv2%2Fcomments&post=5653"}],"version-history":[{"count":7,"href":"https:\/\/etival.fr\/index.php?rest_route=\/wp\/v2\/pages\/5653\/revisions"}],"predecessor-version":[{"id":11004,"href":"https:\/\/etival.fr\/index.php?rest_route=\/wp\/v2\/pages\/5653\/revisions\/11004"}],"wp:attachment":[{"href":"https:\/\/etival.fr\/index.php?rest_route=%2Fwp%2Fv2%2Fmedia&parent=5653"}],"curies":[{"name":"wp","href":"https:\/\/api.w.org\/{rel}","templated":true}]}}