{"id":5953,"date":"2018-01-23T15:02:55","date_gmt":"2018-01-23T14:02:55","guid":{"rendered":"http:\/\/etival.fr\/?page_id=5953"},"modified":"2018-10-03T09:44:04","modified_gmt":"2018-10-03T08:44:04","slug":"2018-3","status":"publish","type":"page","link":"https:\/\/etival.fr\/?page_id=5953","title":{"rendered":"2018"},"content":{"rendered":"<header>\n<h1 class=\"entry-title\">Projet retenu pour la cr\u00e9ation du nouveau groupe scolaire<\/h1>\n<\/header>\n<header>\n<img loading=\"lazy\" decoding=\"async\" class=\"alignnone size-full wp-image-6528\" src=\"http:\/\/etival.fr\/wp-content\/uploads\/2018\/07\/esquisse-\u00e9cole-2.jpg\" alt=\"\" width=\"1000\" height=\"1415\" srcset=\"https:\/\/etival.fr\/wp-content\/uploads\/2018\/07\/esquisse-\u00e9cole-2.jpg 1000w, https:\/\/etival.fr\/wp-content\/uploads\/2018\/07\/esquisse-\u00e9cole-2-212x300.jpg 212w, https:\/\/etival.fr\/wp-content\/uploads\/2018\/07\/esquisse-\u00e9cole-2-768x1087.jpg 768w, https:\/\/etival.fr\/wp-content\/uploads\/2018\/07\/esquisse-\u00e9cole-2-724x1024.jpg 724w, https:\/\/etival.fr\/wp-content\/uploads\/2018\/07\/esquisse-\u00e9cole-2-624x883.jpg 624w\" sizes=\"auto, (max-width: 1000px) 100vw, 1000px\" \/><\/p>\n<hr \/>\n<h2 style=\"text-align: center;\"><span style=\"color: #808080;\">Exposition d&rsquo;anciennes cartes postales d&rsquo;Etival-Clairefontaine<\/span><br \/>\n<span style=\"color: #808080;\"> par l&rsquo;Atelier d&rsquo;Arts Plastiques au Jardin du Clo\u00eetre<\/span><\/h2>\n<p><img loading=\"lazy\" decoding=\"async\" class=\"alignnone size-full wp-image-6540\" src=\"http:\/\/etival.fr\/wp-content\/uploads\/2018\/07\/IMG_0983.jpg\" alt=\"\" width=\"450\" height=\"800\" srcset=\"https:\/\/etival.fr\/wp-content\/uploads\/2018\/07\/IMG_0983.jpg 450w, https:\/\/etival.fr\/wp-content\/uploads\/2018\/07\/IMG_0983-169x300.jpg 169w\" sizes=\"auto, (max-width: 450px) 100vw, 450px\" \/><\/p>\n<p><img loading=\"lazy\" decoding=\"async\" class=\"alignnone size-full wp-image-6522\" src=\"http:\/\/etival.fr\/wp-content\/uploads\/2018\/07\/DSCN9300.jpg\" alt=\"\" width=\"1000\" height=\"727\" srcset=\"https:\/\/etival.fr\/wp-content\/uploads\/2018\/07\/DSCN9300.jpg 1000w, https:\/\/etival.fr\/wp-content\/uploads\/2018\/07\/DSCN9300-300x218.jpg 300w, https:\/\/etival.fr\/wp-content\/uploads\/2018\/07\/DSCN9300-768x558.jpg 768w, https:\/\/etival.fr\/wp-content\/uploads\/2018\/07\/DSCN9300-624x454.jpg 624w\" sizes=\"auto, (max-width: 1000px) 100vw, 1000px\" \/> <img loading=\"lazy\" decoding=\"async\" class=\"alignnone size-full wp-image-6517\" src=\"http:\/\/etival.fr\/wp-content\/uploads\/2018\/07\/DSCN9290.jpg\" alt=\"\" width=\"1000\" height=\"750\" srcset=\"https:\/\/etival.fr\/wp-content\/uploads\/2018\/07\/DSCN9290.jpg 1000w, https:\/\/etival.fr\/wp-content\/uploads\/2018\/07\/DSCN9290-300x225.jpg 300w, https:\/\/etival.fr\/wp-content\/uploads\/2018\/07\/DSCN9290-768x576.jpg 768w, https:\/\/etival.fr\/wp-content\/uploads\/2018\/07\/DSCN9290-624x468.jpg 624w\" sizes=\"auto, (max-width: 1000px) 100vw, 1000px\" \/><\/p>\n<p><!--more--><img loading=\"lazy\" decoding=\"async\" class=\"alignnone size-full wp-image-6521\" src=\"http:\/\/etival.fr\/wp-content\/uploads\/2018\/07\/DSCN9298.jpg\" alt=\"\" width=\"1000\" height=\"1061\" srcset=\"https:\/\/etival.fr\/wp-content\/uploads\/2018\/07\/DSCN9298.jpg 1000w, https:\/\/etival.fr\/wp-content\/uploads\/2018\/07\/DSCN9298-283x300.jpg 283w, https:\/\/etival.fr\/wp-content\/uploads\/2018\/07\/DSCN9298-768x815.jpg 768w, https:\/\/etival.fr\/wp-content\/uploads\/2018\/07\/DSCN9298-965x1024.jpg 965w, https:\/\/etival.fr\/wp-content\/uploads\/2018\/07\/DSCN9298-624x662.jpg 624w\" sizes=\"auto, (max-width: 1000px) 100vw, 1000px\" \/> <img loading=\"lazy\" decoding=\"async\" class=\"alignnone size-full wp-image-6520\" src=\"http:\/\/etival.fr\/wp-content\/uploads\/2018\/07\/DSCN9297.jpg\" alt=\"\" width=\"1000\" height=\"893\" srcset=\"https:\/\/etival.fr\/wp-content\/uploads\/2018\/07\/DSCN9297.jpg 1000w, https:\/\/etival.fr\/wp-content\/uploads\/2018\/07\/DSCN9297-300x268.jpg 300w, https:\/\/etival.fr\/wp-content\/uploads\/2018\/07\/DSCN9297-768x686.jpg 768w, https:\/\/etival.fr\/wp-content\/uploads\/2018\/07\/DSCN9297-624x557.jpg 624w\" sizes=\"auto, (max-width: 1000px) 100vw, 1000px\" \/> <img loading=\"lazy\" decoding=\"async\" class=\"alignnone size-full wp-image-6519\" src=\"http:\/\/etival.fr\/wp-content\/uploads\/2018\/07\/DSCN9296.jpg\" alt=\"\" width=\"1000\" height=\"966\" srcset=\"https:\/\/etival.fr\/wp-content\/uploads\/2018\/07\/DSCN9296.jpg 1000w, https:\/\/etival.fr\/wp-content\/uploads\/2018\/07\/DSCN9296-300x290.jpg 300w, https:\/\/etival.fr\/wp-content\/uploads\/2018\/07\/DSCN9296-768x742.jpg 768w, https:\/\/etival.fr\/wp-content\/uploads\/2018\/07\/DSCN9296-624x603.jpg 624w\" sizes=\"auto, (max-width: 1000px) 100vw, 1000px\" \/> <img loading=\"lazy\" decoding=\"async\" class=\"alignnone size-full wp-image-6516\" src=\"http:\/\/etival.fr\/wp-content\/uploads\/2018\/07\/DSCN9288.jpg\" alt=\"\" width=\"1000\" height=\"750\" srcset=\"https:\/\/etival.fr\/wp-content\/uploads\/2018\/07\/DSCN9288.jpg 1000w, https:\/\/etival.fr\/wp-content\/uploads\/2018\/07\/DSCN9288-300x225.jpg 300w, https:\/\/etival.fr\/wp-content\/uploads\/2018\/07\/DSCN9288-768x576.jpg 768w, https:\/\/etival.fr\/wp-content\/uploads\/2018\/07\/DSCN9288-624x468.jpg 624w\" sizes=\"auto, (max-width: 1000px) 100vw, 1000px\" \/> <img loading=\"lazy\" decoding=\"async\" class=\"alignnone size-full wp-image-6515\" src=\"http:\/\/etival.fr\/wp-content\/uploads\/2018\/07\/DSCN9287.gif\" alt=\"\" width=\"1000\" height=\"750\" \/><\/p>\n<hr \/>\n<p><span style=\"color: #808080;\"><em>Responsable de l&rsquo;Atelier de Dessin : Pascal ARNOUX. T\u00e9l. : 03.29.41.43.06<\/em><\/span><\/p>\n<\/header>\n<header class=\"entry-header\">Les travaux pour la r\u00e9alisation de la future voie verte Moyenmoutier-Gare d&rsquo;Etival ont \u00e9t\u00e9 engag\u00e9s. Ils devraient durer environ un mois.<br \/>\nElle va permettre aux habitants de la vall\u00e9e d&rsquo;acc\u00e9der \u00e0 la gare o\u00f9 ils trouveront un abri pour leurs deux roues ainsi qu&rsquo;une aire de covoiturage<br \/>\nDans le sens inverse, les Stivaliens, et d&rsquo;autres pourront rejoindre Senones, voire Moussey pour de bien agr\u00e9ables promenades.<img loading=\"lazy\" decoding=\"async\" class=\"alignnone size-full wp-image-6755\" src=\"http:\/\/etival.fr\/wp-content\/uploads\/2018\/09\/1-redim.jpg\" alt=\"\" width=\"1000\" height=\"655\" srcset=\"https:\/\/etival.fr\/wp-content\/uploads\/2018\/09\/1-redim.jpg 1000w, https:\/\/etival.fr\/wp-content\/uploads\/2018\/09\/1-redim-300x197.jpg 300w, https:\/\/etival.fr\/wp-content\/uploads\/2018\/09\/1-redim-768x503.jpg 768w, https:\/\/etival.fr\/wp-content\/uploads\/2018\/09\/1-redim-624x409.jpg 624w\" sizes=\"auto, (max-width: 1000px) 100vw, 1000px\" \/><img loading=\"lazy\" decoding=\"async\" class=\"alignnone size-full wp-image-6754\" src=\"http:\/\/etival.fr\/wp-content\/uploads\/2018\/09\/2-redim.jpg\" alt=\"\" width=\"1000\" height=\"660\" srcset=\"https:\/\/etival.fr\/wp-content\/uploads\/2018\/09\/2-redim.jpg 1000w, https:\/\/etival.fr\/wp-content\/uploads\/2018\/09\/2-redim-300x198.jpg 300w, https:\/\/etival.fr\/wp-content\/uploads\/2018\/09\/2-redim-768x507.jpg 768w, https:\/\/etival.fr\/wp-content\/uploads\/2018\/09\/2-redim-624x412.jpg 624w\" sizes=\"auto, (max-width: 1000px) 100vw, 1000px\" \/><\/p>\n<hr \/>\n<h3 class=\"entry-title\"><a href=\"http:\/\/etival.fr\/wp-content\/uploads\/2018\/01\/VOEUX-DE-MONSIEUR-LE-MAIRE-2018-SITE-DE-LA-VILLE.pdf\">DISCOURS DES V\u0152UX DU MAIRE DU 11 JANVIER 2018<\/a><\/h3>\n<p><img loading=\"lazy\" decoding=\"async\" class=\"alignnone size-full wp-image-5961\" src=\"http:\/\/etival.fr\/wp-content\/uploads\/2018\/01\/18556660_1828091600554918_4376106980602946107_o.gif\" alt=\"\" width=\"1000\" height=\"667\" \/><\/p>\n<p><img loading=\"lazy\" decoding=\"async\" class=\"alignnone wp-image-5963\" src=\"http:\/\/etival.fr\/wp-content\/uploads\/2018\/01\/26233579_1828085747222170_9205228608109434893_o.gif\" alt=\"\" width=\"267\" height=\"178\" \/>\u00a0<img loading=\"lazy\" decoding=\"async\" class=\"alignnone wp-image-5964\" src=\"http:\/\/etival.fr\/wp-content\/uploads\/2018\/01\/26757132_1828095060554572_1582052619363363569_o.gif\" alt=\"\" width=\"267\" height=\"178\" \/><\/p>\n<\/header>\n","protected":false},"excerpt":{"rendered":"<p>Projet retenu pour la cr\u00e9ation du nouveau groupe scolaire Exposition d&rsquo;anciennes cartes postales d&rsquo;Etival-Clairefontaine par l&rsquo;Atelier d&rsquo;Arts Plastiques au Jardin du Clo\u00eetre<\/p>\n","protected":false},"author":2,"featured_media":0,"parent":0,"menu_order":0,"comment_status":"closed","ping_status":"closed","template":"","meta":{"footnotes":""},"class_list":["post-5953","page","type-page","status-publish","hentry"],"yoast_head":"<!-- This site is optimized with the Yoast SEO plugin v26.8 - https:\/\/yoast.com\/product\/yoast-seo-wordpress\/ -->\n<title>2018 - Etival-Clairefontaine<\/title>\n<meta name=\"robots\" content=\"index, follow, max-snippet:-1, max-image-preview:large, max-video-preview:-1\" \/>\n<link rel=\"canonical\" href=\"https:\/\/etival.fr\/?page_id=5953\" \/>\n<meta property=\"og:locale\" content=\"fr_FR\" \/>\n<meta property=\"og:type\" content=\"article\" \/>\n<meta property=\"og:title\" content=\"2018 - Etival-Clairefontaine\" \/>\n<meta property=\"og:description\" content=\"Projet retenu pour la cr\u00e9ation du nouveau groupe scolaire Exposition d&rsquo;anciennes cartes postales d&rsquo;Etival-Clairefontaine par l&rsquo;Atelier d&rsquo;Arts Plastiques au Jardin du Clo\u00eetre\" \/>\n<meta property=\"og:url\" content=\"https:\/\/etival.fr\/?page_id=5953\" \/>\n<meta property=\"og:site_name\" content=\"Etival-Clairefontaine\" \/>\n<meta property=\"article:modified_time\" content=\"2018-10-03T08:44:04+00:00\" \/>\n<meta property=\"og:image\" content=\"http:\/\/etival.fr\/wp-content\/uploads\/2018\/07\/IMG_0983.jpg\" \/>\n<meta name=\"twitter:card\" content=\"summary_large_image\" \/>\n<meta name=\"twitter:label1\" content=\"Dur\u00e9e de lecture estim\u00e9e\" \/>\n\t<meta name=\"twitter:data1\" content=\"1 minute\" \/>\n<script type=\"application\/ld+json\" class=\"yoast-schema-graph\">{\"@context\":\"https:\/\/schema.org\",\"@graph\":[{\"@type\":\"WebPage\",\"@id\":\"https:\/\/etival.fr\/?page_id=5953\",\"url\":\"https:\/\/etival.fr\/?page_id=5953\",\"name\":\"2018 - Etival-Clairefontaine\",\"isPartOf\":{\"@id\":\"https:\/\/etival.fr\/#website\"},\"primaryImageOfPage\":{\"@id\":\"https:\/\/etival.fr\/?page_id=5953#primaryimage\"},\"image\":{\"@id\":\"https:\/\/etival.fr\/?page_id=5953#primaryimage\"},\"thumbnailUrl\":\"http:\/\/etival.fr\/wp-content\/uploads\/2018\/07\/IMG_0983.jpg\",\"datePublished\":\"2018-01-23T14:02:55+00:00\",\"dateModified\":\"2018-10-03T08:44:04+00:00\",\"breadcrumb\":{\"@id\":\"https:\/\/etival.fr\/?page_id=5953#breadcrumb\"},\"inLanguage\":\"fr-FR\",\"potentialAction\":[{\"@type\":\"ReadAction\",\"target\":[\"https:\/\/etival.fr\/?page_id=5953\"]}]},{\"@type\":\"ImageObject\",\"inLanguage\":\"fr-FR\",\"@id\":\"https:\/\/etival.fr\/?page_id=5953#primaryimage\",\"url\":\"http:\/\/etival.fr\/wp-content\/uploads\/2018\/07\/IMG_0983.jpg\",\"contentUrl\":\"http:\/\/etival.fr\/wp-content\/uploads\/2018\/07\/IMG_0983.jpg\"},{\"@type\":\"BreadcrumbList\",\"@id\":\"https:\/\/etival.fr\/?page_id=5953#breadcrumb\",\"itemListElement\":[{\"@type\":\"ListItem\",\"position\":1,\"name\":\"Accueil\",\"item\":\"https:\/\/etival.fr\/\"},{\"@type\":\"ListItem\",\"position\":2,\"name\":\"2018\"}]},{\"@type\":\"WebSite\",\"@id\":\"https:\/\/etival.fr\/#website\",\"url\":\"https:\/\/etival.fr\/\",\"name\":\"Etival-Clairefontaine\",\"description\":\"Informations et actualit\u00e9s de la commune\",\"potentialAction\":[{\"@type\":\"SearchAction\",\"target\":{\"@type\":\"EntryPoint\",\"urlTemplate\":\"https:\/\/etival.fr\/?s={search_term_string}\"},\"query-input\":{\"@type\":\"PropertyValueSpecification\",\"valueRequired\":true,\"valueName\":\"search_term_string\"}}],\"inLanguage\":\"fr-FR\"}]}<\/script>\n<!-- \/ Yoast SEO plugin. -->","yoast_head_json":{"title":"2018 - Etival-Clairefontaine","robots":{"index":"index","follow":"follow","max-snippet":"max-snippet:-1","max-image-preview":"max-image-preview:large","max-video-preview":"max-video-preview:-1"},"canonical":"https:\/\/etival.fr\/?page_id=5953","og_locale":"fr_FR","og_type":"article","og_title":"2018 - Etival-Clairefontaine","og_description":"Projet retenu pour la cr\u00e9ation du nouveau groupe scolaire Exposition d&rsquo;anciennes cartes postales d&rsquo;Etival-Clairefontaine par l&rsquo;Atelier d&rsquo;Arts Plastiques au Jardin du Clo\u00eetre","og_url":"https:\/\/etival.fr\/?page_id=5953","og_site_name":"Etival-Clairefontaine","article_modified_time":"2018-10-03T08:44:04+00:00","og_image":[{"url":"http:\/\/etival.fr\/wp-content\/uploads\/2018\/07\/IMG_0983.jpg","type":"","width":"","height":""}],"twitter_card":"summary_large_image","twitter_misc":{"Dur\u00e9e de lecture estim\u00e9e":"1 minute"},"schema":{"@context":"https:\/\/schema.org","@graph":[{"@type":"WebPage","@id":"https:\/\/etival.fr\/?page_id=5953","url":"https:\/\/etival.fr\/?page_id=5953","name":"2018 - Etival-Clairefontaine","isPartOf":{"@id":"https:\/\/etival.fr\/#website"},"primaryImageOfPage":{"@id":"https:\/\/etival.fr\/?page_id=5953#primaryimage"},"image":{"@id":"https:\/\/etival.fr\/?page_id=5953#primaryimage"},"thumbnailUrl":"http:\/\/etival.fr\/wp-content\/uploads\/2018\/07\/IMG_0983.jpg","datePublished":"2018-01-23T14:02:55+00:00","dateModified":"2018-10-03T08:44:04+00:00","breadcrumb":{"@id":"https:\/\/etival.fr\/?page_id=5953#breadcrumb"},"inLanguage":"fr-FR","potentialAction":[{"@type":"ReadAction","target":["https:\/\/etival.fr\/?page_id=5953"]}]},{"@type":"ImageObject","inLanguage":"fr-FR","@id":"https:\/\/etival.fr\/?page_id=5953#primaryimage","url":"http:\/\/etival.fr\/wp-content\/uploads\/2018\/07\/IMG_0983.jpg","contentUrl":"http:\/\/etival.fr\/wp-content\/uploads\/2018\/07\/IMG_0983.jpg"},{"@type":"BreadcrumbList","@id":"https:\/\/etival.fr\/?page_id=5953#breadcrumb","itemListElement":[{"@type":"ListItem","position":1,"name":"Accueil","item":"https:\/\/etival.fr\/"},{"@type":"ListItem","position":2,"name":"2018"}]},{"@type":"WebSite","@id":"https:\/\/etival.fr\/#website","url":"https:\/\/etival.fr\/","name":"Etival-Clairefontaine","description":"Informations et actualit\u00e9s de la commune","potentialAction":[{"@type":"SearchAction","target":{"@type":"EntryPoint","urlTemplate":"https:\/\/etival.fr\/?s={search_term_string}"},"query-input":{"@type":"PropertyValueSpecification","valueRequired":true,"valueName":"search_term_string"}}],"inLanguage":"fr-FR"}]}},"_links":{"self":[{"href":"https:\/\/etival.fr\/index.php?rest_route=\/wp\/v2\/pages\/5953","targetHints":{"allow":["GET"]}}],"collection":[{"href":"https:\/\/etival.fr\/index.php?rest_route=\/wp\/v2\/pages"}],"about":[{"href":"https:\/\/etival.fr\/index.php?rest_route=\/wp\/v2\/types\/page"}],"author":[{"embeddable":true,"href":"https:\/\/etival.fr\/index.php?rest_route=\/wp\/v2\/users\/2"}],"replies":[{"embeddable":true,"href":"https:\/\/etival.fr\/index.php?rest_route=%2Fwp%2Fv2%2Fcomments&post=5953"}],"version-history":[{"count":10,"href":"https:\/\/etival.fr\/index.php?rest_route=\/wp\/v2\/pages\/5953\/revisions"}],"predecessor-version":[{"id":6835,"href":"https:\/\/etival.fr\/index.php?rest_route=\/wp\/v2\/pages\/5953\/revisions\/6835"}],"wp:attachment":[{"href":"https:\/\/etival.fr\/index.php?rest_route=%2Fwp%2Fv2%2Fmedia&parent=5953"}],"curies":[{"name":"wp","href":"https:\/\/api.w.org\/{rel}","templated":true}]}}