{"id":7061,"date":"2019-01-09T14:33:13","date_gmt":"2019-01-09T13:33:13","guid":{"rendered":"http:\/\/etival.fr\/?page_id=7061"},"modified":"2025-05-20T09:35:09","modified_gmt":"2025-05-20T08:35:09","slug":"operation-tranquillite-vacances","status":"publish","type":"page","link":"https:\/\/etival.fr\/?page_id=7061","title":{"rendered":"Op\u00e9ration tranquillit\u00e9 vacances"},"content":{"rendered":"\n<p class=\"has-very-dark-gray-color has-text-color\">Pendant toute absence prolong\u00e9e de votre domicile, vous pouvez demander \u00e0 la police ou \u00e0 la gendarmerie de surveiller votre logement. Des patrouilles sont alors organis\u00e9es. Vous serez pr\u00e9venu en cas d&rsquo;anomalie (tentatives d&rsquo;effractions, cambriolages&#8230;).<\/p>\n\n\n\n<p>Pour b\u00e9n\u00e9ficier du service, vous devez vous rendre en Mairie ou \u00e0 la brigade de gendarmerie de votre domicile&nbsp;<strong>au moins 2 jours avant votre d\u00e9part<\/strong>.<\/p>\n\n\n<p>Pour b\u00e9n\u00e9ficier de la surveillance de votre r\u00e9sidence en votre absence, merci de remplir ce formulaire <a href=\"https:\/\/static.ccm2.net\/scrib-files\/32602689.pdf\">ICI<\/a><\/p>","protected":false},"excerpt":{"rendered":"<p>Pendant toute absence prolong\u00e9e de votre domicile, vous pouvez demander \u00e0 la police ou \u00e0 la gendarmerie de surveiller votre logement. Des patrouilles sont alors organis\u00e9es. Vous serez pr\u00e9venu en cas d&rsquo;anomalie (tentatives d&rsquo;effractions, cambriolages&#8230;). Pour b\u00e9n\u00e9ficier du service, vous devez vous rendre en Mairie ou \u00e0 la brigade de gendarmerie de votre domicile&nbsp;au moins [&hellip;]<\/p>\n","protected":false},"author":2,"featured_media":0,"parent":0,"menu_order":0,"comment_status":"closed","ping_status":"closed","template":"","meta":{"footnotes":""},"class_list":["post-7061","page","type-page","status-publish","hentry"],"yoast_head":"<!-- This site is optimized with the Yoast SEO plugin v26.8 - https:\/\/yoast.com\/product\/yoast-seo-wordpress\/ -->\n<title>Op\u00e9ration tranquillit\u00e9 vacances - Etival-Clairefontaine<\/title>\n<meta name=\"robots\" content=\"index, follow, max-snippet:-1, max-image-preview:large, max-video-preview:-1\" \/>\n<link rel=\"canonical\" href=\"https:\/\/etival.fr\/?page_id=7061\" \/>\n<meta property=\"og:locale\" content=\"fr_FR\" \/>\n<meta property=\"og:type\" content=\"article\" \/>\n<meta property=\"og:title\" content=\"Op\u00e9ration tranquillit\u00e9 vacances - Etival-Clairefontaine\" \/>\n<meta property=\"og:description\" content=\"Pendant toute absence prolong\u00e9e de votre domicile, vous pouvez demander \u00e0 la police ou \u00e0 la gendarmerie de surveiller votre logement. Des patrouilles sont alors organis\u00e9es. Vous serez pr\u00e9venu en cas d&rsquo;anomalie (tentatives d&rsquo;effractions, cambriolages&#8230;). Pour b\u00e9n\u00e9ficier du service, vous devez vous rendre en Mairie ou \u00e0 la brigade de gendarmerie de votre domicile&nbsp;au moins [&hellip;]\" \/>\n<meta property=\"og:url\" content=\"https:\/\/etival.fr\/?page_id=7061\" \/>\n<meta property=\"og:site_name\" content=\"Etival-Clairefontaine\" \/>\n<meta property=\"article:modified_time\" content=\"2025-05-20T08:35:09+00:00\" \/>\n<meta name=\"twitter:card\" content=\"summary_large_image\" \/>\n<meta name=\"twitter:label1\" content=\"Dur\u00e9e de lecture estim\u00e9e\" \/>\n\t<meta name=\"twitter:data1\" content=\"1 minute\" \/>\n<script type=\"application\/ld+json\" class=\"yoast-schema-graph\">{\"@context\":\"https:\/\/schema.org\",\"@graph\":[{\"@type\":\"WebPage\",\"@id\":\"https:\/\/etival.fr\/?page_id=7061\",\"url\":\"https:\/\/etival.fr\/?page_id=7061\",\"name\":\"Op\u00e9ration tranquillit\u00e9 vacances - Etival-Clairefontaine\",\"isPartOf\":{\"@id\":\"https:\/\/etival.fr\/#website\"},\"datePublished\":\"2019-01-09T13:33:13+00:00\",\"dateModified\":\"2025-05-20T08:35:09+00:00\",\"breadcrumb\":{\"@id\":\"https:\/\/etival.fr\/?page_id=7061#breadcrumb\"},\"inLanguage\":\"fr-FR\",\"potentialAction\":[{\"@type\":\"ReadAction\",\"target\":[\"https:\/\/etival.fr\/?page_id=7061\"]}]},{\"@type\":\"BreadcrumbList\",\"@id\":\"https:\/\/etival.fr\/?page_id=7061#breadcrumb\",\"itemListElement\":[{\"@type\":\"ListItem\",\"position\":1,\"name\":\"Accueil\",\"item\":\"https:\/\/etival.fr\/\"},{\"@type\":\"ListItem\",\"position\":2,\"name\":\"Op\u00e9ration tranquillit\u00e9 vacances\"}]},{\"@type\":\"WebSite\",\"@id\":\"https:\/\/etival.fr\/#website\",\"url\":\"https:\/\/etival.fr\/\",\"name\":\"Etival-Clairefontaine\",\"description\":\"Informations et actualit\u00e9s de la commune\",\"potentialAction\":[{\"@type\":\"SearchAction\",\"target\":{\"@type\":\"EntryPoint\",\"urlTemplate\":\"https:\/\/etival.fr\/?s={search_term_string}\"},\"query-input\":{\"@type\":\"PropertyValueSpecification\",\"valueRequired\":true,\"valueName\":\"search_term_string\"}}],\"inLanguage\":\"fr-FR\"}]}<\/script>\n<!-- \/ Yoast SEO plugin. -->","yoast_head_json":{"title":"Op\u00e9ration tranquillit\u00e9 vacances - Etival-Clairefontaine","robots":{"index":"index","follow":"follow","max-snippet":"max-snippet:-1","max-image-preview":"max-image-preview:large","max-video-preview":"max-video-preview:-1"},"canonical":"https:\/\/etival.fr\/?page_id=7061","og_locale":"fr_FR","og_type":"article","og_title":"Op\u00e9ration tranquillit\u00e9 vacances - Etival-Clairefontaine","og_description":"Pendant toute absence prolong\u00e9e de votre domicile, vous pouvez demander \u00e0 la police ou \u00e0 la gendarmerie de surveiller votre logement. Des patrouilles sont alors organis\u00e9es. Vous serez pr\u00e9venu en cas d&rsquo;anomalie (tentatives d&rsquo;effractions, cambriolages&#8230;). Pour b\u00e9n\u00e9ficier du service, vous devez vous rendre en Mairie ou \u00e0 la brigade de gendarmerie de votre domicile&nbsp;au moins [&hellip;]","og_url":"https:\/\/etival.fr\/?page_id=7061","og_site_name":"Etival-Clairefontaine","article_modified_time":"2025-05-20T08:35:09+00:00","twitter_card":"summary_large_image","twitter_misc":{"Dur\u00e9e de lecture estim\u00e9e":"1 minute"},"schema":{"@context":"https:\/\/schema.org","@graph":[{"@type":"WebPage","@id":"https:\/\/etival.fr\/?page_id=7061","url":"https:\/\/etival.fr\/?page_id=7061","name":"Op\u00e9ration tranquillit\u00e9 vacances - Etival-Clairefontaine","isPartOf":{"@id":"https:\/\/etival.fr\/#website"},"datePublished":"2019-01-09T13:33:13+00:00","dateModified":"2025-05-20T08:35:09+00:00","breadcrumb":{"@id":"https:\/\/etival.fr\/?page_id=7061#breadcrumb"},"inLanguage":"fr-FR","potentialAction":[{"@type":"ReadAction","target":["https:\/\/etival.fr\/?page_id=7061"]}]},{"@type":"BreadcrumbList","@id":"https:\/\/etival.fr\/?page_id=7061#breadcrumb","itemListElement":[{"@type":"ListItem","position":1,"name":"Accueil","item":"https:\/\/etival.fr\/"},{"@type":"ListItem","position":2,"name":"Op\u00e9ration tranquillit\u00e9 vacances"}]},{"@type":"WebSite","@id":"https:\/\/etival.fr\/#website","url":"https:\/\/etival.fr\/","name":"Etival-Clairefontaine","description":"Informations et actualit\u00e9s de la commune","potentialAction":[{"@type":"SearchAction","target":{"@type":"EntryPoint","urlTemplate":"https:\/\/etival.fr\/?s={search_term_string}"},"query-input":{"@type":"PropertyValueSpecification","valueRequired":true,"valueName":"search_term_string"}}],"inLanguage":"fr-FR"}]}},"_links":{"self":[{"href":"https:\/\/etival.fr\/index.php?rest_route=\/wp\/v2\/pages\/7061","targetHints":{"allow":["GET"]}}],"collection":[{"href":"https:\/\/etival.fr\/index.php?rest_route=\/wp\/v2\/pages"}],"about":[{"href":"https:\/\/etival.fr\/index.php?rest_route=\/wp\/v2\/types\/page"}],"author":[{"embeddable":true,"href":"https:\/\/etival.fr\/index.php?rest_route=\/wp\/v2\/users\/2"}],"replies":[{"embeddable":true,"href":"https:\/\/etival.fr\/index.php?rest_route=%2Fwp%2Fv2%2Fcomments&post=7061"}],"version-history":[{"count":6,"href":"https:\/\/etival.fr\/index.php?rest_route=\/wp\/v2\/pages\/7061\/revisions"}],"predecessor-version":[{"id":12844,"href":"https:\/\/etival.fr\/index.php?rest_route=\/wp\/v2\/pages\/7061\/revisions\/12844"}],"wp:attachment":[{"href":"https:\/\/etival.fr\/index.php?rest_route=%2Fwp%2Fv2%2Fmedia&parent=7061"}],"curies":[{"name":"wp","href":"https:\/\/api.w.org\/{rel}","templated":true}]}}