{"id":816,"date":"2014-10-22T09:06:42","date_gmt":"2014-10-22T08:06:42","guid":{"rendered":"http:\/\/etival.fr\/?page_id=816"},"modified":"2026-05-04T07:04:32","modified_gmt":"2026-05-04T06:04:32","slug":"professionnels-de-sante","status":"publish","type":"page","link":"https:\/\/etival.fr\/?page_id=816","title":{"rendered":"Professionnels de Sant\u00e9"},"content":{"rendered":"<p><strong><span style=\"text-decoration: underline;\"><span style=\"color: #666699; text-decoration: underline;\">M\u00e9decins G\u00e9n\u00e9ralistes<\/span><\/span><br \/>\n<\/strong>DEGRELLE Pascal<br \/>\n3, Rue du G\u00e9n\u00e9ral Haxo<br \/>\n88480 ETIVAL-CLAIREFONTAINE<br \/>\nT\u00e9l. : 03.29.41.71.00<\/p>\n<p>FLIN Patrice<br \/>\n20, Avenue de Bellefontaine<br \/>\n88480 ETIVAL-CLAIREFONTAINE<br \/>\nT\u00e9l. : 03.29.42.03.30<\/p>\n<ul>\n<li><span style=\"color: #008000;\">VILLEMIN Alessandra<\/span><br \/>\n<span style=\"color: #008000;\">70, Avenue Charles de Gaulle<\/span><br \/>\n<span style=\"color: #008000;\">88480 ETIVAL-CLAIREFONTAINE<\/span><br \/>\n<span style=\"color: #008000;\">T\u00e9l. : 03.56.59.00.50<\/span><\/li>\n<li><span style=\"color: #008000;\">SCHICK Camille<\/span><br \/>\n<span style=\"color: #008000;\">70, Avenue Charles de Gaulle<\/span><br \/>\n<span style=\"color: #008000;\">88480 ETIVAL-CLAIREFONTAINE<\/span><br \/>\n<span style=\"color: #008000;\">T\u00e9l. : 03.56.59.00.50<\/span><\/li>\n<li><span style=\"color: #008000;\">NARTZ Pauline (M\u00e9decin non conventionn\u00e9)<\/span><br \/>\n<span style=\"color: #008000;\">70, Avenue Charles de Gaulle<\/span><br \/>\n<span style=\"color: #008000;\">88480 ETIVAL-CLAIREFONTAINE<\/span><br \/>\n<span style=\"color: #008000;\">T\u00e9l. : 03.56.59.00.50<\/span><\/li>\n<\/ul>\n<p><span style=\"text-decoration: underline;\"><span style=\"color: #666699; text-decoration: underline;\"><strong>Kin\u00e9sith\u00e9rapeute<\/strong><\/span><\/span><br \/>\nMOULIN Arnaud<br \/>\n4, Place Abbatiale &#8211; 88480 ETIVAL-CLAIREFONTAINE &#8211; T\u00e9l. : 03.29.42.02.02<\/p>\n<ul>\n<li><span style=\"color: #008000;\">HATTON Romain<\/span><br \/>\n<span style=\"color: #008000;\">7, Avenue Charles de Gaulle<\/span><br \/>\n<span style=\"color: #008000;\">88480 ETIVAL-CLAIREFONTAINE<\/span><br \/>\n<span style=\"color: #008000;\">T\u00e9l. : 03.29.57.80.95<\/span><\/li>\n<li><span style=\"color: #008000;\">ROLLOT Constance<\/span><br \/>\n<span style=\"color: #008000;\">7, Avenue Charles de Gaulle<\/span><br \/>\n<span style=\"color: #008000;\">88480 ETIVAL-CLAIREFONTAINE<\/span><br \/>\n<span style=\"color: #008000;\">T\u00e9l. : 06.70.41.61.78<\/span><\/li>\n<li><span style=\"color: #008000;\">DETRY Charlotte<\/span><br \/>\n<span style=\"color: #008000;\">7, Avenue Charles de Gaulle<\/span><br \/>\n<span style=\"color: #008000;\">88480 ETIVAL-CLAIREFONTAINE<\/span><br \/>\n<span style=\"color: #008000;\">T\u00e9l. : 06.70.41.61.78<\/span><\/li>\n<li><span style=\"color: #008000;\">DAMAS Theo<\/span><br \/>\n<span style=\"color: #008000;\">7, Avenue Charles de Gaulle<\/span><br \/>\n<span style=\"color: #008000;\">88480 ETIVAL-CLAIREFONTAINE<\/span><br \/>\n<span style=\"color: #008000;\">T\u00e9l. : 06.70.41.61.78<\/span><\/li>\n<\/ul>\n<p><span style=\"text-decoration: underline; color: #666699;\"><strong>Ost\u00e9opathe &#8211; Kin\u00e9sith\u00e9rapeute<\/strong><\/span><br \/>\nMarognoli Franck<br \/>\n37, Rue de la Rappe &#8211; 88480 ETIVAL-CLAIREFONTAINE &#8211; T\u00e9l. : 06.95.88.59.05<\/p>\n<p><span style=\"text-decoration: underline;\"><span style=\"color: #666699; text-decoration: underline;\"><strong>Cabinets Infirmiers<\/strong><\/span><\/span><span style=\"color: #666699;\">\u00a0<\/span><span style=\"text-decoration: underline;\"><span style=\"color: #666699; text-decoration: underline;\"><strong><br \/>\n<\/strong><\/span><\/span><\/p>\n<p><span style=\"color: #000000;\">7D Avenue Charles de Gaulle &#8211; 88480 ETIVAL-CLAIREFONTAINE &#8211; T\u00e9l. :03.29.41.65.23<br \/>\n<\/span>(permanence 7h30-8h15 tous les jours, sauf dimanches et jours f\u00e9ries)<\/p>\n<p>19, Rue du Ch\u00eane l&rsquo;\u00c9pine &#8211; 88480 ETIVAL-CLAIREFONTAINE<br \/>\nT\u00e9l. : 03.29.42.60.25 &#8211; T\u00e9l. : 06.26.76.50.60<\/p>\n<p><span style=\"text-decoration: underline;\"><span style=\"color: #666699; text-decoration: underline;\"><strong>Magn\u00e9tiseur<\/strong><\/span><\/span><br \/>\nGROSJEAN Marc<br \/>\n7, Place Abbatiale &#8211; 88480 ETIVAL-CLAIREFONTAINE &#8211; T\u00e9l. : 06.81.85.56.24<br \/>\nANC\u00c9 Aur\u00e9lie &#8211; 15, rue de l&rsquo;Abb\u00e9 Fagnozel &#8211; T\u00e9l. : 07.82.90.82.85<\/p>\n<p><strong><span style=\"text-decoration: underline;\"><span style=\"color: #666699; text-decoration: underline;\">Pharmacie Clairefontaine<\/span><\/span><\/strong><br \/>\n7E Avenue Charles de Gaulle &#8211; 88480 ETIVAL-CLAIREFONTAINE &#8211; T\u00e9l. : 03.29.41.52.40<\/p>\n<p><strong><span style=\"color: #666699;\">Ambulances-Taxi<\/span><\/strong><br \/>\nVOINSON Paul<br \/>\n12, bis, avenue Charles de Gaulle -88480 ETIVAL-CLAIREFONTAINE &#8211; T\u00e9l. : 03.29.63.26.86<\/p>\n","protected":false},"excerpt":{"rendered":"<p>M\u00e9decins G\u00e9n\u00e9ralistes DEGRELLE Pascal 3, Rue du G\u00e9n\u00e9ral Haxo 88480 ETIVAL-CLAIREFONTAINE T\u00e9l. : 03.29.41.71.00 FLIN Patrice 20, Avenue de Bellefontaine 88480 ETIVAL-CLAIREFONTAINE T\u00e9l. : 03.29.42.03.30 VILLEMIN Alessandra 70, Avenue Charles de Gaulle 88480 ETIVAL-CLAIREFONTAINE T\u00e9l. : 03.56.59.00.50 SCHICK Camille 70, Avenue Charles de Gaulle 88480 ETIVAL-CLAIREFONTAINE T\u00e9l. : 03.56.59.00.50 NARTZ Pauline (M\u00e9decin non conventionn\u00e9) 70, [&hellip;]<\/p>\n","protected":false},"author":2,"featured_media":0,"parent":0,"menu_order":0,"comment_status":"closed","ping_status":"open","template":"","meta":{"footnotes":""},"class_list":["post-816","page","type-page","status-publish","hentry"],"yoast_head":"<!-- This site is optimized with the Yoast SEO plugin v26.8 - https:\/\/yoast.com\/product\/yoast-seo-wordpress\/ -->\n<title>Professionnels de Sant\u00e9 - Etival-Clairefontaine<\/title>\n<meta name=\"robots\" content=\"index, follow, max-snippet:-1, max-image-preview:large, max-video-preview:-1\" \/>\n<link rel=\"canonical\" href=\"https:\/\/etival.fr\/?page_id=816\" \/>\n<meta property=\"og:locale\" content=\"fr_FR\" \/>\n<meta property=\"og:type\" content=\"article\" \/>\n<meta property=\"og:title\" content=\"Professionnels de Sant\u00e9 - Etival-Clairefontaine\" \/>\n<meta property=\"og:description\" content=\"M\u00e9decins G\u00e9n\u00e9ralistes DEGRELLE Pascal 3, Rue du G\u00e9n\u00e9ral Haxo 88480 ETIVAL-CLAIREFONTAINE T\u00e9l. : 03.29.41.71.00 FLIN Patrice 20, Avenue de Bellefontaine 88480 ETIVAL-CLAIREFONTAINE T\u00e9l. : 03.29.42.03.30 VILLEMIN Alessandra 70, Avenue Charles de Gaulle 88480 ETIVAL-CLAIREFONTAINE T\u00e9l. : 03.56.59.00.50 SCHICK Camille 70, Avenue Charles de Gaulle 88480 ETIVAL-CLAIREFONTAINE T\u00e9l. : 03.56.59.00.50 NARTZ Pauline (M\u00e9decin non conventionn\u00e9) 70, [&hellip;]\" \/>\n<meta property=\"og:url\" content=\"https:\/\/etival.fr\/?page_id=816\" \/>\n<meta property=\"og:site_name\" content=\"Etival-Clairefontaine\" \/>\n<meta property=\"article:modified_time\" content=\"2026-05-04T06:04:32+00:00\" \/>\n<meta name=\"twitter:card\" content=\"summary_large_image\" \/>\n<meta name=\"twitter:label1\" content=\"Dur\u00e9e de lecture estim\u00e9e\" \/>\n\t<meta name=\"twitter:data1\" content=\"2 minutes\" \/>\n<script type=\"application\/ld+json\" class=\"yoast-schema-graph\">{\"@context\":\"https:\/\/schema.org\",\"@graph\":[{\"@type\":\"WebPage\",\"@id\":\"https:\/\/etival.fr\/?page_id=816\",\"url\":\"https:\/\/etival.fr\/?page_id=816\",\"name\":\"Professionnels de Sant\u00e9 - Etival-Clairefontaine\",\"isPartOf\":{\"@id\":\"https:\/\/etival.fr\/#website\"},\"datePublished\":\"2014-10-22T08:06:42+00:00\",\"dateModified\":\"2026-05-04T06:04:32+00:00\",\"breadcrumb\":{\"@id\":\"https:\/\/etival.fr\/?page_id=816#breadcrumb\"},\"inLanguage\":\"fr-FR\",\"potentialAction\":[{\"@type\":\"ReadAction\",\"target\":[\"https:\/\/etival.fr\/?page_id=816\"]}]},{\"@type\":\"BreadcrumbList\",\"@id\":\"https:\/\/etival.fr\/?page_id=816#breadcrumb\",\"itemListElement\":[{\"@type\":\"ListItem\",\"position\":1,\"name\":\"Accueil\",\"item\":\"https:\/\/etival.fr\/\"},{\"@type\":\"ListItem\",\"position\":2,\"name\":\"Professionnels de Sant\u00e9\"}]},{\"@type\":\"WebSite\",\"@id\":\"https:\/\/etival.fr\/#website\",\"url\":\"https:\/\/etival.fr\/\",\"name\":\"Etival-Clairefontaine\",\"description\":\"Informations et actualit\u00e9s de la commune\",\"potentialAction\":[{\"@type\":\"SearchAction\",\"target\":{\"@type\":\"EntryPoint\",\"urlTemplate\":\"https:\/\/etival.fr\/?s={search_term_string}\"},\"query-input\":{\"@type\":\"PropertyValueSpecification\",\"valueRequired\":true,\"valueName\":\"search_term_string\"}}],\"inLanguage\":\"fr-FR\"}]}<\/script>\n<!-- \/ Yoast SEO plugin. -->","yoast_head_json":{"title":"Professionnels de Sant\u00e9 - Etival-Clairefontaine","robots":{"index":"index","follow":"follow","max-snippet":"max-snippet:-1","max-image-preview":"max-image-preview:large","max-video-preview":"max-video-preview:-1"},"canonical":"https:\/\/etival.fr\/?page_id=816","og_locale":"fr_FR","og_type":"article","og_title":"Professionnels de Sant\u00e9 - Etival-Clairefontaine","og_description":"M\u00e9decins G\u00e9n\u00e9ralistes DEGRELLE Pascal 3, Rue du G\u00e9n\u00e9ral Haxo 88480 ETIVAL-CLAIREFONTAINE T\u00e9l. : 03.29.41.71.00 FLIN Patrice 20, Avenue de Bellefontaine 88480 ETIVAL-CLAIREFONTAINE T\u00e9l. : 03.29.42.03.30 VILLEMIN Alessandra 70, Avenue Charles de Gaulle 88480 ETIVAL-CLAIREFONTAINE T\u00e9l. : 03.56.59.00.50 SCHICK Camille 70, Avenue Charles de Gaulle 88480 ETIVAL-CLAIREFONTAINE T\u00e9l. : 03.56.59.00.50 NARTZ Pauline (M\u00e9decin non conventionn\u00e9) 70, [&hellip;]","og_url":"https:\/\/etival.fr\/?page_id=816","og_site_name":"Etival-Clairefontaine","article_modified_time":"2026-05-04T06:04:32+00:00","twitter_card":"summary_large_image","twitter_misc":{"Dur\u00e9e de lecture estim\u00e9e":"2 minutes"},"schema":{"@context":"https:\/\/schema.org","@graph":[{"@type":"WebPage","@id":"https:\/\/etival.fr\/?page_id=816","url":"https:\/\/etival.fr\/?page_id=816","name":"Professionnels de Sant\u00e9 - Etival-Clairefontaine","isPartOf":{"@id":"https:\/\/etival.fr\/#website"},"datePublished":"2014-10-22T08:06:42+00:00","dateModified":"2026-05-04T06:04:32+00:00","breadcrumb":{"@id":"https:\/\/etival.fr\/?page_id=816#breadcrumb"},"inLanguage":"fr-FR","potentialAction":[{"@type":"ReadAction","target":["https:\/\/etival.fr\/?page_id=816"]}]},{"@type":"BreadcrumbList","@id":"https:\/\/etival.fr\/?page_id=816#breadcrumb","itemListElement":[{"@type":"ListItem","position":1,"name":"Accueil","item":"https:\/\/etival.fr\/"},{"@type":"ListItem","position":2,"name":"Professionnels de Sant\u00e9"}]},{"@type":"WebSite","@id":"https:\/\/etival.fr\/#website","url":"https:\/\/etival.fr\/","name":"Etival-Clairefontaine","description":"Informations et actualit\u00e9s de la commune","potentialAction":[{"@type":"SearchAction","target":{"@type":"EntryPoint","urlTemplate":"https:\/\/etival.fr\/?s={search_term_string}"},"query-input":{"@type":"PropertyValueSpecification","valueRequired":true,"valueName":"search_term_string"}}],"inLanguage":"fr-FR"}]}},"_links":{"self":[{"href":"https:\/\/etival.fr\/index.php?rest_route=\/wp\/v2\/pages\/816","targetHints":{"allow":["GET"]}}],"collection":[{"href":"https:\/\/etival.fr\/index.php?rest_route=\/wp\/v2\/pages"}],"about":[{"href":"https:\/\/etival.fr\/index.php?rest_route=\/wp\/v2\/types\/page"}],"author":[{"embeddable":true,"href":"https:\/\/etival.fr\/index.php?rest_route=\/wp\/v2\/users\/2"}],"replies":[{"embeddable":true,"href":"https:\/\/etival.fr\/index.php?rest_route=%2Fwp%2Fv2%2Fcomments&post=816"}],"version-history":[{"count":30,"href":"https:\/\/etival.fr\/index.php?rest_route=\/wp\/v2\/pages\/816\/revisions"}],"predecessor-version":[{"id":13719,"href":"https:\/\/etival.fr\/index.php?rest_route=\/wp\/v2\/pages\/816\/revisions\/13719"}],"wp:attachment":[{"href":"https:\/\/etival.fr\/index.php?rest_route=%2Fwp%2Fv2%2Fmedia&parent=816"}],"curies":[{"name":"wp","href":"https:\/\/api.w.org\/{rel}","templated":true}]}}