{"id":8794,"date":"2020-09-29T15:16:50","date_gmt":"2020-09-29T14:16:50","guid":{"rendered":"http:\/\/etival.fr\/?page_id=8794"},"modified":"2020-09-29T15:22:48","modified_gmt":"2020-09-29T14:22:48","slug":"programmation","status":"publish","type":"page","link":"https:\/\/etival.fr\/?page_id=8794","title":{"rendered":"Programmation"},"content":{"rendered":"\n<p><strong>Dans le cadre de Rencontre avec La Belgique, manifestation culturelle organis\u00e9e par la M\u00e9diath\u00e8que D\u00e9partementale des Vosges, la M\u00e9diath\u00e8que Intercommunale d&rsquo;Etival-Clairefontaine vous propose :<\/strong><\/p>\n\n\n\n<p><br>&#8211;\u00a0samedi 10 octobre de 15h00 \u00e0 17h00\u00a0: <strong>Plus fort qu&rsquo;Hercule Poirot<\/strong><br>Jeu \u00e0 partir de 8 ans pour d\u00e9couvrir les sciences en s&rsquo;amusant.<br>Anim\u00e9 par l&rsquo;Association Les Petits d\u00e9brouillards<\/p>\n\n\n\n<p>&#8211; samedi 17 octobre \u00e0 15h00\u00a0: <strong>D\u00e9fie les h\u00e9ros : Quiz BD<\/strong><br>Jeu \u00e0 partir de 6 ans.<\/p>\n\n\n\n<p>&#8211; samedi 21 novembre \u00e0 14h00 : <strong>Concert de Guillaume Desmarteau<\/strong>, chanteur belge. Tout public.et\u00a0\u00e0 15h00\u00a0<strong>En Avant la musique !<\/strong>\u00a0Sur le th\u00e8me des chansons belges Conf\u00e9rence musicale<br>Tout public.<br><br>&#8211; mercredi 25 novembre \u00e0 09h30 : <strong>Les P&rsquo;tits Lus <\/strong><br>\u00e0 la d\u00e9couverte des auteurs et illustrateurs belges <br>Lecture d&rsquo;histoires, comptines et jeux de doigts.<br><br>De 0 \u00e0 3 ans.et \u00e0 15h00 :\u00a0<strong>D\u00e9fie les h\u00e9ros : Quiz BD<\/strong><br>Jeu \u00e0 partir de 6 ans.<br><br>&#8211; samedi 28 novembre \u00e0 15h00 : <strong>La Malle aux histoires\u00a0<\/strong>: les contes belges<br>Lecture de contes, de l\u00e9gendes et histoires<br>Tout public..<\/p>\n\n\n\n<p><strong>A NE PAS MANQUER !<\/strong><br><strong>2 spectacles \u00e0 destination des enfants.<\/strong><\/p>\n\n\n\n<p>&#8211; mercredi 28 octobre \u00e0 16h00 : <strong>Tricote-moi une histoire<\/strong> <br>Spectacle d&rsquo;H\u00e9l\u00e8ne Koenig m\u00ealant contes et musique<br>Public familial.<br><br>&#8211; mercredi 18 novembre \u00e0 10h : <strong>T\u00e9l\u00e9 en panne<\/strong><br>Spectacle de marionnettes par la Compagnie Aboudbras<br>De 0 \u00e0 3 ans. <\/p>\n\n\n\n<p><em>Dans le cadre de la Semaine de la sensibilisation aux dangers des \u00e9crans par le Conseil D\u00e9partemental des Vosges et le R\u00e9seau d\u00e9odatien parentalit\u00e9<\/em><strong> .<\/strong><\/p>\n\n\n\n<p><strong>Inscriptions \/ R\u00e9servations indispensables pour toutes les animations au 03 29 41 95 32 ou \u00e0\u00a0<a rel=\"noreferrer noopener\" href=\"mailto:mediatheque_etival@ca-saintdie.fr\" target=\"_blank\">mediatheque_etival@ca-saintdie.fr<\/a>\u00a0(application des r\u00e8gles sanitaires en vigueur)<\/strong> <\/p>\n","protected":false},"excerpt":{"rendered":"<p>Dans le cadre de Rencontre avec La Belgique, manifestation culturelle organis\u00e9e par la M\u00e9diath\u00e8que D\u00e9partementale des Vosges, la M\u00e9diath\u00e8que Intercommunale d&rsquo;Etival-Clairefontaine vous propose : &#8211;\u00a0samedi 10 octobre de 15h00 \u00e0 17h00\u00a0: Plus fort qu&rsquo;Hercule PoirotJeu \u00e0 partir de 8 ans pour d\u00e9couvrir les sciences en s&rsquo;amusant.Anim\u00e9 par l&rsquo;Association Les Petits d\u00e9brouillards &#8211; samedi 17 octobre [&hellip;]<\/p>\n","protected":false},"author":2,"featured_media":0,"parent":0,"menu_order":0,"comment_status":"closed","ping_status":"closed","template":"","meta":{"footnotes":""},"class_list":["post-8794","page","type-page","status-publish","hentry"],"yoast_head":"<!-- This site is optimized with the Yoast SEO plugin v26.8 - https:\/\/yoast.com\/product\/yoast-seo-wordpress\/ -->\n<title>Programmation - Etival-Clairefontaine<\/title>\n<meta name=\"robots\" content=\"index, follow, max-snippet:-1, max-image-preview:large, max-video-preview:-1\" \/>\n<link rel=\"canonical\" href=\"https:\/\/etival.fr\/?page_id=8794\" \/>\n<meta property=\"og:locale\" content=\"fr_FR\" \/>\n<meta property=\"og:type\" content=\"article\" \/>\n<meta property=\"og:title\" content=\"Programmation - Etival-Clairefontaine\" \/>\n<meta property=\"og:description\" content=\"Dans le cadre de Rencontre avec La Belgique, manifestation culturelle organis\u00e9e par la M\u00e9diath\u00e8que D\u00e9partementale des Vosges, la M\u00e9diath\u00e8que Intercommunale d&rsquo;Etival-Clairefontaine vous propose : &#8211;\u00a0samedi 10 octobre de 15h00 \u00e0 17h00\u00a0: Plus fort qu&rsquo;Hercule PoirotJeu \u00e0 partir de 8 ans pour d\u00e9couvrir les sciences en s&rsquo;amusant.Anim\u00e9 par l&rsquo;Association Les Petits d\u00e9brouillards &#8211; samedi 17 octobre [&hellip;]\" \/>\n<meta property=\"og:url\" content=\"https:\/\/etival.fr\/?page_id=8794\" \/>\n<meta property=\"og:site_name\" content=\"Etival-Clairefontaine\" \/>\n<meta property=\"article:modified_time\" content=\"2020-09-29T14:22:48+00:00\" \/>\n<meta name=\"twitter:card\" content=\"summary_large_image\" \/>\n<meta name=\"twitter:label1\" content=\"Dur\u00e9e de lecture estim\u00e9e\" \/>\n\t<meta name=\"twitter:data1\" content=\"1 minute\" \/>\n<script type=\"application\/ld+json\" class=\"yoast-schema-graph\">{\"@context\":\"https:\/\/schema.org\",\"@graph\":[{\"@type\":\"WebPage\",\"@id\":\"https:\/\/etival.fr\/?page_id=8794\",\"url\":\"https:\/\/etival.fr\/?page_id=8794\",\"name\":\"Programmation - Etival-Clairefontaine\",\"isPartOf\":{\"@id\":\"https:\/\/etival.fr\/#website\"},\"datePublished\":\"2020-09-29T14:16:50+00:00\",\"dateModified\":\"2020-09-29T14:22:48+00:00\",\"breadcrumb\":{\"@id\":\"https:\/\/etival.fr\/?page_id=8794#breadcrumb\"},\"inLanguage\":\"fr-FR\",\"potentialAction\":[{\"@type\":\"ReadAction\",\"target\":[\"https:\/\/etival.fr\/?page_id=8794\"]}]},{\"@type\":\"BreadcrumbList\",\"@id\":\"https:\/\/etival.fr\/?page_id=8794#breadcrumb\",\"itemListElement\":[{\"@type\":\"ListItem\",\"position\":1,\"name\":\"Accueil\",\"item\":\"https:\/\/etival.fr\/\"},{\"@type\":\"ListItem\",\"position\":2,\"name\":\"Programmation\"}]},{\"@type\":\"WebSite\",\"@id\":\"https:\/\/etival.fr\/#website\",\"url\":\"https:\/\/etival.fr\/\",\"name\":\"Etival-Clairefontaine\",\"description\":\"Informations et actualit\u00e9s de la commune\",\"potentialAction\":[{\"@type\":\"SearchAction\",\"target\":{\"@type\":\"EntryPoint\",\"urlTemplate\":\"https:\/\/etival.fr\/?s={search_term_string}\"},\"query-input\":{\"@type\":\"PropertyValueSpecification\",\"valueRequired\":true,\"valueName\":\"search_term_string\"}}],\"inLanguage\":\"fr-FR\"}]}<\/script>\n<!-- \/ Yoast SEO plugin. -->","yoast_head_json":{"title":"Programmation - Etival-Clairefontaine","robots":{"index":"index","follow":"follow","max-snippet":"max-snippet:-1","max-image-preview":"max-image-preview:large","max-video-preview":"max-video-preview:-1"},"canonical":"https:\/\/etival.fr\/?page_id=8794","og_locale":"fr_FR","og_type":"article","og_title":"Programmation - Etival-Clairefontaine","og_description":"Dans le cadre de Rencontre avec La Belgique, manifestation culturelle organis\u00e9e par la M\u00e9diath\u00e8que D\u00e9partementale des Vosges, la M\u00e9diath\u00e8que Intercommunale d&rsquo;Etival-Clairefontaine vous propose : &#8211;\u00a0samedi 10 octobre de 15h00 \u00e0 17h00\u00a0: Plus fort qu&rsquo;Hercule PoirotJeu \u00e0 partir de 8 ans pour d\u00e9couvrir les sciences en s&rsquo;amusant.Anim\u00e9 par l&rsquo;Association Les Petits d\u00e9brouillards &#8211; samedi 17 octobre [&hellip;]","og_url":"https:\/\/etival.fr\/?page_id=8794","og_site_name":"Etival-Clairefontaine","article_modified_time":"2020-09-29T14:22:48+00:00","twitter_card":"summary_large_image","twitter_misc":{"Dur\u00e9e de lecture estim\u00e9e":"1 minute"},"schema":{"@context":"https:\/\/schema.org","@graph":[{"@type":"WebPage","@id":"https:\/\/etival.fr\/?page_id=8794","url":"https:\/\/etival.fr\/?page_id=8794","name":"Programmation - Etival-Clairefontaine","isPartOf":{"@id":"https:\/\/etival.fr\/#website"},"datePublished":"2020-09-29T14:16:50+00:00","dateModified":"2020-09-29T14:22:48+00:00","breadcrumb":{"@id":"https:\/\/etival.fr\/?page_id=8794#breadcrumb"},"inLanguage":"fr-FR","potentialAction":[{"@type":"ReadAction","target":["https:\/\/etival.fr\/?page_id=8794"]}]},{"@type":"BreadcrumbList","@id":"https:\/\/etival.fr\/?page_id=8794#breadcrumb","itemListElement":[{"@type":"ListItem","position":1,"name":"Accueil","item":"https:\/\/etival.fr\/"},{"@type":"ListItem","position":2,"name":"Programmation"}]},{"@type":"WebSite","@id":"https:\/\/etival.fr\/#website","url":"https:\/\/etival.fr\/","name":"Etival-Clairefontaine","description":"Informations et actualit\u00e9s de la commune","potentialAction":[{"@type":"SearchAction","target":{"@type":"EntryPoint","urlTemplate":"https:\/\/etival.fr\/?s={search_term_string}"},"query-input":{"@type":"PropertyValueSpecification","valueRequired":true,"valueName":"search_term_string"}}],"inLanguage":"fr-FR"}]}},"_links":{"self":[{"href":"https:\/\/etival.fr\/index.php?rest_route=\/wp\/v2\/pages\/8794","targetHints":{"allow":["GET"]}}],"collection":[{"href":"https:\/\/etival.fr\/index.php?rest_route=\/wp\/v2\/pages"}],"about":[{"href":"https:\/\/etival.fr\/index.php?rest_route=\/wp\/v2\/types\/page"}],"author":[{"embeddable":true,"href":"https:\/\/etival.fr\/index.php?rest_route=\/wp\/v2\/users\/2"}],"replies":[{"embeddable":true,"href":"https:\/\/etival.fr\/index.php?rest_route=%2Fwp%2Fv2%2Fcomments&post=8794"}],"version-history":[{"count":2,"href":"https:\/\/etival.fr\/index.php?rest_route=\/wp\/v2\/pages\/8794\/revisions"}],"predecessor-version":[{"id":8797,"href":"https:\/\/etival.fr\/index.php?rest_route=\/wp\/v2\/pages\/8794\/revisions\/8797"}],"wp:attachment":[{"href":"https:\/\/etival.fr\/index.php?rest_route=%2Fwp%2Fv2%2Fmedia&parent=8794"}],"curies":[{"name":"wp","href":"https:\/\/api.w.org\/{rel}","templated":true}]}}