{"id":96,"date":"2014-07-16T08:31:07","date_gmt":"2014-07-16T07:31:07","guid":{"rendered":"http:\/\/etival.fr\/?page_id=96"},"modified":"2022-01-07T07:38:47","modified_gmt":"2022-01-07T06:38:47","slug":"hebergements","status":"publish","type":"page","link":"https:\/\/etival.fr\/?page_id=96","title":{"rendered":"H\u00e9bergements"},"content":{"rendered":"<h3>Chambres d&rsquo;h\u00f4tes et g\u00eetes<\/h3>\n<p><strong><span style=\"color: #808000;\">Le Grenier de Catherine<\/span><\/strong><br \/>5, Rue de l&rsquo;Abbaye<br \/>T\u00e9l. : 06.12.74.07.21<br \/>Mail. : catherine-georgel@sfr.fr<\/p>\n<p><span style=\"color: #808000;\"><strong>La Souris des Champs<\/strong><br \/><\/span>G\u00eetes et chambres d&rsquo;h\u00f4tes<br \/>21, Rue de la Corv\u00e9e<br \/>T\u00e9l. : 06 06 59 92 28<br \/>Mail. : gitesourisdeschamps@gmail.com<\/p>\n<p><span style=\"color: #808000;\"><strong>G\u00eete \u00ab\u00a0A l&rsquo;Abbaye\u00a0\u00bb<\/strong><\/span><br \/>6, Cour des Moines\u00a0<br \/>T\u00e9l. : 06.30.66.98.33<\/p>\n<p><span style=\"color: #808000;\"><strong>G\u00eete \u00ab\u00a0Chez Reine\u00a0\u00bb<\/strong><\/span><br \/>10, Route Royale <br \/>T\u00e9l. : 03.29.41.51.27 &#8211; 07.82.14.15.07<\/p>\n<p>\u00a0<\/p>\n<h3>Aire de Camping-Car<\/h3>\n<p><img loading=\"lazy\" decoding=\"async\" class=\"alignleft size-medium wp-image-782\" src=\"http:\/\/etival.fr\/wp-content\/uploads\/2014\/10\/camping-car-300x182.jpeg\" alt=\"camping car\" width=\"300\" height=\"182\" srcset=\"https:\/\/etival.fr\/wp-content\/uploads\/2014\/10\/camping-car-300x182.jpeg 300w, https:\/\/etival.fr\/wp-content\/uploads\/2014\/10\/camping-car-624x380.jpeg 624w, https:\/\/etival.fr\/wp-content\/uploads\/2014\/10\/camping-car.jpeg 792w\" sizes=\"auto, (max-width: 300px) 100vw, 300px\" \/><\/p>\n<p>\u00a0<\/p>\n<p><span style=\"color: #808000;\">Aire d&rsquo;Etival-Clairefontaine<\/span><br \/>Rue du Vivier<br \/>Situ\u00e9 derri\u00e8re la Mairie en bord de rivi\u00e8re et au calme.<\/p>\n<h3>\u00a0<\/h3>\n<p>\u00a0<\/p>\n<h3>Camping<\/h3>\n<p><img loading=\"lazy\" decoding=\"async\" class=\"alignleft size-medium wp-image-787\" src=\"http:\/\/etival.fr\/wp-content\/uploads\/2014\/10\/camping-300x193.jpg\" alt=\"MEDION DIGITAL CAMERA\" width=\"300\" height=\"193\" srcset=\"https:\/\/etival.fr\/wp-content\/uploads\/2014\/10\/camping-300x193.jpg 300w, https:\/\/etival.fr\/wp-content\/uploads\/2014\/10\/camping.jpg 460w\" sizes=\"auto, (max-width: 300px) 100vw, 300px\" \/><\/p>\n<p>\u00a0<\/p>\n<p><span style=\"color: #808000;\">Camping Beaulieu-sur-l&rsquo;eau<\/span><br \/>Rue de Trieuch\u00e9<br \/>T\u00e9l. \/ Fax. : 03.29.41.53.51<br \/><a href=\"http.\/\/www.camping-beaulieu-vosges.com\">Site<\/a><\/p>\n\n","protected":false},"excerpt":{"rendered":"<p>Chambres d&rsquo;h\u00f4tes et g\u00eetes Le Grenier de Catherine5, Rue de l&rsquo;AbbayeT\u00e9l. : 06.12.74.07.21Mail. : catherine-georgel@sfr.fr La Souris des ChampsG\u00eetes et chambres d&rsquo;h\u00f4tes21, Rue de la Corv\u00e9eT\u00e9l. : 06 06 59 92 28Mail. : gitesourisdeschamps@gmail.com G\u00eete \u00ab\u00a0A l&rsquo;Abbaye\u00a0\u00bb6, Cour des Moines\u00a0T\u00e9l. : 06.30.66.98.33 G\u00eete \u00ab\u00a0Chez Reine\u00a0\u00bb10, Route Royale T\u00e9l. : 03.29.41.51.27 &#8211; 07.82.14.15.07 \u00a0 Aire de [&hellip;]<\/p>\n","protected":false},"author":2,"featured_media":0,"parent":89,"menu_order":0,"comment_status":"closed","ping_status":"open","template":"","meta":{"footnotes":""},"class_list":["post-96","page","type-page","status-publish","hentry"],"yoast_head":"<!-- This site is optimized with the Yoast SEO plugin v26.8 - https:\/\/yoast.com\/product\/yoast-seo-wordpress\/ -->\n<title>H\u00e9bergements - Etival-Clairefontaine<\/title>\n<meta name=\"robots\" content=\"index, follow, max-snippet:-1, max-image-preview:large, max-video-preview:-1\" \/>\n<link rel=\"canonical\" href=\"https:\/\/etival.fr\/?page_id=96\" \/>\n<meta property=\"og:locale\" content=\"fr_FR\" \/>\n<meta property=\"og:type\" content=\"article\" \/>\n<meta property=\"og:title\" content=\"H\u00e9bergements - Etival-Clairefontaine\" \/>\n<meta property=\"og:description\" content=\"Chambres d&rsquo;h\u00f4tes et g\u00eetes Le Grenier de Catherine5, Rue de l&rsquo;AbbayeT\u00e9l. : 06.12.74.07.21Mail. : catherine-georgel@sfr.fr La Souris des ChampsG\u00eetes et chambres d&rsquo;h\u00f4tes21, Rue de la Corv\u00e9eT\u00e9l. : 06 06 59 92 28Mail. : gitesourisdeschamps@gmail.com G\u00eete \u00ab\u00a0A l&rsquo;Abbaye\u00a0\u00bb6, Cour des Moines\u00a0T\u00e9l. : 06.30.66.98.33 G\u00eete \u00ab\u00a0Chez Reine\u00a0\u00bb10, Route Royale T\u00e9l. : 03.29.41.51.27 &#8211; 07.82.14.15.07 \u00a0 Aire de [&hellip;]\" \/>\n<meta property=\"og:url\" content=\"https:\/\/etival.fr\/?page_id=96\" \/>\n<meta property=\"og:site_name\" content=\"Etival-Clairefontaine\" \/>\n<meta property=\"article:modified_time\" content=\"2022-01-07T06:38:47+00:00\" \/>\n<meta property=\"og:image\" content=\"http:\/\/etival.fr\/wp-content\/uploads\/2014\/10\/camping-car-300x182.jpeg\" \/>\n<meta name=\"twitter:card\" content=\"summary_large_image\" \/>\n<meta name=\"twitter:label1\" content=\"Dur\u00e9e de lecture estim\u00e9e\" \/>\n\t<meta name=\"twitter:data1\" content=\"2 minutes\" \/>\n<script type=\"application\/ld+json\" class=\"yoast-schema-graph\">{\"@context\":\"https:\/\/schema.org\",\"@graph\":[{\"@type\":\"WebPage\",\"@id\":\"https:\/\/etival.fr\/?page_id=96\",\"url\":\"https:\/\/etival.fr\/?page_id=96\",\"name\":\"H\u00e9bergements - Etival-Clairefontaine\",\"isPartOf\":{\"@id\":\"https:\/\/etival.fr\/#website\"},\"primaryImageOfPage\":{\"@id\":\"https:\/\/etival.fr\/?page_id=96#primaryimage\"},\"image\":{\"@id\":\"https:\/\/etival.fr\/?page_id=96#primaryimage\"},\"thumbnailUrl\":\"http:\/\/etival.fr\/wp-content\/uploads\/2014\/10\/camping-car-300x182.jpeg\",\"datePublished\":\"2014-07-16T07:31:07+00:00\",\"dateModified\":\"2022-01-07T06:38:47+00:00\",\"breadcrumb\":{\"@id\":\"https:\/\/etival.fr\/?page_id=96#breadcrumb\"},\"inLanguage\":\"fr-FR\",\"potentialAction\":[{\"@type\":\"ReadAction\",\"target\":[\"https:\/\/etival.fr\/?page_id=96\"]}]},{\"@type\":\"ImageObject\",\"inLanguage\":\"fr-FR\",\"@id\":\"https:\/\/etival.fr\/?page_id=96#primaryimage\",\"url\":\"https:\/\/etival.fr\/wp-content\/uploads\/2014\/10\/camping-car.jpeg\",\"contentUrl\":\"https:\/\/etival.fr\/wp-content\/uploads\/2014\/10\/camping-car.jpeg\",\"width\":792,\"height\":483},{\"@type\":\"BreadcrumbList\",\"@id\":\"https:\/\/etival.fr\/?page_id=96#breadcrumb\",\"itemListElement\":[{\"@type\":\"ListItem\",\"position\":1,\"name\":\"Accueil\",\"item\":\"https:\/\/etival.fr\/\"},{\"@type\":\"ListItem\",\"position\":2,\"name\":\"D\u00e9couvrir la ville\",\"item\":\"https:\/\/etival.fr\/?page_id=89\"},{\"@type\":\"ListItem\",\"position\":3,\"name\":\"H\u00e9bergements\"}]},{\"@type\":\"WebSite\",\"@id\":\"https:\/\/etival.fr\/#website\",\"url\":\"https:\/\/etival.fr\/\",\"name\":\"Etival-Clairefontaine\",\"description\":\"Informations et actualit\u00e9s de la commune\",\"potentialAction\":[{\"@type\":\"SearchAction\",\"target\":{\"@type\":\"EntryPoint\",\"urlTemplate\":\"https:\/\/etival.fr\/?s={search_term_string}\"},\"query-input\":{\"@type\":\"PropertyValueSpecification\",\"valueRequired\":true,\"valueName\":\"search_term_string\"}}],\"inLanguage\":\"fr-FR\"}]}<\/script>\n<!-- \/ Yoast SEO plugin. -->","yoast_head_json":{"title":"H\u00e9bergements - Etival-Clairefontaine","robots":{"index":"index","follow":"follow","max-snippet":"max-snippet:-1","max-image-preview":"max-image-preview:large","max-video-preview":"max-video-preview:-1"},"canonical":"https:\/\/etival.fr\/?page_id=96","og_locale":"fr_FR","og_type":"article","og_title":"H\u00e9bergements - Etival-Clairefontaine","og_description":"Chambres d&rsquo;h\u00f4tes et g\u00eetes Le Grenier de Catherine5, Rue de l&rsquo;AbbayeT\u00e9l. : 06.12.74.07.21Mail. : catherine-georgel@sfr.fr La Souris des ChampsG\u00eetes et chambres d&rsquo;h\u00f4tes21, Rue de la Corv\u00e9eT\u00e9l. : 06 06 59 92 28Mail. : gitesourisdeschamps@gmail.com G\u00eete \u00ab\u00a0A l&rsquo;Abbaye\u00a0\u00bb6, Cour des Moines\u00a0T\u00e9l. : 06.30.66.98.33 G\u00eete \u00ab\u00a0Chez Reine\u00a0\u00bb10, Route Royale T\u00e9l. : 03.29.41.51.27 &#8211; 07.82.14.15.07 \u00a0 Aire de [&hellip;]","og_url":"https:\/\/etival.fr\/?page_id=96","og_site_name":"Etival-Clairefontaine","article_modified_time":"2022-01-07T06:38:47+00:00","og_image":[{"url":"http:\/\/etival.fr\/wp-content\/uploads\/2014\/10\/camping-car-300x182.jpeg","type":"","width":"","height":""}],"twitter_card":"summary_large_image","twitter_misc":{"Dur\u00e9e de lecture estim\u00e9e":"2 minutes"},"schema":{"@context":"https:\/\/schema.org","@graph":[{"@type":"WebPage","@id":"https:\/\/etival.fr\/?page_id=96","url":"https:\/\/etival.fr\/?page_id=96","name":"H\u00e9bergements - Etival-Clairefontaine","isPartOf":{"@id":"https:\/\/etival.fr\/#website"},"primaryImageOfPage":{"@id":"https:\/\/etival.fr\/?page_id=96#primaryimage"},"image":{"@id":"https:\/\/etival.fr\/?page_id=96#primaryimage"},"thumbnailUrl":"http:\/\/etival.fr\/wp-content\/uploads\/2014\/10\/camping-car-300x182.jpeg","datePublished":"2014-07-16T07:31:07+00:00","dateModified":"2022-01-07T06:38:47+00:00","breadcrumb":{"@id":"https:\/\/etival.fr\/?page_id=96#breadcrumb"},"inLanguage":"fr-FR","potentialAction":[{"@type":"ReadAction","target":["https:\/\/etival.fr\/?page_id=96"]}]},{"@type":"ImageObject","inLanguage":"fr-FR","@id":"https:\/\/etival.fr\/?page_id=96#primaryimage","url":"https:\/\/etival.fr\/wp-content\/uploads\/2014\/10\/camping-car.jpeg","contentUrl":"https:\/\/etival.fr\/wp-content\/uploads\/2014\/10\/camping-car.jpeg","width":792,"height":483},{"@type":"BreadcrumbList","@id":"https:\/\/etival.fr\/?page_id=96#breadcrumb","itemListElement":[{"@type":"ListItem","position":1,"name":"Accueil","item":"https:\/\/etival.fr\/"},{"@type":"ListItem","position":2,"name":"D\u00e9couvrir la ville","item":"https:\/\/etival.fr\/?page_id=89"},{"@type":"ListItem","position":3,"name":"H\u00e9bergements"}]},{"@type":"WebSite","@id":"https:\/\/etival.fr\/#website","url":"https:\/\/etival.fr\/","name":"Etival-Clairefontaine","description":"Informations et actualit\u00e9s de la commune","potentialAction":[{"@type":"SearchAction","target":{"@type":"EntryPoint","urlTemplate":"https:\/\/etival.fr\/?s={search_term_string}"},"query-input":{"@type":"PropertyValueSpecification","valueRequired":true,"valueName":"search_term_string"}}],"inLanguage":"fr-FR"}]}},"_links":{"self":[{"href":"https:\/\/etival.fr\/index.php?rest_route=\/wp\/v2\/pages\/96","targetHints":{"allow":["GET"]}}],"collection":[{"href":"https:\/\/etival.fr\/index.php?rest_route=\/wp\/v2\/pages"}],"about":[{"href":"https:\/\/etival.fr\/index.php?rest_route=\/wp\/v2\/types\/page"}],"author":[{"embeddable":true,"href":"https:\/\/etival.fr\/index.php?rest_route=\/wp\/v2\/users\/2"}],"replies":[{"embeddable":true,"href":"https:\/\/etival.fr\/index.php?rest_route=%2Fwp%2Fv2%2Fcomments&post=96"}],"version-history":[{"count":19,"href":"https:\/\/etival.fr\/index.php?rest_route=\/wp\/v2\/pages\/96\/revisions"}],"predecessor-version":[{"id":9864,"href":"https:\/\/etival.fr\/index.php?rest_route=\/wp\/v2\/pages\/96\/revisions\/9864"}],"up":[{"embeddable":true,"href":"https:\/\/etival.fr\/index.php?rest_route=\/wp\/v2\/pages\/89"}],"wp:attachment":[{"href":"https:\/\/etival.fr\/index.php?rest_route=%2Fwp%2Fv2%2Fmedia&parent=96"}],"curies":[{"name":"wp","href":"https:\/\/api.w.org\/{rel}","templated":true}]}}