{"id":98,"date":"2014-07-16T08:51:00","date_gmt":"2014-07-16T07:51:00","guid":{"rendered":"http:\/\/etival.fr\/?page_id=98"},"modified":"2015-05-04T15:55:33","modified_gmt":"2015-05-04T14:55:33","slug":"patrimoine","status":"publish","type":"page","link":"https:\/\/etival.fr\/?page_id=98","title":{"rendered":"Patrimoine"},"content":{"rendered":"<h3 style=\"text-align: justify;\">G\u00e9ographie<\/h3>\n<p style=\"text-align: justify;\">\u00c9tival-Clairefontaine se situe sur les rives de la Meurthe, \u00e0 ses confluences avec le Rabodeau et la Valdange. Quatre formes montueuses et foresti\u00e8res sont remarquables aux alentours : la c\u00f4te de Repy proche au nord et qui culmine \u00e0 la Roche du Coucou (591 m), les Jumeaux derri\u00e8re Nompatelize au sud et, sur l&rsquo;autre rive de la Meurthe, le Grand Fays au-dessus de Saint-Blaise et le massif de la Haute-Pierre \u00e0 Moyenmoutier. La for\u00eat domaniale du Ban d&rsquo;\u00c9tival et la for\u00eat communale s&rsquo;\u00e9tendent vers l&rsquo;ouest, de part et d&rsquo;autre du ruisseau des Vieux Pr\u00e9s, jusqu&rsquo;\u00e0 la Chipotte.<\/p>\n<p>La Ville prosp\u00e8re, qui tend \u00e0 former agglom\u00e9ration avec Moyenmoutier, est distante de 7 km de Raon-L&rsquo;\u00c9tape, de 13 km de Saint-Di\u00e9-des-Vosges, de 45 km d&rsquo;\u00c9pinal, de 75 km de Nancy et de 87 km de Strasbourg par le col du Hantz (641 m). On rejoint Rambervillers \u00e0 20 km par le col de la Chipotte.<br \/>\nhttp:\/\/fr.wikipedia.org\/wiki\/%C3%89tival-Clairefontaine<\/p>\n<hr \/>\n<h3>La Pierre-d&rsquo;Appel<\/h3>\n<p><img loading=\"lazy\" decoding=\"async\" class=\"alignleft  wp-image-2081\" src=\"http:\/\/etival.fr\/wp-content\/uploads\/2015\/05\/10984510_928428203854600_5811863573956971271_o.jpg\" alt=\"10984510_928428203854600_5811863573956971271_o\" width=\"1000\" height=\"667\" srcset=\"https:\/\/etival.fr\/wp-content\/uploads\/2015\/05\/10984510_928428203854600_5811863573956971271_o.jpg 1000w, https:\/\/etival.fr\/wp-content\/uploads\/2015\/05\/10984510_928428203854600_5811863573956971271_o-300x200.jpg 300w, https:\/\/etival.fr\/wp-content\/uploads\/2015\/05\/10984510_928428203854600_5811863573956971271_o-624x416.jpg 624w\" sizes=\"auto, (max-width: 1000px) 100vw, 1000px\" \/><\/p>\n<p style=\"text-align: justify;\">Belv\u00e9d\u00e8re naturel &#8211; Rocher historique.<br \/>\nNos a\u00efeux, qui s&rsquo;installaient aux sommets des montagnes, utilisaient ce rocher pour surveiller les vall\u00e9es et lorsqu&rsquo;un danger mena\u00e7ait, donnaient l&rsquo;alerte en allumant des feux ou en sonnant la trompe. Les fouilles arch\u00e9ologiques entreprises au sommet de la Pierre d&rsquo;Appel ont r\u00e9v\u00e9l\u00e9 une pr\u00e9sence celte \u00e0 l&rsquo;\u00e9poque pr\u00e9historique.<br \/>\nPoste d&rsquo;observation id\u00e9al, la Pierre d&rsquo;Appel est un rocher situ\u00e9 \u00e0 492 m\u00e8tres d&rsquo;altitude, \u00e0 l&rsquo;extr\u00e9mit\u00e9 Est de l&rsquo;enceinte de Repy. Elle domine les vall\u00e9es de la Meurthe, du Rabodeau, du Hure et de la Valdange.<\/p>\n<hr \/>\n<h3 style=\"text-align: justify;\">L&rsquo;Abbaye<\/h3>\n<p><img loading=\"lazy\" decoding=\"async\" class=\"alignleft size-full wp-image-2082\" src=\"http:\/\/etival.fr\/wp-content\/uploads\/2015\/05\/11036219_928427990521288_2541324124208519563_o.jpg\" alt=\"11036219_928427990521288_2541324124208519563_o\" width=\"946\" height=\"1179\" srcset=\"https:\/\/etival.fr\/wp-content\/uploads\/2015\/05\/11036219_928427990521288_2541324124208519563_o.jpg 946w, https:\/\/etival.fr\/wp-content\/uploads\/2015\/05\/11036219_928427990521288_2541324124208519563_o-241x300.jpg 241w, https:\/\/etival.fr\/wp-content\/uploads\/2015\/05\/11036219_928427990521288_2541324124208519563_o-822x1024.jpg 822w, https:\/\/etival.fr\/wp-content\/uploads\/2015\/05\/11036219_928427990521288_2541324124208519563_o-624x778.jpg 624w\" sizes=\"auto, (max-width: 946px) 100vw, 946px\" \/><\/p>\n<p style=\"text-align: justify;\"><span style=\"color: #333333;\">Sur la Route des 3 Abbayes, Etival la romane s&rsquo;\u00e9l\u00e8ve, de toute sa beaut\u00e9, sur les rives de la Valdange. Quand elle devient importante abbaye de l&rsquo;ordre des Pr\u00e9montr\u00e9s en 1147, Etival a d\u00e9j\u00e0 crois\u00e9 les chemins de hauts personnages, comme sainte Odile ou Richarde Imp\u00e9ratrice et Reine de France. Apr\u00e8s avoir franchi les portes d&rsquo;une fa\u00e7ade du XVIIIe si\u00e8cle, la suprise est de d\u00e9couvrir une magnifique \u00e9glise abbatiale romane, riche des \u00e9volutions de l&rsquo;architectyure au travers des si\u00e8cles. Ainsi vous attendent : chapiteau romans, choeur gothique, stalles du XVIIIe s., jardin sur le cloitre et fortifications. L&rsquo;abbaye d&rsquo;Etival est ouverte toute l&rsquo;ann\u00e9e de 10h \u00e0 17h. Des documents de visites pour petits et grands sont disponibles \u00e0 l&rsquo;Office de Tourisme du Pays des Abbayes. Des visites guid\u00e9es gratuites sont propos\u00e9es chaque mercredi de juillet ao\u00fbt \u00e0 10h30, ainsi que le 1er samedi de chaque mois. Uniquement sur inscription \u00e0 l&rsquo;Office de Tourisme du Pays des Abbayes : 03 29 57 91 03<\/span><\/p>\n<hr \/>\n<h3>\u00a0<span style=\"color: #333333;\">La Vierge des Gr\u00e2ces<\/span><\/h3>\n<p><img loading=\"lazy\" decoding=\"async\" class=\"alignleft size-full wp-image-2080\" src=\"http:\/\/etival.fr\/wp-content\/uploads\/2015\/05\/11174360_993921940640426_5080675317107105331_o.jpg\" alt=\"11174360_993921940640426_5080675317107105331_o\" width=\"1000\" height=\"667\" srcset=\"https:\/\/etival.fr\/wp-content\/uploads\/2015\/05\/11174360_993921940640426_5080675317107105331_o.jpg 1000w, https:\/\/etival.fr\/wp-content\/uploads\/2015\/05\/11174360_993921940640426_5080675317107105331_o-300x200.jpg 300w, https:\/\/etival.fr\/wp-content\/uploads\/2015\/05\/11174360_993921940640426_5080675317107105331_o-624x416.jpg 624w\" sizes=\"auto, (max-width: 1000px) 100vw, 1000px\" \/><\/p>\n<p style=\"text-align: justify;\">La Vierge des Gr\u00e2ces, chapelle d\u00e9di\u00e9e \u00e0 la Vierge, est situ\u00e9e en for\u00eat domaniale de Clairefontaine. C&rsquo;est un lieu de p\u00e8lerinage au 16 ao\u00fbt mais c&rsquo;est aussi un lieu propice au recueillement.<br \/>\nAu plan historique, les premiers documents \u00e9crits retrouv\u00e9s qui \u00e9voquent la chapelle de la Vierge des Gr\u00e2ces datent de 1897. Dans \u00ab\u00a0La semaine religieuse\u00a0\u00bb, revue parue \u00e0 Saint-Di\u00e9 cette an\u00e9e la, on peut lire : \u00ab\u00a0La paroisse d&rsquo;Etival poss\u00e8de dans la for\u00eat domaniale de Clairefontaine, une petite chapelle d\u00e9di\u00e9e \u00e0 la sainte Vierge, sous le titre Notre-Dame des Gr\u00e2ces et dont la fondation ne remonte pas \u00e0 moins d&rsquo;un demi-si\u00e8cle.\u00a0\u00bb On peut approximativement situer sa construction dans la premi\u00e8re moiti\u00e9 du XIX\u00e8 si\u00e8cle.<br \/>\nSelon la l\u00e9gende, \u00ab\u00a0Etival et Moyenmoutier se disputaient la statue de la Vierge dont l&rsquo;origine est inconnue. On la chargea sur un chariot dont les boeufs prirent la direction du lieu actuel et refus\u00e8rent d&rsquo;aller plus loin. On construisit la chapelle \u00e0 cet endroit.\u00a0\u00bb<\/p>\n<hr \/>\n<h3 style=\"text-align: justify;\">La Ferme Mus\u00e9e<\/h3>\n<p><img loading=\"lazy\" decoding=\"async\" class=\"alignleft size-full wp-image-2088\" src=\"http:\/\/etival.fr\/wp-content\/uploads\/2015\/05\/image.jpg\" alt=\"image\" width=\"450\" height=\"337\" srcset=\"https:\/\/etival.fr\/wp-content\/uploads\/2015\/05\/image.jpg 450w, https:\/\/etival.fr\/wp-content\/uploads\/2015\/05\/image-300x225.jpg 300w\" sizes=\"auto, (max-width: 450px) 100vw, 450px\" \/><\/p>\n<p>&nbsp;<\/p>\n<p>&nbsp;<\/p>\n<p>&nbsp;<\/p>\n<p>&nbsp;<\/p>\n<p>&nbsp;<\/p>\n<p>&nbsp;<\/p>\n<p>&nbsp;<\/p>\n<p>&nbsp;<\/p>\n<p style=\"text-align: justify;\"><a href=\"http:\/\/ferme-musee-etival.jimdo.com\/\">Site<\/a><\/p>\n<hr \/>\n<h3 style=\"text-align: justify;\">Les Papeteries de Clairefontaine<\/h3>\n<p><a href=\"http:\/\/www.clairefontaine.com\/\">Site<\/a><\/p>\n<hr \/>\n<p>&nbsp;<\/p>\n<h3 style=\"text-align: justify;\">L&rsquo;Office de Tourisme du Pays des Abbayes est \u00e0 votre service.<\/h3>\n<p style=\"text-align: justify;\"><a href=\"http:\/\/www.paysdesabbayes.com\/\">Site<\/a><\/p>\n","protected":false},"excerpt":{"rendered":"<p>G\u00e9ographie \u00c9tival-Clairefontaine se situe sur les rives de la Meurthe, \u00e0 ses confluences avec le Rabodeau et la Valdange. Quatre formes montueuses et foresti\u00e8res sont remarquables aux alentours : la c\u00f4te de Repy proche au nord et qui culmine \u00e0 la Roche du Coucou (591 m), les Jumeaux derri\u00e8re Nompatelize au sud et, sur l&rsquo;autre [&hellip;]<\/p>\n","protected":false},"author":2,"featured_media":0,"parent":89,"menu_order":0,"comment_status":"closed","ping_status":"open","template":"","meta":{"footnotes":""},"class_list":["post-98","page","type-page","status-publish","hentry"],"yoast_head":"<!-- This site is optimized with the Yoast SEO plugin v26.8 - https:\/\/yoast.com\/product\/yoast-seo-wordpress\/ -->\n<title>Patrimoine - Etival-Clairefontaine<\/title>\n<meta name=\"robots\" content=\"index, follow, max-snippet:-1, max-image-preview:large, max-video-preview:-1\" \/>\n<link rel=\"canonical\" href=\"https:\/\/etival.fr\/?page_id=98\" \/>\n<meta property=\"og:locale\" content=\"fr_FR\" \/>\n<meta property=\"og:type\" content=\"article\" \/>\n<meta property=\"og:title\" content=\"Patrimoine - Etival-Clairefontaine\" \/>\n<meta property=\"og:description\" content=\"G\u00e9ographie \u00c9tival-Clairefontaine se situe sur les rives de la Meurthe, \u00e0 ses confluences avec le Rabodeau et la Valdange. Quatre formes montueuses et foresti\u00e8res sont remarquables aux alentours : la c\u00f4te de Repy proche au nord et qui culmine \u00e0 la Roche du Coucou (591 m), les Jumeaux derri\u00e8re Nompatelize au sud et, sur l&rsquo;autre [&hellip;]\" \/>\n<meta property=\"og:url\" content=\"https:\/\/etival.fr\/?page_id=98\" \/>\n<meta property=\"og:site_name\" content=\"Etival-Clairefontaine\" \/>\n<meta property=\"article:modified_time\" content=\"2015-05-04T14:55:33+00:00\" \/>\n<meta property=\"og:image\" content=\"http:\/\/etival.fr\/wp-content\/uploads\/2015\/05\/10984510_928428203854600_5811863573956971271_o.jpg\" \/>\n<meta name=\"twitter:card\" content=\"summary_large_image\" \/>\n<meta name=\"twitter:label1\" content=\"Dur\u00e9e de lecture estim\u00e9e\" \/>\n\t<meta name=\"twitter:data1\" content=\"3 minutes\" \/>\n<script type=\"application\/ld+json\" class=\"yoast-schema-graph\">{\"@context\":\"https:\/\/schema.org\",\"@graph\":[{\"@type\":\"WebPage\",\"@id\":\"https:\/\/etival.fr\/?page_id=98\",\"url\":\"https:\/\/etival.fr\/?page_id=98\",\"name\":\"Patrimoine - Etival-Clairefontaine\",\"isPartOf\":{\"@id\":\"https:\/\/etival.fr\/#website\"},\"primaryImageOfPage\":{\"@id\":\"https:\/\/etival.fr\/?page_id=98#primaryimage\"},\"image\":{\"@id\":\"https:\/\/etival.fr\/?page_id=98#primaryimage\"},\"thumbnailUrl\":\"http:\/\/etival.fr\/wp-content\/uploads\/2015\/05\/10984510_928428203854600_5811863573956971271_o.jpg\",\"datePublished\":\"2014-07-16T07:51:00+00:00\",\"dateModified\":\"2015-05-04T14:55:33+00:00\",\"breadcrumb\":{\"@id\":\"https:\/\/etival.fr\/?page_id=98#breadcrumb\"},\"inLanguage\":\"fr-FR\",\"potentialAction\":[{\"@type\":\"ReadAction\",\"target\":[\"https:\/\/etival.fr\/?page_id=98\"]}]},{\"@type\":\"ImageObject\",\"inLanguage\":\"fr-FR\",\"@id\":\"https:\/\/etival.fr\/?page_id=98#primaryimage\",\"url\":\"http:\/\/etival.fr\/wp-content\/uploads\/2015\/05\/10984510_928428203854600_5811863573956971271_o.jpg\",\"contentUrl\":\"http:\/\/etival.fr\/wp-content\/uploads\/2015\/05\/10984510_928428203854600_5811863573956971271_o.jpg\"},{\"@type\":\"BreadcrumbList\",\"@id\":\"https:\/\/etival.fr\/?page_id=98#breadcrumb\",\"itemListElement\":[{\"@type\":\"ListItem\",\"position\":1,\"name\":\"Accueil\",\"item\":\"https:\/\/etival.fr\/\"},{\"@type\":\"ListItem\",\"position\":2,\"name\":\"D\u00e9couvrir la ville\",\"item\":\"https:\/\/etival.fr\/?page_id=89\"},{\"@type\":\"ListItem\",\"position\":3,\"name\":\"Patrimoine\"}]},{\"@type\":\"WebSite\",\"@id\":\"https:\/\/etival.fr\/#website\",\"url\":\"https:\/\/etival.fr\/\",\"name\":\"Etival-Clairefontaine\",\"description\":\"Informations et actualit\u00e9s de la commune\",\"potentialAction\":[{\"@type\":\"SearchAction\",\"target\":{\"@type\":\"EntryPoint\",\"urlTemplate\":\"https:\/\/etival.fr\/?s={search_term_string}\"},\"query-input\":{\"@type\":\"PropertyValueSpecification\",\"valueRequired\":true,\"valueName\":\"search_term_string\"}}],\"inLanguage\":\"fr-FR\"}]}<\/script>\n<!-- \/ Yoast SEO plugin. -->","yoast_head_json":{"title":"Patrimoine - Etival-Clairefontaine","robots":{"index":"index","follow":"follow","max-snippet":"max-snippet:-1","max-image-preview":"max-image-preview:large","max-video-preview":"max-video-preview:-1"},"canonical":"https:\/\/etival.fr\/?page_id=98","og_locale":"fr_FR","og_type":"article","og_title":"Patrimoine - Etival-Clairefontaine","og_description":"G\u00e9ographie \u00c9tival-Clairefontaine se situe sur les rives de la Meurthe, \u00e0 ses confluences avec le Rabodeau et la Valdange. Quatre formes montueuses et foresti\u00e8res sont remarquables aux alentours : la c\u00f4te de Repy proche au nord et qui culmine \u00e0 la Roche du Coucou (591 m), les Jumeaux derri\u00e8re Nompatelize au sud et, sur l&rsquo;autre [&hellip;]","og_url":"https:\/\/etival.fr\/?page_id=98","og_site_name":"Etival-Clairefontaine","article_modified_time":"2015-05-04T14:55:33+00:00","og_image":[{"url":"http:\/\/etival.fr\/wp-content\/uploads\/2015\/05\/10984510_928428203854600_5811863573956971271_o.jpg","type":"","width":"","height":""}],"twitter_card":"summary_large_image","twitter_misc":{"Dur\u00e9e de lecture estim\u00e9e":"3 minutes"},"schema":{"@context":"https:\/\/schema.org","@graph":[{"@type":"WebPage","@id":"https:\/\/etival.fr\/?page_id=98","url":"https:\/\/etival.fr\/?page_id=98","name":"Patrimoine - Etival-Clairefontaine","isPartOf":{"@id":"https:\/\/etival.fr\/#website"},"primaryImageOfPage":{"@id":"https:\/\/etival.fr\/?page_id=98#primaryimage"},"image":{"@id":"https:\/\/etival.fr\/?page_id=98#primaryimage"},"thumbnailUrl":"http:\/\/etival.fr\/wp-content\/uploads\/2015\/05\/10984510_928428203854600_5811863573956971271_o.jpg","datePublished":"2014-07-16T07:51:00+00:00","dateModified":"2015-05-04T14:55:33+00:00","breadcrumb":{"@id":"https:\/\/etival.fr\/?page_id=98#breadcrumb"},"inLanguage":"fr-FR","potentialAction":[{"@type":"ReadAction","target":["https:\/\/etival.fr\/?page_id=98"]}]},{"@type":"ImageObject","inLanguage":"fr-FR","@id":"https:\/\/etival.fr\/?page_id=98#primaryimage","url":"http:\/\/etival.fr\/wp-content\/uploads\/2015\/05\/10984510_928428203854600_5811863573956971271_o.jpg","contentUrl":"http:\/\/etival.fr\/wp-content\/uploads\/2015\/05\/10984510_928428203854600_5811863573956971271_o.jpg"},{"@type":"BreadcrumbList","@id":"https:\/\/etival.fr\/?page_id=98#breadcrumb","itemListElement":[{"@type":"ListItem","position":1,"name":"Accueil","item":"https:\/\/etival.fr\/"},{"@type":"ListItem","position":2,"name":"D\u00e9couvrir la ville","item":"https:\/\/etival.fr\/?page_id=89"},{"@type":"ListItem","position":3,"name":"Patrimoine"}]},{"@type":"WebSite","@id":"https:\/\/etival.fr\/#website","url":"https:\/\/etival.fr\/","name":"Etival-Clairefontaine","description":"Informations et actualit\u00e9s de la commune","potentialAction":[{"@type":"SearchAction","target":{"@type":"EntryPoint","urlTemplate":"https:\/\/etival.fr\/?s={search_term_string}"},"query-input":{"@type":"PropertyValueSpecification","valueRequired":true,"valueName":"search_term_string"}}],"inLanguage":"fr-FR"}]}},"_links":{"self":[{"href":"https:\/\/etival.fr\/index.php?rest_route=\/wp\/v2\/pages\/98","targetHints":{"allow":["GET"]}}],"collection":[{"href":"https:\/\/etival.fr\/index.php?rest_route=\/wp\/v2\/pages"}],"about":[{"href":"https:\/\/etival.fr\/index.php?rest_route=\/wp\/v2\/types\/page"}],"author":[{"embeddable":true,"href":"https:\/\/etival.fr\/index.php?rest_route=\/wp\/v2\/users\/2"}],"replies":[{"embeddable":true,"href":"https:\/\/etival.fr\/index.php?rest_route=%2Fwp%2Fv2%2Fcomments&post=98"}],"version-history":[{"count":12,"href":"https:\/\/etival.fr\/index.php?rest_route=\/wp\/v2\/pages\/98\/revisions"}],"predecessor-version":[{"id":2094,"href":"https:\/\/etival.fr\/index.php?rest_route=\/wp\/v2\/pages\/98\/revisions\/2094"}],"up":[{"embeddable":true,"href":"https:\/\/etival.fr\/index.php?rest_route=\/wp\/v2\/pages\/89"}],"wp:attachment":[{"href":"https:\/\/etival.fr\/index.php?rest_route=%2Fwp%2Fv2%2Fmedia&parent=98"}],"curies":[{"name":"wp","href":"https:\/\/api.w.org\/{rel}","templated":true}]}}